{"id":19999,"date":"2025-02-01T18:27:11","date_gmt":"2025-02-01T17:27:11","guid":{"rendered":"https:\/\/boskienasiona.pl\/product\/ziemia-do-wysiewu-i-pikowania-do-warzyw-i-roslin-ozdobny-z-mikroelementami\/"},"modified":"2026-02-16T22:18:13","modified_gmt":"2026-02-16T21:18:13","slug":"ziemia-do-wysiewu-i-pikowania-do-warzyw-i-roslin-ozdobny-z-mikroelementami","status":"publish","type":"product","link":"https:\/\/boskienasiona.pl\/en\/produkt\/ziemia-do-wysiewu-i-pikowania-do-warzyw-i-roslin-ozdobny-z-mikroelementami\/","title":{"rendered":"Ziemia do WYSIEWU I PIKOWANIA do warzyw i ro\u015blin ozdobny z mikroelementami"},"content":{"rendered":"<section class=\"section\">\n<div class=\"item item-6\">\n<section class=\"image-item\"><img decoding=\"async\" src=\"https:\/\/upload.cdn.baselinker.com\/products\/3018170\/fa81f574926a7213c63092fdeadbd865.jpg\" \/><\/section>\n<\/p><\/div>\n<div class=\"item item-6\">\n<section class=\"text-item\">\n<h1>\u2728Ziemia do siewu i pikowania ro\u015blin warzywnych i ozdobnych PLANTA\u2728<\/h1>\n<p>Jest polecana do produkcji rozsady pomidora, og\u00f3rka, papryki, kapustnych, sa\u0142aty, selera i innych warzyw, a tak\u017ce kwiat\u00f3w takich jak cynie, astry, nagietki, aksamitka, nasturcja, malwy, go\u017adzik brodaty i inne. Pod\u0142o\u017ce polecane jest tak\u017ce do uprawy zi\u00f3\u0142.<\/p>\n<\/section><\/div>\n<\/section>\n<section class=\"section\">\n<div class=\"item item-6\">\n<section class=\"image-item\"><img decoding=\"async\" src=\"https:\/\/upload.cdn.baselinker.com\/products\/3018170\/602a9e4501da3af1fc263d50463416b1.jpg\" \/><\/section>\n<\/p><\/div>\n<div class=\"item item-6\">\n<section class=\"text-item\">\n<h1>\u2705Zastosowanie:<\/h1>\n<p>Ziemia do siewu i pikowania ro\u015blin warzywnych i ozdobnych PLANTA to pod\u0142o\u017ce przeznaczone do przygotowania i uprawy rozsad przed wysadzeniem ich na miejsce sta\u0142e. Specjalna formu\u0142a pod\u0142o\u017ca czyni go odpowiednim da wzrostu ro\u015blin we wczesnych etapach rozwoju, gwarantuj\u0105c za r\u00f3wnomierne wschody i rozw\u00f3j rozsady. Jest ono bogate w pr\u00f3chnice, charakteryzuje si\u0119 odpowiednia struktura pomagaj\u0105c zatrzyma\u0107 sk\u0142adniki pokarmowe i optymalizowa\u0107 warunki powietrzno-wodne. Pod\u0142o\u017ce jest wzbogacone specjalistycznym nawozem zawieraj\u0105cym komplet niezb\u0119dnych sk\u0142adnik\u00f3w od\u017cywczych (NPK) i cennych mikro- element\u00f3w. Pod\u0142o\u017ce to polecane jest r\u00f3wnie\u017c do uprawy ro\u015blin wra\u017cliwych na zasolenie.<\/p>\n<\/section><\/div>\n<\/section>\n<section class=\"section\">\n<div class=\"item item-6\">\n<section class=\"image-item\"><img decoding=\"async\" src=\"https:\/\/upload.cdn.baselinker.com\/products\/3018170\/e813f76314be966434dacd21b23b9b63.jpg\" \/><\/section>\n<\/p><\/div>\n<div class=\"item item-6\">\n<section class=\"text-item\">\n<h1>\u2705Spos\u00f3b u\u017cycia:<\/h1>\n<p>Produkcje rozsady mo\u017cna rozpocz\u0105\u0107 w ma\u0142ych doniczkach, skrzynkach lub specjalnych mini szklarenkach. Ziemie da siewu i pikowania ro\u015blin warzywnych i ozdobnych PLANTA zaleca si\u0119 wysypa\u0107 z opakowania i rozlu\u017ani\u0107 oraz nawil\u017cy\u0107. Nast\u0119pnie nale\u017cy wype\u0142ni\u0107 ni\u0105 przygotowane uprzednio pojemniki. W pod\u0142o\u017cu wykona\u0107 zag\u0142\u0119bienia picownikiem lub palcem, w kt\u00f3rych nale\u017cy umie\u015bci\u0107 nasiona. Nasiona przykry ziemia, a ca\u0142o\u015b\u0107 lekko ugnie\u015b\u0107. W razie potrzeby podla\u0107 woda. W trakcie wzrostu rozsady nale\u017cy regularnie dba\u0107 o nawil\u017cenie pod\u0142o\u017ca.<\/p>\n<\/section><\/div>\n<\/section>\n<section class=\"section\">\n<div class=\"item item-6\">\n<section class=\"image-item\"><img decoding=\"async\" src=\"https:\/\/upload.cdn.baselinker.com\/products\/3018170\/bbffc6e7a9854ade98a8de83e4491518.jpg\" \/><\/section>\n<\/p><\/div>\n<div class=\"item item-6\">\n<section class=\"image-item\"><img decoding=\"async\" src=\"https:\/\/upload.cdn.baselinker.com\/products\/3018170\/e813f76314be966434dacd21b23b9b63.jpg\" \/><\/section>\n<\/p><\/div>\n<\/section>\n<section class=\"section\">\n<div class=\"item item-6\">\n<section class=\"image-item\"><img decoding=\"async\" src=\"https:\/\/upload.cdn.baselinker.com\/products\/3018170\/eeb38dfb77c3c819e1709beccd94f0a0.jpg\" \/><\/section>\n<\/p><\/div>\n<div class=\"item item-6\">\n<section class=\"image-item\"><img decoding=\"async\" src=\"https:\/\/upload.cdn.baselinker.com\/products\/3018170\/46aa0e3a95feeaec04f8085566693015.jpg\" \/><\/section>\n<\/p><\/div>\n<\/section>\n<section class=\"section\">\n<div class=\"item item-6\">\n<section class=\"image-item\"><img decoding=\"async\" src=\"https:\/\/upload.cdn.baselinker.com\/products\/3018170\/81339ed8495437391feaea4f2ba3d343.jpg\" \/><\/section>\n<\/p><\/div>\n<div class=\"item item-6\">\n<section class=\"image-item\"><img decoding=\"async\" src=\"https:\/\/upload.cdn.baselinker.com\/products\/3018170\/a908f1d7046840c9bfe5c2204443e42d.jpg\" \/><\/section>\n<\/p><\/div>\n<\/section>\n<section class=\"section\">\n<div class=\"item item-12\">\n<section class=\"text-item\">\n<h1>UWAGA !!!<\/h1>\n<p>Sk\u0142adniki pokarmowe, w kt\u00f3re zbogacona jest Ziemia do siewu i pikowania PLANTA wystarczaj\u0105 na ok. 2-4 tygodni wegetacji. W p\u00f3\u017aniejszym okresie zaleca si\u0119 uzupe\u0142ni\u0107 niedob\u00f3r sk\u0142adnik\u00f3w pokarmowych stosuj\u0105c odpowiednie nawo\u017cenie.<\/p>\n<\/section><\/div>\n<\/section>\n","protected":false},"excerpt":{"rendered":"<p>\u2728Ziemia do siewu i pikowania ro\u015blin warzywnych i ozdobnych PLANTA\u2728 Jest polecana do produkcji rozsady pomidora, og\u00f3rka, papryki, kapustnych, sa\u0142aty, selera i innych warzyw, a tak\u017ce kwiat\u00f3w takich jak cynie, astry, nagietki, aksamitka, nasturcja, malwy, go\u017adzik brodaty i inne. Pod\u0142o\u017ce polecane jest tak\u017ce do uprawy zi\u00f3\u0142. \u2705Zastosowanie: Ziemia do siewu i pikowania ro\u015blin warzywnych i&#8230;<\/p>\n","protected":false},"featured_media":19963,"comment_status":"open","ping_status":"closed","template":"","meta":{"inline_featured_image":false},"product_cat":[190,170],"product_tag":[],"location":[],"class_list":{"0":"post-19999","1":"product","2":"type-product","3":"status-publish","4":"has-post-thumbnail","6":"product_cat-nasiona-ogorka","7":"product_cat-ziemia","8":"nt-post-class","9":"","12":"excerpt-none","15":"first","16":"outofstock","17":"shipping-taxable","18":"purchasable","19":"product-type-simple"},"_links":{"self":[{"href":"https:\/\/boskienasiona.pl\/en\/wp-json\/wp\/v2\/product\/19999","targetHints":{"allow":["GET"]}}],"collection":[{"href":"https:\/\/boskienasiona.pl\/en\/wp-json\/wp\/v2\/product"}],"about":[{"href":"https:\/\/boskienasiona.pl\/en\/wp-json\/wp\/v2\/types\/product"}],"replies":[{"embeddable":true,"href":"https:\/\/boskienasiona.pl\/en\/wp-json\/wp\/v2\/comments?post=19999"}],"version-history":[{"count":1,"href":"https:\/\/boskienasiona.pl\/en\/wp-json\/wp\/v2\/product\/19999\/revisions"}],"predecessor-version":[{"id":22515,"href":"https:\/\/boskienasiona.pl\/en\/wp-json\/wp\/v2\/product\/19999\/revisions\/22515"}],"wp:featuredmedia":[{"embeddable":true,"href":"https:\/\/boskienasiona.pl\/en\/wp-json\/wp\/v2\/media\/19963"}],"wp:attachment":[{"href":"https:\/\/boskienasiona.pl\/en\/wp-json\/wp\/v2\/media?parent=19999"}],"wp:term":[{"taxonomy":"product_cat","embeddable":true,"href":"https:\/\/boskienasiona.pl\/en\/wp-json\/wp\/v2\/product_cat?post=19999"},{"taxonomy":"product_tag","embeddable":true,"href":"https:\/\/boskienasiona.pl\/en\/wp-json\/wp\/v2\/product_tag?post=19999"},{"taxonomy":"location","embeddable":true,"href":"https:\/\/boskienasiona.pl\/en\/wp-json\/wp\/v2\/location?post=19999"}],"curies":[{"name":"wp","href":"https:\/\/api.w.org\/{rel}","templated":true}]}}