{"id":20030,"date":"2025-02-02T11:17:49","date_gmt":"2025-02-02T10:17:49","guid":{"rendered":"https:\/\/boskienasiona.pl\/product\/nasiona-warzyw-rabarbar-wieloletniplenny-doskonaly-do-ciast-i-kompotu\/"},"modified":"2026-04-19T14:17:35","modified_gmt":"2026-04-19T12:17:35","slug":"nasiona-warzyw-rabarbar-wieloletniplenny-doskonaly-do-ciast-i-kompotu","status":"publish","type":"product","link":"https:\/\/boskienasiona.pl\/en\/produkt\/nasiona-warzyw-rabarbar-wieloletniplenny-doskonaly-do-ciast-i-kompotu\/","title":{"rendered":"NASIONA WARZYW RABARBAR WIELOLETNIPLENNY DOSKONA\u0141Y DO CIAST I KOMPOTU"},"content":{"rendered":"<section class=\"section\">\n<div class=\"item item-12\">\n<section class=\"text-item\">\n<h1>NASIONA WARZYW RABARBAR WIELOLETNIPLENNY DOSKONA\u0141Y DO CIAST I KOMPOTU<\/h1>\n<\/section>\n<\/div>\n<\/section>\n<section class=\"section\">\n<div class=\"item item-6\">\n<section class=\"image-item\"><img decoding=\"async\" src=\"https:\/\/upload.cdn.baselinker.com\/products\/3018170\/fa57a09b0a6535c7ad2442934f50f0de.png\" \/><\/section>\n<\/div>\n<div class=\"item item-6\">\n<section class=\"text-item\"><b>LW RABARBAR VICTORIA Wieloletni<\/b><\/p>\n<p><b>Rabarbar\u00a0Victoria<\/b><\/p>\n<p>Ro\u015blina wieloletnia do\u00a0uprawy polowej i\u00a0do\u00a0p\u0119dzenia. Odmiana \u015brednio wczesna, plenna, odporna na\u00a0wybijanie w\u00a0p\u0119dy kwiatostanowe. Ogonki li\u015bciowe \u015brednio d\u0142ugie, mi\u0119siste, o\u00a0czerwono- zielonym kolorze i\u00a0delikatnym, jasnor\u00f3\u017cowym mi\u0105\u017cszu bogatym w\u00a0witaminy C, A\u00a0i\u00a0substancje mineralne. Ogonki li\u015bciowe wykorzystuje\u00a0si\u0119 do\u00a0przyrz\u0105dzania deser\u00f3w, ciast i\u00a0kompot\u00f3w. Siew wczesn\u0105 wiosn\u0105 III-IV na\u00a0rozsadniku. Zbi\u00f3r w\u00a0roku nast\u0119pnym IV-V.<\/p>\n<ul>\n<li><b>Siew:<\/b> III &#8211;\u00a0V<\/li>\n<li><b>Zbi\u00f3r:<\/b> IV-VII<\/li>\n<li><b>Rozstawa:<\/b> 100&#215;100 cm<\/li>\n<\/ul>\n<\/section>\n<\/div>\n<\/section>\n<section class=\"section\">\n<div class=\"item item-6\">\n<section class=\"image-item\"><img decoding=\"async\" src=\"https:\/\/upload.cdn.baselinker.com\/products\/3018170\/4ffdaac3fc63a792df007beff6652635.png\" \/><\/section>\n<\/div>\n<div class=\"item item-6\">\n<section class=\"text-item\"><b>SPRAWDZONA JAKO\u015a\u0106 NASION<\/b><\/p>\n<p>Oferowane przez nas nasiona s\u0105 testowane w <b>Laboratorium Oceny Nasion pod wzgl\u0119dem:<\/b><\/p>\n<p>\u2705<b>kie\u0142kowania<\/b><\/p>\n<p>\u2705<b>wilgotno\u015bci<\/b><\/p>\n<p>\u2705<b>czysto\u015bci ziarna<\/b><\/p>\n<p><b>Dzi\u0119ki czemu udost\u0119pniane nasiona s\u0105 \u015bci\u015ble wyselekcjonowane, tylko wysokiej klasy.<\/b><\/p>\n<p>Torebki zakupione na naszej aukcji s\u0105 w pe\u0142ni bezpieczne, posiadaj\u0105 <b>dat\u0119 wa\u017cno\u015bci i nr partii na opakowaniu.<\/b> Gwarantujemy r\u00f3wnie\u017c jako\u015b\u0107 i oryginalno\u015b\u0107 produkt\u00f3w, poniewa\u017c s\u0105 nabywane bezpo\u015brednio od producenta.<\/p>\n<\/section>\n<\/div>\n<\/section>\n<section class=\"section\">\n<div class=\"item item-6\">\n<section class=\"image-item\"><img decoding=\"async\" src=\"https:\/\/upload.cdn.baselinker.com\/products\/3018170\/00d1f08877372618754920f334ce18da.png\" \/><\/section>\n<\/div>\n<div class=\"item item-6\">\n<section class=\"image-item\"><img decoding=\"async\" src=\"https:\/\/upload.cdn.baselinker.com\/products\/3018170\/5f99d99692cdc1d8ca203c23a65375ea.jpg\" \/><\/section>\n<\/div>\n<\/section>\n","protected":false},"excerpt":{"rendered":"<p>NASIONA WARZYW RABARBAR WIELOLETNIPLENNY DOSKONA\u0141Y DO CIAST I KOMPOTU LW RABARBAR VICTORIA Wieloletni Rabarbar\u00a0Victoria Ro\u015blina wieloletnia do\u00a0uprawy polowej i\u00a0do\u00a0p\u0119dzenia. Odmiana \u015brednio wczesna, plenna, odporna na\u00a0wybijanie w\u00a0p\u0119dy kwiatostanowe. Ogonki li\u015bciowe \u015brednio d\u0142ugie, mi\u0119siste, o\u00a0czerwono- zielonym kolorze i\u00a0delikatnym, jasnor\u00f3\u017cowym mi\u0105\u017cszu bogatym w\u00a0witaminy C, A\u00a0i\u00a0substancje mineralne. Ogonki li\u015bciowe wykorzystuje\u00a0si\u0119 do\u00a0przyrz\u0105dzania deser\u00f3w, ciast i\u00a0kompot\u00f3w. Siew wczesn\u0105 wiosn\u0105 III-IV na\u00a0rozsadniku&#8230;.<\/p>\n","protected":false},"featured_media":20018,"comment_status":"open","ping_status":"closed","template":"","meta":{"inline_featured_image":false},"product_cat":[126,162],"product_tag":[],"location":[],"class_list":{"0":"post-20030","1":"product","2":"type-product","3":"status-publish","4":"has-post-thumbnail","6":"product_cat-nasiona-warzyw","7":"product_cat-nasiona","8":"nt-post-class","9":"","12":"excerpt-none","15":"first","16":"instock","17":"shipping-taxable","18":"purchasable","19":"product-type-simple"},"_links":{"self":[{"href":"https:\/\/boskienasiona.pl\/en\/wp-json\/wp\/v2\/product\/20030","targetHints":{"allow":["GET"]}}],"collection":[{"href":"https:\/\/boskienasiona.pl\/en\/wp-json\/wp\/v2\/product"}],"about":[{"href":"https:\/\/boskienasiona.pl\/en\/wp-json\/wp\/v2\/types\/product"}],"replies":[{"embeddable":true,"href":"https:\/\/boskienasiona.pl\/en\/wp-json\/wp\/v2\/comments?post=20030"}],"version-history":[{"count":1,"href":"https:\/\/boskienasiona.pl\/en\/wp-json\/wp\/v2\/product\/20030\/revisions"}],"predecessor-version":[{"id":20112,"href":"https:\/\/boskienasiona.pl\/en\/wp-json\/wp\/v2\/product\/20030\/revisions\/20112"}],"wp:featuredmedia":[{"embeddable":true,"href":"https:\/\/boskienasiona.pl\/en\/wp-json\/wp\/v2\/media\/20018"}],"wp:attachment":[{"href":"https:\/\/boskienasiona.pl\/en\/wp-json\/wp\/v2\/media?parent=20030"}],"wp:term":[{"taxonomy":"product_cat","embeddable":true,"href":"https:\/\/boskienasiona.pl\/en\/wp-json\/wp\/v2\/product_cat?post=20030"},{"taxonomy":"product_tag","embeddable":true,"href":"https:\/\/boskienasiona.pl\/en\/wp-json\/wp\/v2\/product_tag?post=20030"},{"taxonomy":"location","embeddable":true,"href":"https:\/\/boskienasiona.pl\/en\/wp-json\/wp\/v2\/location?post=20030"}],"curies":[{"name":"wp","href":"https:\/\/api.w.org\/{rel}","templated":true}]}}