{"id":20045,"date":"2025-02-02T11:18:42","date_gmt":"2025-02-02T10:18:42","guid":{"rendered":"https:\/\/boskienasiona.pl\/product\/nasiona-poziomka-rugia-plenna-aromatyczna-odporna-na-mroz\/"},"modified":"2026-04-19T14:17:35","modified_gmt":"2026-04-19T12:17:35","slug":"nasiona-poziomka-rugia-plenna-aromatyczna-odporna-na-mroz","status":"publish","type":"product","link":"https:\/\/boskienasiona.pl\/en\/produkt\/nasiona-poziomka-rugia-plenna-aromatyczna-odporna-na-mroz\/","title":{"rendered":"NASIONA POZIOMKA RUGIA PLENNA AROMATYCZNA ODPORNA NA MR\u00d3Z"},"content":{"rendered":"<section class=\"section\">\n<div class=\"item item-12\">\n<section class=\"text-item\">\n<h1>NASIONA POZIOMKA RUGIA PLENNA AROMATYCZNA ODPORNA NA MR\u00d3Z<\/h1>\n<\/section>\n<\/div>\n<\/section>\n<section class=\"section\">\n<div class=\"item item-6\">\n<section class=\"image-item\"><img decoding=\"async\" src=\"https:\/\/upload.cdn.baselinker.com\/products\/3018170\/6f0b1e8c53f18af4cc9eefe51171c184.png\" \/><\/section>\n<\/div>\n<div class=\"item item-6\">\n<section class=\"text-item\"><b>Poziomka RUGIA<\/b><\/p>\n<p>FRAGARIA VESCA VAR. HORTENSIS<\/p>\n<p>Odmiana bezroz\u0142ogowa, powtarzaj\u0105ca, plenna, odporna na mr\u00f3z. Owoce wyd\u0142u\u017cone, ostro zako\u0144czone, intensywnie czerwone i aromatyczne. Wysiew na parapecie okiennym lub do ogrzewanego tunelu II-III lub V-VI bezpo\u015brednio do gruntu z domieszk\u0105 torfu i piasku. Nasiona wolno wschodz\u0105, do 6 tygodni. Plantacja pozostaje na tym samym miejscu przez<\/p>\n<p>2-3 lata.<\/p>\n<\/section>\n<\/div>\n<\/section>\n<section class=\"section\">\n<div class=\"item item-6\">\n<section class=\"image-item\"><img decoding=\"async\" src=\"https:\/\/upload.cdn.baselinker.com\/products\/3018170\/7cad66aca4d73031ae677a1c435f2385.png\" \/><\/section>\n<\/div>\n<div class=\"item item-6\">\n<section class=\"text-item\"><b>SPRAWDZONA JAKO\u015a\u0106 NASION<\/b><\/p>\n<p>Oferowane przez nas nasiona s\u0105 testowane w <b>Laboratorium Oceny Nasion pod wzgl\u0119dem:<\/b><\/p>\n<p>\u2705<b>kie\u0142kowania<\/b><\/p>\n<p>\u2705<b>wilgotno\u015bci<\/b><\/p>\n<p>\u2705<b>czysto\u015bci ziarna<\/b><\/p>\n<p><b>Dzi\u0119ki czemu udost\u0119pniane nasiona s\u0105 \u015bci\u015ble wyselekcjonowane, tylko wysokiej klasy.<\/b><\/p>\n<p>Torebki zakupione na naszej aukcji s\u0105 w pe\u0142ni bezpieczne, posiadaj\u0105 <b>dat\u0119 wa\u017cno\u015bci i nr partii na opakowaniu.<\/b> Gwarantujemy r\u00f3wnie\u017c jako\u015b\u0107 i oryginalno\u015b\u0107 produkt\u00f3w, poniewa\u017c s\u0105 nabywane bezpo\u015brednio od producenta.<\/p>\n<\/section>\n<\/div>\n<\/section>\n<section class=\"section\">\n<div class=\"item item-6\">\n<section class=\"image-item\"><img decoding=\"async\" src=\"https:\/\/upload.cdn.baselinker.com\/products\/3018170\/e7655a8b0cf58a713f48899044a04570.png\" \/><\/section>\n<\/div>\n<div class=\"item item-6\">\n<section class=\"image-item\"><img decoding=\"async\" src=\"https:\/\/upload.cdn.baselinker.com\/products\/3018170\/fd663ac67596438020fde4450756d21c.png\" \/><\/section>\n<\/div>\n<\/section>\n<section class=\"section\">\n<div class=\"item item-12\">\n<section class=\"image-item\"><img decoding=\"async\" src=\"https:\/\/upload.cdn.baselinker.com\/products\/3018170\/48f62ac8bcdf439d48aff6a7ddb2c015.png\" \/><\/section>\n<\/div>\n<\/section>\n","protected":false},"excerpt":{"rendered":"<p>NASIONA POZIOMKA RUGIA PLENNA AROMATYCZNA ODPORNA NA MR\u00d3Z Poziomka RUGIA FRAGARIA VESCA VAR. HORTENSIS Odmiana bezroz\u0142ogowa, powtarzaj\u0105ca, plenna, odporna na mr\u00f3z. Owoce wyd\u0142u\u017cone, ostro zako\u0144czone, intensywnie czerwone i aromatyczne. Wysiew na parapecie okiennym lub do ogrzewanego tunelu II-III lub V-VI bezpo\u015brednio do gruntu z domieszk\u0105 torfu i piasku. Nasiona wolno wschodz\u0105, do 6 tygodni. Plantacja&#8230;<\/p>\n","protected":false},"featured_media":20031,"comment_status":"open","ping_status":"closed","template":"","meta":{"inline_featured_image":false},"product_cat":[135,162,181],"product_tag":[],"location":[],"class_list":{"0":"post-20045","1":"product","2":"type-product","3":"status-publish","4":"has-post-thumbnail","6":"product_cat-nasiona-owocowe","7":"product_cat-nasiona","8":"product_cat-nasiona-poziomki","9":"nt-post-class","10":"","13":"excerpt-none","16":"first","17":"instock","18":"shipping-taxable","19":"purchasable","20":"product-type-simple"},"_links":{"self":[{"href":"https:\/\/boskienasiona.pl\/en\/wp-json\/wp\/v2\/product\/20045","targetHints":{"allow":["GET"]}}],"collection":[{"href":"https:\/\/boskienasiona.pl\/en\/wp-json\/wp\/v2\/product"}],"about":[{"href":"https:\/\/boskienasiona.pl\/en\/wp-json\/wp\/v2\/types\/product"}],"replies":[{"embeddable":true,"href":"https:\/\/boskienasiona.pl\/en\/wp-json\/wp\/v2\/comments?post=20045"}],"version-history":[{"count":1,"href":"https:\/\/boskienasiona.pl\/en\/wp-json\/wp\/v2\/product\/20045\/revisions"}],"predecessor-version":[{"id":20114,"href":"https:\/\/boskienasiona.pl\/en\/wp-json\/wp\/v2\/product\/20045\/revisions\/20114"}],"wp:featuredmedia":[{"embeddable":true,"href":"https:\/\/boskienasiona.pl\/en\/wp-json\/wp\/v2\/media\/20031"}],"wp:attachment":[{"href":"https:\/\/boskienasiona.pl\/en\/wp-json\/wp\/v2\/media?parent=20045"}],"wp:term":[{"taxonomy":"product_cat","embeddable":true,"href":"https:\/\/boskienasiona.pl\/en\/wp-json\/wp\/v2\/product_cat?post=20045"},{"taxonomy":"product_tag","embeddable":true,"href":"https:\/\/boskienasiona.pl\/en\/wp-json\/wp\/v2\/product_tag?post=20045"},{"taxonomy":"location","embeddable":true,"href":"https:\/\/boskienasiona.pl\/en\/wp-json\/wp\/v2\/location?post=20045"}],"curies":[{"name":"wp","href":"https:\/\/api.w.org\/{rel}","templated":true}]}}