{"id":20052,"date":"2025-02-02T11:25:08","date_gmt":"2025-02-02T10:25:08","guid":{"rendered":"https:\/\/boskienasiona.pl\/product\/nasiona-warzyw-pomidor-malinowy-ozarowski-wczesny-na-sosy-i-przetwory\/"},"modified":"2026-04-19T14:17:36","modified_gmt":"2026-04-19T12:17:36","slug":"nasiona-warzyw-pomidor-malinowy-ozarowski-wczesny-na-sosy-i-przetwory","status":"publish","type":"product","link":"https:\/\/boskienasiona.pl\/en\/produkt\/nasiona-warzyw-pomidor-malinowy-ozarowski-wczesny-na-sosy-i-przetwory\/","title":{"rendered":"Nasiona warzyw POMIDOR MALINOWY O\u017bAROWSKI Wczesny Na sosy i przetwory"},"content":{"rendered":"<section class=\"section\">\n<div class=\"item item-12\">\n<section class=\"text-item\">\n<h1>Nasiona warzyw POMIDOR MALINOWY O\u017bAROWSKI Wczesny Na sosy i przetwory<\/h1>\n<\/section><\/div>\n<\/section>\n<section class=\"section\">\n<div class=\"item item-6\">\n<section class=\"image-item\">\n            <img decoding=\"async\" src=\"https:\/\/upload.cdn.baselinker.com\/products\/3018170\/fb5daf779eb92fba265c72cb8c0c67be.png\" \/><br \/>\n        <\/section>\n<\/p><\/div>\n<div class=\"item item-6\">\n<section class=\"text-item\">\n<p><b>Pomidor gruntowy wysoki Malinowy O\u017carows<\/b>ki<\/p>\n<p>Odmiana wczesna, bardzo plenna przeznaczona do\u00a0uprawy w\u00a0polu lub\u00a0w\u00a0wysokich tunelach foliowych. Ro\u015bliny silnie rosn\u0105ce, wymagaj\u0105ce palikowania o\u00a0li\u015bciach typu ziemniaczanego. Owoce wyr\u00f3wnane, (masa oko\u0142o 100-120 g), bardzo kszta\u0142tne, kulisto-sp\u0142aszczone, bez\u00a0zniekszta\u0142ce\u0144, o\u00a0pi\u0119knej malinowej barwie i\u00a0wspania\u0142ym smaku. Zastosowanie: Do\u00a0bezpo\u015bredniego spo\u017cycia, na\u00a0sosy i\u00a0przetwory. Wysiew do\u00a0ciep\u0142ego inspektu od\u00a0III do\u00a0IV. Wysiew wprost do\u00a0gruntu punktowo po\u00a015 maja. Wymaga ziemi piaszczysto- gliniastej szybko nagrzewaj\u0105cej si\u0119.<\/p>\n<p><b>\u2705Siew:<\/b> III-V<\/p>\n<p><b>\u2705Zbi\u00f3r:<\/b> \u00bd VII-IX<\/p>\n<p><b>\u2705Rozstawa:<\/b> 60&#215;80 cm<\/p>\n<\/section><\/div>\n<\/section>\n<section class=\"section\">\n<div class=\"item item-6\">\n<section class=\"image-item\">\n            <img decoding=\"async\" src=\"https:\/\/upload.cdn.baselinker.com\/products\/3018170\/a1a1e6eded613bbf6ffeaf0684f72027.jpg\" \/><br \/>\n        <\/section>\n<\/p><\/div>\n<div class=\"item item-6\">\n<section class=\"text-item\">\n<p><b>Nasiona pomidor\u00f3w malinowych<\/b><\/p>\n<p>Gruntowe pomidory malinowe najcz\u0119\u015bciej zasiewane s\u0105 wczesn\u0105 wiosn\u0105. Wymagaj\u0105 one regularnego podlewania, a tak\u017ce nawo\u017cenia. Warto przycina\u0107 nadmiar ich p\u0119d\u00f3w bocznych, ale te\u017c dolne li\u015bcie po to, aby nieco przyspieszy\u0107 rozw\u00f3j owoc\u00f3w. Pomidory malinowe s\u0105 doceniane za sw\u00f3j charakterystyczny smak \u2014 s\u0142odki, a jednocze\u015bnie intensywny. S\u0105 du\u017co bardziej soczyste od odmiany klasycznej, dlatego coraz cz\u0119\u015bciej ogrodnicy wybieraj\u0105 w\u0142a\u015bnie nasiona pomidor\u00f3w malinowych. Doskona\u0142a jako\u015b\u0107 mi\u0105\u017cszu, kt\u00f3ry wyr\u00f3\u017cnia si\u0119 niewielk\u0105 ilo\u015bci\u0105 pestek oraz jego soczysta konsystencja sprawiaj\u0105, \u017ce warzywo \u015bwietnie nadaje si\u0119 jako dodatek do sa\u0142atek czy kanapek. W naszej ofercie proponujemy nasiona gruntowych pomidor\u00f3w malinowych, kt\u00f3re odpowiednio piel\u0119gnowane przynios\u0105 bogate zbiory.<\/p>\n<\/section><\/div>\n<\/section>\n<section class=\"section\">\n<div class=\"item item-6\">\n<section class=\"image-item\">\n            <img decoding=\"async\" src=\"https:\/\/upload.cdn.baselinker.com\/products\/3018170\/a1a1e6eded613bbf6ffeaf0684f72027.jpg\" \/><br \/>\n        <\/section>\n<\/p><\/div>\n<div class=\"item item-6\">\n<section class=\"text-item\">\n<p><b>Nasiona pomidor\u00f3w gruntowych do samodzielnego wysiewu<\/b><\/p>\n<p>Samodzielna uprawa pomidor\u00f3w gruntowych, w szczeg\u00f3lno\u015bci tych malinowych, to dobry spos\u00f3b na rozpocz\u0119cie swojej przygody z ogrodnictwem, ale nie tylko. Po nasiona warzyw gruntowych si\u0119gaj\u0105 zar\u00f3wno zawodowi rolnicy, jak i osoby, kt\u00f3re chc\u0105 spr\u00f3bowa\u0107 swoich si\u0142 z domowymi uprawami. Pomidory malinowe znakomicie si\u0119 tutaj sprawdz\u0105, dlatego serdecznie zach\u0119camy do zakupu oferowanych przez nas nasion. Gwarantujemy najwy\u017csz\u0105 jako\u015b\u0107 starannie wyselekcjonowanych nasion.<\/p>\n<\/section><\/div>\n<\/section>\n<section class=\"section\">\n<div class=\"item item-6\">\n<section class=\"image-item\">\n            <img decoding=\"async\" src=\"https:\/\/upload.cdn.baselinker.com\/products\/3018170\/2a12a137cb8ccbd477b67843b8ee8116.png\" \/><br \/>\n        <\/section>\n<\/p><\/div>\n<div class=\"item item-6\">\n<section class=\"text-item\">\n<p><b>SPRAWDZONA JAKO\u015a\u0106 NASION<\/b><\/p>\n<p>Oferowane przez nas nasiona s\u0105 testowane w <b>Laboratorium Oceny Nasion pod wzgl\u0119dem:<\/b><\/p>\n<p>\u2705<b>kie\u0142kowania<\/b><\/p>\n<p>\u2705<b>wilgotno\u015bci<\/b><\/p>\n<p>\u2705<b>czysto\u015bci ziarna<\/b><\/p>\n<p><b>Dzi\u0119ki czemu udost\u0119pniane nasiona s\u0105 \u015bci\u015ble wyselekcjonowane, tylko wysokiej klasy.<\/b><\/p>\n<p>Torebki zakupione na naszej aukcji s\u0105 w pe\u0142ni bezpieczne, posiadaj\u0105 <b>dat\u0119 wa\u017cno\u015bci i nr partii na opakowaniu.<\/b> Gwarantujemy r\u00f3wnie\u017c jako\u015b\u0107 i oryginalno\u015b\u0107 produkt\u00f3w, poniewa\u017c s\u0105 nabywane bezpo\u015brednio od producenta.<\/p>\n<\/section><\/div>\n<\/section>\n","protected":false},"excerpt":{"rendered":"<p>Nasiona warzyw POMIDOR MALINOWY O\u017bAROWSKI Wczesny Na sosy i przetwory Pomidor gruntowy wysoki Malinowy O\u017carowski Odmiana wczesna, bardzo plenna przeznaczona do\u00a0uprawy w\u00a0polu lub\u00a0w\u00a0wysokich tunelach foliowych. Ro\u015bliny silnie rosn\u0105ce, wymagaj\u0105ce palikowania o\u00a0li\u015bciach typu ziemniaczanego. Owoce wyr\u00f3wnane, (masa oko\u0142o 100-120 g), bardzo kszta\u0142tne, kulisto-sp\u0142aszczone, bez\u00a0zniekszta\u0142ce\u0144, o\u00a0pi\u0119knej malinowej barwie i\u00a0wspania\u0142ym smaku. Zastosowanie: Do\u00a0bezpo\u015bredniego spo\u017cycia, na\u00a0sosy i\u00a0przetwory. Wysiew do\u00a0ciep\u0142ego&#8230;<\/p>\n","protected":false},"featured_media":20046,"comment_status":"open","ping_status":"closed","template":"","meta":{"inline_featured_image":false},"product_cat":[126,162,185],"product_tag":[],"location":[],"class_list":{"0":"post-20052","1":"product","2":"type-product","3":"status-publish","4":"has-post-thumbnail","6":"product_cat-nasiona-warzyw","7":"product_cat-nasiona","8":"product_cat-nasiona-pomidorow","9":"nt-post-class","10":"","13":"excerpt-none","16":"first","17":"instock","18":"shipping-taxable","19":"purchasable","20":"product-type-simple"},"_links":{"self":[{"href":"https:\/\/boskienasiona.pl\/en\/wp-json\/wp\/v2\/product\/20052","targetHints":{"allow":["GET"]}}],"collection":[{"href":"https:\/\/boskienasiona.pl\/en\/wp-json\/wp\/v2\/product"}],"about":[{"href":"https:\/\/boskienasiona.pl\/en\/wp-json\/wp\/v2\/types\/product"}],"replies":[{"embeddable":true,"href":"https:\/\/boskienasiona.pl\/en\/wp-json\/wp\/v2\/comments?post=20052"}],"version-history":[{"count":1,"href":"https:\/\/boskienasiona.pl\/en\/wp-json\/wp\/v2\/product\/20052\/revisions"}],"predecessor-version":[{"id":22597,"href":"https:\/\/boskienasiona.pl\/en\/wp-json\/wp\/v2\/product\/20052\/revisions\/22597"}],"wp:featuredmedia":[{"embeddable":true,"href":"https:\/\/boskienasiona.pl\/en\/wp-json\/wp\/v2\/media\/20046"}],"wp:attachment":[{"href":"https:\/\/boskienasiona.pl\/en\/wp-json\/wp\/v2\/media?parent=20052"}],"wp:term":[{"taxonomy":"product_cat","embeddable":true,"href":"https:\/\/boskienasiona.pl\/en\/wp-json\/wp\/v2\/product_cat?post=20052"},{"taxonomy":"product_tag","embeddable":true,"href":"https:\/\/boskienasiona.pl\/en\/wp-json\/wp\/v2\/product_tag?post=20052"},{"taxonomy":"location","embeddable":true,"href":"https:\/\/boskienasiona.pl\/en\/wp-json\/wp\/v2\/location?post=20052"}],"curies":[{"name":"wp","href":"https:\/\/api.w.org\/{rel}","templated":true}]}}