{"id":20065,"date":"2025-02-02T11:30:57","date_gmt":"2025-02-02T10:30:57","guid":{"rendered":"https:\/\/boskienasiona.pl\/product\/nasiona-warzyw-dnia-olbrzymia-big-max-owoce-do-20kg\/"},"modified":"2026-04-19T06:16:21","modified_gmt":"2026-04-19T04:16:21","slug":"nasiona-warzyw-dnia-olbrzymia-big-max-owoce-do-20kg","status":"publish","type":"product","link":"https:\/\/boskienasiona.pl\/en\/produkt\/nasiona-warzyw-dnia-olbrzymia-big-max-owoce-do-20kg\/","title":{"rendered":"NASIONA WARZYW DNIA OLBRZYMIA BIG MAX OWOCE DO 20KG"},"content":{"rendered":"<section class=\"section\">\n<div class=\"item item-12\">\n<section class=\"text-item\">\n<h1>NASIONA WARZYW DNIA OLBRZYMIA BIG MAX OWOCE DO 20KG<\/h1>\n<\/section><\/div>\n<\/section>\n<section class=\"section\">\n<div class=\"item item-6\">\n<section class=\"image-item\">\n            <img decoding=\"async\" src=\"https:\/\/upload.cdn.baselinker.com\/products\/3018170\/c7249075bc7d2c693064be9e141d7e77.png\" \/><br \/>\n        <\/section>\n<\/p><\/div>\n<div class=\"item item-6\">\n<section class=\"text-item\">\n<p><b>Dynia\u00a0Big Max<\/b><\/p>\n<p>Odmiana bardzo plenna o\u00a0owocach jadalnych o\u00a0masie ok. 20 kg, lekko sp\u0142aszczonych, barwy \u017c\u00f3\u0142topomara\u0144czowej. Mi\u0105\u017csz bardzo smaczny. Doskona\u0142a dekoracja na\u00a0\u015bwi\u0119to Halloween.<\/p>\n<p>Wysiew nasion w\u00a0drugiej po\u0142owie V, po\u00a02-3 nasiona w\u00a0jedno miejsce. Po\u00a0wzej\u015bciu pozostawi\u0107 jedn\u0105 ro\u015blin\u0119.<\/p>\n<ul>\n<li><b>Opakowanie:<\/b> 3g<\/li>\n<li><b>Siew:<\/b> po\u0142owa V-VI<\/li>\n<li><b>Zbi\u00f3r:<\/b> IX -X<\/li>\n<li><b>Rozstawa:<\/b> 150x80cm<\/li>\n<\/ul>\n<\/section><\/div>\n<\/section>\n<section class=\"section\">\n<div class=\"item item-6\">\n<section class=\"image-item\">\n            <img decoding=\"async\" src=\"https:\/\/upload.cdn.baselinker.com\/products\/3018170\/c05ab8a8311a478e0340d6bad96bbc1b.png\" \/><br \/>\n        <\/section>\n<\/p><\/div>\n<div class=\"item item-6\">\n<section class=\"text-item\">\n<p><b>SPRAWDZONA JAKO\u015a\u0106 NASION<\/b><\/p>\n<p>Oferowane przez nas nasiona s\u0105 testowane w <b>Laboratorium Oceny Nasion pod wzgl\u0119dem:<\/b><\/p>\n<p>\u2705<b>kie\u0142kowania<\/b><\/p>\n<p>\u2705<b>wilgotno\u015bci<\/b><\/p>\n<p>\u2705<b>czysto\u015bci ziarna<\/b><\/p>\n<p><b>Dzi\u0119ki czemu udost\u0119pniane nasiona s\u0105 \u015bci\u015ble wyselekcjonowane, tylko wysokiej klasy.<\/b><\/p>\n<p>Torebki zakupione na naszej aukcji s\u0105 w pe\u0142ni bezpieczne, posiadaj\u0105 <b>dat\u0119 wa\u017cno\u015bci i nr partii na opakowaniu.<\/b> Gwarantujemy r\u00f3wnie\u017c jako\u015b\u0107 i oryginalno\u015b\u0107 produkt\u00f3w, poniewa\u017c s\u0105 nabywane bezpo\u015brednio od producenta.<\/p>\n<\/section><\/div>\n<\/section>\n<section class=\"section\">\n<div class=\"item item-6\">\n<section class=\"image-item\">\n            <img decoding=\"async\" src=\"https:\/\/upload.cdn.baselinker.com\/products\/3018170\/beff7e2accc9b25b18862c1f1c18cef7.jpg\" \/><br \/>\n        <\/section>\n<\/p><\/div>\n<div class=\"item item-6\">\n<section class=\"image-item\">\n            <img decoding=\"async\" src=\"https:\/\/upload.cdn.baselinker.com\/products\/3018170\/b02322fdc08c9309efa5708ea0601587.jpg\" \/><br \/>\n        <\/section>\n<\/p><\/div>\n<\/section>\n","protected":false},"excerpt":{"rendered":"<p>NASIONA WARZYW DNIA OLBRZYMIA BIG MAX OWOCE DO 20KG Dynia\u00a0Big Max Odmiana bardzo plenna o\u00a0owocach jadalnych o\u00a0masie ok. 20 kg, lekko sp\u0142aszczonych, barwy \u017c\u00f3\u0142topomara\u0144czowej. Mi\u0105\u017csz bardzo smaczny. Doskona\u0142a dekoracja na\u00a0\u015bwi\u0119to Halloween. Wysiew nasion w\u00a0drugiej po\u0142owie V, po\u00a02-3 nasiona w\u00a0jedno miejsce. Po\u00a0wzej\u015bciu pozostawi\u0107 jedn\u0105 ro\u015blin\u0119. Opakowanie: 3g Siew: po\u0142owa V-VI Zbi\u00f3r: IX -X Rozstawa: 150x80cm SPRAWDZONA&#8230;<\/p>\n","protected":false},"featured_media":20053,"comment_status":"open","ping_status":"closed","template":"","meta":{"inline_featured_image":false},"product_cat":[126,162,187],"product_tag":[],"location":[],"class_list":{"0":"post-20065","1":"product","2":"type-product","3":"status-publish","4":"has-post-thumbnail","6":"product_cat-nasiona-warzyw","7":"product_cat-nasiona","8":"product_cat-nasiona-dynii","9":"nt-post-class","10":"","13":"excerpt-none","16":"first","17":"instock","18":"shipping-taxable","19":"purchasable","20":"product-type-simple"},"_links":{"self":[{"href":"https:\/\/boskienasiona.pl\/en\/wp-json\/wp\/v2\/product\/20065","targetHints":{"allow":["GET"]}}],"collection":[{"href":"https:\/\/boskienasiona.pl\/en\/wp-json\/wp\/v2\/product"}],"about":[{"href":"https:\/\/boskienasiona.pl\/en\/wp-json\/wp\/v2\/types\/product"}],"replies":[{"embeddable":true,"href":"https:\/\/boskienasiona.pl\/en\/wp-json\/wp\/v2\/comments?post=20065"}],"version-history":[{"count":1,"href":"https:\/\/boskienasiona.pl\/en\/wp-json\/wp\/v2\/product\/20065\/revisions"}],"predecessor-version":[{"id":22635,"href":"https:\/\/boskienasiona.pl\/en\/wp-json\/wp\/v2\/product\/20065\/revisions\/22635"}],"wp:featuredmedia":[{"embeddable":true,"href":"https:\/\/boskienasiona.pl\/en\/wp-json\/wp\/v2\/media\/20053"}],"wp:attachment":[{"href":"https:\/\/boskienasiona.pl\/en\/wp-json\/wp\/v2\/media?parent=20065"}],"wp:term":[{"taxonomy":"product_cat","embeddable":true,"href":"https:\/\/boskienasiona.pl\/en\/wp-json\/wp\/v2\/product_cat?post=20065"},{"taxonomy":"product_tag","embeddable":true,"href":"https:\/\/boskienasiona.pl\/en\/wp-json\/wp\/v2\/product_tag?post=20065"},{"taxonomy":"location","embeddable":true,"href":"https:\/\/boskienasiona.pl\/en\/wp-json\/wp\/v2\/location?post=20065"}],"curies":[{"name":"wp","href":"https:\/\/api.w.org\/{rel}","templated":true}]}}