{"id":20072,"date":"2025-02-02T11:33:35","date_gmt":"2025-02-02T10:33:35","guid":{"rendered":"https:\/\/boskienasiona.pl\/product\/nasiona-ziol-estragon-roslina-wieloletnia-do-salatek-i-potraw\/"},"modified":"2026-04-19T14:17:40","modified_gmt":"2026-04-19T12:17:40","slug":"nasiona-ziol-estragon-roslina-wieloletnia-do-salatek-i-potraw","status":"publish","type":"product","link":"https:\/\/boskienasiona.pl\/en\/produkt\/nasiona-ziol-estragon-roslina-wieloletnia-do-salatek-i-potraw\/","title":{"rendered":"Nasiona zi\u00f3\u0142 Estragon ro\u015blina wieloletnia do sa\u0142atek i potraw"},"content":{"rendered":"<section class=\"section\">\n<div class=\"item item-12\">\n<section class=\"text-item\">\n<h1>Nasiona zi\u00f3\u0142 Estragon ro\u015blina wieloletnia do sa\u0142atek i potraw<\/h1>\n<\/section><\/div>\n<\/section>\n<section class=\"section\">\n<div class=\"item item-6\">\n<section class=\"image-item\">\n            <img decoding=\"async\" src=\"https:\/\/upload.cdn.baselinker.com\/products\/3018170\/104037624780f13900be0d758cc8a07a.png\" \/><br \/>\n        <\/section>\n<\/p><\/div>\n<div class=\"item item-6\">\n<section class=\"text-item\">\n<p><b>Estragon<\/b><\/p>\n<p>Artemisia dracunculus<\/p>\n<p>Ro\u015blina wieloletnia o\u00a0wzniesionych \u0142odygach z\u00a0w\u0105sami i\u00a0delikatnie ow\u0142osionymi li\u015b\u0107mi. \u015awie\u017ce lub\u00a0suszone cz\u0119\u015bci ro\u015blin u\u017cywa\u00a0si\u0119 do\u00a0sa\u0142atek, kwaszenia og\u00f3rk\u00f3w, pieczonego drobiu, baraniny i\u00a0podrob\u00f3w. Wysiew nasion od\u00a0po\u0142owy III do\u00a0V. Rozsad\u0119 sadzi\u0107 w\u00a0maju.\u00a0<b>Estragon<\/b>\u00a0mo\u017cna \u015bcina\u0107 podczas ca\u0142ego okresu wegetacyjnego.<\/p>\n<p><b>\u2705Siew:<\/b> po\u0142owa III-V<\/p>\n<p><b>\u2705Zbi\u00f3r:<\/b> koniec VI-pocz\u0105tek IX<\/p>\n<p><b>\u2705<\/b><b>Rozstawa:<\/b> 40-40cm<\/p>\n<\/section><\/div>\n<\/section>\n<section class=\"section\">\n<div class=\"item item-6\">\n<section class=\"image-item\">\n            <img decoding=\"async\" src=\"https:\/\/upload.cdn.baselinker.com\/products\/3018170\/275f42aef51f56d8b27250f309c5655c.png\" \/><br \/>\n        <\/section>\n<\/p><\/div>\n<div class=\"item item-6\">\n<section class=\"text-item\">\n<p><b>SPRAWDZONA JAKO\u015a\u0106 NASION<\/b><\/p>\n<p>Oferowane przez nas nasiona s\u0105 testowane w\u00a0<b>Laboratorium Oceny Nasion pod wzgl\u0119dem:<\/b><\/p>\n<p>\u2705<b>kie\u0142kowania<\/b><\/p>\n<p>\u2705<b>wilgotno\u015bci<\/b><\/p>\n<p>\u2705<b>czysto\u015bci ziarna<\/b><\/p>\n<p><b>Dzi\u0119ki czemu udost\u0119pniane nasiona s\u0105 \u015bci\u015ble wyselekcjonowane, tylko wysokiej klasy.<\/b><\/p>\n<p>Torebki zakupione na naszej aukcji s\u0105 w pe\u0142ni bezpieczne, posiadaj\u0105\u00a0<b>dat\u0119 wa\u017cno\u015bci i nr partii na opakowaniu.<\/b>\u00a0Gwarantujemy r\u00f3wnie\u017c jako\u015b\u0107 i oryginalno\u015b\u0107 produkt\u00f3w, poniewa\u017c s\u0105 nabywane bezpo\u015brednio od producenta.<\/p>\n<\/section><\/div>\n<\/section>\n<section class=\"section\">\n<div class=\"item item-12\">\n<section class=\"image-item\">\n            <img decoding=\"async\" src=\"https:\/\/upload.cdn.baselinker.com\/products\/3018170\/65cf1a1f60a19736596eb61cdc12bc22.png\" \/><br \/>\n        <\/section>\n<\/p><\/div>\n<\/section>\n","protected":false},"excerpt":{"rendered":"<p>Nasiona zi\u00f3\u0142 Estragon ro\u015blina wieloletnia do sa\u0142atek i potraw Estragon Artemisia dracunculus Ro\u015blina wieloletnia o\u00a0wzniesionych \u0142odygach z\u00a0w\u0105sami i\u00a0delikatnie ow\u0142osionymi li\u015b\u0107mi. \u015awie\u017ce lub\u00a0suszone cz\u0119\u015bci ro\u015blin u\u017cywa\u00a0si\u0119 do\u00a0sa\u0142atek, kwaszenia og\u00f3rk\u00f3w, pieczonego drobiu, baraniny i\u00a0podrob\u00f3w. Wysiew nasion od\u00a0po\u0142owy III do\u00a0V. Rozsad\u0119 sadzi\u0107 w\u00a0maju.\u00a0Estragon\u00a0mo\u017cna \u015bcina\u0107 podczas ca\u0142ego okresu wegetacyjnego. \u2705Siew: po\u0142owa III-V \u2705Zbi\u00f3r: koniec VI-pocz\u0105tek IX \u2705Rozstawa: 40-40cm SPRAWDZONA&#8230;<\/p>\n","protected":false},"featured_media":20066,"comment_status":"open","ping_status":"closed","template":"","meta":{"inline_featured_image":false},"product_cat":[128,162],"product_tag":[],"location":[],"class_list":{"0":"post-20072","1":"product","2":"type-product","3":"status-publish","4":"has-post-thumbnail","6":"product_cat-nasiona-ziol","7":"product_cat-nasiona","8":"nt-post-class","9":"","12":"excerpt-none","15":"first","16":"instock","17":"shipping-taxable","18":"purchasable","19":"product-type-simple"},"_links":{"self":[{"href":"https:\/\/boskienasiona.pl\/en\/wp-json\/wp\/v2\/product\/20072","targetHints":{"allow":["GET"]}}],"collection":[{"href":"https:\/\/boskienasiona.pl\/en\/wp-json\/wp\/v2\/product"}],"about":[{"href":"https:\/\/boskienasiona.pl\/en\/wp-json\/wp\/v2\/types\/product"}],"replies":[{"embeddable":true,"href":"https:\/\/boskienasiona.pl\/en\/wp-json\/wp\/v2\/comments?post=20072"}],"version-history":[{"count":0,"href":"https:\/\/boskienasiona.pl\/en\/wp-json\/wp\/v2\/product\/20072\/revisions"}],"wp:featuredmedia":[{"embeddable":true,"href":"https:\/\/boskienasiona.pl\/en\/wp-json\/wp\/v2\/media\/20066"}],"wp:attachment":[{"href":"https:\/\/boskienasiona.pl\/en\/wp-json\/wp\/v2\/media?parent=20072"}],"wp:term":[{"taxonomy":"product_cat","embeddable":true,"href":"https:\/\/boskienasiona.pl\/en\/wp-json\/wp\/v2\/product_cat?post=20072"},{"taxonomy":"product_tag","embeddable":true,"href":"https:\/\/boskienasiona.pl\/en\/wp-json\/wp\/v2\/product_tag?post=20072"},{"taxonomy":"location","embeddable":true,"href":"https:\/\/boskienasiona.pl\/en\/wp-json\/wp\/v2\/location?post=20072"}],"curies":[{"name":"wp","href":"https:\/\/api.w.org\/{rel}","templated":true}]}}