{"id":20083,"date":"2025-02-02T11:37:19","date_gmt":"2025-02-02T10:37:19","guid":{"rendered":"https:\/\/boskienasiona.pl\/product\/nasiona-warzyw-baklazan-black-beuty-afrodyzjak\/"},"modified":"2026-04-19T14:17:41","modified_gmt":"2026-04-19T12:17:41","slug":"nasiona-warzyw-baklazan-black-beuty-afrodyzjak","status":"publish","type":"product","link":"https:\/\/boskienasiona.pl\/en\/produkt\/nasiona-warzyw-baklazan-black-beuty-afrodyzjak\/","title":{"rendered":"Nasiona warzyw Bak\u0142a\u017can Black Beuty AFRODYZJAK"},"content":{"rendered":"<section class=\"section\">\n<div class=\"item item-12\">\n<section class=\"text-item\">\n<h1>Nasiona warzyw Bak\u0142a\u017can Black Beuty AFRODYZJAK<\/h1>\n<\/section><\/div>\n<\/section>\n<section class=\"section\">\n<div class=\"item item-6\">\n<section class=\"image-item\">\n            <img decoding=\"async\" src=\"https:\/\/upload.cdn.baselinker.com\/products\/3018170\/a3614b771572008c5e60b193972b80df.png\" \/><br \/>\n        <\/section>\n<\/p><\/div>\n<div class=\"item item-6\">\n<section class=\"text-item\">\n<p><b>Bak\u0142a\u017can Black Beauty<\/b><\/p>\n<p>Ober\u017cyn\u0119 zwan\u0105 tak\u017ce gruszk\u0105 mi\u0142osn\u0105 nale\u017cy uprawia\u0107 na\u00a0glebie pr\u00f3chnicznej w\u00a0temp. 20-28\u00baC. Ma d\u0142ugi okres wegetacji i\u00a0ma\u0142\u0105 tolerancj\u0119 na\u00a0przesadzanie. Uprawia\u0107 z\u00a0rozsady doniczkowanej i\u00a0wysadza\u0107 do\u00a0tunelu lub\u00a0gruntu w\u00a0drugiej po\u0142owie maja. Owoce o\u00a0wysokich walorach smakowych nale\u017cy zbiera\u0107 przed uzyskaniem pe\u0142nej dojrza\u0142o\u015bci oko\u0142o miesi\u0105c po\u00a0kwitnieniu. Najlepiej smakuj\u0105 zapiekane w\u00a0piekarniku lub\u00a0na\u00a0grillu panierowane.<\/p>\n<ul>\n<li><b>Opakowanie:<\/b> 1g<\/li>\n<li><b>Siew:<\/b> II-V<\/li>\n<li><b>Zbi\u00f3r:<\/b> po\u0142powa VII -VIII<\/li>\n<li><b>Rozstawa:<\/b> 50x60cm<\/li>\n<\/ul>\n<\/section><\/div>\n<\/section>\n<section class=\"section\">\n<div class=\"item item-6\">\n<section class=\"image-item\">\n            <img decoding=\"async\" src=\"https:\/\/upload.cdn.baselinker.com\/products\/3018170\/d750af640fd890c83c33df18b18e0c95.png\" \/><br \/>\n        <\/section>\n<\/p><\/div>\n<div class=\"item item-6\">\n<section class=\"text-item\">\n<p><b>SPRAWDZONA JAKO\u015a\u0106 NASION<\/b><\/p>\n<p>Oferowane przez nas nasiona s\u0105 testowane w\u00a0<b>Laboratorium Oceny Nasion pod wzgl\u0119dem:<\/b><\/p>\n<p>\u2705<b>kie\u0142kowania<\/b><\/p>\n<p>\u2705<b>wilgotno\u015bci<\/b><\/p>\n<p>\u2705<b>czysto\u015bci ziarna<\/b><\/p>\n<p><b>Dzi\u0119ki czemu udost\u0119pniane nasiona s\u0105 \u015bci\u015ble wyselekcjonowane, tylko wysokiej klasy.<\/b><\/p>\n<p>Torebki zakupione na naszej aukcji s\u0105 w pe\u0142ni bezpieczne, posiadaj\u0105\u00a0<b>dat\u0119 wa\u017cno\u015bci i nr partii na opakowaniu.<\/b>\u00a0Gwarantujemy r\u00f3wnie\u017c jako\u015b\u0107 i oryginalno\u015b\u0107 produkt\u00f3w, poniewa\u017c s\u0105 nabywane bezpo\u015brednio od producenta.<\/p>\n<\/section><\/div>\n<\/section>\n<section class=\"section\">\n<div class=\"item item-6\">\n<section class=\"image-item\">\n            <img decoding=\"async\" src=\"https:\/\/upload.cdn.baselinker.com\/products\/3018170\/b2fa618a4ec6bf80c5739ec86ea3cb36.jpg\" \/><br \/>\n        <\/section>\n<\/p><\/div>\n<div class=\"item item-6\">\n<section class=\"image-item\">\n            <img decoding=\"async\" src=\"https:\/\/upload.cdn.baselinker.com\/products\/3018170\/07347d1290586cddf3b262dfb406c3de.jpg\" \/><br \/>\n        <\/section>\n<\/p><\/div>\n<\/section>\n<section class=\"section\">\n<div class=\"item item-12\">\n<section class=\"image-item\">\n            <img decoding=\"async\" src=\"https:\/\/upload.cdn.baselinker.com\/products\/3018170\/93cb84182bdc124099d7d23a09224452.jpg\" \/><br \/>\n        <\/section>\n<\/p><\/div>\n<\/section>\n","protected":false},"excerpt":{"rendered":"<p>Nasiona warzyw Bak\u0142a\u017can Black Beuty AFRODYZJAK Bak\u0142a\u017can Black Beauty Ober\u017cyn\u0119 zwan\u0105 tak\u017ce gruszk\u0105 mi\u0142osn\u0105 nale\u017cy uprawia\u0107 na\u00a0glebie pr\u00f3chnicznej w\u00a0temp. 20-28\u00baC. Ma d\u0142ugi okres wegetacji i\u00a0ma\u0142\u0105 tolerancj\u0119 na\u00a0przesadzanie. Uprawia\u0107 z\u00a0rozsady doniczkowanej i\u00a0wysadza\u0107 do\u00a0tunelu lub\u00a0gruntu w\u00a0drugiej po\u0142owie maja. Owoce o\u00a0wysokich walorach smakowych nale\u017cy zbiera\u0107 przed uzyskaniem pe\u0142nej dojrza\u0142o\u015bci oko\u0142o miesi\u0105c po\u00a0kwitnieniu. Najlepiej smakuj\u0105 zapiekane w\u00a0piekarniku lub\u00a0na\u00a0grillu panierowane&#8230;.<\/p>\n","protected":false},"featured_media":20073,"comment_status":"open","ping_status":"closed","template":"","meta":{"inline_featured_image":false},"product_cat":[126,162],"product_tag":[],"location":[],"class_list":{"0":"post-20083","1":"product","2":"type-product","3":"status-publish","4":"has-post-thumbnail","6":"product_cat-nasiona-warzyw","7":"product_cat-nasiona","8":"nt-post-class","9":"","12":"excerpt-none","15":"first","16":"instock","17":"shipping-taxable","18":"purchasable","19":"product-type-simple"},"_links":{"self":[{"href":"https:\/\/boskienasiona.pl\/en\/wp-json\/wp\/v2\/product\/20083","targetHints":{"allow":["GET"]}}],"collection":[{"href":"https:\/\/boskienasiona.pl\/en\/wp-json\/wp\/v2\/product"}],"about":[{"href":"https:\/\/boskienasiona.pl\/en\/wp-json\/wp\/v2\/types\/product"}],"replies":[{"embeddable":true,"href":"https:\/\/boskienasiona.pl\/en\/wp-json\/wp\/v2\/comments?post=20083"}],"version-history":[{"count":0,"href":"https:\/\/boskienasiona.pl\/en\/wp-json\/wp\/v2\/product\/20083\/revisions"}],"wp:featuredmedia":[{"embeddable":true,"href":"https:\/\/boskienasiona.pl\/en\/wp-json\/wp\/v2\/media\/20073"}],"wp:attachment":[{"href":"https:\/\/boskienasiona.pl\/en\/wp-json\/wp\/v2\/media?parent=20083"}],"wp:term":[{"taxonomy":"product_cat","embeddable":true,"href":"https:\/\/boskienasiona.pl\/en\/wp-json\/wp\/v2\/product_cat?post=20083"},{"taxonomy":"product_tag","embeddable":true,"href":"https:\/\/boskienasiona.pl\/en\/wp-json\/wp\/v2\/product_tag?post=20083"},{"taxonomy":"location","embeddable":true,"href":"https:\/\/boskienasiona.pl\/en\/wp-json\/wp\/v2\/location?post=20083"}],"curies":[{"name":"wp","href":"https:\/\/api.w.org\/{rel}","templated":true}]}}