{"id":20092,"date":"2025-02-02T11:43:46","date_gmt":"2025-02-02T10:43:46","guid":{"rendered":"https:\/\/boskienasiona.pl\/product\/nasiona-kwiatow-aster-wyoski-czerwony-chryzantemowy-plomien\/"},"modified":"2026-04-19T14:17:42","modified_gmt":"2026-04-19T12:17:42","slug":"nasiona-kwiatow-aster-wyoski-czerwony-chryzantemowy-plomien","status":"publish","type":"product","link":"https:\/\/boskienasiona.pl\/en\/produkt\/nasiona-kwiatow-aster-wyoski-czerwony-chryzantemowy-plomien\/","title":{"rendered":"NASIONA KWIAT\u00d3W ASTER WYOSKI CZERWONY chryzantemowy P\u0141OMIE\u0143"},"content":{"rendered":"<section class=\"section\">\n<div class=\"item item-12\">\n<section class=\"text-item\">\n<h1>NASIONA KWIAT\u00d3W ASTER WYOSKI CZERWONY chryzantemowy P\u0141OMIE\u0143<\/h1>\n<\/section><\/div>\n<\/section>\n<section class=\"section\">\n<div class=\"item item-6\">\n<section class=\"text-item\">\n<p><b>Aster chryzantemowy wysoki&nbsp;P\u0142omie\u0144&nbsp;czerwony<\/b><\/p>\n<p>Callistephus chinensis<\/p>\n<p>Ro\u015blina jednoroczna 50-80cm wysoko\u015bci, o&nbsp;pe\u0142nych szkar\u0142atno-czerwonych kwiatach. Kwitnie od&nbsp;lipca do&nbsp;pa\u017adziernika. Stosowany na&nbsp;kwiat ci\u0119ty, rabaty, obw\u00f3dki i&nbsp;kwietniki. Wysiew w&nbsp;marcu-kwietniu do&nbsp;ogrzewanego inspektu lub&nbsp;wprost do&nbsp;gruntu w&nbsp;kwietniu-maju. Wymaga stanowiska s\u0142onecznego, \u015brednio wilgotnej, \u017cyznej gleby.<\/p>\n<ul>\n<li><b>Siew:<\/b> III-V<\/li>\n<li><b>Kwitnienie:<\/b> VII-X<\/li>\n<li><b>Rozstawa:<\/b> 20x40cm<\/li>\n<li><b>Wysoko\u015b\u0107:<\/b> 50-80cm<\/li>\n<\/ul>\n<\/section><\/div>\n<div class=\"item item-6\">\n<section class=\"image-item\"><img decoding=\"async\" src=\"https:\/\/upload.cdn.baselinker.com\/products\/3018170\/986913d02beb8160ae925ff7098a30b5.jpg\" \/><\/section>\n<\/p><\/div>\n<\/section>\n<section class=\"section\">\n<div class=\"item item-6\">\n<section class=\"text-item\">\n<p><b>SPRAWDZONA JAKO\u015a\u0106 NASION<\/b><\/p>\n<p>Oferowane przez nas nasiona s\u0105 testowane w <b>Laboratorium Oceny Nasion pod wzgl\u0119dem:<\/b><\/p>\n<p>\u2705<b>kie\u0142kowania<\/b><\/p>\n<p>\u2705<b>wilgotno\u015bci<\/b><\/p>\n<p>\u2705<b>czysto\u015bci ziarna<\/b><\/p>\n<p><b>Dzi\u0119ki czemu udost\u0119pniane nasiona s\u0105 \u015bci\u015ble wyselekcjonowane, tylko wysokiej klasy.<\/b><\/p>\n<p>Torebki zakupione na naszej aukcji s\u0105 w pe\u0142ni bezpieczne, posiadaj\u0105 <b>dat\u0119 wa\u017cno\u015bci i nr partii na opakowaniu.<\/b> Gwarantujemy r\u00f3wnie\u017c jako\u015b\u0107 i oryginalno\u015b\u0107 produkt\u00f3w, poniewa\u017c s\u0105 nabywane bezpo\u015brednio od producenta.<\/p>\n<\/section><\/div>\n<div class=\"item item-6\">\n<section class=\"image-item\"><img decoding=\"async\" src=\"https:\/\/upload.cdn.baselinker.com\/products\/3018170\/334c1f8860cb33d6859f6c02204b3024.png\" \/><\/section>\n<\/p><\/div>\n<\/section>\n<section class=\"section\">\n<div class=\"item item-6\">\n<section class=\"image-item\"><img decoding=\"async\" src=\"https:\/\/upload.cdn.baselinker.com\/products\/3018170\/334c1f8860cb33d6859f6c02204b3024.png\" \/><\/section>\n<\/p><\/div>\n<div class=\"item item-6\">\n<section class=\"image-item\"><img decoding=\"async\" src=\"https:\/\/upload.cdn.baselinker.com\/products\/3018170\/986913d02beb8160ae925ff7098a30b5.jpg\" \/><\/section>\n<\/p><\/div>\n<\/section>\n","protected":false},"excerpt":{"rendered":"<p>NASIONA KWIAT\u00d3W ASTER WYOSKI CZERWONY chryzantemowy P\u0141OMIE\u0143 Aster chryzantemowy wysoki&nbsp;P\u0142omie\u0144&nbsp;czerwony Callistephus chinensis Ro\u015blina jednoroczna 50-80cm wysoko\u015bci, o&nbsp;pe\u0142nych szkar\u0142atno-czerwonych kwiatach. Kwitnie od&nbsp;lipca do&nbsp;pa\u017adziernika. Stosowany na&nbsp;kwiat ci\u0119ty, rabaty, obw\u00f3dki i&nbsp;kwietniki. Wysiew w&nbsp;marcu-kwietniu do&nbsp;ogrzewanego inspektu lub&nbsp;wprost do&nbsp;gruntu w&nbsp;kwietniu-maju. Wymaga stanowiska s\u0142onecznego, \u015brednio wilgotnej, \u017cyznej gleby. Siew: III-V Kwitnienie: VII-X Rozstawa: 20x40cm Wysoko\u015b\u0107: 50-80cm SPRAWDZONA JAKO\u015a\u0106 NASION Oferowane przez&#8230;<\/p>\n","protected":false},"featured_media":20084,"comment_status":"open","ping_status":"closed","template":"","meta":{"inline_featured_image":false},"product_cat":[126,162,182],"product_tag":[],"location":[],"class_list":{"0":"post-20092","1":"product","2":"type-product","3":"status-publish","4":"has-post-thumbnail","6":"product_cat-nasiona-warzyw","7":"product_cat-nasiona","8":"product_cat-nasiona-kwiaty-doniczkowe","9":"nt-post-class","10":"","13":"excerpt-none","16":"first","17":"instock","18":"shipping-taxable","19":"purchasable","20":"product-type-simple"},"_links":{"self":[{"href":"https:\/\/boskienasiona.pl\/en\/wp-json\/wp\/v2\/product\/20092","targetHints":{"allow":["GET"]}}],"collection":[{"href":"https:\/\/boskienasiona.pl\/en\/wp-json\/wp\/v2\/product"}],"about":[{"href":"https:\/\/boskienasiona.pl\/en\/wp-json\/wp\/v2\/types\/product"}],"replies":[{"embeddable":true,"href":"https:\/\/boskienasiona.pl\/en\/wp-json\/wp\/v2\/comments?post=20092"}],"version-history":[{"count":1,"href":"https:\/\/boskienasiona.pl\/en\/wp-json\/wp\/v2\/product\/20092\/revisions"}],"predecessor-version":[{"id":22525,"href":"https:\/\/boskienasiona.pl\/en\/wp-json\/wp\/v2\/product\/20092\/revisions\/22525"}],"wp:featuredmedia":[{"embeddable":true,"href":"https:\/\/boskienasiona.pl\/en\/wp-json\/wp\/v2\/media\/20084"}],"wp:attachment":[{"href":"https:\/\/boskienasiona.pl\/en\/wp-json\/wp\/v2\/media?parent=20092"}],"wp:term":[{"taxonomy":"product_cat","embeddable":true,"href":"https:\/\/boskienasiona.pl\/en\/wp-json\/wp\/v2\/product_cat?post=20092"},{"taxonomy":"product_tag","embeddable":true,"href":"https:\/\/boskienasiona.pl\/en\/wp-json\/wp\/v2\/product_tag?post=20092"},{"taxonomy":"location","embeddable":true,"href":"https:\/\/boskienasiona.pl\/en\/wp-json\/wp\/v2\/location?post=20092"}],"curies":[{"name":"wp","href":"https:\/\/api.w.org\/{rel}","templated":true}]}}