{"id":20105,"date":"2025-02-02T11:44:41","date_gmt":"2025-02-02T10:44:41","guid":{"rendered":"https:\/\/boskienasiona.pl\/product\/nasiona-warzyw-rukola-wieloletnia-doskonaly-dodatek-do-kanapek-i-salatek\/"},"modified":"2026-04-19T14:17:43","modified_gmt":"2026-04-19T12:17:43","slug":"nasiona-warzyw-rukola-wieloletnia-doskonaly-dodatek-do-kanapek-i-salatek","status":"publish","type":"product","link":"https:\/\/boskienasiona.pl\/en\/produkt\/nasiona-warzyw-rukola-wieloletnia-doskonaly-dodatek-do-kanapek-i-salatek\/","title":{"rendered":"Nasiona warzyw Rukola Wieloletnia DOSKONA\u0141Y DODATEK DO KANAPEK I SA\u0141ATEK"},"content":{"rendered":"<section class=\"section\">\n<div class=\"item item-12\">\n<section class=\"text-item\">\n<h1>Nasiona warzyw Rukola Wieloletnia DOSKONA\u0141Y DODATEK DO KANAPEK I SA\u0141ATEK<\/h1>\n<\/section><\/div>\n<\/section>\n<section class=\"section\">\n<div class=\"item item-6\">\n<section class=\"image-item\">\n            <img decoding=\"async\" src=\"https:\/\/upload.cdn.baselinker.com\/products\/3018170\/e0c1297c33c1e9a037e1ad1669abb000.png\" \/><br \/>\n        <\/section>\n<\/p><\/div>\n<div class=\"item item-6\">\n<section class=\"text-item\">\n<p><b>Rukola Dzika Wieloletnia 1G<\/b><\/p>\n<p><b>RUKOLA WIELOLETNIA<\/b><\/p>\n<p>\u0141atwa w uprawie ro\u015blina wieloletnia o bardzo zdrowych pikantnych li\u015bciach doskona\u0142ych do sa\u0142atek, past czy kanapek. Przy ziemi tworzy rozet\u0119 d\u0142ugich, soczy\u015bcie zielonych, postrz\u0119pionych li\u015bci. Wysiew bezpo\u015brednio do gruntu IV-VI. Pierwszy zbi\u00f3r li\u015bci przeprowadza si\u0119 po 4-6 tygodniach od siewu.<\/p>\n<\/section><\/div>\n<\/section>\n<section class=\"section\">\n<div class=\"item item-6\">\n<section class=\"image-item\">\n            <img decoding=\"async\" src=\"https:\/\/upload.cdn.baselinker.com\/products\/3018170\/b9badffcaaea5a7e629cbd6c3b976f90.png\" \/><br \/>\n        <\/section>\n<\/p><\/div>\n<div class=\"item item-6\">\n<section class=\"text-item\">\n<p><b>SPRAWDZONA JAKO\u015a\u0106 NASION<\/b><\/p>\n<p>Oferowane przez nas nasiona s\u0105 testowane w <b>Laboratorium Oceny Nasion pod wzgl\u0119dem:<\/b><\/p>\n<p>\u2705<b>kie\u0142kowania<\/b><\/p>\n<p>\u2705<b>wilgotno\u015bci<\/b><\/p>\n<p>\u2705<b>czysto\u015bci ziarna<\/b><\/p>\n<p><b>Dzi\u0119ki czemu udost\u0119pniane nasiona s\u0105 \u015bci\u015ble wyselekcjonowane, tylko wysokiej klasy.<\/b><\/p>\n<p>Torebki zakupione na naszej aukcji s\u0105 w pe\u0142ni bezpieczne, posiadaj\u0105 <b>dat\u0119 wa\u017cno\u015bci i nr partii na opakowaniu.<\/b> Gwarantujemy r\u00f3wnie\u017c jako\u015b\u0107 i oryginalno\u015b\u0107 produkt\u00f3w, poniewa\u017c s\u0105 nabywane bezpo\u015brednio od producenta.<\/p>\n<\/section><\/div>\n<\/section>\n<section class=\"section\">\n<div class=\"item item-6\">\n<section class=\"image-item\">\n            <img decoding=\"async\" src=\"https:\/\/upload.cdn.baselinker.com\/products\/3018170\/1d4c62a47685d55c0c6a7b01b5cab4d8.png\" \/><br \/>\n        <\/section>\n<\/p><\/div>\n<div class=\"item item-6\">\n<section class=\"image-item\">\n            <img decoding=\"async\" src=\"https:\/\/upload.cdn.baselinker.com\/products\/3018170\/2a103f0313ab9b8922b8da53e78d6581.png\" \/><br \/>\n        <\/section>\n<\/p><\/div>\n<\/section>\n<section class=\"section\">\n<div class=\"item item-6\">\n<section class=\"image-item\">\n            <img decoding=\"async\" src=\"https:\/\/upload.cdn.baselinker.com\/products\/3018170\/0bb773343df5bdd7a46017329010ef05.png\" \/><br \/>\n        <\/section>\n<\/p><\/div>\n<div class=\"item item-6\">\n<section class=\"image-item\">\n            <img decoding=\"async\" src=\"https:\/\/upload.cdn.baselinker.com\/products\/3018170\/9630e0033abfb2938fd8ae8fdfbbce8f.png\" \/><br \/>\n        <\/section>\n<\/p><\/div>\n<\/section>\n","protected":false},"excerpt":{"rendered":"<p>Nasiona warzyw Rukola Wieloletnia DOSKONA\u0141Y DODATEK DO KANAPEK I SA\u0141ATEK Rukola Dzika Wieloletnia 1G RUKOLA WIELOLETNIA \u0141atwa w uprawie ro\u015blina wieloletnia o bardzo zdrowych pikantnych li\u015bciach doskona\u0142ych do sa\u0142atek, past czy kanapek. Przy ziemi tworzy rozet\u0119 d\u0142ugich, soczy\u015bcie zielonych, postrz\u0119pionych li\u015bci. Wysiew bezpo\u015brednio do gruntu IV-VI. Pierwszy zbi\u00f3r li\u015bci przeprowadza si\u0119 po 4-6 tygodniach od&#8230;<\/p>\n","protected":false},"featured_media":20093,"comment_status":"open","ping_status":"closed","template":"","meta":{"inline_featured_image":false},"product_cat":[126,162],"product_tag":[],"location":[],"class_list":{"0":"post-20105","1":"product","2":"type-product","3":"status-publish","4":"has-post-thumbnail","6":"product_cat-nasiona-warzyw","7":"product_cat-nasiona","8":"nt-post-class","9":"","12":"excerpt-none","15":"first","16":"instock","17":"shipping-taxable","18":"purchasable","19":"product-type-simple"},"_links":{"self":[{"href":"https:\/\/boskienasiona.pl\/en\/wp-json\/wp\/v2\/product\/20105","targetHints":{"allow":["GET"]}}],"collection":[{"href":"https:\/\/boskienasiona.pl\/en\/wp-json\/wp\/v2\/product"}],"about":[{"href":"https:\/\/boskienasiona.pl\/en\/wp-json\/wp\/v2\/types\/product"}],"replies":[{"embeddable":true,"href":"https:\/\/boskienasiona.pl\/en\/wp-json\/wp\/v2\/comments?post=20105"}],"version-history":[{"count":0,"href":"https:\/\/boskienasiona.pl\/en\/wp-json\/wp\/v2\/product\/20105\/revisions"}],"wp:featuredmedia":[{"embeddable":true,"href":"https:\/\/boskienasiona.pl\/en\/wp-json\/wp\/v2\/media\/20093"}],"wp:attachment":[{"href":"https:\/\/boskienasiona.pl\/en\/wp-json\/wp\/v2\/media?parent=20105"}],"wp:term":[{"taxonomy":"product_cat","embeddable":true,"href":"https:\/\/boskienasiona.pl\/en\/wp-json\/wp\/v2\/product_cat?post=20105"},{"taxonomy":"product_tag","embeddable":true,"href":"https:\/\/boskienasiona.pl\/en\/wp-json\/wp\/v2\/product_tag?post=20105"},{"taxonomy":"location","embeddable":true,"href":"https:\/\/boskienasiona.pl\/en\/wp-json\/wp\/v2\/location?post=20105"}],"curies":[{"name":"wp","href":"https:\/\/api.w.org\/{rel}","templated":true}]}}