{"id":20110,"date":"2025-02-02T11:51:41","date_gmt":"2025-02-02T10:51:41","guid":{"rendered":"https:\/\/boskienasiona.pl\/product\/nasiona-kwiatow-nagietek-lekarski-sunset-buff-kwiaty-jadalne\/"},"modified":"2026-04-17T14:20:37","modified_gmt":"2026-04-17T12:20:37","slug":"nasiona-kwiatow-nagietek-lekarski-sunset-buff-kwiaty-jadalne","status":"publish","type":"product","link":"https:\/\/boskienasiona.pl\/en\/produkt\/nasiona-kwiatow-nagietek-lekarski-sunset-buff-kwiaty-jadalne\/","title":{"rendered":"Nasiona kwiat\u00f3w NAGIETEK LEKARSKI SUNSET BUFF KWIATY JADALNE"},"content":{"rendered":"<section class=\"section\">\n<div class=\"item item-12\">\n<section class=\"text-item\">\n<h1>Nasiona kwiat\u00f3w NAGIETEK LEKARSKI SUNSET BUFF KWIATY JADALNE<\/h1>\n<\/section>\n<\/div>\n<\/section>\n<section class=\"section\">\n<div class=\"item item-6\">\n<section class=\"image-item\"><img decoding=\"async\" src=\"https:\/\/upload.cdn.baselinker.com\/products\/3018170\/4cf140b5ef82ac227e98a05c154ef5dd.png\" \/><\/section>\n<\/div>\n<div class=\"item item-6\">\n<section class=\"text-item\"><b>Nagietek lekarski SUNSET BUFF<\/b>Calendula officinalis<\/p>\n<p>Oryginalna odmiana nagietka (wys. 60 cm) tworz\u0105ca ciekawe p\u00f3\u0142pe\u0142ne kwiaty w kremowo-morelowym kolorze z czerwonymi brzegami p\u0142atk\u00f3w o przyjemnym uspakajaj\u0105cym zapachu<\/p>\n<p>i leczniczych w\u0142a\u015bciwo\u015bciach. Kwitnie od wczesnego lata do p\u00f3\u017anej jesieni. Doskona\u0142a odmiana do obsadzania rabat, pojemnik\u00f3w i na kwiat ci\u0119ty. P\u0142atki dodane do potrawy barwi\u0105 j\u0105 na \u017c\u00f3\u0142to, nadaj\u0105c lekko pikantnego posmaku. Wymaga\u00a0 stanowiska\u00a0 s\u0142onecznego<\/p>\n<p>o piaszczysto-gliniastym pod\u0142o\u017cu. Wysiew pod os\u0142ony III-IV lub do gruntu IV-V.<\/p>\n<ul>\n<li><b>Siew inspekt:<\/b> III-IV<\/li>\n<li><b>Siew grunt:<\/b> IV-V<\/li>\n<li><b>Kwitnienie:<\/b> VI-X<\/li>\n<li><b>Rozstawa:<\/b> 20\u00d725 cm<\/li>\n<li><b>Wysoko\u015b\u0107:<\/b> 60 cm<\/li>\n<\/ul>\n<\/section>\n<\/div>\n<\/section>\n<section class=\"section\">\n<div class=\"item item-6\">\n<section class=\"image-item\"><img decoding=\"async\" src=\"https:\/\/upload.cdn.baselinker.com\/products\/3018170\/3096c552b27c96ffde98503907997f56.png\" \/><\/section>\n<\/div>\n<div class=\"item item-6\">\n<section class=\"text-item\"><b>SPRAWDZONA JAKO\u015a\u0106 NASION<\/b>Oferowane przez nas nasiona s\u0105 testowane w <b>Laboratorium Oceny Nasion pod wzgl\u0119dem:<\/b><\/p>\n<p>\u2705<b>kie\u0142kowania<\/b><\/p>\n<p>\u2705<b>wilgotno\u015bci<\/b><\/p>\n<p>\u2705<b>czysto\u015bci ziarna<\/b><\/p>\n<p><b>Dzi\u0119ki czemu udost\u0119pniane nasiona s\u0105 \u015bci\u015ble wyselekcjonowane, tylko wysokiej klasy.<\/b><\/p>\n<p>Torebki zakupione na naszej aukcji s\u0105 w pe\u0142ni bezpieczne, posiadaj\u0105 <b>dat\u0119 wa\u017cno\u015bci i nr partii na opakowaniu.<\/b> Gwarantujemy r\u00f3wnie\u017c jako\u015b\u0107 i oryginalno\u015b\u0107 produkt\u00f3w, poniewa\u017c s\u0105 nabywane bezpo\u015brednio od producenta.<\/p>\n<\/section>\n<\/div>\n<\/section>\n","protected":false},"excerpt":{"rendered":"<p>Nasiona kwiat\u00f3w NAGIETEK LEKARSKI SUNSET BUFF KWIATY JADALNE Nagietek lekarski SUNSET BUFFCalendula officinalis Oryginalna odmiana nagietka (wys. 60 cm) tworz\u0105ca ciekawe p\u00f3\u0142pe\u0142ne kwiaty w kremowo-morelowym kolorze z czerwonymi brzegami p\u0142atk\u00f3w o przyjemnym uspakajaj\u0105cym zapachu i leczniczych w\u0142a\u015bciwo\u015bciach. Kwitnie od wczesnego lata do p\u00f3\u017anej jesieni. Doskona\u0142a odmiana do obsadzania rabat, pojemnik\u00f3w i na kwiat ci\u0119ty. P\u0142atki&#8230;<\/p>\n","protected":false},"featured_media":20106,"comment_status":"open","ping_status":"closed","template":"","meta":{"inline_featured_image":false},"product_cat":[134,162,183,182],"product_tag":[],"location":[],"class_list":{"0":"post-20110","1":"product","2":"type-product","3":"status-publish","4":"has-post-thumbnail","6":"product_cat-nasiona-kwiatow","7":"product_cat-nasiona","8":"product_cat-nasiona-kwiatow-ogrodowych","9":"product_cat-nasiona-kwiaty-doniczkowe","10":"nt-post-class","11":"","14":"excerpt-none","17":"first","18":"instock","19":"shipping-taxable","20":"purchasable","21":"product-type-simple"},"_links":{"self":[{"href":"https:\/\/boskienasiona.pl\/en\/wp-json\/wp\/v2\/product\/20110","targetHints":{"allow":["GET"]}}],"collection":[{"href":"https:\/\/boskienasiona.pl\/en\/wp-json\/wp\/v2\/product"}],"about":[{"href":"https:\/\/boskienasiona.pl\/en\/wp-json\/wp\/v2\/types\/product"}],"replies":[{"embeddable":true,"href":"https:\/\/boskienasiona.pl\/en\/wp-json\/wp\/v2\/comments?post=20110"}],"version-history":[{"count":2,"href":"https:\/\/boskienasiona.pl\/en\/wp-json\/wp\/v2\/product\/20110\/revisions"}],"predecessor-version":[{"id":20113,"href":"https:\/\/boskienasiona.pl\/en\/wp-json\/wp\/v2\/product\/20110\/revisions\/20113"}],"wp:featuredmedia":[{"embeddable":true,"href":"https:\/\/boskienasiona.pl\/en\/wp-json\/wp\/v2\/media\/20106"}],"wp:attachment":[{"href":"https:\/\/boskienasiona.pl\/en\/wp-json\/wp\/v2\/media?parent=20110"}],"wp:term":[{"taxonomy":"product_cat","embeddable":true,"href":"https:\/\/boskienasiona.pl\/en\/wp-json\/wp\/v2\/product_cat?post=20110"},{"taxonomy":"product_tag","embeddable":true,"href":"https:\/\/boskienasiona.pl\/en\/wp-json\/wp\/v2\/product_tag?post=20110"},{"taxonomy":"location","embeddable":true,"href":"https:\/\/boskienasiona.pl\/en\/wp-json\/wp\/v2\/location?post=20110"}],"curies":[{"name":"wp","href":"https:\/\/api.w.org\/{rel}","templated":true}]}}