{"id":20121,"date":"2025-02-02T12:07:29","date_gmt":"2025-02-02T11:07:29","guid":{"rendered":"https:\/\/boskienasiona.pl\/product\/agrowloknina-okryciowa-do-oslony-upraw-biala-uv-110-x-500-cm-19-g-m%c2%b2\/"},"modified":"2026-04-19T14:17:44","modified_gmt":"2026-04-19T12:17:44","slug":"agrowloknina-okryciowa-do-oslony-upraw-biala-uv-110-x-500-cm-19-g-m2","status":"publish","type":"product","link":"https:\/\/boskienasiona.pl\/en\/produkt\/agrowloknina-okryciowa-do-oslony-upraw-biala-uv-110-x-500-cm-19-g-m2\/","title":{"rendered":"Agrow\u0142\u00f3knina okryciowa do os\u0142ony upraw bia\u0142a +UV 110 x 500 cm 19 g\/m\u00b2"},"content":{"rendered":"<section class=\"section\">\n<div class=\"item item-6\">\n<section class=\"image-item\"><img decoding=\"async\" src=\"https:\/\/upload.cdn.baselinker.com\/products\/3018170\/cabecac8fb7f1350357394b81faed741.jpg\" \/><\/section>\n<\/div>\n<div class=\"item item-6\">\n<section class=\"text-item\">\n<h1>Agrow\u0142\u00f3knina os\u0142aniaj\u0105ca bia\u0142a 1,1x5m 19g<\/h1>\n<p>Agrowl\u00f3knina bia\u0142a P19 s\u0142u\u017cy do okrywania i os\u0142aniania posadzonych\/posianych warzyw i kwiat\u00f3w w okresie da nich niekorzystnym (wczesn\u0105 wiosna). Mo\u017cna ja stosowa\u0107 na ro\u015bliny uprawiane w gruncie, jak r\u00f3wnie\u017c w nieogrzewanych tunelach. Dzi\u0119ki swym w\u0142a\u015bciwo\u015bciom Agrow\u00f3knina bia\u0142a P19 \u015awietnie nadaje si\u0119 do os\u0142aniania upraw wczesnej kapusty, sa\u0142aty, og\u00f3rk\u00f3w oraz ro\u015blin dyniowatych, kalarepy, rzodkiewki, kalafiora, marchwi, selera, papryki wczesnej, ziemniak\u00f3w wczesnych, fasoli szparagowej, truskawek. Mo\u017ce by\u0107 tak\u017ce stosowana do os\u0142aniania kwitn\u0105cych drzew owocowych przed wiosennymi przymrozkami. Tworz\u0105c optymalny mikroklimat, zapewnia ro\u015blinom korzystniejsze warunki rozwoju we wczesnych terminach, co w efekcie skutkuje wy\u017cszymi plonami. Przepuszcza wod\u0119 i dzi\u0119ki mikroporom zapewnia wymian\u0119 gazowa. Zapobiega szybkiej utracie wilgotno\u015bci gleby oraz oparzeniom sto\u0142ecznym. Chroni przed skutkami waha\u0144 temperatury i gwa\u0142townych opad\u00f3w deszczu lub gradu. Stwarza barier\u0119 dla ptak\u00f3w.<\/p>\n<\/section>\n<\/div>\n<\/section>\n<section class=\"section\">\n<div class=\"item item-6\">\n<section class=\"image-item\"><img decoding=\"async\" src=\"https:\/\/upload.cdn.baselinker.com\/products\/3018170\/eb3bf036fbde3901fac2d2d77da36b86.jpg\" \/><\/section>\n<\/div>\n<div class=\"item item-6\">\n<section class=\"text-item\"><b>Cechy produktu<\/b><\/p>\n<p><b>\u2705 agrow\u0142\u00f3knina bia\u0142a, wiosenna (19g\/m ),<\/b><\/p>\n<p><b>\u2705 przeznaczona do okrywania i os\u0142aniania posadzonych b\u0105d\u017a posianych ro\u015blin w okresie dla nich szkodliwym,<\/b><\/p>\n<p><b>\u2705 idealna zar\u00f3wno dla ro\u015blin znajduj\u0105cych si\u0119 bezpo\u015brednio w gruncie, jak i w nieogrzewanych tunelach,<\/b><\/p>\n<p><b>\u2705 \u015bwietnie nadaje si\u0119 do os\u0142aniania np. wczesnej kapusty, sa\u0142aty, og\u00f3rk\u00f3w, kalarepy, rzodkiewki, kalafiora, marchwi, selera, papryki wczesnej, ziemniak\u00f3w wczesnych, fasoli szparagowej, truskawek oraz ro\u015blin dyniowych,<\/b><\/p>\n<p><b>\u2705 tworzy optymalny mikroklimat,<\/b><\/p>\n<p><b>\u2705 zapewnia ro\u015blinom lepsze warunki wzrostu we wczesnych terminach, co w efekcie skutkuje wy\u017cszymi plonami,<\/b><\/p>\n<p><b>\u2705przepuszcza wod\u0119,<\/b><\/p>\n<p><b>\u2705 zapewnia odpowiedni\u0105 cyrkulacj\u0119 powietrza,<\/b><\/p>\n<p><b>\u2705 chroni przed utrat\u0105 wilgotno\u015bci,<\/b><\/p>\n<p><b>\u2705 zapobiega oparzeniom s\u0142onecznym,<\/b><\/p>\n<p><b>\u2705 posiada stabilizator UV \u2013 jest ona zabezpieczona przed szkodliwym dzia\u0142aniem promieni UV,<\/b><\/p>\n<p><b>\u2705 inne zastosowania to m.in.: cieniowanie \u015bcian szklarni, os\u0142ona krzew\u00f3w owocowych przed ptakami<\/b><\/p>\n<\/section>\n<\/div>\n<\/section>\n<section class=\"section\">\n<div class=\"item item-6\">\n<section class=\"image-item\"><img decoding=\"async\" src=\"https:\/\/upload.cdn.baselinker.com\/products\/3018170\/ccb61a123ff318268b6677a559f558e5.jpg\" \/><\/section>\n<\/div>\n<div class=\"item item-6\">\n<section class=\"text-item\"><b>Wymiary produktu<\/b><\/p>\n<p>\u2705 wymiary 1,1\u00d75 m,<\/p>\n<p>\u2705gramatura 19g\/m ,<\/p>\n<p>\u2705 barwa bia\u0142a.<\/p>\n<\/section>\n<\/div>\n<\/section>\n<section class=\"section\">\n<div class=\"item item-12\">\n<section class=\"image-item\"><img decoding=\"async\" src=\"https:\/\/upload.cdn.baselinker.com\/products\/3018170\/cabecac8fb7f1350357394b81faed741.jpg\" \/><\/section>\n<\/div>\n<\/section>\n","protected":false},"excerpt":{"rendered":"<p>Agrow\u0142\u00f3knina os\u0142aniaj\u0105ca bia\u0142a 1,1x5m 19g Agrowl\u00f3knina bia\u0142a P19 s\u0142u\u017cy do okrywania i os\u0142aniania posadzonych\/posianych warzyw i kwiat\u00f3w w okresie da nich niekorzystnym (wczesn\u0105 wiosna). Mo\u017cna ja stosowa\u0107 na ro\u015bliny uprawiane w gruncie, jak r\u00f3wnie\u017c w nieogrzewanych tunelach. Dzi\u0119ki swym w\u0142a\u015bciwo\u015bciom Agrow\u00f3knina bia\u0142a P19 \u015awietnie nadaje si\u0119 do os\u0142aniania upraw wczesnej kapusty, sa\u0142aty, og\u00f3rk\u00f3w oraz ro\u015blin&#8230;<\/p>\n","protected":false},"featured_media":20115,"comment_status":"open","ping_status":"closed","template":"","meta":{"inline_featured_image":false},"product_cat":[166],"product_tag":[],"location":[],"class_list":{"0":"post-20121","1":"product","2":"type-product","3":"status-publish","4":"has-post-thumbnail","6":"product_cat-agrowloknina","7":"nt-post-class","8":"","11":"excerpt-none","14":"first","15":"instock","16":"shipping-taxable","17":"purchasable","18":"product-type-simple"},"_links":{"self":[{"href":"https:\/\/boskienasiona.pl\/en\/wp-json\/wp\/v2\/product\/20121","targetHints":{"allow":["GET"]}}],"collection":[{"href":"https:\/\/boskienasiona.pl\/en\/wp-json\/wp\/v2\/product"}],"about":[{"href":"https:\/\/boskienasiona.pl\/en\/wp-json\/wp\/v2\/types\/product"}],"replies":[{"embeddable":true,"href":"https:\/\/boskienasiona.pl\/en\/wp-json\/wp\/v2\/comments?post=20121"}],"version-history":[{"count":3,"href":"https:\/\/boskienasiona.pl\/en\/wp-json\/wp\/v2\/product\/20121\/revisions"}],"predecessor-version":[{"id":22464,"href":"https:\/\/boskienasiona.pl\/en\/wp-json\/wp\/v2\/product\/20121\/revisions\/22464"}],"wp:featuredmedia":[{"embeddable":true,"href":"https:\/\/boskienasiona.pl\/en\/wp-json\/wp\/v2\/media\/20115"}],"wp:attachment":[{"href":"https:\/\/boskienasiona.pl\/en\/wp-json\/wp\/v2\/media?parent=20121"}],"wp:term":[{"taxonomy":"product_cat","embeddable":true,"href":"https:\/\/boskienasiona.pl\/en\/wp-json\/wp\/v2\/product_cat?post=20121"},{"taxonomy":"product_tag","embeddable":true,"href":"https:\/\/boskienasiona.pl\/en\/wp-json\/wp\/v2\/product_tag?post=20121"},{"taxonomy":"location","embeddable":true,"href":"https:\/\/boskienasiona.pl\/en\/wp-json\/wp\/v2\/location?post=20121"}],"curies":[{"name":"wp","href":"https:\/\/api.w.org\/{rel}","templated":true}]}}