{"id":20142,"date":"2025-02-02T12:19:44","date_gmt":"2025-02-02T11:19:44","guid":{"rendered":"https:\/\/boskienasiona.pl\/product\/cebula-dymka-zolta-stuttgarter-ii-0-5-kg-lekko-ostra-bogate-zrodlo-witamin\/"},"modified":"2026-04-19T14:18:36","modified_gmt":"2026-04-19T12:18:36","slug":"cebula-dymka-zolta-stuttgarter-ii-0-5-kg-lekko-ostra-bogate-zrodlo-witamin","status":"publish","type":"product","link":"https:\/\/boskienasiona.pl\/en\/produkt\/cebula-dymka-zolta-stuttgarter-ii-0-5-kg-lekko-ostra-bogate-zrodlo-witamin\/","title":{"rendered":"Nasiona warzyw Fasola Tyczna PI\u0118KNY JA\u015a do uprawy na suche ziarno"},"content":{"rendered":"<section class=\"section\">\n<div class=\"item item-12\">\n<section class=\"text-item\">\n<h1>Nasiona warzyw Fasola Tyczna PI\u0118KNY JA\u015a do uprawy na suche ziarno<\/h1>\n<\/section><\/div>\n<\/section>\n<section class=\"section\">\n<div class=\"item item-6\">\n<section class=\"image-item\"><img decoding=\"async\" src=\"https:\/\/upload.cdn.baselinker.com\/products\/3018170\/ff5d993174b13ac57e9b97cd9d4b567f.jpg\" \/><\/section>\n<\/p><\/div>\n<div class=\"item item-6\">\n<section class=\"text-item\">\n<p>Fasola tyczna na suche nasiona PI\u0118KNY JA\u015a<\/p>\n<p>PHASEOLUS COCCINEUS<\/p>\n<p>Odmiana tyczna o d\u0142ugim okresie zbioru do uprawy na suche ziarno. Okres wegetacji od siewu do zbioru: 120 dni. Str\u0105ki du\u017ce, sp\u0142aszczone, dojrzewaj\u0105 stopniowo. Nasiona barwy bia\u0142ej, bardzo du\u017ce \u2013 masa tysi\u0105ca nasion przekracza 1000 g. Ro\u015bliny dorastaj\u0105 do wysoko\u015bci 3-4 m i wymagaj\u0105 silnych podp\u00f3r. Najlepiej udaje si\u0119 na glebach \u017cyznych, pr\u00f3chnicznych, szybko nagrzewaj\u0105cych si\u0119. Wysiew nasion od pocz\u0105tku V do ko\u0144ca VI na g\u0142\u0119boko\u015b\u0107 6-8cm.<\/p>\n<ul>\n<li><b>Siew:<\/b> V- VI<\/li>\n<li><b>Zbi\u00f3r:<\/b> IX-X<\/li>\n<li><b>Rozstawa:<\/b> 40-50\u00d730 cm<\/li>\n<\/ul>\n<\/section><\/div>\n<\/section>\n<section class=\"section\">\n<div class=\"item item-6\">\n<section class=\"image-item\"><img decoding=\"async\" src=\"https:\/\/upload.cdn.baselinker.com\/products\/3018170\/5c8e04df6bb010e00390f0c38bb3f208.jpg\" \/><\/section>\n<\/p><\/div>\n<div class=\"item item-6\">\n<section class=\"text-item\">\n<p><b>SPRAWDZONA JAKO\u015a\u0106 NASION<\/b><\/p>\n<p>Oferowane przez nas nasiona s\u0105 testowane w\u00a0<b>Laboratorium Oceny Nasion pod wzgl\u0119dem:<\/b><\/p>\n<p>\u2705<b>kie\u0142kowania<\/b><\/p>\n<p>\u2705<b>wilgotno\u015bci<\/b><\/p>\n<p>\u2705<b>czysto\u015bci ziarna<\/b><\/p>\n<p><b>Dzi\u0119ki czemu udost\u0119pniane nasiona s\u0105 \u015bci\u015ble wyselekcjonowane, tylko wysokiej klasy.<\/b><\/p>\n<p>Torebki zakupione na naszej aukcji s\u0105 w pe\u0142ni bezpieczne, posiadaj\u0105\u00a0<b>dat\u0119 wa\u017cno\u015bci i nr partii na opakowaniu.<\/b>\u00a0Gwarantujemy r\u00f3wnie\u017c jako\u015b\u0107 i oryginalno\u015b\u0107 produkt\u00f3w, poniewa\u017c s\u0105 nabywane bezpo\u015brednio od producenta.<\/p>\n<\/section><\/div>\n<\/section>\n<section class=\"section\">\n<div class=\"item item-12\">\n<section class=\"image-item\"><img decoding=\"async\" src=\"https:\/\/upload.cdn.baselinker.com\/products\/3018170\/10413b3e9dd7c4aae19f3ea264bcac8c.jpg\" \/><\/section>\n<\/p><\/div>\n<\/section>\n<section class=\"section\">\n<div class=\"item item-12\">\n<section class=\"image-item\"><img decoding=\"async\" src=\"https:\/\/upload.cdn.baselinker.com\/products\/3018170\/3fecd524c71054c2409ec90c34f1b2b6.jpg\" \/><\/section>\n<\/p><\/div>\n<\/section>\n","protected":false},"excerpt":{"rendered":"<p>Nasiona warzyw Fasola Tyczna PI\u0118KNY JA\u015a do uprawy na suche ziarno Fasola tyczna na suche nasiona PI\u0118KNY JA\u015a PHASEOLUS COCCINEUS Odmiana tyczna o d\u0142ugim okresie zbioru do uprawy na suche ziarno. Okres wegetacji od siewu do zbioru: 120 dni. Str\u0105ki du\u017ce, sp\u0142aszczone, dojrzewaj\u0105 stopniowo. Nasiona barwy bia\u0142ej, bardzo du\u017ce \u2013 masa tysi\u0105ca nasion przekracza 1000&#8230;<\/p>\n","protected":false},"featured_media":21948,"comment_status":"open","ping_status":"closed","template":"","meta":{"inline_featured_image":false},"product_cat":[126,162],"product_tag":[],"location":[],"class_list":{"0":"post-20142","1":"product","2":"type-product","3":"status-publish","4":"has-post-thumbnail","6":"product_cat-nasiona-warzyw","7":"product_cat-nasiona","8":"nt-post-class","9":"","12":"excerpt-none","15":"first","16":"instock","17":"shipping-taxable","18":"purchasable","19":"product-type-simple"},"_links":{"self":[{"href":"https:\/\/boskienasiona.pl\/en\/wp-json\/wp\/v2\/product\/20142","targetHints":{"allow":["GET"]}}],"collection":[{"href":"https:\/\/boskienasiona.pl\/en\/wp-json\/wp\/v2\/product"}],"about":[{"href":"https:\/\/boskienasiona.pl\/en\/wp-json\/wp\/v2\/types\/product"}],"replies":[{"embeddable":true,"href":"https:\/\/boskienasiona.pl\/en\/wp-json\/wp\/v2\/comments?post=20142"}],"version-history":[{"count":1,"href":"https:\/\/boskienasiona.pl\/en\/wp-json\/wp\/v2\/product\/20142\/revisions"}],"predecessor-version":[{"id":21956,"href":"https:\/\/boskienasiona.pl\/en\/wp-json\/wp\/v2\/product\/20142\/revisions\/21956"}],"wp:featuredmedia":[{"embeddable":true,"href":"https:\/\/boskienasiona.pl\/en\/wp-json\/wp\/v2\/media\/21948"}],"wp:attachment":[{"href":"https:\/\/boskienasiona.pl\/en\/wp-json\/wp\/v2\/media?parent=20142"}],"wp:term":[{"taxonomy":"product_cat","embeddable":true,"href":"https:\/\/boskienasiona.pl\/en\/wp-json\/wp\/v2\/product_cat?post=20142"},{"taxonomy":"product_tag","embeddable":true,"href":"https:\/\/boskienasiona.pl\/en\/wp-json\/wp\/v2\/product_tag?post=20142"},{"taxonomy":"location","embeddable":true,"href":"https:\/\/boskienasiona.pl\/en\/wp-json\/wp\/v2\/location?post=20142"}],"curies":[{"name":"wp","href":"https:\/\/api.w.org\/{rel}","templated":true}]}}