{"id":20171,"date":"2025-02-02T12:22:45","date_gmt":"2025-02-02T11:22:45","guid":{"rendered":"https:\/\/boskienasiona.pl\/product\/lopatka-ogrodowa-grabki-motyczka-pazurki-sercowka-solidny-zestaw-narzedzi\/"},"modified":"2025-06-21T11:27:02","modified_gmt":"2025-06-21T09:27:02","slug":"lopatka-ogrodowa-grabki-motyczka-pazurki-sercowka-solidny-zestaw-narzedzi","status":"publish","type":"product","link":"https:\/\/boskienasiona.pl\/en\/produkt\/lopatka-ogrodowa-grabki-motyczka-pazurki-sercowka-solidny-zestaw-narzedzi\/","title":{"rendered":"\u0141opatka Ogrodowa Grabki Motyczka Pazurki Serc\u00f3wka SOLIDNY ZESTAW NARZ\u0118DZI"},"content":{"rendered":"<section class=\"section\">\n<div class=\"item item-12\">\n<section class=\"text-item\">\n<h1>\u0141opatka Ogrodowa Grabki Motyczka Pazurki Serc\u00f3wka SOLIDNY ZESTAW NARZ\u0118DZI<\/h1>\n<\/section><\/div>\n<\/section>\n<section class=\"section\">\n<div class=\"item item-6\">\n<section class=\"image-item\">\n            <img decoding=\"async\" src=\"https:\/\/upload.cdn.baselinker.com\/products\/3018170\/0087cc652ebefa2161bdd71f732f4478.jpg\" \/><br \/>\n        <\/section>\n<\/p><\/div>\n<div class=\"item item-6\">\n<section class=\"text-item\">\n<p><b>Zestaw narz\u0119dzi ogrodowych Verdenia 5 szt<\/b><\/p>\n<p>\u2705Dzi\u0119ki<b> estetycznemu i schludnemu<\/b> wygl\u0105dowi narz\u0119dzi, zestaw doskonale <b>sprawdzi si\u0119 w ka\u017cdym ogrodzie<\/b>, b\u0119d\u0105c r\u00f3wnie\u017c<b> pi\u0119kn\u0105 ozdob\u0105.<\/b><\/p>\n<p>\u2705U\u017cywaj\u0105c narz\u0119dzi z zestawu, <b>oszcz\u0119dzasz czas i energi\u0119<\/b>, co pozwala na <b>efektywniejsz\u0105 prac\u0119 i wi\u0119ksz\u0105 satysfakcj\u0119<\/b> z wykonanej pracy.<\/p>\n<p>\u2705Zestaw narz\u0119dzi ogrodowych to <b>idealny prezent dla mi\u0142o\u015bnika ogrodnictwa<\/b> lub dla osoby, kt\u00f3ra w\u0142a\u015bnie <b>zaczyna swoj\u0105 przygod\u0119 z ogrodem.<\/b><\/p>\n<p>\u2705Wybieraj\u0105c zestaw narz\u0119dzi ogrodowych, <b>inwestujesz w swoje zdrowie,<\/b> poprzez aktywno\u015b\u0107 fizyczn\u0105 na <b>\u015bwie\u017cym powietrzu.<\/b><\/p>\n<\/section><\/div>\n<\/section>\n<section class=\"section\">\n<div class=\"item item-6\">\n<section class=\"image-item\">\n            <img decoding=\"async\" src=\"https:\/\/upload.cdn.baselinker.com\/products\/3018170\/7c38db144d6a0ab4372a5cafe4b1d1eb.jpg\" \/><br \/>\n        <\/section>\n<\/p><\/div>\n<div class=\"item item-6\">\n<section class=\"text-item\">\n<p><b>\u2728Porz\u0105dek w ogrodzie, na jaki zas\u0142ugujesz!\u2728<\/b><\/p>\n<p>\u2747\ufe0fMa\u0142e grabki ogrodnicze to niezb\u0119dne narz\u0119dzie dla ka\u017cdego ogrodnika, zw\u0142aszcza <b>podczas prac na ma\u0142ych powierzchniach<\/b>. Ich niewielki rozmiar pozwala na <b>precyzyjne zbieranie <\/b>li\u015bci, trawy czy ma\u0142ych kamieni, co u\u0142atwia utrzymanie porz\u0105dku w ogrodzie.<\/p>\n<p>Ma\u0142e grabki ogrodnicze s\u0105 tak\u017ce <b>lekkie i \u0142atwe w obs\u0142udze<\/b>, co pozwala na d\u0142ugie i wygodne prace. Dzi\u0119ki specjalnej konstrukcji, grabki s\u0105 trwa\u0142e i <b>odporne na uszkodzenia<\/b>, co czyni je niezwykle wydajnym narz\u0119dziem w <b>d\u0142ugi okres u\u017cytkowania.<\/b><\/p>\n<\/section><\/div>\n<\/section>\n<section class=\"section\">\n<div class=\"item item-6\">\n<section class=\"image-item\">\n            <img decoding=\"async\" src=\"https:\/\/upload.cdn.baselinker.com\/products\/3018170\/434bf4becf577f31d7d4709b989844ac.jpg\" \/><br \/>\n        <\/section>\n<\/p><\/div>\n<div class=\"item item-6\">\n<section class=\"text-item\">\n<p><b>\u2728Pi\u0119kne i zdrowe ro\u015bliny w Twoim ogrodzie! \u2728<\/b><\/p>\n<p>\u2747\ufe0fMotyczka ogrodowa to narz\u0119dzie o szerokim ostrzu, kt\u00f3re sprawdza si\u0119 w pracy<b> na wi\u0119kszych obszarach<\/b>. S\u0142u\u017cy do usuwania chwast\u00f3w, wyr\u00f3wnywania gleby oraz rozlu\u017aniania ziemi przed posianiem nasion. <b>Dzi\u0119ki swojej konstrukcji motyczka ogrodowa jest wygodna i skuteczna w u\u017cytkowaniu.<\/b><\/p>\n<\/section><\/div>\n<\/section>\n<section class=\"section\">\n<div class=\"item item-6\">\n<section class=\"image-item\">\n            <img decoding=\"async\" src=\"https:\/\/upload.cdn.baselinker.com\/products\/3018170\/679d0d138312406e18a6783a8c854a7c.jpg\" \/><br \/>\n        <\/section>\n<\/p><\/div>\n<div class=\"item item-6\">\n<section class=\"text-item\">\n<p><b>\u2728Precyzja i wygoda w zasi\u0119gu r\u0119ki!\u2728<\/b><\/p>\n<p>\u2747\ufe0fMotyczka dwustronna z pazurkami to narz\u0119dzie ogrodowe, kt\u00f3re pozwala na <b>delikatne rozlu\u017anienie gleby bez jej uszkadzania. <\/b>Dzi\u0119ki dw\u00f3m r\u00f3\u017cnym rodzajom ostrzy, narz\u0119dzie jest wszechstronne i dostosowane do r\u00f3\u017cnych prac ogrodowych. Wygodny kszta\u0142t r\u0105czki i lekka konstrukcja sprawiaj\u0105, \u017ce motyczka dwustronna z pazurkami jest <b>idealnym narz\u0119dziem dla ka\u017cdego mi\u0142o\u015bnika ogrod\u00f3w.<\/b><\/p>\n<\/section><\/div>\n<\/section>\n<section class=\"section\">\n<div class=\"item item-6\">\n<section class=\"image-item\">\n            <img decoding=\"async\" src=\"https:\/\/upload.cdn.baselinker.com\/products\/3018170\/6a9bf3c6b6737d364a6bdb3fb468e3a4.jpg\" \/><br \/>\n        <\/section>\n<\/p><\/div>\n<div class=\"item item-6\">\n<section class=\"text-item\">\n<p><b>\u2728\u0141opatka ogrodnicza &#8211; szybka, \u0142atwa i efektywna praca!\u2728<\/b><\/p>\n<p>\u2747\ufe0fSzeroka \u0142opatka ogrodnicza to <b>niezb\u0119dne narz\u0119dzie w ka\u017cdym ogrodzie.<\/b> Dzi\u0119ki swojej szeroko\u015bci pozwala na efektywne zbieranie i przenoszenie wi\u0119kszej ilo\u015bci ziemi, li\u015bci czy kamieni w jednym ruchu. To skuteczne i wygodne rozwi\u0105zanie, kt\u00f3re pozwala na <b>oszcz\u0119dno\u015b\u0107 czasu i wysi\u0142ku<\/b> podczas prac ogrodowych. Ponadto, dzi\u0119ki wytrzyma\u0142ej konstrukcji, szeroka \u0142opatka ogrodnicza jest niezwykle trwa\u0142a i <b>s\u0142u\u017cy przez wiele lat!<\/b><\/p>\n<\/section><\/div>\n<\/section>\n<section class=\"section\">\n<div class=\"item item-6\">\n<section class=\"image-item\">\n            <img decoding=\"async\" src=\"https:\/\/upload.cdn.baselinker.com\/products\/3018170\/63db994bd23ff38b94dc26277deddef2.jpg\" \/><br \/>\n        <\/section>\n<\/p><\/div>\n<div class=\"item item-6\">\n<section class=\"text-item\">\n<p><b>\u2728Korzenie? Chwasty? To ju\u017c nie problem!\u2728<\/b><\/p>\n<p>Pazurki ogrodnicze to narz\u0119dzie, kt\u00f3re pozwala na <b>precyzyjne i delikatne<\/b> prace w ogrodzie. Ich specjalnie zaprojektowane, kr\u00f3tkie i sztywne z\u0119by umo\u017cliwiaj\u0105 \u0142<b>atwe i skuteczne rozlu\u017anienie ziemi bez jej uszkadzania.<\/b> Pazurki ogrodnicze s\u0105 r\u00f3wnie\u017c przydatne przy <b>usuwaniu chwast\u00f3w i korzeni ro\u015blin<\/b>, a tak\u017ce przy przesadzaniu i podcinaniu korzeni.<\/p>\n<\/section><\/div>\n<\/section>\n<section class=\"section\">\n<div class=\"item item-6\">\n<section class=\"image-item\">\n            <img decoding=\"async\" src=\"https:\/\/upload.cdn.baselinker.com\/products\/3018170\/0087cc652ebefa2161bdd71f732f4478.jpg\" \/><br \/>\n        <\/section>\n<\/p><\/div>\n<div class=\"item item-6\">\n<section class=\"text-item\">\n<p><b>Zestaw na medal! \u2b50\ufe0f\u2b50\ufe0f\u2b50\ufe0f\u2b50\ufe0f\u2b50\ufe0f<\/b><\/p>\n<p>Zestaw narz\u0119dzi ogrodniczych Verdenia to <b>niezb\u0119dny element<\/b> wyposa\u017cenia dla ka\u017cdego, kto ceni sobie <b>porz\u0105dek i estetyk\u0119 swojego ogrodu<\/b>. Dzi\u0119ki r\u00f3\u017cnorodno\u015bci narz\u0119dzi, zestaw pozwala na <b>skuteczne i precyzyjne prace<\/b>, niezale\u017cnie od charakteru prac ogrodowych. To idealna propozycja dla mi\u0142o\u015bnik\u00f3w ogrod\u00f3w, kt\u00f3rzy chc\u0105 mie\u0107 pewno\u015b\u0107, \u017ce ich narz\u0119dzia s\u0105 <b>profesjonalne, funkcjonalne i wykonane z trwa\u0142ych materia\u0142\u00f3w!<\/b><\/p>\n<\/section><\/div>\n<\/section>\n<section class=\"section\">\n<div class=\"item item-6\">\n<section class=\"image-item\">\n            <img decoding=\"async\" src=\"https:\/\/upload.cdn.baselinker.com\/products\/3018170\/5be089e4ff726f7f342fe3cd307a67bc.jpg\" \/><br \/>\n        <\/section>\n<\/p><\/div>\n<div class=\"item item-6\">\n<section class=\"image-item\">\n            <img decoding=\"async\" src=\"https:\/\/upload.cdn.baselinker.com\/products\/3018170\/cf712fa0df6f84c96b129260617e8368.jpg\" \/><br \/>\n        <\/section>\n<\/p><\/div>\n<\/section>\n<section class=\"section\">\n<div class=\"item item-6\">\n<section class=\"image-item\">\n            <img decoding=\"async\" src=\"https:\/\/upload.cdn.baselinker.com\/products\/3018170\/089cef72f95881e6d0d139e090595bc6.jpg\" \/><br \/>\n        <\/section>\n<\/p><\/div>\n<div class=\"item item-6\">\n<section class=\"image-item\">\n            <img decoding=\"async\" src=\"https:\/\/upload.cdn.baselinker.com\/products\/3018170\/7c61bb222833fc439f00993ba9415c3e.jpg\" \/><br \/>\n        <\/section>\n<\/p><\/div>\n<\/section>\n","protected":false},"excerpt":{"rendered":"<p>\u0141opatka Ogrodowa Grabki Motyczka Pazurki Serc\u00f3wka SOLIDNY ZESTAW NARZ\u0118DZI Zestaw narz\u0119dzi ogrodowych Verdenia 5 szt \u2705Dzi\u0119ki estetycznemu i schludnemu wygl\u0105dowi narz\u0119dzi, zestaw doskonale sprawdzi si\u0119 w ka\u017cdym ogrodzie, b\u0119d\u0105c r\u00f3wnie\u017c pi\u0119kn\u0105 ozdob\u0105. \u2705U\u017cywaj\u0105c narz\u0119dzi z zestawu, oszcz\u0119dzasz czas i energi\u0119, co pozwala na efektywniejsz\u0105 prac\u0119 i wi\u0119ksz\u0105 satysfakcj\u0119 z wykonanej pracy. \u2705Zestaw narz\u0119dzi ogrodowych to&#8230;<\/p>\n","protected":false},"featured_media":20143,"comment_status":"open","ping_status":"closed","template":"","meta":{"inline_featured_image":false},"product_cat":[142,178],"product_tag":[],"location":[],"class_list":{"0":"post-20171","1":"product","2":"type-product","3":"status-publish","4":"has-post-thumbnail","6":"product_cat-zestawy-narzedzi-ogrodowych","7":"product_cat-narzedzia-ogrodowe","8":"nt-post-class","9":"","12":"excerpt-none","15":"first","16":"instock","17":"shipping-taxable","18":"purchasable","19":"product-type-simple"},"_links":{"self":[{"href":"https:\/\/boskienasiona.pl\/en\/wp-json\/wp\/v2\/product\/20171","targetHints":{"allow":["GET"]}}],"collection":[{"href":"https:\/\/boskienasiona.pl\/en\/wp-json\/wp\/v2\/product"}],"about":[{"href":"https:\/\/boskienasiona.pl\/en\/wp-json\/wp\/v2\/types\/product"}],"replies":[{"embeddable":true,"href":"https:\/\/boskienasiona.pl\/en\/wp-json\/wp\/v2\/comments?post=20171"}],"version-history":[{"count":1,"href":"https:\/\/boskienasiona.pl\/en\/wp-json\/wp\/v2\/product\/20171\/revisions"}],"predecessor-version":[{"id":22404,"href":"https:\/\/boskienasiona.pl\/en\/wp-json\/wp\/v2\/product\/20171\/revisions\/22404"}],"wp:featuredmedia":[{"embeddable":true,"href":"https:\/\/boskienasiona.pl\/en\/wp-json\/wp\/v2\/media\/20143"}],"wp:attachment":[{"href":"https:\/\/boskienasiona.pl\/en\/wp-json\/wp\/v2\/media?parent=20171"}],"wp:term":[{"taxonomy":"product_cat","embeddable":true,"href":"https:\/\/boskienasiona.pl\/en\/wp-json\/wp\/v2\/product_cat?post=20171"},{"taxonomy":"product_tag","embeddable":true,"href":"https:\/\/boskienasiona.pl\/en\/wp-json\/wp\/v2\/product_tag?post=20171"},{"taxonomy":"location","embeddable":true,"href":"https:\/\/boskienasiona.pl\/en\/wp-json\/wp\/v2\/location?post=20171"}],"curies":[{"name":"wp","href":"https:\/\/api.w.org\/{rel}","templated":true}]}}