{"id":20178,"date":"2025-02-02T12:27:16","date_gmt":"2025-02-02T11:27:16","guid":{"rendered":"https:\/\/boskienasiona.pl\/product\/nasiona-kwiatow-nagietek-lekarski-indian-prince-jadalne-kwiaty\/"},"modified":"2026-03-25T22:19:49","modified_gmt":"2026-03-25T21:19:49","slug":"nasiona-kwiatow-nagietek-lekarski-indian-prince-jadalne-kwiaty","status":"publish","type":"product","link":"https:\/\/boskienasiona.pl\/en\/produkt\/nasiona-kwiatow-nagietek-lekarski-indian-prince-jadalne-kwiaty\/","title":{"rendered":"NASIONA KWIAT\u00d3W NAGIETEK LEKARSKI INDIAN PRINCE JADALNE KWIATY"},"content":{"rendered":"<section class=\"section\">\n<div class=\"item item-12\">\n<section class=\"text-item\">\n<h1>NASIONA KWIAT\u00d3W NAGIETEK LEKARSKI INDIAN PRINCE JADALNE KWIATY<\/h1>\n<\/section><\/div>\n<\/section>\n<section class=\"section\">\n<div class=\"item item-6\">\n<section class=\"image-item\">\n            <img decoding=\"async\" src=\"https:\/\/upload.cdn.baselinker.com\/products\/3018170\/68cfbd9db56d6db80f1c6ed8cf239506.png\" \/><br \/>\n        <\/section>\n<\/p><\/div>\n<div class=\"item item-6\">\n<section class=\"text-item\">\n<p><b>Nagietek lekarski INDIAN PRINCE<\/b><\/p>\n<p>CALENDULA OFFICINALIS<\/p>\n<p>Pi\u0119kna odmiana nagietka (wys. 60 cm), z licznymi kwiatami w ciemno pomara\u0144czowym kolorze z czerwonymi \u015brodkami o przyjemnym, uspakajaj\u0105cym zapachu. Kwitnie od wczesnego lata do p\u00f3\u017anej jesieni. Doskona\u0142a odmiana do obsadzania rabat, obw\u00f3dek<\/p>\n<p>i pojemnik\u00f3w. P\u0142atki dodane do potrawy barwi\u0105 j\u0105 na \u017c\u00f3\u0142to, nadaj\u0105c lekko pikantnego posmaku. Wymaga\u00a0 stanowiska\u00a0 s\u0142onecznego, o piaszczysto-gliniastym pod\u0142o\u017cu. Wysiew pod os\u0142ony III-IV lub do gruntu IV-V.<\/p>\n<ul>\n<li><b>Siew:<\/b> III-V<\/li>\n<li><b>Kwitnienie:<\/b> VI-X<\/li>\n<li><b>Wysoko\u015b\u0107:<\/b> 60 cm<\/li>\n<li><b>Rozstawa:<\/b> 25\u00d725 cm<\/li>\n<\/ul>\n<\/section><\/div>\n<\/section>\n<section class=\"section\">\n<div class=\"item item-6\">\n<section class=\"image-item\">\n            <img decoding=\"async\" src=\"https:\/\/upload.cdn.baselinker.com\/products\/3018170\/7b6af7b1e67db43948c1996598ac3043.png\" \/><br \/>\n        <\/section>\n<\/p><\/div>\n<div class=\"item item-6\">\n<section class=\"text-item\">\n<p><b>SPRAWDZONA JAKO\u015a\u0106 NASION<\/b><\/p>\n<p>Oferowane przez nas nasiona s\u0105 testowane w <b>Laboratorium Oceny Nasion pod wzgl\u0119dem:<\/b><\/p>\n<p>\u2705<b>kie\u0142kowania<\/b><\/p>\n<p>\u2705<b>wilgotno\u015bci<\/b><\/p>\n<p>\u2705<b>czysto\u015bci ziarna<\/b><\/p>\n<p><b>Dzi\u0119ki czemu udost\u0119pniane nasiona s\u0105 \u015bci\u015ble wyselekcjonowane, tylko wysokiej klasy.<\/b><\/p>\n<p>Torebki zakupione na naszej aukcji s\u0105 w pe\u0142ni bezpieczne, posiadaj\u0105 <b>dat\u0119 wa\u017cno\u015bci i nr partii na opakowaniu.<\/b> Gwarantujemy r\u00f3wnie\u017c jako\u015b\u0107 i oryginalno\u015b\u0107 produkt\u00f3w, poniewa\u017c s\u0105 nabywane bezpo\u015brednio od producenta.<\/p>\n<\/section><\/div>\n<\/section>\n<section class=\"section\">\n<div class=\"item item-12\">\n<section class=\"image-item\">\n            <img decoding=\"async\" src=\"https:\/\/upload.cdn.baselinker.com\/products\/3018170\/8f1e45e4f785b5d4c7142436da82aa65.png\" \/><br \/>\n        <\/section>\n<\/p><\/div>\n<\/section>\n","protected":false},"excerpt":{"rendered":"<p>NASIONA KWIAT\u00d3W NAGIETEK LEKARSKI INDIAN PRINCE JADALNE KWIATY Nagietek lekarski INDIAN PRINCE CALENDULA OFFICINALIS Pi\u0119kna odmiana nagietka (wys. 60 cm), z licznymi kwiatami w ciemno pomara\u0144czowym kolorze z czerwonymi \u015brodkami o przyjemnym, uspakajaj\u0105cym zapachu. Kwitnie od wczesnego lata do p\u00f3\u017anej jesieni. Doskona\u0142a odmiana do obsadzania rabat, obw\u00f3dek i pojemnik\u00f3w. P\u0142atki dodane do potrawy barwi\u0105 j\u0105&#8230;<\/p>\n","protected":false},"featured_media":20172,"comment_status":"open","ping_status":"closed","template":"","meta":{"inline_featured_image":false},"product_cat":[134,162,183,182],"product_tag":[],"location":[],"class_list":{"0":"post-20178","1":"product","2":"type-product","3":"status-publish","4":"has-post-thumbnail","6":"product_cat-nasiona-kwiatow","7":"product_cat-nasiona","8":"product_cat-nasiona-kwiatow-ogrodowych","9":"product_cat-nasiona-kwiaty-doniczkowe","10":"nt-post-class","11":"","14":"excerpt-none","17":"first","18":"instock","19":"shipping-taxable","20":"purchasable","21":"product-type-simple"},"_links":{"self":[{"href":"https:\/\/boskienasiona.pl\/en\/wp-json\/wp\/v2\/product\/20178","targetHints":{"allow":["GET"]}}],"collection":[{"href":"https:\/\/boskienasiona.pl\/en\/wp-json\/wp\/v2\/product"}],"about":[{"href":"https:\/\/boskienasiona.pl\/en\/wp-json\/wp\/v2\/types\/product"}],"replies":[{"embeddable":true,"href":"https:\/\/boskienasiona.pl\/en\/wp-json\/wp\/v2\/comments?post=20178"}],"version-history":[{"count":1,"href":"https:\/\/boskienasiona.pl\/en\/wp-json\/wp\/v2\/product\/20178\/revisions"}],"predecessor-version":[{"id":22532,"href":"https:\/\/boskienasiona.pl\/en\/wp-json\/wp\/v2\/product\/20178\/revisions\/22532"}],"wp:featuredmedia":[{"embeddable":true,"href":"https:\/\/boskienasiona.pl\/en\/wp-json\/wp\/v2\/media\/20172"}],"wp:attachment":[{"href":"https:\/\/boskienasiona.pl\/en\/wp-json\/wp\/v2\/media?parent=20178"}],"wp:term":[{"taxonomy":"product_cat","embeddable":true,"href":"https:\/\/boskienasiona.pl\/en\/wp-json\/wp\/v2\/product_cat?post=20178"},{"taxonomy":"product_tag","embeddable":true,"href":"https:\/\/boskienasiona.pl\/en\/wp-json\/wp\/v2\/product_tag?post=20178"},{"taxonomy":"location","embeddable":true,"href":"https:\/\/boskienasiona.pl\/en\/wp-json\/wp\/v2\/location?post=20178"}],"curies":[{"name":"wp","href":"https:\/\/api.w.org\/{rel}","templated":true}]}}