{"id":20183,"date":"2025-02-02T12:27:34","date_gmt":"2025-02-02T11:27:34","guid":{"rendered":"https:\/\/boskienasiona.pl\/product\/nasiona-kwiatow-mak-letni-pelny-mix-piekne-kwiaty\/"},"modified":"2026-04-18T22:17:52","modified_gmt":"2026-04-18T20:17:52","slug":"nasiona-kwiatow-mak-letni-pelny-mix-piekne-kwiaty","status":"publish","type":"product","link":"https:\/\/boskienasiona.pl\/en\/produkt\/nasiona-kwiatow-mak-letni-pelny-mix-piekne-kwiaty\/","title":{"rendered":"Nasiona kwiat\u00f3w MAK LETNI PE\u0141NY MIX Pi\u0119kne kwiaty"},"content":{"rendered":"<section class=\"section\">\n<div class=\"item item-12\">\n<section class=\"text-item\">\n<h1>Nasiona kwiat\u00f3w MAK LETNI PE\u0141NY MIX Pi\u0119kne kwiaty<\/h1>\n<\/section><\/div>\n<\/section>\n<section class=\"section\">\n<div class=\"item item-6\">\n<section class=\"image-item\">\n            <img decoding=\"async\" src=\"https:\/\/upload.cdn.baselinker.com\/products\/3018170\/4376a5c84a032ce1de2db978db4848bf.png\" \/><br \/>\n        <\/section>\n<\/p><\/div>\n<div class=\"item item-6\">\n<section class=\"text-item\">\n<p><b>MAK LETNI PE\u0141NY MIX Nasiona<\/b><\/p>\n<p><b>Mak letni pe\u0142ny MIX<\/b><\/p>\n<p>Papaver fl.pl.<\/p>\n<p>Ro\u015blina jednoroczna o\u00a0r\u00f3\u017cnobarwnych, du\u017cych,\u00a0<b>pe\u0142nych kwiatach typu<\/b> <b>peoniowego<\/b>, \u015brednicy 11-13cm. Wysiew nasion IV-V do gruntu. Kwitnie od VI do VIII. Ro\u015blina ma\u0142o wymagaj\u0105ca. Doskona\u0142a na wy\u017csze rabaty, kwiat ci\u0119ty i do ogrod\u00f3w naturalistycznych.\u00a0<b>Opakowanie zawiera 0,5g nasion.<\/b><\/p>\n<ul>\n<li><b>Siew:<\/b> IV-V<\/li>\n<li><b>Rozstawa:<\/b> 30&#215;30 cm<\/li>\n<li><b>Wysoko\u015b\u0107:<\/b> 70-100 cm<\/li>\n<li><b>Kwitnienie:<\/b> VI-VIII<\/li>\n<\/ul>\n<p><b>Mak pi\u0119knie o\u017cywi ka\u017cdy ogr\u00f3dek swoimi pi\u0119knymi, kolorowymi kwiatami.<\/b><\/p>\n<\/section><\/div>\n<\/section>\n<section class=\"section\">\n<div class=\"item item-6\">\n<section class=\"image-item\">\n<\/section><\/div>\n<div class=\"item item-6\">\n<section class=\"text-item\">\n<p><b>SPRAWDZONA JAKO\u015a\u0106 NASION<\/b><\/p>\n<p>Oferowane przez nas nasiona s\u0105 testowane w <b>Laboratorium Oceny Nasion pod wzgl\u0119dem:<\/b><\/p>\n<p>\u2705<b>kie\u0142kowania<\/b><\/p>\n<p>\u2705<b>wilgotno\u015bci<\/b><\/p>\n<p>\u2705<b>czysto\u015bci ziarna<\/b><\/p>\n<p><b>Dzi\u0119ki czemu udost\u0119pniane nasiona s\u0105 \u015bci\u015ble wyselekcjonowane, tylko wysokiej klasy.<\/b><\/p>\n<p>Torebki zakupione na naszej aukcji s\u0105 w pe\u0142ni bezpieczne, posiadaj\u0105 <b>dat\u0119 wa\u017cno\u015bci i nr partii na opakowaniu.<\/b> Gwarantujemy r\u00f3wnie\u017c jako\u015b\u0107 i oryginalno\u015b\u0107 produkt\u00f3w, poniewa\u017c s\u0105 nabywane bezpo\u015brednio od producenta.<\/p>\n<\/section><\/div>\n<\/section>\n","protected":false},"excerpt":{"rendered":"<p>Nasiona kwiat\u00f3w MAK LETNI PE\u0141NY MIX Pi\u0119kne kwiaty MAK LETNI PE\u0141NY MIX Nasiona Mak letni pe\u0142ny MIX Papaver fl.pl. Ro\u015blina jednoroczna o\u00a0r\u00f3\u017cnobarwnych, du\u017cych,\u00a0pe\u0142nych kwiatach typu peoniowego, \u015brednicy 11-13cm. Wysiew nasion IV-V do gruntu. Kwitnie od VI do VIII. Ro\u015blina ma\u0142o wymagaj\u0105ca. Doskona\u0142a na wy\u017csze rabaty, kwiat ci\u0119ty i do ogrod\u00f3w naturalistycznych.\u00a0Opakowanie zawiera 0,5g nasion. Siew:&#8230;<\/p>\n","protected":false},"featured_media":20179,"comment_status":"open","ping_status":"closed","template":"","meta":{"inline_featured_image":false},"product_cat":[134,162],"product_tag":[],"location":[],"class_list":{"0":"post-20183","1":"product","2":"type-product","3":"status-publish","4":"has-post-thumbnail","6":"product_cat-nasiona-kwiatow","7":"product_cat-nasiona","8":"nt-post-class","9":"","12":"excerpt-none","15":"first","16":"instock","17":"shipping-taxable","18":"purchasable","19":"product-type-simple"},"_links":{"self":[{"href":"https:\/\/boskienasiona.pl\/en\/wp-json\/wp\/v2\/product\/20183","targetHints":{"allow":["GET"]}}],"collection":[{"href":"https:\/\/boskienasiona.pl\/en\/wp-json\/wp\/v2\/product"}],"about":[{"href":"https:\/\/boskienasiona.pl\/en\/wp-json\/wp\/v2\/types\/product"}],"replies":[{"embeddable":true,"href":"https:\/\/boskienasiona.pl\/en\/wp-json\/wp\/v2\/comments?post=20183"}],"version-history":[{"count":0,"href":"https:\/\/boskienasiona.pl\/en\/wp-json\/wp\/v2\/product\/20183\/revisions"}],"wp:featuredmedia":[{"embeddable":true,"href":"https:\/\/boskienasiona.pl\/en\/wp-json\/wp\/v2\/media\/20179"}],"wp:attachment":[{"href":"https:\/\/boskienasiona.pl\/en\/wp-json\/wp\/v2\/media?parent=20183"}],"wp:term":[{"taxonomy":"product_cat","embeddable":true,"href":"https:\/\/boskienasiona.pl\/en\/wp-json\/wp\/v2\/product_cat?post=20183"},{"taxonomy":"product_tag","embeddable":true,"href":"https:\/\/boskienasiona.pl\/en\/wp-json\/wp\/v2\/product_tag?post=20183"},{"taxonomy":"location","embeddable":true,"href":"https:\/\/boskienasiona.pl\/en\/wp-json\/wp\/v2\/location?post=20183"}],"curies":[{"name":"wp","href":"https:\/\/api.w.org\/{rel}","templated":true}]}}