{"id":20188,"date":"2025-02-02T12:27:51","date_gmt":"2025-02-02T11:27:51","guid":{"rendered":"https:\/\/boskienasiona.pl\/product\/nasiona-kwiatow-cynia-daliowa-limonkowa-na-rabaty-obwodki-i-kwiat-ciety\/"},"modified":"2026-04-15T14:22:12","modified_gmt":"2026-04-15T12:22:12","slug":"nasiona-kwiatow-cynia-daliowa-limonkowa-na-rabaty-obwodki-i-kwiat-ciety","status":"publish","type":"product","link":"https:\/\/boskienasiona.pl\/en\/produkt\/nasiona-kwiatow-cynia-daliowa-limonkowa-na-rabaty-obwodki-i-kwiat-ciety\/","title":{"rendered":"Nasiona kwiat\u00f3w Cynia DALIOWA  limonkowa na rabaty obw\u00f3dki i kwiat ci\u0119ty"},"content":{"rendered":"<section class=\"section\">\n<div class=\"item item-12\">\n<section class=\"text-item\">\n<h1>Nasiona kwiat\u00f3w Cynia DALIOWA \u00a0limonkowa na rabaty obw\u00f3dki i kwiat ci\u0119ty<\/h1>\n<\/section><\/div>\n<\/section>\n<section class=\"section\">\n<div class=\"item item-6\">\n<section class=\"image-item\">\n            <img decoding=\"async\" src=\"https:\/\/upload.cdn.baselinker.com\/products\/3018170\/8891429a915d80ab75cba60e137c9503.png\" \/><br \/>\n        <\/section>\n<\/p><\/div>\n<div class=\"item item-6\">\n<section class=\"text-item\">\n<p><b>Cynia daliowa Envy<\/b><\/p>\n<p><b>Ziania elegans dahl.fl.pl.<\/b><\/p>\n<p>Ro\u015blina jednoroczna, wysoko\u015bci oko\u0142o 60cm\u00a0 o\u00a0pe\u0142nych oryginalnych kwiatach w\u00a0kolorze zielonkawo-limonkowym. Ro\u015bliny o\u00a0nietypowym kolorze kwiat\u00f3w \u015bwietnie kontrastuj\u0105 z\u00a0innymi kwiatami na\u00a0wy\u017cszych rabatach, obw\u00f3dkach i\u00a0w\u00a0grupach ogrodowych,\u00a0 nadaj\u0105\u00a0si\u0119 tak\u017ce na\u00a0kwiat ci\u0119ty. Kwitnie od\u00a0lipca do\u00a0p\u00f3\u017anej jesieni. Wysiew nasion w\u00a0III-IV pod\u00a0os\u0142ony, lub\u00a0w\u00a0V wprost do\u00a0gruntu. Wymaga gleby ciep\u0142ej, dostatecznie wilgotnej, i\u00a0s\u0142onecznego\u00a0 stanowiska.<\/p>\n<ul>\n<li><b>Wysoko\u015b\u0107:<\/b>\u00a060 cm<\/li>\n<li><b>Siew:<\/b>\u00a0III-V<\/li>\n<li><b>Kwitnienie:<\/b>\u00a0VII-X<\/li>\n<li><b>Rozstawa:<\/b>\u00a030-40 cm<\/li>\n<\/ul>\n<\/section><\/div>\n<\/section>\n<section class=\"section\">\n<div class=\"item item-6\">\n<section class=\"image-item\">\n<\/section><\/div>\n<div class=\"item item-6\">\n<section class=\"image-item\">\n<\/section><\/div>\n<\/section>\n<section class=\"section\">\n<div class=\"item item-6\">\n<section class=\"image-item\">\n<\/section><\/div>\n<div class=\"item item-6\">\n<section class=\"text-item\">\n<p><b>SPRAWDZONA JAKO\u015a\u0106 NASION<\/b><\/p>\n<p>Oferowane przez nas nasiona s\u0105 testowane w\u00a0<b>Laboratorium Oceny Nasion pod wzgl\u0119dem:<\/b><\/p>\n<p>\u2705<b>kie\u0142kowania<\/b><\/p>\n<p>\u2705<b>wilgotno\u015bci<\/b><\/p>\n<p>\u2705<b>czysto\u015bci ziarna<\/b><\/p>\n<p><b>Dzi\u0119ki czemu udost\u0119pniane nasiona s\u0105 \u015bci\u015ble wyselekcjonowane, tylko wysokiej klasy.<\/b><\/p>\n<p>Torebki zakupione na naszej aukcji s\u0105 w pe\u0142ni bezpieczne, posiadaj\u0105\u00a0<b>dat\u0119 wa\u017cno\u015bci i nr partii na opakowaniu.<\/b>\u00a0Gwarantujemy r\u00f3wnie\u017c jako\u015b\u0107 i oryginalno\u015b\u0107 produkt\u00f3w, poniewa\u017c s\u0105 nabywane bezpo\u015brednio od producenta.<\/p>\n<\/section><\/div>\n<\/section>\n","protected":false},"excerpt":{"rendered":"<p>Nasiona kwiat\u00f3w Cynia DALIOWA \u00a0limonkowa na rabaty obw\u00f3dki i kwiat ci\u0119ty Cynia daliowa Envy Ziania elegans dahl.fl.pl. Ro\u015blina jednoroczna, wysoko\u015bci oko\u0142o 60cm\u00a0 o\u00a0pe\u0142nych oryginalnych kwiatach w\u00a0kolorze zielonkawo-limonkowym. Ro\u015bliny o\u00a0nietypowym kolorze kwiat\u00f3w \u015bwietnie kontrastuj\u0105 z\u00a0innymi kwiatami na\u00a0wy\u017cszych rabatach, obw\u00f3dkach i\u00a0w\u00a0grupach ogrodowych,\u00a0 nadaj\u0105\u00a0si\u0119 tak\u017ce na\u00a0kwiat ci\u0119ty. Kwitnie od\u00a0lipca do\u00a0p\u00f3\u017anej jesieni. Wysiew nasion w\u00a0III-IV pod\u00a0os\u0142ony, lub\u00a0w\u00a0V wprost do\u00a0gruntu&#8230;.<\/p>\n","protected":false},"featured_media":20184,"comment_status":"open","ping_status":"closed","template":"","meta":{"inline_featured_image":false},"product_cat":[134,180,162,183,182],"product_tag":[],"location":[],"class_list":{"0":"post-20188","1":"product","2":"type-product","3":"status-publish","4":"has-post-thumbnail","6":"product_cat-nasiona-kwiatow","7":"product_cat-cynie-nasiona","8":"product_cat-nasiona","9":"product_cat-nasiona-kwiatow-ogrodowych","10":"product_cat-nasiona-kwiaty-doniczkowe","11":"nt-post-class","12":"","15":"excerpt-none","18":"first","19":"instock","20":"shipping-taxable","21":"purchasable","22":"product-type-simple"},"_links":{"self":[{"href":"https:\/\/boskienasiona.pl\/en\/wp-json\/wp\/v2\/product\/20188","targetHints":{"allow":["GET"]}}],"collection":[{"href":"https:\/\/boskienasiona.pl\/en\/wp-json\/wp\/v2\/product"}],"about":[{"href":"https:\/\/boskienasiona.pl\/en\/wp-json\/wp\/v2\/types\/product"}],"replies":[{"embeddable":true,"href":"https:\/\/boskienasiona.pl\/en\/wp-json\/wp\/v2\/comments?post=20188"}],"version-history":[{"count":1,"href":"https:\/\/boskienasiona.pl\/en\/wp-json\/wp\/v2\/product\/20188\/revisions"}],"predecessor-version":[{"id":22454,"href":"https:\/\/boskienasiona.pl\/en\/wp-json\/wp\/v2\/product\/20188\/revisions\/22454"}],"wp:featuredmedia":[{"embeddable":true,"href":"https:\/\/boskienasiona.pl\/en\/wp-json\/wp\/v2\/media\/20184"}],"wp:attachment":[{"href":"https:\/\/boskienasiona.pl\/en\/wp-json\/wp\/v2\/media?parent=20188"}],"wp:term":[{"taxonomy":"product_cat","embeddable":true,"href":"https:\/\/boskienasiona.pl\/en\/wp-json\/wp\/v2\/product_cat?post=20188"},{"taxonomy":"product_tag","embeddable":true,"href":"https:\/\/boskienasiona.pl\/en\/wp-json\/wp\/v2\/product_tag?post=20188"},{"taxonomy":"location","embeddable":true,"href":"https:\/\/boskienasiona.pl\/en\/wp-json\/wp\/v2\/location?post=20188"}],"curies":[{"name":"wp","href":"https:\/\/api.w.org\/{rel}","templated":true}]}}