{"id":20197,"date":"2025-02-02T12:28:12","date_gmt":"2025-02-02T11:28:12","guid":{"rendered":"https:\/\/boskienasiona.pl\/product\/nasiona-kwiatow-bratek-wielkokwiatowy-mix-na-rabaty-i-kwietniki-dywanowe\/"},"modified":"2026-04-18T22:17:53","modified_gmt":"2026-04-18T20:17:53","slug":"nasiona-kwiatow-bratek-wielkokwiatowy-mix-na-rabaty-i-kwietniki-dywanowe","status":"publish","type":"product","link":"https:\/\/boskienasiona.pl\/en\/produkt\/nasiona-kwiatow-bratek-wielkokwiatowy-mix-na-rabaty-i-kwietniki-dywanowe\/","title":{"rendered":"Nasiona kwiat\u00f3w Bratek Wielkokwiatowy MIX Na Rabaty i Kwietniki Dywanowe"},"content":{"rendered":"<section class=\"section\">\n<div class=\"item item-12\">\n<section class=\"text-item\">\n<h1>Nasiona kwiat\u00f3w Bratek Wielkokwiatowy MIX Na Rabaty i Kwietniki Dywanowe<\/h1>\n<\/section><\/div>\n<\/section>\n<section class=\"section\">\n<div class=\"item item-6\">\n<section class=\"image-item\">\n            <img decoding=\"async\" src=\"https:\/\/upload.cdn.baselinker.com\/products\/3018170\/f9a2685eac3a8f0f0dfa8fb9b221d680.png\" \/><br \/>\n        <\/section>\n<\/p><\/div>\n<div class=\"item item-6\">\n<section class=\"text-item\">\n<p><b>Bratek\u00a0wielkokwiatowy mieszanka<\/b><\/p>\n<p>Viola wittrockiana fl.pl.<\/p>\n<p>Ro\u015blina dwuletnia. Mieszanka kolor\u00f3w. Ro\u015blina niska do\u00a025cm, kwiaty du\u017ce, okaza\u0142e. Wysiew nasion w\u00a0maju-lipcu na\u00a0rozsadniku. Sadzenie w\u00a0lipcu-pa\u017adzierniku w\u00a0rozstawie 20x30cm. Kwitnie w\u00a0IV-X nast\u0119pnego roku. Doskona\u0142y na\u00a0rabaty, kwietniki dywanowe, obw\u00f3dki i\u00a0do\u00a0pojemnik\u00f3w.<\/p>\n<p><b>\u2705Wysoko\u015b\u0107:<\/b> 15-25 cm<\/p>\n<p><b>\u2705Siew:<\/b> V-VII<\/p>\n<p><b>\u2705Kwitnienie:<\/b> IV-X<\/p>\n<p><b>\u2705Rozstawa:<\/b> 20-30 cm<\/p>\n<\/section><\/div>\n<\/section>\n<section class=\"section\">\n<div class=\"item item-6\">\n<section class=\"image-item\">\n            <img decoding=\"async\" src=\"https:\/\/upload.cdn.baselinker.com\/products\/3018170\/137d2806aa0bf94e64dbb33c31861f2a.png\" \/><br \/>\n        <\/section>\n<\/p><\/div>\n<div class=\"item item-6\">\n<section class=\"text-item\">\n<p><b>SPRAWDZONA JAKO\u015a\u0106 NASION<\/b><\/p>\n<p>Oferowane przez nas nasiona s\u0105 testowane w <b>Laboratorium Oceny Nasion pod wzgl\u0119dem:<\/b><\/p>\n<p>\u2705<b>kie\u0142kowania<\/b><\/p>\n<p>\u2705<b>wilgotno\u015bci<\/b><\/p>\n<p>\u2705<b>czysto\u015bci ziarna<\/b><\/p>\n<p><b>Dzi\u0119ki czemu udost\u0119pniane nasiona s\u0105 \u015bci\u015ble wyselekcjonowane, tylko wysokiej klasy.<\/b><\/p>\n<p>Torebki zakupione na naszej aukcji s\u0105 w pe\u0142ni bezpieczne, posiadaj\u0105 <b>dat\u0119 wa\u017cno\u015bci i nr partii na opakowaniu.<\/b> Gwarantujemy r\u00f3wnie\u017c jako\u015b\u0107 i oryginalno\u015b\u0107 produkt\u00f3w, poniewa\u017c s\u0105 nabywane bezpo\u015brednio od producenta.<\/p>\n<\/section><\/div>\n<\/section>\n<section class=\"section\">\n<div class=\"item item-12\">\n<section class=\"image-item\">\n            <img decoding=\"async\" src=\"https:\/\/upload.cdn.baselinker.com\/products\/3018170\/7393b31fc1eef915a1e0c8f40f3b32dc.jpg\" \/><br \/>\n        <\/section>\n<\/p><\/div>\n<\/section>\n","protected":false},"excerpt":{"rendered":"<p>Nasiona kwiat\u00f3w Bratek Wielkokwiatowy MIX Na Rabaty i Kwietniki Dywanowe Bratek\u00a0wielkokwiatowy mieszanka Viola wittrockiana fl.pl. Ro\u015blina dwuletnia. Mieszanka kolor\u00f3w. Ro\u015blina niska do\u00a025cm, kwiaty du\u017ce, okaza\u0142e. Wysiew nasion w\u00a0maju-lipcu na\u00a0rozsadniku. Sadzenie w\u00a0lipcu-pa\u017adzierniku w\u00a0rozstawie 20x30cm. Kwitnie w\u00a0IV-X nast\u0119pnego roku. Doskona\u0142y na\u00a0rabaty, kwietniki dywanowe, obw\u00f3dki i\u00a0do\u00a0pojemnik\u00f3w. \u2705Wysoko\u015b\u0107: 15-25 cm \u2705Siew: V-VII \u2705Kwitnienie: IV-X \u2705Rozstawa: 20-30 cm SPRAWDZONA JAKO\u015a\u0106&#8230;<\/p>\n","protected":false},"featured_media":20189,"comment_status":"open","ping_status":"closed","template":"","meta":{"inline_featured_image":false},"product_cat":[134,162,183,182],"product_tag":[],"location":[],"class_list":{"0":"post-20197","1":"product","2":"type-product","3":"status-publish","4":"has-post-thumbnail","6":"product_cat-nasiona-kwiatow","7":"product_cat-nasiona","8":"product_cat-nasiona-kwiatow-ogrodowych","9":"product_cat-nasiona-kwiaty-doniczkowe","10":"nt-post-class","11":"","14":"excerpt-none","17":"first","18":"instock","19":"shipping-taxable","20":"purchasable","21":"product-type-simple"},"_links":{"self":[{"href":"https:\/\/boskienasiona.pl\/en\/wp-json\/wp\/v2\/product\/20197","targetHints":{"allow":["GET"]}}],"collection":[{"href":"https:\/\/boskienasiona.pl\/en\/wp-json\/wp\/v2\/product"}],"about":[{"href":"https:\/\/boskienasiona.pl\/en\/wp-json\/wp\/v2\/types\/product"}],"replies":[{"embeddable":true,"href":"https:\/\/boskienasiona.pl\/en\/wp-json\/wp\/v2\/comments?post=20197"}],"version-history":[{"count":1,"href":"https:\/\/boskienasiona.pl\/en\/wp-json\/wp\/v2\/product\/20197\/revisions"}],"predecessor-version":[{"id":22517,"href":"https:\/\/boskienasiona.pl\/en\/wp-json\/wp\/v2\/product\/20197\/revisions\/22517"}],"wp:featuredmedia":[{"embeddable":true,"href":"https:\/\/boskienasiona.pl\/en\/wp-json\/wp\/v2\/media\/20189"}],"wp:attachment":[{"href":"https:\/\/boskienasiona.pl\/en\/wp-json\/wp\/v2\/media?parent=20197"}],"wp:term":[{"taxonomy":"product_cat","embeddable":true,"href":"https:\/\/boskienasiona.pl\/en\/wp-json\/wp\/v2\/product_cat?post=20197"},{"taxonomy":"product_tag","embeddable":true,"href":"https:\/\/boskienasiona.pl\/en\/wp-json\/wp\/v2\/product_tag?post=20197"},{"taxonomy":"location","embeddable":true,"href":"https:\/\/boskienasiona.pl\/en\/wp-json\/wp\/v2\/location?post=20197"}],"curies":[{"name":"wp","href":"https:\/\/api.w.org\/{rel}","templated":true}]}}