{"id":20210,"date":"2025-02-02T12:28:27","date_gmt":"2025-02-02T11:28:27","guid":{"rendered":"https:\/\/boskienasiona.pl\/product\/nasiona-kwiatow-aster-karlowy-pinokio-rabaty-obwodki-do-uprawy-doniczkowej\/"},"modified":"2026-04-06T14:17:07","modified_gmt":"2026-04-06T12:17:07","slug":"nasiona-kwiatow-aster-karlowy-pinokio-rabaty-obwodki-do-uprawy-doniczkowej","status":"publish","type":"product","link":"https:\/\/boskienasiona.pl\/en\/produkt\/nasiona-kwiatow-aster-karlowy-pinokio-rabaty-obwodki-do-uprawy-doniczkowej\/","title":{"rendered":"Nasiona kwiat\u00f3w Aster Kar\u0142owy Pinokio rabaty obw\u00f3dki do uprawy doniczkowej"},"content":{"rendered":"<section class=\"section\">\n<div class=\"item item-12\">\n<section class=\"text-item\">\n<h1>Nasiona kwiat\u00f3w Aster Kar\u0142owy Pinokio rabaty obw\u00f3dki do uprawy doniczkowej<\/h1>\n<\/section><\/div>\n<\/section>\n<section class=\"section\">\n<div class=\"item item-6\">\n<section class=\"image-item\">\n            <img decoding=\"async\" src=\"https:\/\/upload.cdn.baselinker.com\/products\/3018170\/eca81033accfec82a3884c8d18b4e0cb.png\" \/><br \/>\n        <\/section>\n<\/p><\/div>\n<div class=\"item item-6\">\n<section class=\"text-item\">\n<p><b>Aster kar\u0142owy\u00a0Pinokio\u00a0mieszanka<\/b><\/p>\n<p><b>Calisthepus chinensis\u00a0 fl. pl .<\/b><\/p>\n<p>Niska, obficie kwitn\u0105ca ro\u015blina jednoroczna o\u00a0zwartym kompaktowym pokroju i\u00a0drobnych kwiatach \u015brednicy 2-4cm w\u00a0r\u00f3\u017cnych kolorach. Zastosowanie: rabaty, obw\u00f3dki, do\u00a0skrzynek balkonowych oraz\u00a0do\u00a0uprawy doniczkowej. Kwitnienie: od\u00a0lipca do\u00a0pa\u017adziernika. Stanowisko s\u0142oneczne. Wysiew III-IV do\u00a0inspektu lub\u00a0na\u00a0rozsadniku albo\u00a0w\u00a0ko\u0144cu IV do\u00a0pocz\u0105tku V wprost do\u00a0gruntu.<\/p>\n<ul>\n<li><b>Siew:<\/b> III-IV inspekt\/ grunt IV-V<\/li>\n<li><b>Kwitnienie:<\/b> VII-IX<\/li>\n<li><b>Rozstawa:<\/b> 20-30cm<\/li>\n<li><b>Wysoko\u015b\u0107:<\/b> 20-30cm<\/li>\n<\/ul>\n<\/section><\/div>\n<\/section>\n<section class=\"section\">\n<div class=\"item item-6\">\n<section class=\"image-item\">\n            <img decoding=\"async\" src=\"https:\/\/upload.cdn.baselinker.com\/products\/3018170\/be70b7114c92d42d226231cd429ca36f.png\" \/><br \/>\n        <\/section>\n<\/p><\/div>\n<div class=\"item item-6\">\n<section class=\"text-item\">\n<p><b>SPRAWDZONA JAKO\u015a\u0106 NASION<\/b><\/p>\n<p>Oferowane przez nas nasiona s\u0105 testowane w <b>Laboratorium Oceny Nasion pod wzgl\u0119dem:<\/b><\/p>\n<p>\u2705<b>kie\u0142kowania<\/b><\/p>\n<p>\u2705<b>wilgotno\u015bci<\/b><\/p>\n<p>\u2705<b>czysto\u015bci ziarna<\/b><\/p>\n<p><b>Dzi\u0119ki czemu udost\u0119pniane nasiona s\u0105 \u015bci\u015ble wyselekcjonowane, tylko wysokiej klasy.<\/b><\/p>\n<p>Gwarantujemy r\u00f3wnie\u017c jako\u015b\u0107 i oryginalno\u015b\u0107 produkt\u00f3w, poniewa\u017c s\u0105 nabywane bezpo\u015brednio od producenta.<\/p>\n<\/section><\/div>\n<\/section>\n","protected":false},"excerpt":{"rendered":"<p>Nasiona kwiat\u00f3w Aster Kar\u0142owy Pinokio rabaty obw\u00f3dki do uprawy doniczkowej Aster kar\u0142owy\u00a0Pinokio\u00a0mieszanka Calisthepus chinensis\u00a0 fl. pl . Niska, obficie kwitn\u0105ca ro\u015blina jednoroczna o\u00a0zwartym kompaktowym pokroju i\u00a0drobnych kwiatach \u015brednicy 2-4cm w\u00a0r\u00f3\u017cnych kolorach. Zastosowanie: rabaty, obw\u00f3dki, do\u00a0skrzynek balkonowych oraz\u00a0do\u00a0uprawy doniczkowej. Kwitnienie: od\u00a0lipca do\u00a0pa\u017adziernika. Stanowisko s\u0142oneczne. Wysiew III-IV do\u00a0inspektu lub\u00a0na\u00a0rozsadniku albo\u00a0w\u00a0ko\u0144cu IV do\u00a0pocz\u0105tku V wprost do\u00a0gruntu. Siew: III-IV&#8230;<\/p>\n","protected":false},"featured_media":20198,"comment_status":"open","ping_status":"closed","template":"","meta":{"inline_featured_image":false},"product_cat":[134,162,182],"product_tag":[],"location":[],"class_list":{"0":"post-20210","1":"product","2":"type-product","3":"status-publish","4":"has-post-thumbnail","6":"product_cat-nasiona-kwiatow","7":"product_cat-nasiona","8":"product_cat-nasiona-kwiaty-doniczkowe","9":"nt-post-class","10":"","13":"excerpt-none","16":"first","17":"instock","18":"shipping-taxable","19":"purchasable","20":"product-type-simple"},"_links":{"self":[{"href":"https:\/\/boskienasiona.pl\/en\/wp-json\/wp\/v2\/product\/20210","targetHints":{"allow":["GET"]}}],"collection":[{"href":"https:\/\/boskienasiona.pl\/en\/wp-json\/wp\/v2\/product"}],"about":[{"href":"https:\/\/boskienasiona.pl\/en\/wp-json\/wp\/v2\/types\/product"}],"replies":[{"embeddable":true,"href":"https:\/\/boskienasiona.pl\/en\/wp-json\/wp\/v2\/comments?post=20210"}],"version-history":[{"count":1,"href":"https:\/\/boskienasiona.pl\/en\/wp-json\/wp\/v2\/product\/20210\/revisions"}],"predecessor-version":[{"id":22524,"href":"https:\/\/boskienasiona.pl\/en\/wp-json\/wp\/v2\/product\/20210\/revisions\/22524"}],"wp:featuredmedia":[{"embeddable":true,"href":"https:\/\/boskienasiona.pl\/en\/wp-json\/wp\/v2\/media\/20198"}],"wp:attachment":[{"href":"https:\/\/boskienasiona.pl\/en\/wp-json\/wp\/v2\/media?parent=20210"}],"wp:term":[{"taxonomy":"product_cat","embeddable":true,"href":"https:\/\/boskienasiona.pl\/en\/wp-json\/wp\/v2\/product_cat?post=20210"},{"taxonomy":"product_tag","embeddable":true,"href":"https:\/\/boskienasiona.pl\/en\/wp-json\/wp\/v2\/product_tag?post=20210"},{"taxonomy":"location","embeddable":true,"href":"https:\/\/boskienasiona.pl\/en\/wp-json\/wp\/v2\/location?post=20210"}],"curies":[{"name":"wp","href":"https:\/\/api.w.org\/{rel}","templated":true}]}}