{"id":20219,"date":"2025-02-02T12:28:41","date_gmt":"2025-02-02T11:28:41","guid":{"rendered":"https:\/\/boskienasiona.pl\/product\/nasiona-kwiatow-mak-polny-shirley-mix-pastelowe-kwiaty\/"},"modified":"2026-04-15T14:22:14","modified_gmt":"2026-04-15T12:22:14","slug":"nasiona-kwiatow-mak-polny-shirley-mix-pastelowe-kwiaty","status":"publish","type":"product","link":"https:\/\/boskienasiona.pl\/en\/produkt\/nasiona-kwiatow-mak-polny-shirley-mix-pastelowe-kwiaty\/","title":{"rendered":"Nasiona kwiat\u00f3w Mak Polny Shirley MIX Pastelowe kwiaty"},"content":{"rendered":"<section class=\"section\">\n<div class=\"item item-12\">\n<section class=\"text-item\">\n<h1>Nasiona kwiat\u00f3w Mak Polny Shirley MIX Pastelowe kwiaty<\/h1>\n<\/section><\/div>\n<\/section>\n<section class=\"section\">\n<div class=\"item item-6\">\n<section class=\"image-item\">\n            <img decoding=\"async\" src=\"https:\/\/upload.cdn.baselinker.com\/products\/3018170\/8fccd41e3c9838359f8777ea6b565574.png\" \/><br \/>\n        <\/section>\n<\/p><\/div>\n<div class=\"item item-6\">\n<section class=\"text-item\">\n<p><b>Mak polny SHIRLEY MIX<\/b><\/p>\n<p>Papaver rhoeas<\/p>\n<p>Ro\u015blina jednoroczna w pastelowych odcieniach od bieli, poprzez r\u00f3\u017c do czerwieni. Osi\u0105ga wysoko\u015b\u0107 do 30 cm. Wymaga stanowiska s\u0142onecznego, ci\u0119\u017cszych niezbyt wilgotnych, przepuszczalnych zasobnych w wap\u0144 gleb. Wysiew nasion III- IV. Kwitnienie od IV do VIII.<\/p>\n<ul>\n<li><b>Siew:<\/b> III-IV<\/li>\n<li><b>Kwitnienie:<\/b> IV-VIII<\/li>\n<li><b>Rozstawa:<\/b> 15\u00d725 cm<\/li>\n<li><b>Wysoko\u015b\u0107:<\/b> 30 cm<\/li>\n<\/ul>\n<\/section><\/div>\n<\/section>\n<section class=\"section\">\n<div class=\"item item-6\">\n<section class=\"image-item\">\n            <img decoding=\"async\" src=\"https:\/\/upload.cdn.baselinker.com\/products\/3018170\/b3588c1a24459754eedbf4349436b0f5.png\" \/><br \/>\n        <\/section>\n<\/p><\/div>\n<div class=\"item item-6\">\n<section class=\"text-item\">\n<p><b>SPRAWDZONA JAKO\u015a\u0106 NASION<\/b><\/p>\n<p>Oferowane przez nas nasiona s\u0105 testowane w\u00a0<b>Laboratorium Oceny Nasion pod wzgl\u0119dem:<\/b><\/p>\n<p>\u2705<b>kie\u0142kowania<\/b><\/p>\n<p>\u2705<b>wilgotno\u015bci<\/b><\/p>\n<p>\u2705<b>czysto\u015bci ziarna<\/b><\/p>\n<p><b>Dzi\u0119ki czemu udost\u0119pniane nasiona s\u0105 \u015bci\u015ble wyselekcjonowane, tylko wysokiej klasy.<\/b><\/p>\n<p>Torebki zakupione na naszej aukcji s\u0105 w pe\u0142ni bezpieczne, posiadaj\u0105\u00a0<b>dat\u0119 wa\u017cno\u015bci i nr partii na opakowaniu.<\/b>\u00a0Gwarantujemy r\u00f3wnie\u017c jako\u015b\u0107 i oryginalno\u015b\u0107 produkt\u00f3w, poniewa\u017c s\u0105 nabywane bezpo\u015brednio od producenta.<\/p>\n<\/section><\/div>\n<\/section>\n","protected":false},"excerpt":{"rendered":"<p>Nasiona kwiat\u00f3w Mak Polny Shirley MIX Pastelowe kwiaty Mak polny SHIRLEY MIX Papaver rhoeas Ro\u015blina jednoroczna w pastelowych odcieniach od bieli, poprzez r\u00f3\u017c do czerwieni. Osi\u0105ga wysoko\u015b\u0107 do 30 cm. Wymaga stanowiska s\u0142onecznego, ci\u0119\u017cszych niezbyt wilgotnych, przepuszczalnych zasobnych w wap\u0144 gleb. Wysiew nasion III- IV. Kwitnienie od IV do VIII. Siew: III-IV Kwitnienie: IV-VIII Rozstawa:&#8230;<\/p>\n","protected":false},"featured_media":20211,"comment_status":"open","ping_status":"closed","template":"","meta":{"inline_featured_image":false},"product_cat":[134,162],"product_tag":[],"location":[],"class_list":{"0":"post-20219","1":"product","2":"type-product","3":"status-publish","4":"has-post-thumbnail","6":"product_cat-nasiona-kwiatow","7":"product_cat-nasiona","8":"nt-post-class","9":"","12":"excerpt-none","15":"first","16":"instock","17":"shipping-taxable","18":"purchasable","19":"product-type-simple"},"_links":{"self":[{"href":"https:\/\/boskienasiona.pl\/en\/wp-json\/wp\/v2\/product\/20219","targetHints":{"allow":["GET"]}}],"collection":[{"href":"https:\/\/boskienasiona.pl\/en\/wp-json\/wp\/v2\/product"}],"about":[{"href":"https:\/\/boskienasiona.pl\/en\/wp-json\/wp\/v2\/types\/product"}],"replies":[{"embeddable":true,"href":"https:\/\/boskienasiona.pl\/en\/wp-json\/wp\/v2\/comments?post=20219"}],"version-history":[{"count":0,"href":"https:\/\/boskienasiona.pl\/en\/wp-json\/wp\/v2\/product\/20219\/revisions"}],"wp:featuredmedia":[{"embeddable":true,"href":"https:\/\/boskienasiona.pl\/en\/wp-json\/wp\/v2\/media\/20211"}],"wp:attachment":[{"href":"https:\/\/boskienasiona.pl\/en\/wp-json\/wp\/v2\/media?parent=20219"}],"wp:term":[{"taxonomy":"product_cat","embeddable":true,"href":"https:\/\/boskienasiona.pl\/en\/wp-json\/wp\/v2\/product_cat?post=20219"},{"taxonomy":"product_tag","embeddable":true,"href":"https:\/\/boskienasiona.pl\/en\/wp-json\/wp\/v2\/product_tag?post=20219"},{"taxonomy":"location","embeddable":true,"href":"https:\/\/boskienasiona.pl\/en\/wp-json\/wp\/v2\/location?post=20219"}],"curies":[{"name":"wp","href":"https:\/\/api.w.org\/{rel}","templated":true}]}}