{"id":20222,"date":"2025-02-02T12:28:47","date_gmt":"2025-02-02T11:28:47","guid":{"rendered":"https:\/\/boskienasiona.pl\/product\/nasiona-arbuz-slodki-kawon-sugar-baby\/"},"modified":"2026-04-19T14:17:45","modified_gmt":"2026-04-19T12:17:45","slug":"nasiona-arbuz-slodki-kawon-sugar-baby","status":"publish","type":"product","link":"https:\/\/boskienasiona.pl\/en\/produkt\/nasiona-arbuz-slodki-kawon-sugar-baby\/","title":{"rendered":"Nasiona ARBUZ S\u0141ODKI KAWON SUGAR BABY"},"content":{"rendered":"<section class=\"section\">\n<div class=\"item item-12\">\n<section class=\"text-item\">\n<h1>Nasiona ARBUZ S\u0141ODKI KAWON SUGAR BABY<\/h1>\n<\/section><\/div>\n<\/section>\n<section class=\"section\">\n<div class=\"item item-6\">\n<section class=\"image-item\">\n            <img decoding=\"async\" src=\"https:\/\/upload.cdn.baselinker.com\/products\/3018170\/5532f42eb6d4c42725a9d390b1a6d36c.png\" \/><br \/>\n        <\/section>\n<\/p><\/div>\n<div class=\"item item-6\">\n<section class=\"text-item\">\n<p><b>Arbuz\u00a0Sugar Baby<\/b><\/p>\n<p>Ro\u015blina ciep\u0142olubna, o zielonej sk\u00f3rce i czerwonym, bardzo smacznym, soczystym, s\u0142odkim aromatycznym mi\u0105\u017cszu. Zawiera du\u017co witaminy C, karotenoid\u00f3w, kwasu foliowego i likopenu. Najlepiej udaje si\u0119 pod os\u0142onami. Wymaga gleby przepuszczalnej, dobrze nagrzewaj\u0105cej si\u0119. Wysiew nasion do ogrzewanego tunelu lub inspektu od II do IV. Rozsad\u0119 wysadza\u0107 w V\/VI. Temperatura pod\u0142o\u017ce przy kie\u0142kowaniu musi wynosi\u0107 20-25 stopni C.<\/p>\n<ul>\n<li><b>Opakowanie:<\/b> 1g<\/li>\n<li><b>Siew:<\/b> II-V<\/li>\n<li><b>Zbi\u00f3r:<\/b> VII -IX<\/li>\n<li><b>Rozstawa:<\/b> 150x100cm<\/li>\n<\/ul>\n<\/section><\/div>\n<\/section>\n<section class=\"section\">\n<div class=\"item item-6\">\n<section class=\"image-item\">\n            <img decoding=\"async\" src=\"https:\/\/upload.cdn.baselinker.com\/products\/3018170\/e49ae1f25c44ec91d5106ac3f728058a.png\" \/><br \/>\n        <\/section>\n<\/p><\/div>\n<div class=\"item item-6\">\n<section class=\"text-item\">\n<p><b>SPRAWDZONA JAKO\u015a\u0106 NASION<\/b><\/p>\n<p>Oferowane przez nas nasiona s\u0105 testowane w <b>Laboratorium Oceny Nasion pod wzgl\u0119dem:<\/b><\/p>\n<p>\u2705<b>kie\u0142kowania<\/b><\/p>\n<p>\u2705<b>wilgotno\u015bci<\/b><\/p>\n<p>\u2705<b>czysto\u015bci ziarna<\/b><\/p>\n<p><b>Dzi\u0119ki czemu udost\u0119pniane nasiona s\u0105 \u015bci\u015ble wyselekcjonowane, tylko wysokiej klasy.<\/b><\/p>\n<p>Torebki zakupione na naszej aukcji s\u0105 w pe\u0142ni bezpieczne, posiadaj\u0105 <b>dat\u0119 wa\u017cno\u015bci i nr partii na opakowaniu.<\/b> Gwarantujemy r\u00f3wnie\u017c jako\u015b\u0107 i oryginalno\u015b\u0107 produkt\u00f3w, poniewa\u017c s\u0105 nabywane bezpo\u015brednio od producenta.<\/p>\n<p><b>Towar mo\u017ce wyst\u0119powa\u0107 w r\u00f3\u017cnych szatach graficznych.<\/b><\/p>\n<\/section><\/div>\n<\/section>\n<section class=\"section\">\n<div class=\"item item-6\">\n<section class=\"image-item\">\n            <img decoding=\"async\" src=\"https:\/\/upload.cdn.baselinker.com\/products\/3018170\/ec1b9c1afde1924ac9e312d52922e8d7.jpg\" \/><br \/>\n        <\/section>\n<\/p><\/div>\n<div class=\"item item-6\">\n<section class=\"image-item\">\n            <img decoding=\"async\" src=\"https:\/\/upload.cdn.baselinker.com\/products\/3018170\/c1fe66a171acd432cd8020fc2b74d207.jpg\" \/><br \/>\n        <\/section>\n<\/p><\/div>\n<\/section>\n<section class=\"section\">\n<div class=\"item item-6\">\n<section class=\"image-item\">\n            <img decoding=\"async\" src=\"https:\/\/upload.cdn.baselinker.com\/products\/3018170\/c1fe66a171acd432cd8020fc2b74d207.jpg\" \/><br \/>\n        <\/section>\n<\/p><\/div>\n<div class=\"item item-6\">\n<section class=\"image-item\">\n            <img decoding=\"async\" src=\"https:\/\/upload.cdn.baselinker.com\/products\/3018170\/98aa4549c34658e04d98fad3800743a7.jpg\" \/><br \/>\n        <\/section>\n<\/p><\/div>\n<\/section>\n","protected":false},"excerpt":{"rendered":"<p>Nasiona ARBUZ S\u0141ODKI KAWON SUGAR BABY Arbuz\u00a0Sugar Baby Ro\u015blina ciep\u0142olubna, o zielonej sk\u00f3rce i czerwonym, bardzo smacznym, soczystym, s\u0142odkim aromatycznym mi\u0105\u017cszu. Zawiera du\u017co witaminy C, karotenoid\u00f3w, kwasu foliowego i likopenu. Najlepiej udaje si\u0119 pod os\u0142onami. Wymaga gleby przepuszczalnej, dobrze nagrzewaj\u0105cej si\u0119. Wysiew nasion do ogrzewanego tunelu lub inspektu od II do IV. Rozsad\u0119 wysadza\u0107 w&#8230;<\/p>\n","protected":false},"featured_media":20195,"comment_status":"open","ping_status":"closed","template":"","meta":{"inline_featured_image":false},"product_cat":[135,162,176],"product_tag":[],"location":[],"class_list":{"0":"post-20222","1":"product","2":"type-product","3":"status-publish","4":"has-post-thumbnail","6":"product_cat-nasiona-owocowe","7":"product_cat-nasiona","8":"product_cat-nasiona-arbuza","9":"nt-post-class","10":"","13":"excerpt-none","16":"first","17":"instock","18":"shipping-taxable","19":"purchasable","20":"product-type-simple"},"_links":{"self":[{"href":"https:\/\/boskienasiona.pl\/en\/wp-json\/wp\/v2\/product\/20222","targetHints":{"allow":["GET"]}}],"collection":[{"href":"https:\/\/boskienasiona.pl\/en\/wp-json\/wp\/v2\/product"}],"about":[{"href":"https:\/\/boskienasiona.pl\/en\/wp-json\/wp\/v2\/types\/product"}],"replies":[{"embeddable":true,"href":"https:\/\/boskienasiona.pl\/en\/wp-json\/wp\/v2\/comments?post=20222"}],"version-history":[{"count":1,"href":"https:\/\/boskienasiona.pl\/en\/wp-json\/wp\/v2\/product\/20222\/revisions"}],"predecessor-version":[{"id":22314,"href":"https:\/\/boskienasiona.pl\/en\/wp-json\/wp\/v2\/product\/20222\/revisions\/22314"}],"wp:featuredmedia":[{"embeddable":true,"href":"https:\/\/boskienasiona.pl\/en\/wp-json\/wp\/v2\/media\/20195"}],"wp:attachment":[{"href":"https:\/\/boskienasiona.pl\/en\/wp-json\/wp\/v2\/media?parent=20222"}],"wp:term":[{"taxonomy":"product_cat","embeddable":true,"href":"https:\/\/boskienasiona.pl\/en\/wp-json\/wp\/v2\/product_cat?post=20222"},{"taxonomy":"product_tag","embeddable":true,"href":"https:\/\/boskienasiona.pl\/en\/wp-json\/wp\/v2\/product_tag?post=20222"},{"taxonomy":"location","embeddable":true,"href":"https:\/\/boskienasiona.pl\/en\/wp-json\/wp\/v2\/location?post=20222"}],"curies":[{"name":"wp","href":"https:\/\/api.w.org\/{rel}","templated":true}]}}