{"id":20231,"date":"2025-02-02T12:28:58","date_gmt":"2025-02-02T11:28:58","guid":{"rendered":"https:\/\/boskienasiona.pl\/product\/nasiona-kwiatow-aksamitka-rozpierzchla-miodowo-mahoniowych-kwiaty-na-rabaty\/"},"modified":"2026-04-19T14:24:09","modified_gmt":"2026-04-19T12:24:09","slug":"nasiona-kwiatow-aksamitka-rozpierzchla-miodowo-mahoniowych-kwiaty-na-rabaty","status":"publish","type":"product","link":"https:\/\/boskienasiona.pl\/en\/produkt\/nasiona-kwiatow-aksamitka-rozpierzchla-miodowo-mahoniowych-kwiaty-na-rabaty\/","title":{"rendered":"Nasiona kwiat\u00f3w Aksamitka rozpierzch\u0142a Miodowo-mahoniowych kwiaty na rabaty"},"content":{"rendered":"<section class=\"section\">\n<div class=\"item item-12\">\n<section class=\"text-item\">\n<h1>Nasiona kwiat\u00f3w Aksamitka rozpierzch\u0142a Miodowo-mahoniowych kwiaty na rabaty<\/h1>\n<\/section><\/div>\n<\/section>\n<section class=\"section\">\n<div class=\"item item-6\">\n<section class=\"image-item\">\n            <img decoding=\"async\" src=\"https:\/\/upload.cdn.baselinker.com\/products\/3018170\/b3b3f395253ba06891f8e367ff28b41f.png\" \/><br \/>\n        <\/section>\n<\/p><\/div>\n<div class=\"item item-6\">\n<section class=\"text-item\">\n<p><b>Nasiona Aksamitka rozpierzch\u0142a Bonita Carmen 1 g<\/b><\/p>\n<p>Dekoracyjna ro\u015blina jednoroczna wysoko\u015bci 25-35\u00a0cm o\u00a0zwartym pokroju i\u00a0pe\u0142nych dwubarwnych, miodowo-mahoniowych kwiatach. Kwitnie od\u00a0p\u00f3\u017anej wiosny do\u00a0przymrozk\u00f3w. Doskona\u0142a na\u00a0rabaty, obw\u00f3dki, kwietniki, balkony. Udaje\u00a0si\u0119 na\u00a0ka\u017cdej glebie ogrodowej. Wysiew w\u00a0III-IV do\u00a0inspektu lub\u00a0w\u00a0maju wprost do\u00a0gruntu.<\/p>\n<\/section><\/div>\n<\/section>\n<section class=\"section\">\n<div class=\"item item-6\">\n<section class=\"image-item\">\n            <img decoding=\"async\" src=\"https:\/\/upload.cdn.baselinker.com\/products\/3018170\/a6ff6a238c5c3e39fd5a68360864adc1.png\" \/><br \/>\n        <\/section>\n<\/p><\/div>\n<div class=\"item item-6\">\n<section class=\"text-item\">\n<p><b>SPRAWDZONA JAKO\u015a\u0106 NASION<\/b><\/p>\n<p>Oferowane przez nas nasiona s\u0105 testowane w\u00a0<b>Laboratorium Oceny Nasion pod wzgl\u0119dem:<\/b><\/p>\n<p>\u2705<b>kie\u0142kowania<\/b><\/p>\n<p>\u2705<b>wilgotno\u015bci<\/b><\/p>\n<p>\u2705<b>czysto\u015bci ziarna<\/b><\/p>\n<p><b>Dzi\u0119ki czemu udost\u0119pniane nasiona s\u0105 \u015bci\u015ble wyselekcjonowane, tylko wysokiej klasy.<\/b><\/p>\n<p>Torebki zakupione na naszej aukcji s\u0105 w pe\u0142ni bezpieczne, posiadaj\u0105\u00a0<b>dat\u0119 wa\u017cno\u015bci i nr partii na opakowaniu.<\/b>\u00a0Gwarantujemy r\u00f3wnie\u017c jako\u015b\u0107 i oryginalno\u015b\u0107 produkt\u00f3w, poniewa\u017c s\u0105 nabywane bezpo\u015brednio od producenta.<\/p>\n<\/section><\/div>\n<\/section>\n<section class=\"section\">\n<div class=\"item item-12\">\n<section class=\"image-item\">\n            <img decoding=\"async\" src=\"https:\/\/upload.cdn.baselinker.com\/products\/3018170\/d907194c19f83f6a4273c3e6158184c2.jpg\" \/><br \/>\n        <\/section>\n<\/p><\/div>\n<\/section>\n","protected":false},"excerpt":{"rendered":"<p>Nasiona kwiat\u00f3w Aksamitka rozpierzch\u0142a Miodowo-mahoniowych kwiaty na rabaty Nasiona Aksamitka rozpierzch\u0142a Bonita Carmen 1 g Dekoracyjna ro\u015blina jednoroczna wysoko\u015bci 25-35\u00a0cm o\u00a0zwartym pokroju i\u00a0pe\u0142nych dwubarwnych, miodowo-mahoniowych kwiatach. Kwitnie od\u00a0p\u00f3\u017anej wiosny do\u00a0przymrozk\u00f3w. Doskona\u0142a na\u00a0rabaty, obw\u00f3dki, kwietniki, balkony. Udaje\u00a0si\u0119 na\u00a0ka\u017cdej glebie ogrodowej. Wysiew w\u00a0III-IV do\u00a0inspektu lub\u00a0w\u00a0maju wprost do\u00a0gruntu. SPRAWDZONA JAKO\u015a\u0106 NASION Oferowane przez nas nasiona s\u0105 testowane w\u00a0Laboratorium&#8230;<\/p>\n","protected":false},"featured_media":20223,"comment_status":"open","ping_status":"closed","template":"","meta":{"inline_featured_image":false},"product_cat":[134,162,183,182],"product_tag":[],"location":[],"class_list":{"0":"post-20231","1":"product","2":"type-product","3":"status-publish","4":"has-post-thumbnail","6":"product_cat-nasiona-kwiatow","7":"product_cat-nasiona","8":"product_cat-nasiona-kwiatow-ogrodowych","9":"product_cat-nasiona-kwiaty-doniczkowe","10":"nt-post-class","11":"","14":"excerpt-none","17":"first","18":"instock","19":"shipping-taxable","20":"purchasable","21":"product-type-simple"},"_links":{"self":[{"href":"https:\/\/boskienasiona.pl\/en\/wp-json\/wp\/v2\/product\/20231","targetHints":{"allow":["GET"]}}],"collection":[{"href":"https:\/\/boskienasiona.pl\/en\/wp-json\/wp\/v2\/product"}],"about":[{"href":"https:\/\/boskienasiona.pl\/en\/wp-json\/wp\/v2\/types\/product"}],"replies":[{"embeddable":true,"href":"https:\/\/boskienasiona.pl\/en\/wp-json\/wp\/v2\/comments?post=20231"}],"version-history":[{"count":1,"href":"https:\/\/boskienasiona.pl\/en\/wp-json\/wp\/v2\/product\/20231\/revisions"}],"predecessor-version":[{"id":22514,"href":"https:\/\/boskienasiona.pl\/en\/wp-json\/wp\/v2\/product\/20231\/revisions\/22514"}],"wp:featuredmedia":[{"embeddable":true,"href":"https:\/\/boskienasiona.pl\/en\/wp-json\/wp\/v2\/media\/20223"}],"wp:attachment":[{"href":"https:\/\/boskienasiona.pl\/en\/wp-json\/wp\/v2\/media?parent=20231"}],"wp:term":[{"taxonomy":"product_cat","embeddable":true,"href":"https:\/\/boskienasiona.pl\/en\/wp-json\/wp\/v2\/product_cat?post=20231"},{"taxonomy":"product_tag","embeddable":true,"href":"https:\/\/boskienasiona.pl\/en\/wp-json\/wp\/v2\/product_tag?post=20231"},{"taxonomy":"location","embeddable":true,"href":"https:\/\/boskienasiona.pl\/en\/wp-json\/wp\/v2\/location?post=20231"}],"curies":[{"name":"wp","href":"https:\/\/api.w.org\/{rel}","templated":true}]}}