{"id":20244,"date":"2025-02-02T12:29:17","date_gmt":"2025-02-02T11:29:17","guid":{"rendered":"https:\/\/boskienasiona.pl\/product\/nasiona-kwiatow-aster-bialy-chryzantemowy-wysoki-bialy\/"},"modified":"2026-02-17T14:20:29","modified_gmt":"2026-02-17T13:20:29","slug":"nasiona-kwiatow-aster-bialy-chryzantemowy-wysoki-bialy","status":"publish","type":"product","link":"https:\/\/boskienasiona.pl\/en\/produkt\/nasiona-kwiatow-aster-bialy-chryzantemowy-wysoki-bialy\/","title":{"rendered":"NASIONA KWIAT\u00d3W ASTER BIA\u0141Y CHRYZANTEMOWY WYSOKI BIA\u0141Y"},"content":{"rendered":"<section class=\"section\">\n<div class=\"item item-12\">\n<section class=\"text-item\">\n<h1>NASIONA KWIAT\u00d3W ASTER BIA\u0141Y CHRYZANTEMOWY WYSOKI BIA\u0141Y<\/h1>\n<\/section><\/div>\n<\/section>\n<section class=\"section\">\n<div class=\"item item-6\">\n<section class=\"image-item\">\n            <img decoding=\"async\" src=\"https:\/\/upload.cdn.baselinker.com\/products\/3018170\/995b41cec2de91ec7ee4ce85723c3ad2.png\" \/><br \/>\n        <\/section>\n<\/p><\/div>\n<div class=\"item item-6\">\n<section class=\"text-item\">\n<p><b>Aster wysoki chryzantemowy bia\u0142y<\/b><\/p>\n<p>Ro\u015blina jednoroczna 50-90 cm wysoko\u015bci, o pe\u0142nych, bia\u0142ych, du\u017cych kwiatach 8-10 cm. Stosowany na kwiat ci\u0119ty, rabaty, obw\u00f3dki i kwietniki. Wysiew w marcu-kwietniu do ogrzewanego inspektu lub wprost do gruntu w kwietniu-maju. Wymaga stanowiska s\u0142onecznego, \u015brednio wilgotnej i \u017cyznej gleby.<\/p>\n<p><b>T\u0105 niezwyk\u0142\u0105 ro\u015blin\u0119 warto zaprosi\u0107 do swojego ogrodu \u2013 \u0142\u0105czy w sobie pe\u0142ne, urocze kwiaty chryzantemy i cechuje si\u0119 wytrzyma\u0142o\u015bci\u0105. Doskonale o\u017cywi nasz ogr\u00f3dek.<\/b><\/p>\n<\/section><\/div>\n<\/section>\n<section class=\"section\">\n<div class=\"item item-6\">\n<section class=\"image-item\">\n            <img decoding=\"async\" src=\"https:\/\/upload.cdn.baselinker.com\/products\/3018170\/ce0992a77345cce74735675914d1577e.jpg\" \/><br \/>\n        <\/section>\n<\/p><\/div>\n<div class=\"item item-6\">\n<section class=\"text-item\">\n<p><b>SPRAWDZONA JAKO\u015a\u0106 NASION<\/b><\/p>\n<p>Oferowane przez nas nasiona s\u0105 testowane w <b>Laboratorium Oceny Nasion pod wzgl\u0119dem:<\/b><\/p>\n<p>\u2705<b>kie\u0142kowania<\/b><\/p>\n<p>\u2705<b>wilgotno\u015bci<\/b><\/p>\n<p>\u2705<b>czysto\u015bci ziarna<\/b><\/p>\n<p><b>Dzi\u0119ki czemu udost\u0119pniane nasiona s\u0105 \u015bci\u015ble wyselekcjonowane, tylko wysokiej klasy.<\/b><\/p>\n<p>Torebki zakupione na naszej aukcji s\u0105 w pe\u0142ni bezpieczne, posiadaj\u0105 <b>dat\u0119 wa\u017cno\u015bci i nr partii na opakowaniu.<\/b> Gwarantujemy r\u00f3wnie\u017c jako\u015b\u0107 i oryginalno\u015b\u0107 produkt\u00f3w, poniewa\u017c s\u0105 nabywane bezpo\u015brednio od producenta.<\/p>\n<\/section><\/div>\n<\/section>\n<section class=\"section\">\n<div class=\"item item-12\">\n<section class=\"image-item\">\n            <img decoding=\"async\" src=\"https:\/\/upload.cdn.baselinker.com\/products\/3018170\/d02dd714b2aa0c2f277506c64011788f.png\" \/><br \/>\n        <\/section>\n<\/p><\/div>\n<\/section>\n","protected":false},"excerpt":{"rendered":"<p>NASIONA KWIAT\u00d3W ASTER BIA\u0141Y CHRYZANTEMOWY WYSOKI BIA\u0141Y Aster wysoki chryzantemowy bia\u0142y Ro\u015blina jednoroczna 50-90 cm wysoko\u015bci, o pe\u0142nych, bia\u0142ych, du\u017cych kwiatach 8-10 cm. Stosowany na kwiat ci\u0119ty, rabaty, obw\u00f3dki i kwietniki. Wysiew w marcu-kwietniu do ogrzewanego inspektu lub wprost do gruntu w kwietniu-maju. Wymaga stanowiska s\u0142onecznego, \u015brednio wilgotnej i \u017cyznej gleby. T\u0105 niezwyk\u0142\u0105 ro\u015blin\u0119 warto&#8230;<\/p>\n","protected":false},"featured_media":20234,"comment_status":"open","ping_status":"closed","template":"","meta":{"inline_featured_image":false},"product_cat":[134,162,182],"product_tag":[],"location":[],"class_list":{"0":"post-20244","1":"product","2":"type-product","3":"status-publish","4":"has-post-thumbnail","6":"product_cat-nasiona-kwiatow","7":"product_cat-nasiona","8":"product_cat-nasiona-kwiaty-doniczkowe","9":"nt-post-class","10":"","13":"excerpt-none","16":"first","17":"instock","18":"shipping-taxable","19":"purchasable","20":"product-type-simple"},"_links":{"self":[{"href":"https:\/\/boskienasiona.pl\/en\/wp-json\/wp\/v2\/product\/20244","targetHints":{"allow":["GET"]}}],"collection":[{"href":"https:\/\/boskienasiona.pl\/en\/wp-json\/wp\/v2\/product"}],"about":[{"href":"https:\/\/boskienasiona.pl\/en\/wp-json\/wp\/v2\/types\/product"}],"replies":[{"embeddable":true,"href":"https:\/\/boskienasiona.pl\/en\/wp-json\/wp\/v2\/comments?post=20244"}],"version-history":[{"count":1,"href":"https:\/\/boskienasiona.pl\/en\/wp-json\/wp\/v2\/product\/20244\/revisions"}],"predecessor-version":[{"id":22523,"href":"https:\/\/boskienasiona.pl\/en\/wp-json\/wp\/v2\/product\/20244\/revisions\/22523"}],"wp:featuredmedia":[{"embeddable":true,"href":"https:\/\/boskienasiona.pl\/en\/wp-json\/wp\/v2\/media\/20234"}],"wp:attachment":[{"href":"https:\/\/boskienasiona.pl\/en\/wp-json\/wp\/v2\/media?parent=20244"}],"wp:term":[{"taxonomy":"product_cat","embeddable":true,"href":"https:\/\/boskienasiona.pl\/en\/wp-json\/wp\/v2\/product_cat?post=20244"},{"taxonomy":"product_tag","embeddable":true,"href":"https:\/\/boskienasiona.pl\/en\/wp-json\/wp\/v2\/product_tag?post=20244"},{"taxonomy":"location","embeddable":true,"href":"https:\/\/boskienasiona.pl\/en\/wp-json\/wp\/v2\/location?post=20244"}],"curies":[{"name":"wp","href":"https:\/\/api.w.org\/{rel}","templated":true}]}}