{"id":20247,"date":"2025-02-02T12:29:20","date_gmt":"2025-02-02T11:29:20","guid":{"rendered":"https:\/\/boskienasiona.pl\/product\/nasiona-arbuz-duze-owoce-slodki-owoc-do-15-kg\/"},"modified":"2026-04-19T06:16:25","modified_gmt":"2026-04-19T04:16:25","slug":"nasiona-arbuz-duze-owoce-slodki-owoc-do-15-kg","status":"publish","type":"product","link":"https:\/\/boskienasiona.pl\/en\/produkt\/nasiona-arbuz-duze-owoce-slodki-owoc-do-15-kg\/","title":{"rendered":"Nasiona Arbuz DU\u017bE OWOCE S\u0142odki Owoc do 15 KG"},"content":{"rendered":"<section class=\"section\">\n<div class=\"item item-12\">\n<section class=\"text-item\">\n<h1>Nasiona Arbuz DU\u017bE OWOCE S\u0142odki Owoc do 15 KG<\/h1>\n<\/section><\/div>\n<\/section>\n<section class=\"section\">\n<div class=\"item item-6\">\n<section class=\"image-item\">\n            <img decoding=\"async\" src=\"https:\/\/upload.cdn.baselinker.com\/products\/3018170\/762f9b39c83ab011961d58ec1a6725e5.png\" \/><br \/>\n        <\/section>\n<\/p><\/div>\n<div class=\"item item-6\">\n<section class=\"text-item\">\n<h1>Arbuz Charleston Grey<\/h1>\n<p>Citrullus lanatus<\/p>\n<p>Pod\u0142u\u017cna, \u015brednio-p\u00f3\u017ana odmiana arbuza kt\u00f3rego owoce dorastaj\u0105 do\u00a015 kg. Sk\u00f3rka jasnozielona (bez pask\u00f3w), mi\u0105\u017csz chrupi\u0105cy, r\u00f3\u017cowo-czerwony, s\u0142odki a\u00a0zarazem intensywnie orze\u017awiaj\u0105cy. Odmiana odporna na\u00a0antraknoz\u0119 i\u00a0wirusa mozaiki. Siew pod\u00a0os\u0142ony III-IV, lub\u00a0wprost do\u00a0gruntu w\u00a0po\u0142owie V. Wysadzanie rozsady w\u00a0drugiej po\u0142owie V. Zbi\u00f3r od\u00a0VIII do\u00a0X.<\/p>\n<p>Siew pod\u00a0os\u0142ony: III-IV<\/p>\n<p>Zbi\u00f3r: VIII-X<\/p>\n<p>Rozstawa: 150 x 100 cm<\/p>\n<\/section><\/div>\n<\/section>\n<section class=\"section\">\n<div class=\"item item-6\">\n<section class=\"image-item\">\n            <img decoding=\"async\" src=\"https:\/\/upload.cdn.baselinker.com\/products\/3018170\/4406773a28b604bc60989bd5a1bb0d50.png\" \/><br \/>\n        <\/section>\n<\/p><\/div>\n<div class=\"item item-6\">\n<section class=\"text-item\">\n<p><b>SPRAWDZONA JAKO\u015a\u0106 NASION<\/b><\/p>\n<p>Oferowane przez nas nasiona s\u0105 testowane w\u00a0<b>Laboratorium Oceny Nasion pod wzgl\u0119dem:<\/b><\/p>\n<p>\u2705<b>kie\u0142kowania<\/b><\/p>\n<p>\u2705<b>wilgotno\u015bci<\/b><\/p>\n<p>\u2705<b>czysto\u015bci ziarna<\/b><\/p>\n<p><b>Dzi\u0119ki czemu udost\u0119pniane nasiona s\u0105 \u015bci\u015ble wyselekcjonowane, tylko wysokiej klasy.<\/b><\/p>\n<p>Torebki zakupione na naszej aukcji s\u0105 w pe\u0142ni bezpieczne, posiadaj\u0105\u00a0<b>dat\u0119 wa\u017cno\u015bci i nr partii na opakowaniu.<\/b>\u00a0Gwarantujemy r\u00f3wnie\u017c jako\u015b\u0107 i oryginalno\u015b\u0107 produkt\u00f3w, poniewa\u017c s\u0105 nabywane bezpo\u015brednio od producenta.<\/p>\n<p><b>Towar mo\u017ce wyst\u0119powa\u0107 w r\u00f3\u017cnych szatach graficznych.<\/b><\/p>\n<\/section><\/div>\n<\/section>\n<section class=\"section\">\n<div class=\"item item-12\">\n<section class=\"image-item\">\n            <img decoding=\"async\" src=\"https:\/\/upload.cdn.baselinker.com\/products\/3018170\/65afb88bea9a9452d22a1dd49e33045f.png\" \/><br \/>\n        <\/section>\n<\/p><\/div>\n<\/section>\n","protected":false},"excerpt":{"rendered":"<p>Nasiona Arbuz DU\u017bE OWOCE S\u0142odki Owoc do 15 KG Arbuz Charleston Grey Citrullus lanatus Pod\u0142u\u017cna, \u015brednio-p\u00f3\u017ana odmiana arbuza kt\u00f3rego owoce dorastaj\u0105 do\u00a015 kg. Sk\u00f3rka jasnozielona (bez pask\u00f3w), mi\u0105\u017csz chrupi\u0105cy, r\u00f3\u017cowo-czerwony, s\u0142odki a\u00a0zarazem intensywnie orze\u017awiaj\u0105cy. Odmiana odporna na\u00a0antraknoz\u0119 i\u00a0wirusa mozaiki. Siew pod\u00a0os\u0142ony III-IV, lub\u00a0wprost do\u00a0gruntu w\u00a0po\u0142owie V. Wysadzanie rozsady w\u00a0drugiej po\u0142owie V. Zbi\u00f3r od\u00a0VIII do\u00a0X. Siew&#8230;<\/p>\n","protected":false},"featured_media":20225,"comment_status":"open","ping_status":"closed","template":"","meta":{"inline_featured_image":false},"product_cat":[135,162,176],"product_tag":[],"location":[],"class_list":{"0":"post-20247","1":"product","2":"type-product","3":"status-publish","4":"has-post-thumbnail","6":"product_cat-nasiona-owocowe","7":"product_cat-nasiona","8":"product_cat-nasiona-arbuza","9":"nt-post-class","10":"","13":"excerpt-none","16":"first","17":"instock","18":"shipping-taxable","19":"purchasable","20":"product-type-simple"},"_links":{"self":[{"href":"https:\/\/boskienasiona.pl\/en\/wp-json\/wp\/v2\/product\/20247","targetHints":{"allow":["GET"]}}],"collection":[{"href":"https:\/\/boskienasiona.pl\/en\/wp-json\/wp\/v2\/product"}],"about":[{"href":"https:\/\/boskienasiona.pl\/en\/wp-json\/wp\/v2\/types\/product"}],"replies":[{"embeddable":true,"href":"https:\/\/boskienasiona.pl\/en\/wp-json\/wp\/v2\/comments?post=20247"}],"version-history":[{"count":1,"href":"https:\/\/boskienasiona.pl\/en\/wp-json\/wp\/v2\/product\/20247\/revisions"}],"predecessor-version":[{"id":22313,"href":"https:\/\/boskienasiona.pl\/en\/wp-json\/wp\/v2\/product\/20247\/revisions\/22313"}],"wp:featuredmedia":[{"embeddable":true,"href":"https:\/\/boskienasiona.pl\/en\/wp-json\/wp\/v2\/media\/20225"}],"wp:attachment":[{"href":"https:\/\/boskienasiona.pl\/en\/wp-json\/wp\/v2\/media?parent=20247"}],"wp:term":[{"taxonomy":"product_cat","embeddable":true,"href":"https:\/\/boskienasiona.pl\/en\/wp-json\/wp\/v2\/product_cat?post=20247"},{"taxonomy":"product_tag","embeddable":true,"href":"https:\/\/boskienasiona.pl\/en\/wp-json\/wp\/v2\/product_tag?post=20247"},{"taxonomy":"location","embeddable":true,"href":"https:\/\/boskienasiona.pl\/en\/wp-json\/wp\/v2\/location?post=20247"}],"curies":[{"name":"wp","href":"https:\/\/api.w.org\/{rel}","templated":true}]}}