{"id":20272,"date":"2025-02-02T12:29:51","date_gmt":"2025-02-02T11:29:51","guid":{"rendered":"https:\/\/boskienasiona.pl\/product\/nasiona-kwiatow-ostrozka-trwala-bylina-na-wyzsze-rabaty\/"},"modified":"2026-04-19T14:17:47","modified_gmt":"2026-04-19T12:17:47","slug":"nasiona-kwiatow-ostrozka-trwala-bylina-na-wyzsze-rabaty","status":"publish","type":"product","link":"https:\/\/boskienasiona.pl\/en\/produkt\/nasiona-kwiatow-ostrozka-trwala-bylina-na-wyzsze-rabaty\/","title":{"rendered":"Nasiona kwiat\u00f3w OSTR\u00d3\u017bKA TRWA\u0141A Bylina na wy\u017csze rabaty"},"content":{"rendered":"<section class=\"section\">\n<div class=\"item item-12\">\n<section class=\"text-item\">\n<h1>Nasiona kwiat\u00f3w OSTR\u00d3\u017bKA TRWA\u0141A Bylina na wy\u017csze rabaty<\/h1>\n<\/section><\/div>\n<\/section>\n<section class=\"section\">\n<div class=\"item item-6\">\n<section class=\"image-item\">\n            <img decoding=\"async\" src=\"https:\/\/upload.cdn.baselinker.com\/products\/3018170\/aa7a2656857823649fd66230de0facab.png\" \/><br \/>\n        <\/section>\n<\/p><\/div>\n<div class=\"item item-6\">\n<section class=\"text-item\">\n<p>OSTR\u00d3\u017bKA TRWA\u0141A<\/p>\n<p>Delphinium cultorum<\/p>\n<p>Bylina o\u00a0wzniesionym pokroju. Kwiaty pe\u0142ne, zebrane w\u00a0bardzo d\u0142ugie, zwarte kwiatostany 70-100cm wysoko\u015bci. Wysiew nasion w\u00a0IV-VI. Wysadza\u0107 we IX. Kwitnie w\u00a0od\u00a0VI do\u00a0VIII w\u00a0nast\u0119pnym roku. Doskona\u0142a jako t\u0142o dla innych ro\u015blin, do\u00a0nasadze\u0144 w\u00a0grupach i\u00a0na\u00a0wy\u017csze rabaty.<\/p>\n<ul>\n<li><b>Wysoko\u015b\u0107:<\/b> 70-100 cm<\/li>\n<li><b>Siew:<\/b> IV-VI<\/li>\n<li><b>Kwitnienie:<\/b> VI-VIII \/ II rok<\/li>\n<li><b>Rozstawa:<\/b> 50&#215;80 cm<\/li>\n<\/ul>\n<\/section><\/div>\n<\/section>\n<section class=\"section\">\n<div class=\"item item-6\">\n<section class=\"image-item\">\n            <img decoding=\"async\" src=\"https:\/\/upload.cdn.baselinker.com\/products\/3018170\/911dc87ab35ab3519ff4a97555beac95.png\" \/><br \/>\n        <\/section>\n<\/p><\/div>\n<div class=\"item item-6\">\n<section class=\"text-item\">\n<p><b>SPRAWDZONA JAKO\u015a\u0106 NASION<\/b><\/p>\n<p>Oferowane przez nas nasiona s\u0105 testowane w <b>Laboratorium Oceny Nasion pod wzgl\u0119dem:<\/b><\/p>\n<p>\u2705<b>kie\u0142kowania<\/b><\/p>\n<p>\u2705<b>wilgotno\u015bci<\/b><\/p>\n<p>\u2705<b>czysto\u015bci ziarna<\/b><\/p>\n<p><b>Dzi\u0119ki czemu udost\u0119pniane nasiona s\u0105 \u015bci\u015ble wyselekcjonowane, tylko wysokiej klasy.<\/b><\/p>\n<p>Torebki zakupione na naszej aukcji s\u0105 w pe\u0142ni bezpieczne, posiadaj\u0105 <b>dat\u0119 wa\u017cno\u015bci i nr partii na opakowaniu.<\/b> Gwarantujemy r\u00f3wnie\u017c jako\u015b\u0107 i oryginalno\u015b\u0107 produkt\u00f3w, poniewa\u017c s\u0105 nabywane bezpo\u015brednio od producenta.<\/p>\n<\/section><\/div>\n<\/section>\n<section class=\"section\">\n<div class=\"item item-12\">\n<section class=\"image-item\">\n            <img decoding=\"async\" src=\"https:\/\/upload.cdn.baselinker.com\/products\/3018170\/25e69ac5226a43a3f52195b8fe4d6873.jpg\" \/><br \/>\n        <\/section>\n<\/p><\/div>\n<\/section>\n<section class=\"section\">\n<div class=\"item item-12\">\n<section class=\"image-item\">\n            <img decoding=\"async\" src=\"https:\/\/upload.cdn.baselinker.com\/products\/3018170\/7c92ac4ad2ceea173c116afefc5c0fd8.jpg\" \/><br \/>\n        <\/section>\n<\/p><\/div>\n<\/section>\n","protected":false},"excerpt":{"rendered":"<p>Nasiona kwiat\u00f3w OSTR\u00d3\u017bKA TRWA\u0141A Bylina na wy\u017csze rabaty OSTR\u00d3\u017bKA TRWA\u0141A Delphinium cultorum Bylina o\u00a0wzniesionym pokroju. Kwiaty pe\u0142ne, zebrane w\u00a0bardzo d\u0142ugie, zwarte kwiatostany 70-100cm wysoko\u015bci. Wysiew nasion w\u00a0IV-VI. Wysadza\u0107 we IX. Kwitnie w\u00a0od\u00a0VI do\u00a0VIII w\u00a0nast\u0119pnym roku. Doskona\u0142a jako t\u0142o dla innych ro\u015blin, do\u00a0nasadze\u0144 w\u00a0grupach i\u00a0na\u00a0wy\u017csze rabaty. Wysoko\u015b\u0107: 70-100 cm Siew: IV-VI Kwitnienie: VI-VIII \/ II rok&#8230;<\/p>\n","protected":false},"featured_media":20248,"comment_status":"open","ping_status":"closed","template":"","meta":{"inline_featured_image":false},"product_cat":[134,162,183],"product_tag":[],"location":[],"class_list":{"0":"post-20272","1":"product","2":"type-product","3":"status-publish","4":"has-post-thumbnail","6":"product_cat-nasiona-kwiatow","7":"product_cat-nasiona","8":"product_cat-nasiona-kwiatow-ogrodowych","9":"nt-post-class","10":"","13":"excerpt-none","16":"first","17":"instock","18":"shipping-taxable","19":"purchasable","20":"product-type-simple"},"_links":{"self":[{"href":"https:\/\/boskienasiona.pl\/en\/wp-json\/wp\/v2\/product\/20272","targetHints":{"allow":["GET"]}}],"collection":[{"href":"https:\/\/boskienasiona.pl\/en\/wp-json\/wp\/v2\/product"}],"about":[{"href":"https:\/\/boskienasiona.pl\/en\/wp-json\/wp\/v2\/types\/product"}],"replies":[{"embeddable":true,"href":"https:\/\/boskienasiona.pl\/en\/wp-json\/wp\/v2\/comments?post=20272"}],"version-history":[{"count":1,"href":"https:\/\/boskienasiona.pl\/en\/wp-json\/wp\/v2\/product\/20272\/revisions"}],"predecessor-version":[{"id":22544,"href":"https:\/\/boskienasiona.pl\/en\/wp-json\/wp\/v2\/product\/20272\/revisions\/22544"}],"wp:featuredmedia":[{"embeddable":true,"href":"https:\/\/boskienasiona.pl\/en\/wp-json\/wp\/v2\/media\/20248"}],"wp:attachment":[{"href":"https:\/\/boskienasiona.pl\/en\/wp-json\/wp\/v2\/media?parent=20272"}],"wp:term":[{"taxonomy":"product_cat","embeddable":true,"href":"https:\/\/boskienasiona.pl\/en\/wp-json\/wp\/v2\/product_cat?post=20272"},{"taxonomy":"product_tag","embeddable":true,"href":"https:\/\/boskienasiona.pl\/en\/wp-json\/wp\/v2\/product_tag?post=20272"},{"taxonomy":"location","embeddable":true,"href":"https:\/\/boskienasiona.pl\/en\/wp-json\/wp\/v2\/location?post=20272"}],"curies":[{"name":"wp","href":"https:\/\/api.w.org\/{rel}","templated":true}]}}