{"id":20275,"date":"2025-02-02T12:29:53","date_gmt":"2025-02-02T11:29:53","guid":{"rendered":"https:\/\/boskienasiona.pl\/product\/nasiona-arbuz-kawon-crimson-sweet-slodki-miazsz-owoce-do-15g\/"},"modified":"2026-04-19T06:16:26","modified_gmt":"2026-04-19T04:16:26","slug":"nasiona-arbuz-kawon-crimson-sweet-slodki-miazsz-owoce-do-15g","status":"publish","type":"product","link":"https:\/\/boskienasiona.pl\/en\/produkt\/nasiona-arbuz-kawon-crimson-sweet-slodki-miazsz-owoce-do-15g\/","title":{"rendered":"Nasiona ARBUZ Kawon Crimson Sweet S\u0142odki mi\u0105\u017csz Owoce do 15g"},"content":{"rendered":"<section class=\"section\">\n<div class=\"item item-12\">\n<section class=\"text-item\">\n<h1>Nasiona ARBUZ Kawon Crimson Sweet S\u0142odki mi\u0105\u017csz Owoce do 15 kg<\/h1>\n<\/section><\/div>\n<\/section>\n<section class=\"section\">\n<div class=\"item item-6\">\n<section class=\"image-item\">\n            <img decoding=\"async\" src=\"https:\/\/upload.cdn.baselinker.com\/products\/3018170\/5348984e7dc14932e1ce1e12a89e7e8a.png\" \/><br \/>\n        <\/section>\n<\/p><\/div>\n<div class=\"item item-6\">\n<section class=\"text-item\">\n<p><b>Arbuz\u00a0&#8211; Kawon Crimson Sweet<\/b><\/p>\n<p>Odmiana o\u00a0du\u017cej odporno\u015bci na\u00a0choroby i\u00a0du\u017cych owocach osi\u0105gaj\u0105cych wag\u0119 do\u00a015\u00a0kg . Sk\u00f3rka koloru jasnozielonego z\u00a0ciemnozielonymi smugami. B\u0142yszcz\u0105co czerwony mi\u0105\u017csz o\u00a0bardzo s\u0142odkim smaku zawiera du\u017co witaminy C, karotenoid\u00f3w, kwasu foliowego i\u00a0likopenu, prawie nie\u00a0ma pestek. Wymaga gleby przepuszczalnej, dobrze nagrzewaj\u0105cej si\u0119. Wysiew nasion do\u00a0ogrzewanego tunelu lub\u00a0inspektu od\u00a0II do\u00a0IV. Rozsad\u0119 wysadza\u0107 do\u00a0gruntu po\u00a015 V.<\/p>\n<ul>\n<li><b>Opakowanie:<\/b> 1<\/li>\n<li><b>Siew:<\/b> III- V<\/li>\n<li><b>Zbi\u00f3r:<\/b> VII-IX<\/li>\n<li><b>Rozstawa:<\/b> 150\u00a0cm x 100 cm<\/li>\n<\/ul>\n<\/section><\/div>\n<\/section>\n<section class=\"section\">\n<div class=\"item item-6\">\n<section class=\"image-item\">\n            <img decoding=\"async\" src=\"https:\/\/upload.cdn.baselinker.com\/products\/3018170\/91d2ae3626bd03c292829ea8d9d40c29.png\" \/><br \/>\n        <\/section>\n<\/p><\/div>\n<div class=\"item item-6\">\n<section class=\"text-item\">\n<p><b>SPRAWDZONA JAKO\u015a\u0106 NASION<\/b><\/p>\n<p>Oferowane przez nas nasiona s\u0105 testowane w\u00a0<b>Laboratorium Oceny Nasion pod wzgl\u0119dem:<\/b><\/p>\n<p>\u2705<b>kie\u0142kowania<\/b><\/p>\n<p>\u2705<b>wilgotno\u015bci<\/b><\/p>\n<p>\u2705<b>czysto\u015bci ziarna<\/b><\/p>\n<p><b>Dzi\u0119ki czemu udost\u0119pniane nasiona s\u0105 \u015bci\u015ble wyselekcjonowane, tylko wysokiej klasy.<\/b><\/p>\n<p>Torebki zakupione na naszej aukcji s\u0105 w pe\u0142ni bezpieczne, posiadaj\u0105\u00a0<b>dat\u0119 wa\u017cno\u015bci i nr partii na opakowaniu.<\/b>\u00a0Gwarantujemy r\u00f3wnie\u017c jako\u015b\u0107 i oryginalno\u015b\u0107 produkt\u00f3w, poniewa\u017c s\u0105 nabywane bezpo\u015brednio od producenta.<\/p>\n<p><b>Towar mo\u017ce wyst\u0119powa\u0107 w r\u00f3\u017cnych szatach graficznych.<\/b><\/p>\n<\/section><\/div>\n<\/section>\n<section class=\"section\">\n<div class=\"item item-12\">\n<section class=\"image-item\">\n            <img decoding=\"async\" src=\"https:\/\/upload.cdn.baselinker.com\/products\/3018170\/b4d953c58eccd671e0a1115a87f6ebb2.jpg\" \/><br \/>\n        <\/section>\n<\/p><\/div>\n<\/section>\n","protected":false},"excerpt":{"rendered":"<p>Nasiona ARBUZ Kawon Crimson Sweet S\u0142odki mi\u0105\u017csz Owoce do 15 kg Arbuz\u00a0&#8211; Kawon Crimson Sweet Odmiana o\u00a0du\u017cej odporno\u015bci na\u00a0choroby i\u00a0du\u017cych owocach osi\u0105gaj\u0105cych wag\u0119 do\u00a015\u00a0kg . Sk\u00f3rka koloru jasnozielonego z\u00a0ciemnozielonymi smugami. B\u0142yszcz\u0105co czerwony mi\u0105\u017csz o\u00a0bardzo s\u0142odkim smaku zawiera du\u017co witaminy C, karotenoid\u00f3w, kwasu foliowego i\u00a0likopenu, prawie nie\u00a0ma pestek. Wymaga gleby przepuszczalnej, dobrze nagrzewaj\u0105cej si\u0119. Wysiew nasion&#8230;<\/p>\n","protected":false},"featured_media":20250,"comment_status":"open","ping_status":"closed","template":"","meta":{"inline_featured_image":false},"product_cat":[135,162,176],"product_tag":[],"location":[],"class_list":{"0":"post-20275","1":"product","2":"type-product","3":"status-publish","4":"has-post-thumbnail","6":"product_cat-nasiona-owocowe","7":"product_cat-nasiona","8":"product_cat-nasiona-arbuza","9":"nt-post-class","10":"","13":"excerpt-none","16":"first","17":"instock","18":"shipping-taxable","19":"purchasable","20":"product-type-simple"},"_links":{"self":[{"href":"https:\/\/boskienasiona.pl\/en\/wp-json\/wp\/v2\/product\/20275","targetHints":{"allow":["GET"]}}],"collection":[{"href":"https:\/\/boskienasiona.pl\/en\/wp-json\/wp\/v2\/product"}],"about":[{"href":"https:\/\/boskienasiona.pl\/en\/wp-json\/wp\/v2\/types\/product"}],"replies":[{"embeddable":true,"href":"https:\/\/boskienasiona.pl\/en\/wp-json\/wp\/v2\/comments?post=20275"}],"version-history":[{"count":1,"href":"https:\/\/boskienasiona.pl\/en\/wp-json\/wp\/v2\/product\/20275\/revisions"}],"predecessor-version":[{"id":22312,"href":"https:\/\/boskienasiona.pl\/en\/wp-json\/wp\/v2\/product\/20275\/revisions\/22312"}],"wp:featuredmedia":[{"embeddable":true,"href":"https:\/\/boskienasiona.pl\/en\/wp-json\/wp\/v2\/media\/20250"}],"wp:attachment":[{"href":"https:\/\/boskienasiona.pl\/en\/wp-json\/wp\/v2\/media?parent=20275"}],"wp:term":[{"taxonomy":"product_cat","embeddable":true,"href":"https:\/\/boskienasiona.pl\/en\/wp-json\/wp\/v2\/product_cat?post=20275"},{"taxonomy":"product_tag","embeddable":true,"href":"https:\/\/boskienasiona.pl\/en\/wp-json\/wp\/v2\/product_tag?post=20275"},{"taxonomy":"location","embeddable":true,"href":"https:\/\/boskienasiona.pl\/en\/wp-json\/wp\/v2\/location?post=20275"}],"curies":[{"name":"wp","href":"https:\/\/api.w.org\/{rel}","templated":true}]}}