{"id":20296,"date":"2025-02-02T12:30:20","date_gmt":"2025-02-02T11:30:20","guid":{"rendered":"https:\/\/boskienasiona.pl\/product\/nasiona-arbuz-mix-odmian-arbuza\/"},"modified":"2026-04-15T22:21:37","modified_gmt":"2026-04-15T20:21:37","slug":"nasiona-arbuz-mix-odmian-arbuza","status":"publish","type":"product","link":"https:\/\/boskienasiona.pl\/en\/produkt\/nasiona-arbuz-mix-odmian-arbuza\/","title":{"rendered":"Nasiona Arbuz MIX odmian arbuza"},"content":{"rendered":"<section class=\"section\">\n<div class=\"item item-12\">\n<section class=\"text-item\">\n<h1>Nasiona Arbuz MIX odmian arbuza<\/h1>\n<\/section><\/div>\n<\/section>\n<section class=\"section\">\n<div class=\"item item-6\">\n<section class=\"image-item\">\n            <img decoding=\"async\" src=\"https:\/\/upload.cdn.baselinker.com\/products\/3018170\/e2824ef8bb5e202398a91c21d561fcc9.png\" \/><br \/>\n        <\/section>\n<\/p><\/div>\n<div class=\"item item-6\">\n<section class=\"text-item\">\n<p>Citrullus lanatus<\/p>\n<p>Unikalna mieszanka kilku odmian\u00a0<b>arbuz<\/b>\u00f3w o\u00a0zr\u00f3\u017cnicowanym kszta\u0142cie, wielko\u015bci, kolorze sk\u00f3rki i\u00a0mi\u0105\u017cszu. Owoce dojrzewaj\u0105 w\u00a0r\u00f3\u017cnym czasie od\u00a0po\u0142owy VII a\u017c do\u00a0X, dzi\u0119ki temu mo\u017cna przez d\u0142u\u017cszy czas cieszy\u0107\u00a0si\u0119 \u015bwie\u017cymi, soczystymi owocami. Wysiew do\u00a0inspektu w\u00a0III-IV, lub\u00a0bezpo\u015brednio do\u00a0gruntu w\u00a0V. Wysadzanie rozsady w\u00a0po\u0142owie V, w\u00a0rozstawie 150&#215;100 cm.<\/p>\n<p><b>\u2705Siew inspekt:<\/b> III-IV, grunt: \u00bd V, na\u00a0g\u0142\u0119boko\u015b\u0107: 1-2 cm<\/p>\n<p><b>\u2705Przesadzanie do\u00a0gruntu:<\/b> \u00bd V<\/p>\n<p><b>\u2705Rozstawa:<\/b> 150&#215;100 cm<\/p>\n<p><b>\u2705Zbi\u00f3r:<\/b> \u00bd VII-X<\/p>\n<\/section><\/div>\n<\/section>\n<section class=\"section\">\n<div class=\"item item-6\">\n<section class=\"image-item\">\n            <img decoding=\"async\" src=\"https:\/\/upload.cdn.baselinker.com\/products\/3018170\/e19059723431821dba828b7fb905d7cb.png\" \/><br \/>\n        <\/section>\n<\/p><\/div>\n<div class=\"item item-6\">\n<section class=\"text-item\">\n<p><b>SPRAWDZONA JAKO\u015a\u0106 NASION<\/b><\/p>\n<p>Oferowane przez nas nasiona s\u0105 testowane w\u00a0<b>Laboratorium Oceny Nasion pod wzgl\u0119dem:<\/b><\/p>\n<p>\u2705<b>kie\u0142kowania<\/b><\/p>\n<p>\u2705<b>wilgotno\u015bci<\/b><\/p>\n<p>\u2705<b>czysto\u015bci ziarna<\/b><\/p>\n<p><b>Dzi\u0119ki czemu udost\u0119pniane nasiona s\u0105 \u015bci\u015ble wyselekcjonowane, tylko wysokiej klasy.<\/b><\/p>\n<p>Torebki zakupione na naszej aukcji s\u0105 w pe\u0142ni bezpieczne, posiadaj\u0105\u00a0<b>dat\u0119 wa\u017cno\u015bci i nr partii na opakowaniu.<\/b>\u00a0Gwarantujemy r\u00f3wnie\u017c jako\u015b\u0107 i oryginalno\u015b\u0107 produkt\u00f3w, poniewa\u017c s\u0105 nabywane bezpo\u015brednio od producenta.<\/p>\n<p><b>Towar mo\u017ce wyst\u0119powa\u0107 w r\u00f3\u017cnych szatach graficznych.<\/b><\/p>\n<\/section><\/div>\n<\/section>\n<section class=\"section\">\n<div class=\"item item-6\">\n<section class=\"image-item\">\n            <img decoding=\"async\" src=\"https:\/\/upload.cdn.baselinker.com\/products\/3018170\/6734b80d43723a2eddfec4333bedb742.jpg\" \/><br \/>\n        <\/section>\n<\/p><\/div>\n<div class=\"item item-6\">\n<section class=\"image-item\">\n            <img decoding=\"async\" src=\"https:\/\/upload.cdn.baselinker.com\/products\/3018170\/feef5d928740e4a55d4533dfad7ec8c9.jpg\" \/><br \/>\n        <\/section>\n<\/p><\/div>\n<\/section>\n","protected":false},"excerpt":{"rendered":"<p>Nasiona Arbuz MIX odmian arbuza Citrullus lanatus Unikalna mieszanka kilku odmian\u00a0arbuz\u00f3w o\u00a0zr\u00f3\u017cnicowanym kszta\u0142cie, wielko\u015bci, kolorze sk\u00f3rki i\u00a0mi\u0105\u017cszu. Owoce dojrzewaj\u0105 w\u00a0r\u00f3\u017cnym czasie od\u00a0po\u0142owy VII a\u017c do\u00a0X, dzi\u0119ki temu mo\u017cna przez d\u0142u\u017cszy czas cieszy\u0107\u00a0si\u0119 \u015bwie\u017cymi, soczystymi owocami. Wysiew do\u00a0inspektu w\u00a0III-IV, lub\u00a0bezpo\u015brednio do\u00a0gruntu w\u00a0V. Wysadzanie rozsady w\u00a0po\u0142owie V, w\u00a0rozstawie 150&#215;100 cm. \u2705Siew inspekt: III-IV, grunt: \u00bd V, na\u00a0g\u0142\u0119boko\u015b\u0107:&#8230;<\/p>\n","protected":false},"featured_media":20278,"comment_status":"open","ping_status":"closed","template":"","meta":{"inline_featured_image":false},"product_cat":[135,162,176],"product_tag":[],"location":[],"class_list":{"0":"post-20296","1":"product","2":"type-product","3":"status-publish","4":"has-post-thumbnail","6":"product_cat-nasiona-owocowe","7":"product_cat-nasiona","8":"product_cat-nasiona-arbuza","9":"nt-post-class","10":"","13":"excerpt-none","16":"first","17":"instock","18":"shipping-taxable","19":"purchasable","20":"product-type-simple"},"_links":{"self":[{"href":"https:\/\/boskienasiona.pl\/en\/wp-json\/wp\/v2\/product\/20296","targetHints":{"allow":["GET"]}}],"collection":[{"href":"https:\/\/boskienasiona.pl\/en\/wp-json\/wp\/v2\/product"}],"about":[{"href":"https:\/\/boskienasiona.pl\/en\/wp-json\/wp\/v2\/types\/product"}],"replies":[{"embeddable":true,"href":"https:\/\/boskienasiona.pl\/en\/wp-json\/wp\/v2\/comments?post=20296"}],"version-history":[{"count":1,"href":"https:\/\/boskienasiona.pl\/en\/wp-json\/wp\/v2\/product\/20296\/revisions"}],"predecessor-version":[{"id":22311,"href":"https:\/\/boskienasiona.pl\/en\/wp-json\/wp\/v2\/product\/20296\/revisions\/22311"}],"wp:featuredmedia":[{"embeddable":true,"href":"https:\/\/boskienasiona.pl\/en\/wp-json\/wp\/v2\/media\/20278"}],"wp:attachment":[{"href":"https:\/\/boskienasiona.pl\/en\/wp-json\/wp\/v2\/media?parent=20296"}],"wp:term":[{"taxonomy":"product_cat","embeddable":true,"href":"https:\/\/boskienasiona.pl\/en\/wp-json\/wp\/v2\/product_cat?post=20296"},{"taxonomy":"product_tag","embeddable":true,"href":"https:\/\/boskienasiona.pl\/en\/wp-json\/wp\/v2\/product_tag?post=20296"},{"taxonomy":"location","embeddable":true,"href":"https:\/\/boskienasiona.pl\/en\/wp-json\/wp\/v2\/location?post=20296"}],"curies":[{"name":"wp","href":"https:\/\/api.w.org\/{rel}","templated":true}]}}