{"id":20299,"date":"2025-02-02T12:30:29","date_gmt":"2025-02-02T11:30:29","guid":{"rendered":"https:\/\/boskienasiona.pl\/product\/nasiona-kwiatow-ostrozka-ogrodowa-letnia-mix-pastelowe-kwiaty\/"},"modified":"2026-04-18T14:17:44","modified_gmt":"2026-04-18T12:17:44","slug":"nasiona-kwiatow-ostrozka-ogrodowa-letnia-mix-pastelowe-kwiaty","status":"publish","type":"product","link":"https:\/\/boskienasiona.pl\/en\/produkt\/nasiona-kwiatow-ostrozka-ogrodowa-letnia-mix-pastelowe-kwiaty\/","title":{"rendered":"Nasiona kwiat\u00f3w OSTR\u00d3\u017bKA OGRODOWA LETNIA MIX Pastelowe kwiaty"},"content":{"rendered":"<section class=\"section\">\n<div class=\"item item-12\">\n<section class=\"text-item\">\n<h1>Nasiona kwiat\u00f3w OSTR\u00d3\u017bKA OGRODOWA LETNIA MIX Pastelowe kwiaty<\/h1>\n<\/section><\/div>\n<\/section>\n<section class=\"section\">\n<div class=\"item item-6\">\n<section class=\"image-item\">\n            <img decoding=\"async\" src=\"https:\/\/upload.cdn.baselinker.com\/products\/3018170\/70cdc018e1a1ed2c3401d0d85470c85c.png\" \/><br \/>\n        <\/section>\n<\/p><\/div>\n<div class=\"item item-6\">\n<section class=\"text-item\">\n<p><b>Ostr\u00f3\u017cka\u00a0letnia mieszanka<\/b><\/p>\n<p>Delphinium Ajacis<\/p>\n<p>Ro\u015blina jednoroczna, o\u00a0kwiatach pe\u0142nych, zebranych w\u00a0g\u0119ste grona, osi\u0105gaj\u0105ca wysoko\u015b\u0107 do\u00a0100-150 cm. W\u00a0sk\u0142ad mieszanki wchodz\u0105 ro\u015bliny o\u00a0kwiatach w\u00a0pi\u0119knych pastelowych kolorach. Doskona\u0142a jako t\u0142o dla innych ro\u015blin, do\u00a0nasadze\u0144 w\u00a0grupach i\u00a0na\u00a0wy\u017csze rabaty.<\/p>\n<p>Siew nasion wiosn\u0105 III-V lub\u00a0jesieni\u0105 IX-X wprost do\u00a0gruntu. Nasiona kie\u0142kuj\u0105 po\u00a020-30 dniach. Ro\u015bliny z\u00a0siewu jesiennego s\u0105 silniejsze i\u00a0obficiej kwitn\u0105. Kwitnie VI-VIII.<\/p>\n<p><b>\u2705Siew:<\/b> III-V; IX-X<\/p>\n<p><b>\u2705Kwitnienie:<\/b> VI-VIII<\/p>\n<p><b>\u2705Rozstawa:<\/b> 50&#215;80 cm<\/p>\n<p><b>\u2705Wysoko\u015b\u0107:<\/b> 100-150 cm<\/p>\n<\/section><\/div>\n<\/section>\n<section class=\"section\">\n<div class=\"item item-6\">\n<section class=\"image-item\">\n            <img decoding=\"async\" src=\"https:\/\/upload.cdn.baselinker.com\/products\/3018170\/c465920275701703598dbe87a234cd8f.png\" \/><br \/>\n        <\/section>\n<\/p><\/div>\n<div class=\"item item-6\">\n<section class=\"text-item\">\n<p><b>SPRAWDZONA JAKO\u015a\u0106 NASION<\/b><\/p>\n<p>Oferowane przez nas nasiona s\u0105 testowane w\u00a0<b>Laboratorium Oceny Nasion pod wzgl\u0119dem:<\/b><\/p>\n<p>\u2705<b>kie\u0142kowania<\/b><\/p>\n<p>\u2705<b>wilgotno\u015bci<\/b><\/p>\n<p>\u2705<b>czysto\u015bci ziarna<\/b><\/p>\n<p><b>Dzi\u0119ki czemu udost\u0119pniane nasiona s\u0105 \u015bci\u015ble wyselekcjonowane, tylko wysokiej klasy.<\/b><\/p>\n<p>Torebki zakupione na naszej aukcji s\u0105 w pe\u0142ni bezpieczne, posiadaj\u0105\u00a0<b>dat\u0119 wa\u017cno\u015bci i nr partii na opakowaniu.<\/b>\u00a0Gwarantujemy r\u00f3wnie\u017c jako\u015b\u0107 i oryginalno\u015b\u0107 produkt\u00f3w, poniewa\u017c s\u0105 nabywane bezpo\u015brednio od producenta.<\/p>\n<\/section><\/div>\n<\/section>\n<section class=\"section\">\n<div class=\"item item-12\">\n<section class=\"image-item\">\n            <img decoding=\"async\" src=\"https:\/\/upload.cdn.baselinker.com\/products\/3018170\/90edfb65dc70c92b4e28e427c5103df7.png\" \/><br \/>\n        <\/section>\n<\/p><\/div>\n<\/section>\n<section class=\"section\">\n<div class=\"item item-12\">\n<section class=\"image-item\">\n            <img decoding=\"async\" src=\"https:\/\/upload.cdn.baselinker.com\/products\/3018170\/efd32de082e56a8dbf56b79accc7a315.png\" \/><br \/>\n        <\/section>\n<\/p><\/div>\n<\/section>\n","protected":false},"excerpt":{"rendered":"<p>Nasiona kwiat\u00f3w OSTR\u00d3\u017bKA OGRODOWA LETNIA MIX Pastelowe kwiaty Ostr\u00f3\u017cka\u00a0letnia mieszanka Delphinium Ajacis Ro\u015blina jednoroczna, o\u00a0kwiatach pe\u0142nych, zebranych w\u00a0g\u0119ste grona, osi\u0105gaj\u0105ca wysoko\u015b\u0107 do\u00a0100-150 cm. W\u00a0sk\u0142ad mieszanki wchodz\u0105 ro\u015bliny o\u00a0kwiatach w\u00a0pi\u0119knych pastelowych kolorach. Doskona\u0142a jako t\u0142o dla innych ro\u015blin, do\u00a0nasadze\u0144 w\u00a0grupach i\u00a0na\u00a0wy\u017csze rabaty. Siew nasion wiosn\u0105 III-V lub\u00a0jesieni\u0105 IX-X wprost do\u00a0gruntu. Nasiona kie\u0142kuj\u0105 po\u00a020-30 dniach. Ro\u015bliny z\u00a0siewu&#8230;<\/p>\n","protected":false},"featured_media":20276,"comment_status":"open","ping_status":"closed","template":"","meta":{"inline_featured_image":false},"product_cat":[134,162],"product_tag":[],"location":[],"class_list":{"0":"post-20299","1":"product","2":"type-product","3":"status-publish","4":"has-post-thumbnail","6":"product_cat-nasiona-kwiatow","7":"product_cat-nasiona","8":"nt-post-class","9":"","12":"excerpt-none","15":"first","16":"instock","17":"shipping-taxable","18":"purchasable","19":"product-type-simple"},"_links":{"self":[{"href":"https:\/\/boskienasiona.pl\/en\/wp-json\/wp\/v2\/product\/20299","targetHints":{"allow":["GET"]}}],"collection":[{"href":"https:\/\/boskienasiona.pl\/en\/wp-json\/wp\/v2\/product"}],"about":[{"href":"https:\/\/boskienasiona.pl\/en\/wp-json\/wp\/v2\/types\/product"}],"replies":[{"embeddable":true,"href":"https:\/\/boskienasiona.pl\/en\/wp-json\/wp\/v2\/comments?post=20299"}],"version-history":[{"count":0,"href":"https:\/\/boskienasiona.pl\/en\/wp-json\/wp\/v2\/product\/20299\/revisions"}],"wp:featuredmedia":[{"embeddable":true,"href":"https:\/\/boskienasiona.pl\/en\/wp-json\/wp\/v2\/media\/20276"}],"wp:attachment":[{"href":"https:\/\/boskienasiona.pl\/en\/wp-json\/wp\/v2\/media?parent=20299"}],"wp:term":[{"taxonomy":"product_cat","embeddable":true,"href":"https:\/\/boskienasiona.pl\/en\/wp-json\/wp\/v2\/product_cat?post=20299"},{"taxonomy":"product_tag","embeddable":true,"href":"https:\/\/boskienasiona.pl\/en\/wp-json\/wp\/v2\/product_tag?post=20299"},{"taxonomy":"location","embeddable":true,"href":"https:\/\/boskienasiona.pl\/en\/wp-json\/wp\/v2\/location?post=20299"}],"curies":[{"name":"wp","href":"https:\/\/api.w.org\/{rel}","templated":true}]}}