{"id":20312,"date":"2025-02-02T12:31:00","date_gmt":"2025-02-02T11:31:00","guid":{"rendered":"https:\/\/boskienasiona.pl\/product\/nasiona-kwiatow-kwietna-laczka-mieszanka-40-gatunkow-kwiatow-polnych\/"},"modified":"2026-04-13T22:21:38","modified_gmt":"2026-04-13T20:21:38","slug":"nasiona-kwiatow-kwietna-laczka-mieszanka-40-gatunkow-kwiatow-polnych","status":"publish","type":"product","link":"https:\/\/boskienasiona.pl\/en\/produkt\/nasiona-kwiatow-kwietna-laczka-mieszanka-40-gatunkow-kwiatow-polnych\/","title":{"rendered":"Nasiona kwiat\u00f3w KWIETNA \u0141\u0104CZKA mieszanka 40 gatunk\u00f3w kwiat\u00f3w polnych"},"content":{"rendered":"<section class=\"section\">\n<div class=\"item item-12\">\n<section class=\"text-item\">\n<h1>Nasiona kwiat\u00f3w KWIETNA \u0141\u0104CZKA mieszanka 40 gatunk\u00f3w kwiat\u00f3w polnych<\/h1>\n<\/section><\/div>\n<\/section>\n<section class=\"section\">\n<div class=\"item item-6\">\n<section class=\"image-item\">\n            <img decoding=\"async\" src=\"https:\/\/upload.cdn.baselinker.com\/products\/3018170\/51efecca6b2311d3f87c8c68334c9c9b.png\" \/><br \/>\n        <\/section>\n<\/p><\/div>\n<div class=\"item item-6\">\n<section class=\"text-item\">\n<p><b>Mieszanka kwiat\u00f3w polnych &#8211; kwietna \u0142\u0105czka<\/b><\/p>\n<p>WILDFLOWER MIXTURE<\/p>\n<p>Wyj\u0105tkowa kompozycja ma\u0142o wymagaj\u0105cych, kolorowo kwitn\u0105cych ro\u015blin\u00a0jednorocznych\u00a0i\u00a0wieloletnich. W\u00a0sk\u0142ad mieszanki wchodzi ponad 40 gatunk\u00f3w kwiat\u00f3w dziko wyst\u0119puj\u0105cych w\u00a0zbiorowiskach \u015br\u00f3dpolnych. Ta\u00a0mieszanka mo\u017ce sta\u0107\u00a0si\u0119 znakomitym dodatkiem do\u00a0traw tworz\u0105c \u0142\u0105k\u0119 kwietn\u0105. Kwiaty zosta\u0142y dobrane tak, aby cieszy\u0107 oko przez ca\u0142y okres wegetacji \u2013 od\u00a0wczesnego lata do\u00a0p\u00f3\u017anej jesieni. Wysiew nasion do\u00a0po\u0142owy III do\u00a0V, rzutowo, u\u017cywaj\u0105c oko\u0142o\u00a0 1g na\u00a0m2. Przy mieszaniu nasion z\u00a0traw\u0105 u\u017cywaj 3g mieszanki kwiat\u00f3w polnych na\u00a0100g nasion trawy.<\/p>\n<ul>\n<li><b>Wysoko\u015b\u0107:<\/b> 30-100 cm<\/li>\n<li><b>Siew:<\/b> III-V<\/li>\n<li><b>Kwitnienie:<\/b> V-X<\/li>\n<li><b>Rozstawa:<\/b> 20 x 30 cm<\/li>\n<li><b>Stanowisko:<\/b> s\u0142oneczne<\/li>\n<li><b>G\u0142\u0119oko\u015b\u0107 siewu:<\/b> 0,6 cm<\/li>\n<\/ul>\n<\/section><\/div>\n<\/section>\n<section class=\"section\">\n<div class=\"item item-6\">\n<section class=\"image-item\">\n            <img decoding=\"async\" src=\"https:\/\/upload.cdn.baselinker.com\/products\/3018170\/15a4c6568684671a589115ff39323117.png\" \/><br \/>\n        <\/section>\n<\/p><\/div>\n<div class=\"item item-6\">\n<section class=\"text-item\">\n<p><b>SPRAWDZONA JAKO\u015a\u0106 NASION<\/b><\/p>\n<p>Oferowane przez nas nasiona s\u0105 testowane w <b>Laboratorium Oceny Nasion pod wzgl\u0119dem:<\/b><\/p>\n<p>\u2705<b>kie\u0142kowania<\/b><\/p>\n<p>\u2705<b>wilgotno\u015bci<\/b><\/p>\n<p>\u2705<b>czysto\u015bci ziarna<\/b><\/p>\n<p><b>Dzi\u0119ki czemu udost\u0119pniane nasiona s\u0105 \u015bci\u015ble wyselekcjonowane, tylko wysokiej klasy.<\/b><\/p>\n<p>Torebki zakupione na naszej aukcji s\u0105 w pe\u0142ni bezpieczne, posiadaj\u0105 <b>dat\u0119 wa\u017cno\u015bci i nr partii na opakowaniu.<\/b> Gwarantujemy r\u00f3wnie\u017c jako\u015b\u0107 i oryginalno\u015b\u0107 produkt\u00f3w, poniewa\u017c s\u0105 nabywane bezpo\u015brednio od producenta.<\/p>\n<\/section><\/div>\n<\/section>\n<section class=\"section\">\n<div class=\"item item-12\">\n<section class=\"image-item\">\n            <img decoding=\"async\" src=\"https:\/\/upload.cdn.baselinker.com\/products\/3018170\/960cc68e10b1b0f2d39e947fc0eac80e.jpg\" \/><br \/>\n        <\/section>\n<\/p><\/div>\n<\/section>\n","protected":false},"excerpt":{"rendered":"<p>Nasiona kwiat\u00f3w KWIETNA \u0141\u0104CZKA mieszanka 40 gatunk\u00f3w kwiat\u00f3w polnych Mieszanka kwiat\u00f3w polnych &#8211; kwietna \u0142\u0105czka WILDFLOWER MIXTURE Wyj\u0105tkowa kompozycja ma\u0142o wymagaj\u0105cych, kolorowo kwitn\u0105cych ro\u015blin\u00a0jednorocznych\u00a0i\u00a0wieloletnich. W\u00a0sk\u0142ad mieszanki wchodzi ponad 40 gatunk\u00f3w kwiat\u00f3w dziko wyst\u0119puj\u0105cych w\u00a0zbiorowiskach \u015br\u00f3dpolnych. Ta\u00a0mieszanka mo\u017ce sta\u0107\u00a0si\u0119 znakomitym dodatkiem do\u00a0traw tworz\u0105c \u0142\u0105k\u0119 kwietn\u0105. Kwiaty zosta\u0142y dobrane tak, aby cieszy\u0107 oko przez ca\u0142y okres wegetacji&#8230;<\/p>\n","protected":false},"featured_media":20300,"comment_status":"open","ping_status":"closed","template":"","meta":{"inline_featured_image":false},"product_cat":[134,162],"product_tag":[],"location":[],"class_list":{"0":"post-20312","1":"product","2":"type-product","3":"status-publish","4":"has-post-thumbnail","6":"product_cat-nasiona-kwiatow","7":"product_cat-nasiona","8":"nt-post-class","9":"","12":"excerpt-none","15":"first","16":"instock","17":"shipping-taxable","18":"purchasable","19":"product-type-simple"},"_links":{"self":[{"href":"https:\/\/boskienasiona.pl\/en\/wp-json\/wp\/v2\/product\/20312","targetHints":{"allow":["GET"]}}],"collection":[{"href":"https:\/\/boskienasiona.pl\/en\/wp-json\/wp\/v2\/product"}],"about":[{"href":"https:\/\/boskienasiona.pl\/en\/wp-json\/wp\/v2\/types\/product"}],"replies":[{"embeddable":true,"href":"https:\/\/boskienasiona.pl\/en\/wp-json\/wp\/v2\/comments?post=20312"}],"version-history":[{"count":0,"href":"https:\/\/boskienasiona.pl\/en\/wp-json\/wp\/v2\/product\/20312\/revisions"}],"wp:featuredmedia":[{"embeddable":true,"href":"https:\/\/boskienasiona.pl\/en\/wp-json\/wp\/v2\/media\/20300"}],"wp:attachment":[{"href":"https:\/\/boskienasiona.pl\/en\/wp-json\/wp\/v2\/media?parent=20312"}],"wp:term":[{"taxonomy":"product_cat","embeddable":true,"href":"https:\/\/boskienasiona.pl\/en\/wp-json\/wp\/v2\/product_cat?post=20312"},{"taxonomy":"product_tag","embeddable":true,"href":"https:\/\/boskienasiona.pl\/en\/wp-json\/wp\/v2\/product_tag?post=20312"},{"taxonomy":"location","embeddable":true,"href":"https:\/\/boskienasiona.pl\/en\/wp-json\/wp\/v2\/location?post=20312"}],"curies":[{"name":"wp","href":"https:\/\/api.w.org\/{rel}","templated":true}]}}