{"id":20323,"date":"2025-02-02T12:31:29","date_gmt":"2025-02-02T11:31:29","guid":{"rendered":"https:\/\/boskienasiona.pl\/product\/nasiona-kwiatow-mieszanka-roslin-o-pachnacych-kwiatach\/"},"modified":"2026-04-13T22:21:40","modified_gmt":"2026-04-13T20:21:40","slug":"nasiona-kwiatow-mieszanka-roslin-o-pachnacych-kwiatach","status":"publish","type":"product","link":"https:\/\/boskienasiona.pl\/en\/produkt\/nasiona-kwiatow-mieszanka-roslin-o-pachnacych-kwiatach\/","title":{"rendered":"Nasiona kwiat\u00f3w Mieszanka ro\u015blin o pachn\u0105cych kwiatach"},"content":{"rendered":"<section class=\"section\">\n<div class=\"item item-12\">\n<section class=\"text-item\">\n<h1>Nasiona kwiat\u00f3w Mieszanka ro\u015blin o pachn\u0105cych kwiatach<\/h1>\n<\/section><\/div>\n<\/section>\n<section class=\"section\">\n<div class=\"item item-6\">\n<section class=\"image-item\">\n            <img decoding=\"async\" src=\"https:\/\/upload.cdn.baselinker.com\/products\/3018170\/f4f44b98a18be1d95cf8d8de59b28a01.png\" \/><br \/>\n        <\/section>\n<\/p><\/div>\n<div class=\"item item-6\">\n<section class=\"text-item\">\n<p><b>Mieszanka ro\u015blin O PACHN\u0104CYCH KWIATACH<\/b><\/p>\n<p>Kompozycja kilku gatunk\u00f3w miododajnych kwiat\u00f3w jednorocznych, o\u00a0pachn\u0105cych kwiatach przyci\u0105gaj\u0105cych motyle. W\u00a0sk\u0142ad mieszanki wchodz\u0105 gatunki\u00a0<b>pachn\u0105ce<\/b>\u00a0r\u00f3wnie\u017c po\u00a0zachodzie s\u0142o\u0144ca.\u00a0<b>Pachn\u0105ce<\/b>\u00a0kwiaty kwitn\u0105 wydzielaj\u0105c przyjemn\u0105 wo\u0144 od\u00a0po\u0142owy czerwca do\u00a0ko\u0144ca pa\u017adziernika. Doskona\u0142a mieszanka do\u00a0obsiewania, taras\u00f3w, altan, brzeg\u00f3w trawnika. Wysiew nasion do\u00a0inspektu w\u00a0III-IV lub\u00a0bezpo\u015brednio do\u00a0gruntu w\u00a0V.<\/p>\n<p><b>\u2705Siew:<\/b> IV-VI<\/p>\n<p><b>\u2705Kwitnienie:<\/b> VI-X<\/p>\n<p><b>\u2705Wysoko\u015b\u0107:<\/b> 30-80 cm<\/p>\n<\/section><\/div>\n<\/section>\n<section class=\"section\">\n<div class=\"item item-6\">\n<section class=\"image-item\">\n            <img decoding=\"async\" src=\"https:\/\/upload.cdn.baselinker.com\/products\/3018170\/17ff4b3658e6f60e8019218c5d0fc73a.png\" \/><br \/>\n        <\/section>\n<\/p><\/div>\n<div class=\"item item-6\">\n<section class=\"text-item\">\n<p><b>SPRAWDZONA JAKO\u015a\u0106 NASION<\/b><\/p>\n<p>Oferowane przez nas nasiona s\u0105 testowane w\u00a0<b>Laboratorium Oceny Nasion pod wzgl\u0119dem:<\/b><\/p>\n<p>\u2705<b>kie\u0142kowania<\/b><\/p>\n<p>\u2705<b>wilgotno\u015bci<\/b><\/p>\n<p>\u2705<b>czysto\u015bci ziarna<\/b><\/p>\n<p><b>Dzi\u0119ki czemu udost\u0119pniane nasiona s\u0105 \u015bci\u015ble wyselekcjonowane, tylko wysokiej klasy.<\/b><\/p>\n<p>Gwarantujemy r\u00f3wnie\u017c jako\u015b\u0107 i oryginalno\u015b\u0107 produkt\u00f3w, poniewa\u017c s\u0105 nabywane bezpo\u015brednio od producenta.<\/p>\n<\/section><\/div>\n<\/section>\n<section class=\"section\">\n<div class=\"item item-12\">\n<section class=\"image-item\">\n            <img decoding=\"async\" src=\"https:\/\/upload.cdn.baselinker.com\/products\/3018170\/471ed884144a721053da551cdb0d74c4.jpg\" \/><br \/>\n        <\/section>\n<\/p><\/div>\n<\/section>\n","protected":false},"excerpt":{"rendered":"<p>Nasiona kwiat\u00f3w Mieszanka ro\u015blin o pachn\u0105cych kwiatach Mieszanka ro\u015blin O PACHN\u0104CYCH KWIATACH Kompozycja kilku gatunk\u00f3w miododajnych kwiat\u00f3w jednorocznych, o\u00a0pachn\u0105cych kwiatach przyci\u0105gaj\u0105cych motyle. W\u00a0sk\u0142ad mieszanki wchodz\u0105 gatunki\u00a0pachn\u0105ce\u00a0r\u00f3wnie\u017c po\u00a0zachodzie s\u0142o\u0144ca.\u00a0Pachn\u0105ce\u00a0kwiaty kwitn\u0105 wydzielaj\u0105c przyjemn\u0105 wo\u0144 od\u00a0po\u0142owy czerwca do\u00a0ko\u0144ca pa\u017adziernika. Doskona\u0142a mieszanka do\u00a0obsiewania, taras\u00f3w, altan, brzeg\u00f3w trawnika. Wysiew nasion do\u00a0inspektu w\u00a0III-IV lub\u00a0bezpo\u015brednio do\u00a0gruntu w\u00a0V. \u2705Siew: IV-VI \u2705Kwitnienie: VI-X \u2705Wysoko\u015b\u0107:&#8230;<\/p>\n","protected":false},"featured_media":20313,"comment_status":"open","ping_status":"closed","template":"","meta":{"inline_featured_image":false},"product_cat":[134,162],"product_tag":[],"location":[],"class_list":{"0":"post-20323","1":"product","2":"type-product","3":"status-publish","4":"has-post-thumbnail","6":"product_cat-nasiona-kwiatow","7":"product_cat-nasiona","8":"nt-post-class","9":"","12":"excerpt-none","15":"first","16":"instock","17":"shipping-taxable","18":"purchasable","19":"product-type-simple"},"_links":{"self":[{"href":"https:\/\/boskienasiona.pl\/en\/wp-json\/wp\/v2\/product\/20323","targetHints":{"allow":["GET"]}}],"collection":[{"href":"https:\/\/boskienasiona.pl\/en\/wp-json\/wp\/v2\/product"}],"about":[{"href":"https:\/\/boskienasiona.pl\/en\/wp-json\/wp\/v2\/types\/product"}],"replies":[{"embeddable":true,"href":"https:\/\/boskienasiona.pl\/en\/wp-json\/wp\/v2\/comments?post=20323"}],"version-history":[{"count":0,"href":"https:\/\/boskienasiona.pl\/en\/wp-json\/wp\/v2\/product\/20323\/revisions"}],"wp:featuredmedia":[{"embeddable":true,"href":"https:\/\/boskienasiona.pl\/en\/wp-json\/wp\/v2\/media\/20313"}],"wp:attachment":[{"href":"https:\/\/boskienasiona.pl\/en\/wp-json\/wp\/v2\/media?parent=20323"}],"wp:term":[{"taxonomy":"product_cat","embeddable":true,"href":"https:\/\/boskienasiona.pl\/en\/wp-json\/wp\/v2\/product_cat?post=20323"},{"taxonomy":"product_tag","embeddable":true,"href":"https:\/\/boskienasiona.pl\/en\/wp-json\/wp\/v2\/product_tag?post=20323"},{"taxonomy":"location","embeddable":true,"href":"https:\/\/boskienasiona.pl\/en\/wp-json\/wp\/v2\/location?post=20323"}],"curies":[{"name":"wp","href":"https:\/\/api.w.org\/{rel}","templated":true}]}}