{"id":20332,"date":"2025-02-02T12:32:00","date_gmt":"2025-02-02T11:32:00","guid":{"rendered":"https:\/\/boskienasiona.pl\/product\/nasiona-kwiatow-mieszanka-przyciagajaca-pszczoly-pieknie-pachna-i-kwitna\/"},"modified":"2026-04-13T14:22:57","modified_gmt":"2026-04-13T12:22:57","slug":"nasiona-kwiatow-mieszanka-przyciagajaca-pszczoly-pieknie-pachna-i-kwitna","status":"publish","type":"product","link":"https:\/\/boskienasiona.pl\/en\/produkt\/nasiona-kwiatow-mieszanka-przyciagajaca-pszczoly-pieknie-pachna-i-kwitna\/","title":{"rendered":"Nasiona kwiat\u00f3w MIESZANKA PRZYCI\u0104GAJ\u0104CA PSZCZO\u0141Y pi\u0119knie pachn\u0105 i kwitn\u0105"},"content":{"rendered":"<section class=\"section\">\n<div class=\"item item-12\">\n<section class=\"text-item\">\n<h1>Nasiona kwiat\u00f3w MIESZANKA PRZYCI\u0104GAJ\u0104CA PSZCZO\u0141Y pi\u0119knie pachn\u0105 i kwitn\u0105<\/h1>\n<\/section><\/div>\n<\/section>\n<section class=\"section\">\n<div class=\"item item-6\">\n<section class=\"image-item\">\n            <img decoding=\"async\" src=\"https:\/\/upload.cdn.baselinker.com\/products\/3018170\/d72ecbaf06c6dc145b28ea2ed4248670.png\" \/><br \/>\n        <\/section>\n<\/p><\/div>\n<div class=\"item item-6\">\n<section class=\"text-item\">\n<p><b>Mieszanka ro\u015blin\u00a0przyci\u0105gaj\u0105ca\u00a0pszczo\u0142y<\/b><\/p>\n<p>Mo\u017cesz przyczyni\u0107\u00a0si\u0119 do\u00a0ochrony dzikich pszcz\u00f3\u0142 uprawiaj\u0105c ro\u015bliny d\u0142ugo i\u00a0obficie kwitn\u0105ce, zapewniaj\u0105ce po\u017cywienie pszczo\u0142\u0105, skorzystaj z\u00a0gotowej mieszanki specjalnie wyselekcjonowanych nasion. Pachn\u0105ce kwiaty kwitn\u0105 wydzielaj\u0105c przyjemn\u0105 wo\u0144 od\u00a0po\u0142owy VI do\u00a0ko\u0144ca X. Nasiona wysiewa\u0107 do\u00a0gruntu w\u00a0IV -VI rzutowo we wcze\u015bniej uprawion\u0105 ziemie mieszaj\u0105c grabiami.<\/p>\n<p><b>\u2705Wysoko\u015b\u0107: 30-60 cm<\/b><\/p>\n<p><b>\u2705Siew: IV-VI<\/b><\/p>\n<p><b>\u2705Kwitnienie: VI-X<\/b><\/p>\n<\/section><\/div>\n<\/section>\n<section class=\"section\">\n<div class=\"item item-6\">\n<section class=\"image-item\">\n            <img decoding=\"async\" src=\"https:\/\/upload.cdn.baselinker.com\/products\/3018170\/f60aa8233f04920af84b29038fc571c9.png\" \/><br \/>\n        <\/section>\n<\/p><\/div>\n<div class=\"item item-6\">\n<section class=\"text-item\">\n<p><b>SPRAWDZONA JAKO\u015a\u0106 NASION<\/b><\/p>\n<p>Oferowane przez nas nasiona s\u0105 testowane w\u00a0<b>Laboratorium Oceny Nasion pod wzgl\u0119dem:<\/b><\/p>\n<p>\u2705<b>kie\u0142kowania<\/b><\/p>\n<p>\u2705<b>wilgotno\u015bci<\/b><\/p>\n<p>\u2705<b>czysto\u015bci ziarna<\/b><\/p>\n<p><b>Dzi\u0119ki czemu udost\u0119pniane nasiona s\u0105 \u015bci\u015ble wyselekcjonowane, tylko wysokiej klasy.<\/b><\/p>\n<p>Gwarantujemy r\u00f3wnie\u017c jako\u015b\u0107 i oryginalno\u015b\u0107 produkt\u00f3w, poniewa\u017c s\u0105 nabywane bezpo\u015brednio od producenta.<\/p>\n<\/section><\/div>\n<\/section>\n<section class=\"section\">\n<div class=\"item item-12\">\n<section class=\"image-item\">\n<\/section><\/div>\n<\/section>\n","protected":false},"excerpt":{"rendered":"<p>Nasiona kwiat\u00f3w MIESZANKA PRZYCI\u0104GAJ\u0104CA PSZCZO\u0141Y pi\u0119knie pachn\u0105 i kwitn\u0105 Mieszanka ro\u015blin\u00a0przyci\u0105gaj\u0105ca\u00a0pszczo\u0142y Mo\u017cesz przyczyni\u0107\u00a0si\u0119 do\u00a0ochrony dzikich pszcz\u00f3\u0142 uprawiaj\u0105c ro\u015bliny d\u0142ugo i\u00a0obficie kwitn\u0105ce, zapewniaj\u0105ce po\u017cywienie pszczo\u0142\u0105, skorzystaj z\u00a0gotowej mieszanki specjalnie wyselekcjonowanych nasion. Pachn\u0105ce kwiaty kwitn\u0105 wydzielaj\u0105c przyjemn\u0105 wo\u0144 od\u00a0po\u0142owy VI do\u00a0ko\u0144ca X. Nasiona wysiewa\u0107 do\u00a0gruntu w\u00a0IV -VI rzutowo we wcze\u015bniej uprawion\u0105 ziemie mieszaj\u0105c grabiami. \u2705Wysoko\u015b\u0107: 30-60 cm&#8230;<\/p>\n","protected":false},"featured_media":20324,"comment_status":"open","ping_status":"closed","template":"","meta":{"inline_featured_image":false},"product_cat":[134,162],"product_tag":[],"location":[],"class_list":{"0":"post-20332","1":"product","2":"type-product","3":"status-publish","4":"has-post-thumbnail","6":"product_cat-nasiona-kwiatow","7":"product_cat-nasiona","8":"nt-post-class","9":"","12":"excerpt-none","15":"first","16":"instock","17":"shipping-taxable","18":"purchasable","19":"product-type-simple"},"_links":{"self":[{"href":"https:\/\/boskienasiona.pl\/en\/wp-json\/wp\/v2\/product\/20332","targetHints":{"allow":["GET"]}}],"collection":[{"href":"https:\/\/boskienasiona.pl\/en\/wp-json\/wp\/v2\/product"}],"about":[{"href":"https:\/\/boskienasiona.pl\/en\/wp-json\/wp\/v2\/types\/product"}],"replies":[{"embeddable":true,"href":"https:\/\/boskienasiona.pl\/en\/wp-json\/wp\/v2\/comments?post=20332"}],"version-history":[{"count":0,"href":"https:\/\/boskienasiona.pl\/en\/wp-json\/wp\/v2\/product\/20332\/revisions"}],"wp:featuredmedia":[{"embeddable":true,"href":"https:\/\/boskienasiona.pl\/en\/wp-json\/wp\/v2\/media\/20324"}],"wp:attachment":[{"href":"https:\/\/boskienasiona.pl\/en\/wp-json\/wp\/v2\/media?parent=20332"}],"wp:term":[{"taxonomy":"product_cat","embeddable":true,"href":"https:\/\/boskienasiona.pl\/en\/wp-json\/wp\/v2\/product_cat?post=20332"},{"taxonomy":"product_tag","embeddable":true,"href":"https:\/\/boskienasiona.pl\/en\/wp-json\/wp\/v2\/product_tag?post=20332"},{"taxonomy":"location","embeddable":true,"href":"https:\/\/boskienasiona.pl\/en\/wp-json\/wp\/v2\/location?post=20332"}],"curies":[{"name":"wp","href":"https:\/\/api.w.org\/{rel}","templated":true}]}}