{"id":20339,"date":"2025-02-02T12:32:19","date_gmt":"2025-02-02T11:32:19","guid":{"rendered":"https:\/\/boskienasiona.pl\/product\/nasiona-mieszanka-przyciagajaca-motyle-cynia-ostrozka-nachylek-zlocien\/"},"modified":"2026-04-17T14:20:42","modified_gmt":"2026-04-17T12:20:42","slug":"nasiona-mieszanka-przyciagajaca-motyle-cynia-ostrozka-nachylek-zlocien","status":"publish","type":"product","link":"https:\/\/boskienasiona.pl\/en\/produkt\/nasiona-mieszanka-przyciagajaca-motyle-cynia-ostrozka-nachylek-zlocien\/","title":{"rendered":"Nasiona MIESZANKA PRZYCI\u0104GAJ\u0104CA MOTYLE cynia ostr\u00f3\u017cka nachy\u0142ek z\u0142ocie\u0144"},"content":{"rendered":"<section class=\"section\">\n<div class=\"item item-12\">\n<section class=\"text-item\">\n<h1>Nasiona MIESZANKA PRZYCI\u0104GAJ\u0104CA MOTYLE cynia ostr\u00f3\u017cka nachy\u0142ek z\u0142ocie\u0144<\/h1>\n<\/section><\/div>\n<\/section>\n<section class=\"section\">\n<div class=\"item item-6\">\n<section class=\"image-item\">\n            <img decoding=\"async\" src=\"https:\/\/upload.cdn.baselinker.com\/products\/3018170\/72f6e05060c8ea12ca22f55375705550.png\" \/><br \/>\n        <\/section>\n<\/p><\/div>\n<div class=\"item item-6\">\n<section class=\"text-item\">\n<p><b>Mieszanka ro\u015blin przyci\u0105gaj\u0105ca\u00a0motyle<\/b><\/p>\n<p>Specjalna mieszanka ro\u015blin jednorocznych i\u00a0wieloletnich wabi\u0105ca\u00a0<b>motyle<\/b>, w\u00a0sk\u0142ad kt\u00f3rej wchodz\u0105 miedzy innymi: cynia, ostr\u00f3\u017cka, nachy\u0142ek, z\u0142ocie\u0144, eszolcja i\u00a0wiele innych. Kwitn\u0105ce przez ca\u0142e lato pachn\u0105ce kwiaty i\u00a0unosz\u0105ce\u00a0si\u0119 nad\u00a0nimi\u00a0<b>motyle<\/b>\u00a0tworz\u0105 wyj\u0105tkowo urokliw\u0105 kompozycj\u0119, pasuj\u0105c\u0105 do\u00a0ka\u017cdego ogrodu. Wysiew IV-VI do\u00a0gruntu w\u00a0rz\u0119dach lub\u00a0rzutowo w\u00a0r\u00f3\u017cnych miejscach ogrodu tak, aby kwitn\u0105ce p\u00f3\u017aniej kwiaty przyci\u0105ga\u0142y\u00a0<b>motyle<\/b>.<\/p>\n<p><b>\u2705Wysoko\u015b\u0107:<\/b> 30-100 cm<\/p>\n<p><b>\u2705Siew:<\/b> IV-VI<\/p>\n<p><b>\u2705Kwitnienie:<\/b> VI-X<\/p>\n<\/section><\/div>\n<\/section>\n<section class=\"section\">\n<div class=\"item item-6\">\n<section class=\"image-item\">\n            <img decoding=\"async\" src=\"https:\/\/upload.cdn.baselinker.com\/products\/3018170\/4d764b0a731cdf0bd2617eede96e4009.png\" \/><br \/>\n        <\/section>\n<\/p><\/div>\n<div class=\"item item-6\">\n<section class=\"text-item\">\n<p><b>SPRAWDZONA JAKO\u015a\u0106 NASION<\/b><\/p>\n<p>Oferowane przez nas nasiona s\u0105 testowane w\u00a0<b>Laboratorium Oceny Nasion pod wzgl\u0119dem:<\/b><\/p>\n<p>\u2705<b>kie\u0142kowania<\/b><\/p>\n<p>\u2705<b>wilgotno\u015bci<\/b><\/p>\n<p>\u2705<b>czysto\u015bci ziarna<\/b><\/p>\n<p><b>Dzi\u0119ki czemu udost\u0119pniane nasiona s\u0105 \u015bci\u015ble wyselekcjonowane, tylko wysokiej klasy.<\/b><\/p>\n<p>Torebki zakupione na naszej aukcji s\u0105 w pe\u0142ni bezpieczne, posiadaj\u0105\u00a0<b>dat\u0119 wa\u017cno\u015bci i nr partii na opakowaniu.<\/b>\u00a0Gwarantujemy r\u00f3wnie\u017c jako\u015b\u0107 i oryginalno\u015b\u0107 produkt\u00f3w, poniewa\u017c s\u0105 nabywane bezpo\u015brednio od producenta.<\/p>\n<\/section><\/div>\n<\/section>\n","protected":false},"excerpt":{"rendered":"<p>Nasiona MIESZANKA PRZYCI\u0104GAJ\u0104CA MOTYLE cynia ostr\u00f3\u017cka nachy\u0142ek z\u0142ocie\u0144 Mieszanka ro\u015blin przyci\u0105gaj\u0105ca\u00a0motyle Specjalna mieszanka ro\u015blin jednorocznych i\u00a0wieloletnich wabi\u0105ca\u00a0motyle, w\u00a0sk\u0142ad kt\u00f3rej wchodz\u0105 miedzy innymi: cynia, ostr\u00f3\u017cka, nachy\u0142ek, z\u0142ocie\u0144, eszolcja i\u00a0wiele innych. Kwitn\u0105ce przez ca\u0142e lato pachn\u0105ce kwiaty i\u00a0unosz\u0105ce\u00a0si\u0119 nad\u00a0nimi\u00a0motyle\u00a0tworz\u0105 wyj\u0105tkowo urokliw\u0105 kompozycj\u0119, pasuj\u0105c\u0105 do\u00a0ka\u017cdego ogrodu. Wysiew IV-VI do\u00a0gruntu w\u00a0rz\u0119dach lub\u00a0rzutowo w\u00a0r\u00f3\u017cnych miejscach ogrodu tak, aby kwitn\u0105ce p\u00f3\u017aniej&#8230;<\/p>\n","protected":false},"featured_media":20333,"comment_status":"open","ping_status":"closed","template":"","meta":{"inline_featured_image":false},"product_cat":[134,180,162,183],"product_tag":[],"location":[],"class_list":{"0":"post-20339","1":"product","2":"type-product","3":"status-publish","4":"has-post-thumbnail","6":"product_cat-nasiona-kwiatow","7":"product_cat-cynie-nasiona","8":"product_cat-nasiona","9":"product_cat-nasiona-kwiatow-ogrodowych","10":"nt-post-class","11":"","14":"excerpt-none","17":"first","18":"instock","19":"shipping-taxable","20":"purchasable","21":"product-type-simple"},"_links":{"self":[{"href":"https:\/\/boskienasiona.pl\/en\/wp-json\/wp\/v2\/product\/20339","targetHints":{"allow":["GET"]}}],"collection":[{"href":"https:\/\/boskienasiona.pl\/en\/wp-json\/wp\/v2\/product"}],"about":[{"href":"https:\/\/boskienasiona.pl\/en\/wp-json\/wp\/v2\/types\/product"}],"replies":[{"embeddable":true,"href":"https:\/\/boskienasiona.pl\/en\/wp-json\/wp\/v2\/comments?post=20339"}],"version-history":[{"count":1,"href":"https:\/\/boskienasiona.pl\/en\/wp-json\/wp\/v2\/product\/20339\/revisions"}],"predecessor-version":[{"id":22453,"href":"https:\/\/boskienasiona.pl\/en\/wp-json\/wp\/v2\/product\/20339\/revisions\/22453"}],"wp:featuredmedia":[{"embeddable":true,"href":"https:\/\/boskienasiona.pl\/en\/wp-json\/wp\/v2\/media\/20333"}],"wp:attachment":[{"href":"https:\/\/boskienasiona.pl\/en\/wp-json\/wp\/v2\/media?parent=20339"}],"wp:term":[{"taxonomy":"product_cat","embeddable":true,"href":"https:\/\/boskienasiona.pl\/en\/wp-json\/wp\/v2\/product_cat?post=20339"},{"taxonomy":"product_tag","embeddable":true,"href":"https:\/\/boskienasiona.pl\/en\/wp-json\/wp\/v2\/product_tag?post=20339"},{"taxonomy":"location","embeddable":true,"href":"https:\/\/boskienasiona.pl\/en\/wp-json\/wp\/v2\/location?post=20339"}],"curies":[{"name":"wp","href":"https:\/\/api.w.org\/{rel}","templated":true}]}}