{"id":20354,"date":"2025-02-02T12:34:25","date_gmt":"2025-02-02T11:34:25","guid":{"rendered":"https:\/\/boskienasiona.pl\/product\/nasiona-ziol-bazylia-mix-doskonala-do-dan-kuchni-wloskiej\/"},"modified":"2026-04-19T14:17:48","modified_gmt":"2026-04-19T12:17:48","slug":"nasiona-ziol-bazylia-mix-doskonala-do-dan-kuchni-wloskiej","status":"publish","type":"product","link":"https:\/\/boskienasiona.pl\/en\/produkt\/nasiona-ziol-bazylia-mix-doskonala-do-dan-kuchni-wloskiej\/","title":{"rendered":"Nasiona zi\u00f3\u0142 Bazylia MIX doskona\u0142a do da\u0144 kuchni w\u0142oskiej"},"content":{"rendered":"<section class=\"section\">\n<div class=\"item item-12\">\n<section class=\"text-item\">\n<h1>Nasiona zi\u00f3\u0142 Bazylia MIX doskona\u0142a do da\u0144 kuchni w\u0142oskiej<\/h1>\n<\/section><\/div>\n<\/section>\n<section class=\"section\">\n<div class=\"item item-6\">\n<section class=\"image-item\">\n            <img decoding=\"async\" src=\"https:\/\/upload.cdn.baselinker.com\/products\/3018170\/f864ff5b3040f8e0741a75f79bdae64b.png\" \/><br \/>\n        <\/section>\n<\/p><\/div>\n<div class=\"item item-6\">\n<section class=\"text-item\">\n<p><b>Bazylia MIX<\/b><\/p>\n<p>Mieszanka kilku aromatycznych odmian bazylii r\u00f3\u017cni\u0105cych si\u0119 aromatem, kszta\u0142tem i ubarwieniem li\u015bci. Bardzo \u0142atwa w uprawie, mo\u017cna j\u0105 sadzi\u0107 bezpo\u015brednio do gruntu w maju lub do donic np. na balkon od marca do kwietnia. Li\u015bcie bazylii mo\u017cna dodawa\u0107 do potraw na surowo lub suszone. Idealnie sprawdz\u0105 si\u0119 do da\u0144 kuchni w\u0142oskiej, ale r\u00f3wnie\u017c jako przyprawy do mi\u0119s, zup i sa\u0142atek. Preferuje wilgotne, s\u0142oneczne, i os\u0142oni\u0119te stanowisko.<\/p>\n<\/section><\/div>\n<\/section>\n<section class=\"section\">\n<div class=\"item item-6\">\n<section class=\"image-item\">\n            <img decoding=\"async\" src=\"https:\/\/upload.cdn.baselinker.com\/products\/3018170\/047da50791d52c7bc4cfd1f3af629141.png\" \/><br \/>\n        <\/section>\n<\/p><\/div>\n<div class=\"item item-6\">\n<section class=\"text-item\">\n<p><b>SPRAWDZONA JAKO\u015a\u0106 NASION<\/b><\/p>\n<p>Oferowane przez nas nasiona s\u0105 testowane w <b>Laboratorium Oceny Nasion pod wzgl\u0119dem:<\/b><\/p>\n<p>\u2705<b>kie\u0142kowania<\/b><\/p>\n<p>\u2705<b>wilgotno\u015bci<\/b><\/p>\n<p>\u2705<b>czysto\u015bci ziarna<\/b><\/p>\n<p><b>Dzi\u0119ki czemu udost\u0119pniane nasiona s\u0105 \u015bci\u015ble wyselekcjonowane, tylko wysokiej klasy.<\/b><\/p>\n<p>Torebki zakupione na naszej aukcji s\u0105 w pe\u0142ni bezpieczne, posiadaj\u0105 <b>dat\u0119 wa\u017cno\u015bci i nr partii na opakowaniu.<\/b> Gwarantujemy r\u00f3wnie\u017c jako\u015b\u0107 i oryginalno\u015b\u0107 produkt\u00f3w, poniewa\u017c s\u0105 nabywane bezpo\u015brednio od producenta.<\/p>\n<\/section><\/div>\n<\/section>\n<section class=\"section\">\n<div class=\"item item-6\">\n<section class=\"image-item\">\n            <img decoding=\"async\" src=\"https:\/\/upload.cdn.baselinker.com\/products\/3018170\/0d676578c02ebb3a2a2765c274e873ed.jpg\" \/><br \/>\n        <\/section>\n<\/p><\/div>\n<div class=\"item item-6\">\n<section class=\"image-item\">\n            <img decoding=\"async\" src=\"https:\/\/upload.cdn.baselinker.com\/products\/3018170\/62e5ed655dc5eb2d8a7e3aca68fbcb01.jpg\" \/><br \/>\n        <\/section>\n<\/p><\/div>\n<\/section>\n<section class=\"section\">\n<div class=\"item item-6\">\n<section class=\"image-item\">\n            <img decoding=\"async\" src=\"https:\/\/upload.cdn.baselinker.com\/products\/3018170\/516380168dd73116b2e21500e358a24c.jpg\" \/><br \/>\n        <\/section>\n<\/p><\/div>\n<div class=\"item item-6\">\n<section class=\"image-item\">\n            <img decoding=\"async\" src=\"https:\/\/upload.cdn.baselinker.com\/products\/3018170\/09dc17c0207cd7f5a25f017ed9184ebe.jpg\" \/><br \/>\n        <\/section>\n<\/p><\/div>\n<\/section>\n<section class=\"section\">\n<div class=\"item item-12\">\n<section class=\"image-item\">\n            <img decoding=\"async\" src=\"https:\/\/upload.cdn.baselinker.com\/products\/3018170\/255ad231966403fab61f2676b6d16966.jpg\" \/><br \/>\n        <\/section>\n<\/p><\/div>\n<\/section>\n","protected":false},"excerpt":{"rendered":"<p>Nasiona zi\u00f3\u0142 Bazylia MIX doskona\u0142a do da\u0144 kuchni w\u0142oskiej Bazylia MIX Mieszanka kilku aromatycznych odmian bazylii r\u00f3\u017cni\u0105cych si\u0119 aromatem, kszta\u0142tem i ubarwieniem li\u015bci. Bardzo \u0142atwa w uprawie, mo\u017cna j\u0105 sadzi\u0107 bezpo\u015brednio do gruntu w maju lub do donic np. na balkon od marca do kwietnia. Li\u015bcie bazylii mo\u017cna dodawa\u0107 do potraw na surowo lub suszone&#8230;.<\/p>\n","protected":false},"featured_media":20340,"comment_status":"open","ping_status":"closed","template":"","meta":{"inline_featured_image":false},"product_cat":[128,162,192],"product_tag":[],"location":[],"class_list":{"0":"post-20354","1":"product","2":"type-product","3":"status-publish","4":"has-post-thumbnail","6":"product_cat-nasiona-ziol","7":"product_cat-nasiona","8":"product_cat-nasiona-bazylii","9":"nt-post-class","10":"","13":"excerpt-none","16":"first","17":"instock","18":"shipping-taxable","19":"purchasable","20":"product-type-simple"},"_links":{"self":[{"href":"https:\/\/boskienasiona.pl\/en\/wp-json\/wp\/v2\/product\/20354","targetHints":{"allow":["GET"]}}],"collection":[{"href":"https:\/\/boskienasiona.pl\/en\/wp-json\/wp\/v2\/product"}],"about":[{"href":"https:\/\/boskienasiona.pl\/en\/wp-json\/wp\/v2\/types\/product"}],"replies":[{"embeddable":true,"href":"https:\/\/boskienasiona.pl\/en\/wp-json\/wp\/v2\/comments?post=20354"}],"version-history":[{"count":1,"href":"https:\/\/boskienasiona.pl\/en\/wp-json\/wp\/v2\/product\/20354\/revisions"}],"predecessor-version":[{"id":22679,"href":"https:\/\/boskienasiona.pl\/en\/wp-json\/wp\/v2\/product\/20354\/revisions\/22679"}],"wp:featuredmedia":[{"embeddable":true,"href":"https:\/\/boskienasiona.pl\/en\/wp-json\/wp\/v2\/media\/20340"}],"wp:attachment":[{"href":"https:\/\/boskienasiona.pl\/en\/wp-json\/wp\/v2\/media?parent=20354"}],"wp:term":[{"taxonomy":"product_cat","embeddable":true,"href":"https:\/\/boskienasiona.pl\/en\/wp-json\/wp\/v2\/product_cat?post=20354"},{"taxonomy":"product_tag","embeddable":true,"href":"https:\/\/boskienasiona.pl\/en\/wp-json\/wp\/v2\/product_tag?post=20354"},{"taxonomy":"location","embeddable":true,"href":"https:\/\/boskienasiona.pl\/en\/wp-json\/wp\/v2\/location?post=20354"}],"curies":[{"name":"wp","href":"https:\/\/api.w.org\/{rel}","templated":true}]}}