{"id":20363,"date":"2025-02-02T12:34:50","date_gmt":"2025-02-02T11:34:50","guid":{"rendered":"https:\/\/boskienasiona.pl\/product\/nasiona-ziol-bazylia-czerwona-do-calorocznej-uprawy\/"},"modified":"2026-04-18T06:16:14","modified_gmt":"2026-04-18T04:16:14","slug":"nasiona-ziol-bazylia-czerwona-do-calorocznej-uprawy","status":"publish","type":"product","link":"https:\/\/boskienasiona.pl\/en\/produkt\/nasiona-ziol-bazylia-czerwona-do-calorocznej-uprawy\/","title":{"rendered":"Nasiona Zi\u00f3\u0142 Bazylia czerwona do ca\u0142orocznej uprawy"},"content":{"rendered":"<section class=\"section\">\n<div class=\"item item-12\">\n<section class=\"text-item\">\n<h1>Nasiona Zi\u00f3\u0142 Bazylia czerwona do ca\u0142orocznej uprawy<\/h1>\n<\/section><\/div>\n<\/section>\n<section class=\"section\">\n<div class=\"item item-6\">\n<section class=\"image-item\">\n            <img decoding=\"async\" src=\"https:\/\/upload.cdn.baselinker.com\/products\/3018170\/e4b126f950bf28f3c51759349bfa06b6.png\" \/><br \/>\n        <\/section>\n<\/p><\/div>\n<div class=\"item item-6\">\n<section class=\"text-item\">\n<p><b>Bazylia Czerwona<\/b><\/p>\n<p>Ro\u015blina jednoroczna wysoko\u015bci 30-40\u00a0cm o\u00a0aromatycznych dekoracyjnych ciemnopurpurowych li\u015bciach i\u00a0r\u00f3\u017cowych kwiatach . Nadaje\u00a0si\u0119 do\u00a0ca\u0142orocznej uprawy w\u00a0doniczkach na\u00a0parapecie okiennym. Zastosowanie: \u015awie\u017ce lub\u00a0suszone li\u015bcie dodaje\u00a0si\u0119 do\u00a0sa\u0142atek, sos\u00f3w, twarogu, zapiekanek, potraw mi\u0119snych i\u00a0ryb. Dzia\u0142a przeciwdepresyjnie i\u00a0dodaje si\u0142.<\/p>\n<ul>\n<li><b>Siew:<\/b> III &#8211; VI<\/li>\n<li><b>Zbi\u00f3r:<\/b> VII &#8211; IX<\/li>\n<li><b>Rozstawa:<\/b> 25-30x25cm<\/li>\n<\/ul>\n<\/section><\/div>\n<\/section>\n<section class=\"section\">\n<div class=\"item item-6\">\n<section class=\"image-item\">\n            <img decoding=\"async\" src=\"https:\/\/upload.cdn.baselinker.com\/products\/3018170\/791bdafbc755cb40d86f2de167028c13.png\" \/><br \/>\n        <\/section>\n<\/p><\/div>\n<div class=\"item item-6\">\n<section class=\"text-item\">\n<p><b>SPRAWDZONA JAKO\u015a\u0106 NASION<\/b><\/p>\n<p>Oferowane przez nas nasiona s\u0105 testowane w\u00a0<b>Laboratorium Oceny Nasion pod wzgl\u0119dem:<\/b><\/p>\n<p>\u2705<b>kie\u0142kowania<\/b><\/p>\n<p>\u2705<b>wilgotno\u015bci<\/b><\/p>\n<p>\u2705<b>czysto\u015bci ziarna<\/b><\/p>\n<p><b>Dzi\u0119ki czemu udost\u0119pniane nasiona s\u0105 \u015bci\u015ble wyselekcjonowane, tylko wysokiej klasy.<\/b><\/p>\n<p>Torebki zakupione na naszej aukcji s\u0105 w pe\u0142ni bezpieczne, posiadaj\u0105\u00a0<b>dat\u0119 wa\u017cno\u015bci i nr partii na opakowaniu.<\/b>\u00a0Gwarantujemy r\u00f3wnie\u017c jako\u015b\u0107 i oryginalno\u015b\u0107 produkt\u00f3w, poniewa\u017c s\u0105 nabywane bezpo\u015brednio od producenta.<\/p>\n<\/section><\/div>\n<\/section>\n","protected":false},"excerpt":{"rendered":"<p>Nasiona Zi\u00f3\u0142 Bazylia czerwona do ca\u0142orocznej uprawy Bazylia Czerwona Ro\u015blina jednoroczna wysoko\u015bci 30-40\u00a0cm o\u00a0aromatycznych dekoracyjnych ciemnopurpurowych li\u015bciach i\u00a0r\u00f3\u017cowych kwiatach . Nadaje\u00a0si\u0119 do\u00a0ca\u0142orocznej uprawy w\u00a0doniczkach na\u00a0parapecie okiennym. Zastosowanie: \u015awie\u017ce lub\u00a0suszone li\u015bcie dodaje\u00a0si\u0119 do\u00a0sa\u0142atek, sos\u00f3w, twarogu, zapiekanek, potraw mi\u0119snych i\u00a0ryb. Dzia\u0142a przeciwdepresyjnie i\u00a0dodaje si\u0142. Siew: III &#8211; VI Zbi\u00f3r: VII &#8211; IX Rozstawa: 25-30x25cm SPRAWDZONA JAKO\u015a\u0106 NASION&#8230;<\/p>\n","protected":false},"featured_media":20355,"comment_status":"open","ping_status":"closed","template":"","meta":{"inline_featured_image":false},"product_cat":[128,162,192],"product_tag":[],"location":[],"class_list":{"0":"post-20363","1":"product","2":"type-product","3":"status-publish","4":"has-post-thumbnail","6":"product_cat-nasiona-ziol","7":"product_cat-nasiona","8":"product_cat-nasiona-bazylii","9":"nt-post-class","10":"","13":"excerpt-none","16":"first","17":"instock","18":"shipping-taxable","19":"purchasable","20":"product-type-simple"},"_links":{"self":[{"href":"https:\/\/boskienasiona.pl\/en\/wp-json\/wp\/v2\/product\/20363","targetHints":{"allow":["GET"]}}],"collection":[{"href":"https:\/\/boskienasiona.pl\/en\/wp-json\/wp\/v2\/product"}],"about":[{"href":"https:\/\/boskienasiona.pl\/en\/wp-json\/wp\/v2\/types\/product"}],"replies":[{"embeddable":true,"href":"https:\/\/boskienasiona.pl\/en\/wp-json\/wp\/v2\/comments?post=20363"}],"version-history":[{"count":1,"href":"https:\/\/boskienasiona.pl\/en\/wp-json\/wp\/v2\/product\/20363\/revisions"}],"predecessor-version":[{"id":22678,"href":"https:\/\/boskienasiona.pl\/en\/wp-json\/wp\/v2\/product\/20363\/revisions\/22678"}],"wp:featuredmedia":[{"embeddable":true,"href":"https:\/\/boskienasiona.pl\/en\/wp-json\/wp\/v2\/media\/20355"}],"wp:attachment":[{"href":"https:\/\/boskienasiona.pl\/en\/wp-json\/wp\/v2\/media?parent=20363"}],"wp:term":[{"taxonomy":"product_cat","embeddable":true,"href":"https:\/\/boskienasiona.pl\/en\/wp-json\/wp\/v2\/product_cat?post=20363"},{"taxonomy":"product_tag","embeddable":true,"href":"https:\/\/boskienasiona.pl\/en\/wp-json\/wp\/v2\/product_tag?post=20363"},{"taxonomy":"location","embeddable":true,"href":"https:\/\/boskienasiona.pl\/en\/wp-json\/wp\/v2\/location?post=20363"}],"curies":[{"name":"wp","href":"https:\/\/api.w.org\/{rel}","templated":true}]}}