{"id":20378,"date":"2025-02-02T12:35:12","date_gmt":"2025-02-02T11:35:12","guid":{"rendered":"https:\/\/boskienasiona.pl\/product\/nasiona-warzyw-kapusta-glowista-biala-ditmarska-najwczesniejsza\/"},"modified":"2026-04-19T14:17:49","modified_gmt":"2026-04-19T12:17:49","slug":"nasiona-warzyw-kapusta-glowista-biala-ditmarska-najwczesniejsza","status":"publish","type":"product","link":"https:\/\/boskienasiona.pl\/en\/produkt\/nasiona-warzyw-kapusta-glowista-biala-ditmarska-najwczesniejsza\/","title":{"rendered":"Nasiona warzyw Kapusta G\u0142owista bia\u0142a Ditmarska Najwcze\u015bniejsza"},"content":{"rendered":"<section class=\"section\">\n<div class=\"item item-12\">\n<section class=\"text-item\">\n<h1>Nasiona warzyw Kapusta G\u0142owista bia\u0142a Ditmarska Najwcze\u015bniejsza<\/h1>\n<\/section><\/div>\n<\/section>\n<section class=\"section\">\n<div class=\"item item-6\">\n<section class=\"image-item\">\n            <img decoding=\"async\" src=\"https:\/\/upload.cdn.baselinker.com\/products\/3018170\/acc2e5229017c69ebe23394c0b0fe505.png\" \/><br \/>\n        <\/section>\n<\/p><\/div>\n<div class=\"item item-6\">\n<section class=\"text-item\">\n<p><b>Kapusta\u00a0g\u0142. bia\u0142a Ditmarska Najwcze\u015bniejsza<\/b><\/p>\n<p>Odmiana bardzo wczesna. Tworzy kuliste g\u0142\u00f3wki o\u00a0masie 1,2-1,5 kg. Wysiew nasion od\u00a0po\u0142owy II-IV w\u00a0szklarni lub\u00a0do\u00a0ciep\u0142ego inspektu. Rozsad\u0119 sadzimy na\u00a0miejsce sta\u0142e w\u00a0po\u0142owie IV. Przy produkcji pod\u00a0foli\u0105 rozsad\u0119 sadzimy na\u00a0miejsce sta\u0142e pod\u00a0koniec marca. Polecana do\u00a0bezpo\u015bredniego spo\u017cycia. Okres wegetacji 50-55 dni.<\/p>\n<ul>\n<li><b>Siew:<\/b> po\u0142owa II-IV<\/li>\n<li><b>Zbi\u00f3r:<\/b> VI- VII<\/li>\n<li><b>Rozstawa:<\/b> 60 x 50-60 cm<\/li>\n<\/ul>\n<\/section><\/div>\n<\/section>\n<section class=\"section\">\n<div class=\"item item-6\">\n<section class=\"image-item\">\n            <img decoding=\"async\" src=\"https:\/\/upload.cdn.baselinker.com\/products\/3018170\/de0bb0f2180dd0664d277e2946189530.png\" \/><br \/>\n        <\/section>\n<\/p><\/div>\n<div class=\"item item-6\">\n<section class=\"text-item\">\n<p><b>SPRAWDZONA JAKO\u015a\u0106 NASION<\/b><\/p>\n<p>Oferowane przez nas nasiona s\u0105 testowane w <b>Laboratorium Oceny Nasion pod wzgl\u0119dem:<\/b><\/p>\n<p>\u2705<b>kie\u0142kowania<\/b><\/p>\n<p>\u2705<b>wilgotno\u015bci<\/b><\/p>\n<p>\u2705<b>czysto\u015bci ziarna<\/b><\/p>\n<p><b>Dzi\u0119ki czemu udost\u0119pniane nasiona s\u0105 \u015bci\u015ble wyselekcjonowane, tylko wysokiej klasy.<\/b><\/p>\n<p>Torebki zakupione na naszej aukcji s\u0105 w pe\u0142ni bezpieczne, posiadaj\u0105 <b>dat\u0119 wa\u017cno\u015bci i nr partii na opakowaniu.<\/b> Gwarantujemy r\u00f3wnie\u017c jako\u015b\u0107 i oryginalno\u015b\u0107 produkt\u00f3w, poniewa\u017c s\u0105 nabywane bezpo\u015brednio od producenta.<\/p>\n<\/section><\/div>\n<\/section>\n<section class=\"section\">\n<div class=\"item item-12\">\n<section class=\"image-item\">\n            <img decoding=\"async\" src=\"https:\/\/upload.cdn.baselinker.com\/products\/3018170\/f28215125e34ece3dfab6ee8277ab9bc.jpg\" \/><br \/>\n        <\/section>\n<\/p><\/div>\n<\/section>\n","protected":false},"excerpt":{"rendered":"<p>Nasiona warzyw Kapusta G\u0142owista bia\u0142a Ditmarska Najwcze\u015bniejsza Kapusta\u00a0g\u0142. bia\u0142a Ditmarska Najwcze\u015bniejsza Odmiana bardzo wczesna. Tworzy kuliste g\u0142\u00f3wki o\u00a0masie 1,2-1,5 kg. Wysiew nasion od\u00a0po\u0142owy II-IV w\u00a0szklarni lub\u00a0do\u00a0ciep\u0142ego inspektu. Rozsad\u0119 sadzimy na\u00a0miejsce sta\u0142e w\u00a0po\u0142owie IV. Przy produkcji pod\u00a0foli\u0105 rozsad\u0119 sadzimy na\u00a0miejsce sta\u0142e pod\u00a0koniec marca. Polecana do\u00a0bezpo\u015bredniego spo\u017cycia. Okres wegetacji 50-55 dni. Siew: po\u0142owa II-IV Zbi\u00f3r: VI- VII&#8230;<\/p>\n","protected":false},"featured_media":20366,"comment_status":"open","ping_status":"closed","template":"","meta":{"inline_featured_image":false},"product_cat":[126,162],"product_tag":[],"location":[],"class_list":{"0":"post-20378","1":"product","2":"type-product","3":"status-publish","4":"has-post-thumbnail","6":"product_cat-nasiona-warzyw","7":"product_cat-nasiona","8":"nt-post-class","9":"","12":"excerpt-none","15":"first","16":"instock","17":"shipping-taxable","18":"purchasable","19":"product-type-simple"},"_links":{"self":[{"href":"https:\/\/boskienasiona.pl\/en\/wp-json\/wp\/v2\/product\/20378","targetHints":{"allow":["GET"]}}],"collection":[{"href":"https:\/\/boskienasiona.pl\/en\/wp-json\/wp\/v2\/product"}],"about":[{"href":"https:\/\/boskienasiona.pl\/en\/wp-json\/wp\/v2\/types\/product"}],"replies":[{"embeddable":true,"href":"https:\/\/boskienasiona.pl\/en\/wp-json\/wp\/v2\/comments?post=20378"}],"version-history":[{"count":0,"href":"https:\/\/boskienasiona.pl\/en\/wp-json\/wp\/v2\/product\/20378\/revisions"}],"wp:featuredmedia":[{"embeddable":true,"href":"https:\/\/boskienasiona.pl\/en\/wp-json\/wp\/v2\/media\/20366"}],"wp:attachment":[{"href":"https:\/\/boskienasiona.pl\/en\/wp-json\/wp\/v2\/media?parent=20378"}],"wp:term":[{"taxonomy":"product_cat","embeddable":true,"href":"https:\/\/boskienasiona.pl\/en\/wp-json\/wp\/v2\/product_cat?post=20378"},{"taxonomy":"product_tag","embeddable":true,"href":"https:\/\/boskienasiona.pl\/en\/wp-json\/wp\/v2\/product_tag?post=20378"},{"taxonomy":"location","embeddable":true,"href":"https:\/\/boskienasiona.pl\/en\/wp-json\/wp\/v2\/location?post=20378"}],"curies":[{"name":"wp","href":"https:\/\/api.w.org\/{rel}","templated":true}]}}