{"id":20400,"date":"2025-02-02T12:35:36","date_gmt":"2025-02-02T11:35:36","guid":{"rendered":"https:\/\/boskienasiona.pl\/product\/nasiona-warzyw-bob-karmazyn-30g\/"},"modified":"2026-04-16T22:20:34","modified_gmt":"2026-04-16T20:20:34","slug":"nasiona-warzyw-bob-karmazyn-30g","status":"publish","type":"product","link":"https:\/\/boskienasiona.pl\/en\/produkt\/nasiona-warzyw-bob-karmazyn-30g\/","title":{"rendered":"Nasiona warzyw B\u00f3b Karmazyn 30g"},"content":{"rendered":"<section class=\"section\">\n<div class=\"item item-12\">\n<section class=\"text-item\">\n<h1>Nasiona warzyw B\u00f3b Karmazyn 30g<\/h1>\n<\/section><\/div>\n<\/section>\n<section class=\"section\">\n<div class=\"item item-6\">\n<section class=\"image-item\">\n            <img decoding=\"async\" src=\"https:\/\/upload.cdn.baselinker.com\/products\/3018170\/e49953bb4518e001e3f9c1e511533bd3.png\" \/><br \/>\n        <\/section>\n<\/p><\/div>\n<div class=\"item item-6\">\n<section class=\"text-item\">\n<p><b>B\u00f3b Karmazyn<\/b><\/p>\n<p>Vicia faba L. var. major<\/p>\n<p>Odmiana \u015brednio wczesna, (okres weg. 80-90 dni), bardzo plenna o\u00a0r\u00f3wnomiernie dojrzewaj\u0105cych str\u0105kach \u015bredniej d\u0142ugo\u015bci zawieraj\u0105cych 3-5 du\u017cych nasion barwy karminowo-czerwonej. Odmiana ta\u00a0charakteryzuje\u00a0si\u0119 du\u017cymi walorami smakowymi i\u00a0\u0142atwo\u015b\u0107 pozyskiwania nasion ze str\u0105k\u00f3w. Nasiona nale\u017cy wysiewa\u0107 na\u00a0g\u0142\u0119boko\u015b\u0107 4-6\u00a0cm jak najwcze\u015bniej na\u00a0wiosn\u0119 III-V, w\u00a0rz\u0119dy co 40-60\u00a0cm i\u00a0w\u00a0rz\u0119dzie kupowo po\u00a02-3 nasiona co 20 cm. Wymaga gleby ci\u0119\u017cszej, \u017cyznej, zasobnej w\u00a0wilgo\u0107.<\/p>\n<ul>\n<li><b>Siew:<\/b> III- V<\/li>\n<li><b>Zbi\u00f3r:<\/b> VI-VIII<\/li>\n<li><b>Rozstawa:<\/b> 40-60 x 20 cm<\/li>\n<\/ul>\n<\/section><\/div>\n<\/section>\n<section class=\"section\">\n<div class=\"item item-6\">\n<section class=\"image-item\">\n            <img decoding=\"async\" src=\"https:\/\/upload.cdn.baselinker.com\/products\/3018170\/548d939486f1f0f127417f351fc1fc43.png\" \/><br \/>\n        <\/section>\n<\/p><\/div>\n<div class=\"item item-6\">\n<section class=\"text-item\">\n<p><b>SPRAWDZONA JAKO\u015a\u0106 NASION<\/b><\/p>\n<p>Oferowane przez nas nasiona s\u0105 testowane w <b>Laboratorium Oceny Nasion pod wzgl\u0119dem:<\/b><\/p>\n<p>\u2705<b>kie\u0142kowania<\/b><\/p>\n<p>\u2705<b>wilgotno\u015bci<\/b><\/p>\n<p>\u2705<b>czysto\u015bci ziarna<\/b><\/p>\n<p><b>Dzi\u0119ki czemu udost\u0119pniane nasiona s\u0105 \u015bci\u015ble wyselekcjonowane, tylko wysokiej klasy.<\/b><\/p>\n<p>Torebki zakupione na naszej aukcji s\u0105 w pe\u0142ni bezpieczne, posiadaj\u0105 <b>dat\u0119 wa\u017cno\u015bci i nr partii na opakowaniu.<\/b> Gwarantujemy r\u00f3wnie\u017c jako\u015b\u0107 i oryginalno\u015b\u0107 produkt\u00f3w, poniewa\u017c s\u0105 nabywane bezpo\u015brednio od producenta.<\/p>\n<\/section><\/div>\n<\/section>\n","protected":false},"excerpt":{"rendered":"<p>Nasiona warzyw B\u00f3b Karmazyn 30g B\u00f3b Karmazyn Vicia faba L. var. major Odmiana \u015brednio wczesna, (okres weg. 80-90 dni), bardzo plenna o\u00a0r\u00f3wnomiernie dojrzewaj\u0105cych str\u0105kach \u015bredniej d\u0142ugo\u015bci zawieraj\u0105cych 3-5 du\u017cych nasion barwy karminowo-czerwonej. Odmiana ta\u00a0charakteryzuje\u00a0si\u0119 du\u017cymi walorami smakowymi i\u00a0\u0142atwo\u015b\u0107 pozyskiwania nasion ze str\u0105k\u00f3w. Nasiona nale\u017cy wysiewa\u0107 na\u00a0g\u0142\u0119boko\u015b\u0107 4-6\u00a0cm jak najwcze\u015bniej na\u00a0wiosn\u0119 III-V, w\u00a0rz\u0119dy co 40-60\u00a0cm i\u00a0w\u00a0rz\u0119dzie&#8230;<\/p>\n","protected":false},"featured_media":20381,"comment_status":"open","ping_status":"closed","template":"","meta":{"inline_featured_image":false},"product_cat":[126,162],"product_tag":[],"location":[],"class_list":{"0":"post-20400","1":"product","2":"type-product","3":"status-publish","4":"has-post-thumbnail","6":"product_cat-nasiona-warzyw","7":"product_cat-nasiona","8":"nt-post-class","9":"","12":"excerpt-none","15":"first","16":"instock","17":"shipping-taxable","18":"purchasable","19":"product-type-simple"},"_links":{"self":[{"href":"https:\/\/boskienasiona.pl\/en\/wp-json\/wp\/v2\/product\/20400","targetHints":{"allow":["GET"]}}],"collection":[{"href":"https:\/\/boskienasiona.pl\/en\/wp-json\/wp\/v2\/product"}],"about":[{"href":"https:\/\/boskienasiona.pl\/en\/wp-json\/wp\/v2\/types\/product"}],"replies":[{"embeddable":true,"href":"https:\/\/boskienasiona.pl\/en\/wp-json\/wp\/v2\/comments?post=20400"}],"version-history":[{"count":0,"href":"https:\/\/boskienasiona.pl\/en\/wp-json\/wp\/v2\/product\/20400\/revisions"}],"wp:featuredmedia":[{"embeddable":true,"href":"https:\/\/boskienasiona.pl\/en\/wp-json\/wp\/v2\/media\/20381"}],"wp:attachment":[{"href":"https:\/\/boskienasiona.pl\/en\/wp-json\/wp\/v2\/media?parent=20400"}],"wp:term":[{"taxonomy":"product_cat","embeddable":true,"href":"https:\/\/boskienasiona.pl\/en\/wp-json\/wp\/v2\/product_cat?post=20400"},{"taxonomy":"product_tag","embeddable":true,"href":"https:\/\/boskienasiona.pl\/en\/wp-json\/wp\/v2\/product_tag?post=20400"},{"taxonomy":"location","embeddable":true,"href":"https:\/\/boskienasiona.pl\/en\/wp-json\/wp\/v2\/location?post=20400"}],"curies":[{"name":"wp","href":"https:\/\/api.w.org\/{rel}","templated":true}]}}