{"id":20415,"date":"2025-02-02T12:36:07","date_gmt":"2025-02-02T11:36:07","guid":{"rendered":"https:\/\/boskienasiona.pl\/product\/nasiona-ziol-bazylia-wlasciwa-doskonaly-dodatek-potraw-miesnych-ryb-i-pizzy\/"},"modified":"2026-04-19T14:17:51","modified_gmt":"2026-04-19T12:17:51","slug":"nasiona-ziol-bazylia-wlasciwa-doskonaly-dodatek-potraw-miesnych-ryb-i-pizzy","status":"publish","type":"product","link":"https:\/\/boskienasiona.pl\/en\/produkt\/nasiona-ziol-bazylia-wlasciwa-doskonaly-dodatek-potraw-miesnych-ryb-i-pizzy\/","title":{"rendered":"Nasiona Zi\u00f3\u0142 Bazylia w\u0142a\u015bciwa doskona\u0142y dodatek potraw mi\u0119snych ryb i pizzy"},"content":{"rendered":"<section class=\"section\">\n<div class=\"item item-12\">\n<section class=\"text-item\">\n<h1>Nasiona Zi\u00f3\u0142 Bazylia w\u0142a\u015bciwa doskona\u0142y dodatek potraw mi\u0119snych ryb i pizzy<\/h1>\n<\/section><\/div>\n<\/section>\n<section class=\"section\">\n<div class=\"item item-6\">\n<section class=\"image-item\">\n            <img decoding=\"async\" src=\"https:\/\/upload.cdn.baselinker.com\/products\/3018170\/beb253b9e794a6a15f946e6b4d2926dd.png\" \/><br \/>\n        <\/section>\n<\/p><\/div>\n<div class=\"item item-6\">\n<section class=\"text-item\">\n<p><b>Bazylia w\u0142a\u015bciwa<\/b><\/p>\n<p>Ro\u015blina jednoroczna o\u00a0aromatycznych dekoracyjnych li\u015bciach. Polecana do\u00a0sa\u0142atek, ciep\u0142ych potraw &#8211; szczeg\u00f3lnie kuchni w\u0142oskiej, twarogu.<\/p>\n<p>Doskona\u0142y dodatek do\u00a0zapiekanek, potraw mi\u0119snych i\u00a0ryb. Dzia\u0142a przeciwdepresyjnie i\u00a0dodaje si\u0142. Wysiew III-IV do\u00a0pojemnik\u00f3w.<\/p>\n<p>Wysadza\u0107 po\u00a015 V na\u00a0os\u0142oni\u0119te, nas\u0142onecznione miejsce.<\/p>\n<ul>\n<li><b>Siew:<\/b> III &#8211; VI<\/li>\n<li><b>Zbi\u00f3r:<\/b> VI &#8211; IX<\/li>\n<li><b>Rozstawa:<\/b> 25x30cm<\/li>\n<\/ul>\n<\/section><\/div>\n<\/section>\n<section class=\"section\">\n<div class=\"item item-6\">\n<section class=\"image-item\">\n            <img decoding=\"async\" src=\"https:\/\/upload.cdn.baselinker.com\/products\/3018170\/90fb83b9eebdbc05ae5e496056b2603d.png\" \/><br \/>\n        <\/section>\n<\/p><\/div>\n<div class=\"item item-6\">\n<section class=\"text-item\">\n<p><b>SPRAWDZONA JAKO\u015a\u0106 NASION<\/b><\/p>\n<p>Oferowane przez nas nasiona s\u0105 testowane w\u00a0<b>Laboratorium Oceny Nasion pod wzgl\u0119dem:<\/b><\/p>\n<p>\u2705<b>kie\u0142kowania<\/b><\/p>\n<p>\u2705<b>wilgotno\u015bci<\/b><\/p>\n<p>\u2705<b>czysto\u015bci ziarna<\/b><\/p>\n<p><b>Dzi\u0119ki czemu udost\u0119pniane nasiona s\u0105 \u015bci\u015ble wyselekcjonowane, tylko wysokiej klasy.<\/b><\/p>\n<p>Torebki zakupione na naszej aukcji s\u0105 w pe\u0142ni bezpieczne, posiadaj\u0105\u00a0<b>dat\u0119 wa\u017cno\u015bci i nr partii na opakowaniu.<\/b>\u00a0Gwarantujemy r\u00f3wnie\u017c jako\u015b\u0107 i oryginalno\u015b\u0107 produkt\u00f3w, poniewa\u017c s\u0105 nabywane bezpo\u015brednio od producenta.<\/p>\n<\/section><\/div>\n<\/section>\n<section class=\"section\">\n<div class=\"item item-12\">\n<section class=\"image-item\">\n            <img decoding=\"async\" src=\"https:\/\/upload.cdn.baselinker.com\/products\/3018170\/f0d3154815ae5465ac7b846625f0a543.jpg\" \/><br \/>\n        <\/section>\n<\/p><\/div>\n<\/section>\n<section class=\"section\">\n<div class=\"item item-12\">\n<section class=\"image-item\">\n            <img decoding=\"async\" src=\"https:\/\/upload.cdn.baselinker.com\/products\/3018170\/319618942fcaaedc78c6ab953e2bacbf.jpg\" \/><br \/>\n        <\/section>\n<\/p><\/div>\n<\/section>\n","protected":false},"excerpt":{"rendered":"<p>Nasiona Zi\u00f3\u0142 Bazylia w\u0142a\u015bciwa doskona\u0142y dodatek potraw mi\u0119snych ryb i pizzy Bazylia w\u0142a\u015bciwa Ro\u015blina jednoroczna o\u00a0aromatycznych dekoracyjnych li\u015bciach. Polecana do\u00a0sa\u0142atek, ciep\u0142ych potraw &#8211; szczeg\u00f3lnie kuchni w\u0142oskiej, twarogu. Doskona\u0142y dodatek do\u00a0zapiekanek, potraw mi\u0119snych i\u00a0ryb. Dzia\u0142a przeciwdepresyjnie i\u00a0dodaje si\u0142. Wysiew III-IV do\u00a0pojemnik\u00f3w. Wysadza\u0107 po\u00a015 V na\u00a0os\u0142oni\u0119te, nas\u0142onecznione miejsce. Siew: III &#8211; VI Zbi\u00f3r: VI &#8211; IX Rozstawa:&#8230;<\/p>\n","protected":false},"featured_media":20401,"comment_status":"open","ping_status":"closed","template":"","meta":{"inline_featured_image":false},"product_cat":[128,162,192],"product_tag":[],"location":[],"class_list":{"0":"post-20415","1":"product","2":"type-product","3":"status-publish","4":"has-post-thumbnail","6":"product_cat-nasiona-ziol","7":"product_cat-nasiona","8":"product_cat-nasiona-bazylii","9":"nt-post-class","10":"","13":"excerpt-none","16":"first","17":"instock","18":"shipping-taxable","19":"purchasable","20":"product-type-simple"},"_links":{"self":[{"href":"https:\/\/boskienasiona.pl\/en\/wp-json\/wp\/v2\/product\/20415","targetHints":{"allow":["GET"]}}],"collection":[{"href":"https:\/\/boskienasiona.pl\/en\/wp-json\/wp\/v2\/product"}],"about":[{"href":"https:\/\/boskienasiona.pl\/en\/wp-json\/wp\/v2\/types\/product"}],"replies":[{"embeddable":true,"href":"https:\/\/boskienasiona.pl\/en\/wp-json\/wp\/v2\/comments?post=20415"}],"version-history":[{"count":1,"href":"https:\/\/boskienasiona.pl\/en\/wp-json\/wp\/v2\/product\/20415\/revisions"}],"predecessor-version":[{"id":22676,"href":"https:\/\/boskienasiona.pl\/en\/wp-json\/wp\/v2\/product\/20415\/revisions\/22676"}],"wp:featuredmedia":[{"embeddable":true,"href":"https:\/\/boskienasiona.pl\/en\/wp-json\/wp\/v2\/media\/20401"}],"wp:attachment":[{"href":"https:\/\/boskienasiona.pl\/en\/wp-json\/wp\/v2\/media?parent=20415"}],"wp:term":[{"taxonomy":"product_cat","embeddable":true,"href":"https:\/\/boskienasiona.pl\/en\/wp-json\/wp\/v2\/product_cat?post=20415"},{"taxonomy":"product_tag","embeddable":true,"href":"https:\/\/boskienasiona.pl\/en\/wp-json\/wp\/v2\/product_tag?post=20415"},{"taxonomy":"location","embeddable":true,"href":"https:\/\/boskienasiona.pl\/en\/wp-json\/wp\/v2\/location?post=20415"}],"curies":[{"name":"wp","href":"https:\/\/api.w.org\/{rel}","templated":true}]}}