{"id":20426,"date":"2025-02-02T12:36:36","date_gmt":"2025-02-02T11:36:36","guid":{"rendered":"https:\/\/boskienasiona.pl\/product\/nasiona-ziol-bazylia-cynamonowa-o-przyjemnym-zapachu-i-aromatycznym-smaku\/"},"modified":"2026-04-17T14:20:48","modified_gmt":"2026-04-17T12:20:48","slug":"nasiona-ziol-bazylia-cynamonowa-o-przyjemnym-zapachu-i-aromatycznym-smaku","status":"publish","type":"product","link":"https:\/\/boskienasiona.pl\/en\/produkt\/nasiona-ziol-bazylia-cynamonowa-o-przyjemnym-zapachu-i-aromatycznym-smaku\/","title":{"rendered":"Nasiona zi\u00f3\u0142 Bazylia cynamonowa o przyjemnym zapachu i aromatycznym smaku"},"content":{"rendered":"<section class=\"section\">\n<div class=\"item item-12\">\n<section class=\"text-item\">\n<h1>Nasiona zi\u00f3\u0142 Bazylia cynamonowa o przyjemnym zapachu i aromatycznym smaku\u00a0<\/h1>\n<\/section><\/div>\n<\/section>\n<section class=\"section\">\n<div class=\"item item-6\">\n<section class=\"image-item\">\n            <img decoding=\"async\" src=\"https:\/\/upload.cdn.baselinker.com\/products\/3018170\/aa34447e7e1bc451bc2c3277f066cf37.png\" \/><br \/>\n        <\/section>\n<\/p><\/div>\n<div class=\"item item-6\">\n<section class=\"text-item\">\n<p><b>Bazylia cynamonowa<\/b><\/p>\n<p>Ocimum basilicum Cinnamon<\/p>\n<p>Ro\u015blina jednoroczna, przyprawowa, wysoko\u015bci ok. 50\u00a0cm o\u00a0przyjemnym cynamonowym zapachu li\u015bci. \u015awie\u017ce lub\u00a0suszone li\u015bcie dodaje\u00a0si\u0119 do\u00a0sa\u0142atek warzywnych i\u00a0owocowych, ciast sos\u00f3w, ser\u00f3w, zapiekanek potraw mi\u0119snych i\u00a0ryb. Nadaje\u00a0si\u0119 do\u00a0ca\u0142orocznej uprawy w\u00a0doniczkach na\u00a0parapecie okiennym. Bazylia u\u0142atwia trawienie, a\u00a0napar \u0142agodzi kaszel, jest stosowana jako lek przeciw biegunce. Dzia\u0142a przeciwdepresyjnie i\u00a0dodaje si\u0142. Wysiew nasion na\u00a0prze\u0142omie III-IV do\u00a0skrzynek lub\u00a0wprost do\u00a0gruntu po\u00a015 maja.<\/p>\n<ul>\n<li><b>Wysoko\u015b\u0107:<\/b> 50cm<\/li>\n<li><b>Siew:<\/b> III &#8211; VI<\/li>\n<li><b>Zbi\u00f3r:<\/b> VI &#8211; IX<\/li>\n<li><b>Rozstawa:<\/b> 25x30cm<\/li>\n<\/ul>\n<\/section><\/div>\n<\/section>\n<section class=\"section\">\n<div class=\"item item-6\">\n<section class=\"image-item\">\n            <img decoding=\"async\" src=\"https:\/\/upload.cdn.baselinker.com\/products\/3018170\/4632353a3d90e0af5e2d4f6e92d9f94d.png\" \/><br \/>\n        <\/section>\n<\/p><\/div>\n<div class=\"item item-6\">\n<section class=\"text-item\">\n<p><b>SPRAWDZONA JAKO\u015a\u0106 NASION<\/b><\/p>\n<p>Oferowane przez nas nasiona s\u0105 testowane w\u00a0<b>Laboratorium Oceny Nasion pod wzgl\u0119dem:<\/b><\/p>\n<p>\u2705<b>kie\u0142kowania<\/b><\/p>\n<p>\u2705<b>wilgotno\u015bci<\/b><\/p>\n<p>\u2705<b>czysto\u015bci ziarna<\/b><\/p>\n<p><b>Dzi\u0119ki czemu udost\u0119pniane nasiona s\u0105 \u015bci\u015ble wyselekcjonowane, tylko wysokiej klasy.<\/b><\/p>\n<p>Torebki zakupione na naszej aukcji s\u0105 w pe\u0142ni bezpieczne, posiadaj\u0105\u00a0<b>dat\u0119 wa\u017cno\u015bci i nr partii na opakowaniu.<\/b>\u00a0Gwarantujemy r\u00f3wnie\u017c jako\u015b\u0107 i oryginalno\u015b\u0107 produkt\u00f3w, poniewa\u017c s\u0105 nabywane bezpo\u015brednio od producenta.<\/p>\n<\/section><\/div>\n<\/section>\n<section class=\"section\">\n<div class=\"item item-12\">\n<section class=\"image-item\">\n            <img decoding=\"async\" src=\"https:\/\/upload.cdn.baselinker.com\/products\/3018170\/e3b970782f70445498f814c98c354a82.jpg\" \/><br \/>\n        <\/section>\n<\/p><\/div>\n<\/section>\n<section class=\"section\">\n<div class=\"item item-12\">\n<section class=\"image-item\">\n            <img decoding=\"async\" src=\"https:\/\/upload.cdn.baselinker.com\/products\/3018170\/74933579db676efd334806a731bc24d6.jpg\" \/><br \/>\n        <\/section>\n<\/p><\/div>\n<\/section>\n","protected":false},"excerpt":{"rendered":"<p>Nasiona zi\u00f3\u0142 Bazylia cynamonowa o przyjemnym zapachu i aromatycznym smaku\u00a0 Bazylia cynamonowa Ocimum basilicum Cinnamon Ro\u015blina jednoroczna, przyprawowa, wysoko\u015bci ok. 50\u00a0cm o\u00a0przyjemnym cynamonowym zapachu li\u015bci. \u015awie\u017ce lub\u00a0suszone li\u015bcie dodaje\u00a0si\u0119 do\u00a0sa\u0142atek warzywnych i\u00a0owocowych, ciast sos\u00f3w, ser\u00f3w, zapiekanek potraw mi\u0119snych i\u00a0ryb. Nadaje\u00a0si\u0119 do\u00a0ca\u0142orocznej uprawy w\u00a0doniczkach na\u00a0parapecie okiennym. Bazylia u\u0142atwia trawienie, a\u00a0napar \u0142agodzi kaszel, jest stosowana jako lek&#8230;<\/p>\n","protected":false},"featured_media":20416,"comment_status":"open","ping_status":"closed","template":"","meta":{"inline_featured_image":false},"product_cat":[128,162,192],"product_tag":[],"location":[],"class_list":{"0":"post-20426","1":"product","2":"type-product","3":"status-publish","4":"has-post-thumbnail","6":"product_cat-nasiona-ziol","7":"product_cat-nasiona","8":"product_cat-nasiona-bazylii","9":"nt-post-class","10":"","13":"excerpt-none","16":"first","17":"instock","18":"shipping-taxable","19":"purchasable","20":"product-type-simple"},"_links":{"self":[{"href":"https:\/\/boskienasiona.pl\/en\/wp-json\/wp\/v2\/product\/20426","targetHints":{"allow":["GET"]}}],"collection":[{"href":"https:\/\/boskienasiona.pl\/en\/wp-json\/wp\/v2\/product"}],"about":[{"href":"https:\/\/boskienasiona.pl\/en\/wp-json\/wp\/v2\/types\/product"}],"replies":[{"embeddable":true,"href":"https:\/\/boskienasiona.pl\/en\/wp-json\/wp\/v2\/comments?post=20426"}],"version-history":[{"count":1,"href":"https:\/\/boskienasiona.pl\/en\/wp-json\/wp\/v2\/product\/20426\/revisions"}],"predecessor-version":[{"id":22675,"href":"https:\/\/boskienasiona.pl\/en\/wp-json\/wp\/v2\/product\/20426\/revisions\/22675"}],"wp:featuredmedia":[{"embeddable":true,"href":"https:\/\/boskienasiona.pl\/en\/wp-json\/wp\/v2\/media\/20416"}],"wp:attachment":[{"href":"https:\/\/boskienasiona.pl\/en\/wp-json\/wp\/v2\/media?parent=20426"}],"wp:term":[{"taxonomy":"product_cat","embeddable":true,"href":"https:\/\/boskienasiona.pl\/en\/wp-json\/wp\/v2\/product_cat?post=20426"},{"taxonomy":"product_tag","embeddable":true,"href":"https:\/\/boskienasiona.pl\/en\/wp-json\/wp\/v2\/product_tag?post=20426"},{"taxonomy":"location","embeddable":true,"href":"https:\/\/boskienasiona.pl\/en\/wp-json\/wp\/v2\/location?post=20426"}],"curies":[{"name":"wp","href":"https:\/\/api.w.org\/{rel}","templated":true}]}}