{"id":20437,"date":"2025-02-02T12:36:57","date_gmt":"2025-02-02T11:36:57","guid":{"rendered":"https:\/\/boskienasiona.pl\/product\/nasiona-ziol-bazylia-cytrynowa-aromatyczna\/"},"modified":"2026-04-18T06:16:15","modified_gmt":"2026-04-18T04:16:15","slug":"nasiona-ziol-bazylia-cytrynowa-aromatyczna","status":"publish","type":"product","link":"https:\/\/boskienasiona.pl\/en\/produkt\/nasiona-ziol-bazylia-cytrynowa-aromatyczna\/","title":{"rendered":"Nasiona zi\u00f3\u0142 Bazylia cytrynowa aromatyczna"},"content":{"rendered":"<section class=\"section\">\n<div class=\"item item-12\">\n<section class=\"text-item\">\n<h1>Nasiona zi\u00f3\u0142 Bazylia cytrynowa delikatny cytrynowy aromat<\/h1>\n<\/section><\/div>\n<\/section>\n<section class=\"section\">\n<div class=\"item item-6\">\n<section class=\"image-item\"><img decoding=\"async\" src=\"https:\/\/upload.cdn.baselinker.com\/products\/3018170\/27b4ad0bc49111d70f698e6bcd945191.jpg\" \/><\/section>\n<\/p><\/div>\n<div class=\"item item-6\">\n<section class=\"text-item\">\n<p><b>Bazylia cytrynowa<\/b><\/p>\n<p>Ocimum basilicum<\/p>\n<p>Ro\u015blina jednoroczna wysoko\u015bci ok. 50&nbsp;cm wytwarzaj\u0105ca li\u015bci o&nbsp;delikatnym cytrynowym aromacie. Nadaj\u0119&nbsp;si\u0119 do&nbsp;ca\u0142orocznej uprawy w&nbsp;doniczkach na&nbsp;parapecie okiennym.<\/p>\n<p>Wysiew nasion na&nbsp;prze\u0142omie III-IV do&nbsp;skrzynek lub&nbsp;wprost do&nbsp;gruntu po&nbsp;15 maja. \u015awie\u017ce lub&nbsp;suszone li\u015bcie dodaje&nbsp;si\u0119 do&nbsp;sa\u0142atek, sos\u00f3w, twarogu, zapiekanek, potraw mi\u0119snych i&nbsp;ryb. U\u0142atwia trawienie. Dzia\u0142a przeciwdepresyjnie i&nbsp;dodaje si\u0142.<\/p>\n<ul>\n<li><b>Siew:<\/b> III &#8211; VI<\/li>\n<li><b>Zbi\u00f3r:<\/b> VI &#8211; IX<\/li>\n<li><b>Rozstawa:<\/b> 25x30cm<\/li>\n<\/ul>\n<\/section><\/div>\n<\/section>\n<section class=\"section\">\n<div class=\"item item-6\">\n<section class=\"image-item\"><img decoding=\"async\" src=\"https:\/\/upload.cdn.baselinker.com\/products\/3018170\/009b406e7f8bd00b16cc0e09e8d84e3d.jpg\" \/><\/section>\n<\/p><\/div>\n<div class=\"item item-6\">\n<section class=\"text-item\">\n<p><b>SPRAWDZONA JAKO\u015a\u0106 NASION<\/b><\/p>\n<p>Oferowane przez nas nasiona s\u0105 testowane w\u00a0<b>Laboratorium Oceny Nasion pod wzgl\u0119dem:<\/b><\/p>\n<p>\u2705<b>kie\u0142kowania<\/b><\/p>\n<p>\u2705<b>wilgotno\u015bci<\/b><\/p>\n<p>\u2705<b>czysto\u015bci ziarna<\/b><\/p>\n<p><b>Dzi\u0119ki czemu udost\u0119pniane nasiona s\u0105 \u015bci\u015ble wyselekcjonowane, tylko wysokiej klasy.<\/b><\/p>\n<p>Torebki zakupione na naszej aukcji s\u0105 w pe\u0142ni bezpieczne, posiadaj\u0105\u00a0<b>dat\u0119 wa\u017cno\u015bci i nr partii na opakowaniu.<\/b>\u00a0Gwarantujemy r\u00f3wnie\u017c jako\u015b\u0107 i oryginalno\u015b\u0107 produkt\u00f3w, poniewa\u017c s\u0105 nabywane bezpo\u015brednio od producenta.<\/p>\n<\/section><\/div>\n<\/section>\n<section class=\"section\">\n<div class=\"item item-12\">\n<section class=\"image-item\"><img decoding=\"async\" src=\"https:\/\/upload.cdn.baselinker.com\/products\/3018170\/dd7b9cfac0e070656f4b6a21d85f128d.jpg\" \/><\/section>\n<\/p><\/div>\n<\/section>\n<section class=\"section\">\n<div class=\"item item-12\">\n<section class=\"image-item\"><img decoding=\"async\" src=\"https:\/\/upload.cdn.baselinker.com\/products\/3018170\/c8513ccbfb6a75d3aa332b4fccd3dcf6.jpg\" \/><\/section>\n<\/p><\/div>\n<\/section>\n","protected":false},"excerpt":{"rendered":"<p>Nasiona zi\u00f3\u0142 Bazylia cytrynowa delikatny cytrynowy aromat Bazylia cytrynowa Ocimum basilicum Ro\u015blina jednoroczna wysoko\u015bci ok. 50&nbsp;cm wytwarzaj\u0105ca li\u015bci o&nbsp;delikatnym cytrynowym aromacie. Nadaj\u0119&nbsp;si\u0119 do&nbsp;ca\u0142orocznej uprawy w&nbsp;doniczkach na&nbsp;parapecie okiennym. Wysiew nasion na&nbsp;prze\u0142omie III-IV do&nbsp;skrzynek lub&nbsp;wprost do&nbsp;gruntu po&nbsp;15 maja. \u015awie\u017ce lub&nbsp;suszone li\u015bcie dodaje&nbsp;si\u0119 do&nbsp;sa\u0142atek, sos\u00f3w, twarogu, zapiekanek, potraw mi\u0119snych i&nbsp;ryb. U\u0142atwia trawienie. Dzia\u0142a przeciwdepresyjnie i&nbsp;dodaje si\u0142. Siew: III&#8230;<\/p>\n","protected":false},"featured_media":20427,"comment_status":"open","ping_status":"closed","template":"","meta":{"inline_featured_image":false},"product_cat":[128,162,192],"product_tag":[],"location":[],"class_list":{"0":"post-20437","1":"product","2":"type-product","3":"status-publish","4":"has-post-thumbnail","6":"product_cat-nasiona-ziol","7":"product_cat-nasiona","8":"product_cat-nasiona-bazylii","9":"nt-post-class","10":"","13":"excerpt-none","16":"first","17":"instock","18":"shipping-taxable","19":"purchasable","20":"product-type-simple"},"_links":{"self":[{"href":"https:\/\/boskienasiona.pl\/en\/wp-json\/wp\/v2\/product\/20437","targetHints":{"allow":["GET"]}}],"collection":[{"href":"https:\/\/boskienasiona.pl\/en\/wp-json\/wp\/v2\/product"}],"about":[{"href":"https:\/\/boskienasiona.pl\/en\/wp-json\/wp\/v2\/types\/product"}],"replies":[{"embeddable":true,"href":"https:\/\/boskienasiona.pl\/en\/wp-json\/wp\/v2\/comments?post=20437"}],"version-history":[{"count":1,"href":"https:\/\/boskienasiona.pl\/en\/wp-json\/wp\/v2\/product\/20437\/revisions"}],"predecessor-version":[{"id":22674,"href":"https:\/\/boskienasiona.pl\/en\/wp-json\/wp\/v2\/product\/20437\/revisions\/22674"}],"wp:featuredmedia":[{"embeddable":true,"href":"https:\/\/boskienasiona.pl\/en\/wp-json\/wp\/v2\/media\/20427"}],"wp:attachment":[{"href":"https:\/\/boskienasiona.pl\/en\/wp-json\/wp\/v2\/media?parent=20437"}],"wp:term":[{"taxonomy":"product_cat","embeddable":true,"href":"https:\/\/boskienasiona.pl\/en\/wp-json\/wp\/v2\/product_cat?post=20437"},{"taxonomy":"product_tag","embeddable":true,"href":"https:\/\/boskienasiona.pl\/en\/wp-json\/wp\/v2\/product_tag?post=20437"},{"taxonomy":"location","embeddable":true,"href":"https:\/\/boskienasiona.pl\/en\/wp-json\/wp\/v2\/location?post=20437"}],"curies":[{"name":"wp","href":"https:\/\/api.w.org\/{rel}","templated":true}]}}