{"id":20440,"date":"2025-02-02T12:42:02","date_gmt":"2025-02-02T11:42:02","guid":{"rendered":"https:\/\/boskienasiona.pl\/product\/nasiona-ziol-biedrzeniec-anyz\/"},"modified":"2026-03-02T01:21:22","modified_gmt":"2026-03-02T00:21:22","slug":"nasiona-ziol-biedrzeniec-anyz","status":"publish","type":"product","link":"https:\/\/boskienasiona.pl\/en\/produkt\/nasiona-ziol-biedrzeniec-anyz\/","title":{"rendered":"Nasiona Zi\u00f3\u0142 Biedrzeniec ANY\u017b"},"content":{"rendered":"<section class=\"section\">\n<div class=\"item item-6\">\n<section class=\"image-item\">\n            <img decoding=\"async\" src=\"https:\/\/upload.cdn.baselinker.com\/products\/3018170\/76156f195dea24afee79486ef6a21518.jpg\" \/><br \/>\n        <\/section>\n<\/p><\/div>\n<div class=\"item item-6\">\n<section class=\"text-item\">\n<h1>Biedrzeniec Any\u017c<\/h1>\n<p>Pimpinella anisum<\/p>\n<p>Ro\u015blina jednoroczna o\u00a0swoistym aromacie. Wysoko\u015b\u0107 30-40cm. Kwitnie od\u00a0VII do\u00a0VIII.<\/p>\n<p>Nasiona wysiewa\u0107 do\u00a0gruntu pod\u00a0koniec IV, na\u00a0g\u0142\u0119boko\u015b\u0107 1cm. S\u0142odkie, aromatyczne nasiona maj\u0105 zastosowanie jako przyprawa w\u00a0przemy\u015ble alkoholowym i\u00a0jako dodatek do\u00a0ciast. Herbata lub\u00a0napar z\u00a0nasion \u0142agodz\u0105 kaszel i\u00a0lecz\u0105 niedomagania \u017co\u0142\u0105dka.<\/p>\n<ul>\n<li><b>Siew:<\/b> po\u0142owa IV-VI<\/li>\n<li><b>Zbi\u00f3r:<\/b> po\u0142owa VII-X<\/li>\n<li><b>Rozstawa:<\/b> 30x30cm<\/li>\n<\/ul>\n<\/section><\/div>\n<\/section>\n<section class=\"section\">\n<div class=\"item item-12\">\n<section class=\"text-item\">\n<p><b>SPRAWDZONA JAKO\u015a\u0106 NASION<\/b><\/p>\n<p>Oferowane przez nas nasiona s\u0105 testowane w <b>Laboratorium Oceny Nasion pod wzgl\u0119dem:<\/b><\/p>\n<p>\u2705<b>kie\u0142kowania<\/b><\/p>\n<p>\u2705<b>wilgotno\u015bci<\/b><\/p>\n<p>\u2705<b>czysto\u015bci ziarna<\/b><\/p>\n<p><b>Dzi\u0119ki czemu udost\u0119pniane nasiona s\u0105 \u015bci\u015ble wyselekcjonowane, tylko wysokiej klasy.<\/b><\/p>\n<p>Torebki zakupione na naszej aukcji s\u0105 w pe\u0142ni bezpieczne, posiadaj\u0105 <b>dat\u0119 wa\u017cno\u015bci i nr partii na opakowaniu.<\/b> Gwarantujemy r\u00f3wnie\u017c jako\u015b\u0107 i oryginalno\u015b\u0107 produkt\u00f3w, poniewa\u017c s\u0105 nabywane bezpo\u015brednio od producenta.<\/p>\n<\/section><\/div>\n<\/section>\n","protected":false},"excerpt":{"rendered":"<p>Biedrzeniec Any\u017c Pimpinella anisum Ro\u015blina jednoroczna o\u00a0swoistym aromacie. Wysoko\u015b\u0107 30-40cm. Kwitnie od\u00a0VII do\u00a0VIII. Nasiona wysiewa\u0107 do\u00a0gruntu pod\u00a0koniec IV, na\u00a0g\u0142\u0119boko\u015b\u0107 1cm. S\u0142odkie, aromatyczne nasiona maj\u0105 zastosowanie jako przyprawa w\u00a0przemy\u015ble alkoholowym i\u00a0jako dodatek do\u00a0ciast. Herbata lub\u00a0napar z\u00a0nasion \u0142agodz\u0105 kaszel i\u00a0lecz\u0105 niedomagania \u017co\u0142\u0105dka. Siew: po\u0142owa IV-VI Zbi\u00f3r: po\u0142owa VII-X Rozstawa: 30x30cm SPRAWDZONA JAKO\u015a\u0106 NASION Oferowane przez nas nasiona&#8230;<\/p>\n","protected":false},"featured_media":20480,"comment_status":"open","ping_status":"closed","template":"","meta":{"inline_featured_image":false},"product_cat":[126,162],"product_tag":[],"location":[],"class_list":{"0":"post-20440","1":"product","2":"type-product","3":"status-publish","4":"has-post-thumbnail","6":"product_cat-nasiona-warzyw","7":"product_cat-nasiona","8":"nt-post-class","9":"","12":"excerpt-none","15":"first","16":"instock","17":"shipping-taxable","18":"purchasable","19":"product-type-simple"},"_links":{"self":[{"href":"https:\/\/boskienasiona.pl\/en\/wp-json\/wp\/v2\/product\/20440","targetHints":{"allow":["GET"]}}],"collection":[{"href":"https:\/\/boskienasiona.pl\/en\/wp-json\/wp\/v2\/product"}],"about":[{"href":"https:\/\/boskienasiona.pl\/en\/wp-json\/wp\/v2\/types\/product"}],"replies":[{"embeddable":true,"href":"https:\/\/boskienasiona.pl\/en\/wp-json\/wp\/v2\/comments?post=20440"}],"version-history":[{"count":1,"href":"https:\/\/boskienasiona.pl\/en\/wp-json\/wp\/v2\/product\/20440\/revisions"}],"predecessor-version":[{"id":20443,"href":"https:\/\/boskienasiona.pl\/en\/wp-json\/wp\/v2\/product\/20440\/revisions\/20443"}],"wp:featuredmedia":[{"embeddable":true,"href":"https:\/\/boskienasiona.pl\/en\/wp-json\/wp\/v2\/media\/20480"}],"wp:attachment":[{"href":"https:\/\/boskienasiona.pl\/en\/wp-json\/wp\/v2\/media?parent=20440"}],"wp:term":[{"taxonomy":"product_cat","embeddable":true,"href":"https:\/\/boskienasiona.pl\/en\/wp-json\/wp\/v2\/product_cat?post=20440"},{"taxonomy":"product_tag","embeddable":true,"href":"https:\/\/boskienasiona.pl\/en\/wp-json\/wp\/v2\/product_tag?post=20440"},{"taxonomy":"location","embeddable":true,"href":"https:\/\/boskienasiona.pl\/en\/wp-json\/wp\/v2\/location?post=20440"}],"curies":[{"name":"wp","href":"https:\/\/api.w.org\/{rel}","templated":true}]}}