{"id":20446,"date":"2025-02-02T12:42:58","date_gmt":"2025-02-02T11:42:58","guid":{"rendered":"https:\/\/boskienasiona.pl\/product\/nasiona-mieszanka-do-ogrodow-skalnych-toraf\/"},"modified":"2026-03-30T22:22:13","modified_gmt":"2026-03-30T20:22:13","slug":"nasiona-mieszanka-do-ogrodow-skalnych-toraf","status":"publish","type":"product","link":"https:\/\/boskienasiona.pl\/en\/produkt\/nasiona-mieszanka-do-ogrodow-skalnych-toraf\/","title":{"rendered":"Nasiona MIESZANKA DO OGROD\u00d3W SKALNYCH TORAF"},"content":{"rendered":"<section class=\"section\">\n<div class=\"item item-6\">\n<section class=\"image-item\">\n            <img decoding=\"async\" src=\"https:\/\/upload.cdn.baselinker.com\/products\/3018170\/d2d528f6eac79f9dcab8419c7a80ae43.jpg\" \/><br \/>\n        <\/section>\n<\/p><\/div>\n<div class=\"item item-6\">\n<section class=\"text-item\">\n<h1>Mieszanka Kwiat\u00f3w do Ogrod\u00f3w Skalnych<\/h1>\n<p><b>Opis<\/b><\/p>\n<p>Mieszanka Kwiat\u00f3w do Ogrod\u00f3w Skalnych &#8211; O\u017cyw swoje skalniaki kolorowymi kobiercami kwiat\u00f3w wieloletnich!<\/p>\n<p><b>Idealna do Ogrod\u00f3w Skalnych<\/b><\/p>\n<p>? Wyj\u0105tkowa kompozycja nasion, skomponowana specjalnie do stworzenia efektownych, kolorowych tapet w ogrodach skalnych. Ro\u015bliny okrywowe, kt\u00f3re doskonale adaptuj\u0105 si\u0119 do r\u00f3\u017cnych warunk\u00f3w i wymagaj\u0105 minimalnej piel\u0119gnacji.<\/p>\n<p><b>Pi\u0119kno przez Ca\u0142y Sezon<\/b><\/p>\n<p>? Kwiaty o wysoko\u015bci od 15 do 30 cm kwitn\u0105 od maja do sierpnia, zapewniaj\u0105c d\u0142ugotrwa\u0142y i kolorowy wygl\u0105d Twojego skalniaka.<\/p>\n<p><b>\u0141atwo\u015b\u0107 Uprawy<\/b><\/p>\n<p>? Wysiew nasion najlepiej przeprowadzi\u0107 do inspektu w kwietniu lub bezpo\u015brednio do gruntu w maju. Ro\u015bliny wymagaj\u0105 pikowania, co pozwoli na ich optymalny rozw\u00f3j i bujne kwitnienie.<\/p>\n<p><b>Co znajdziesz w opakowaniu?<\/b><\/p>\n<p>? W opakowaniu znajdziesz 1 g nasion Mieszanki Kwiat\u00f3w do Ogrod\u00f3w Skalnych, kt\u00f3re przemieni\u0105 Tw\u00f3j skalniak w kolorowy raj.<\/p>\n<p>\u2728 Zam\u00f3w nasz\u0105 Mieszkank\u0119 Kwiat\u00f3w do Ogrod\u00f3w Skalnych ju\u017c dzi\u015b i ciesz si\u0119 pi\u0119knem kolorowych kobierc\u00f3w w Twoim ogrodzie skalnym! ??<\/p>\n<ul>\n<li>Sadzenie: VII-IX<\/li>\n<li>Siew: IV-VI<\/li>\n<li>Kwitnienie: V-VIII \/ na 2 rok<\/li>\n<li>Rozstawa: 20&#215;30 cm<\/li>\n<\/ul>\n<p><b>Opakowanie<\/b>: 1g<\/p>\n<\/section><\/div>\n<\/section>\n<section class=\"section\">\n<div class=\"item item-6\">\n<section class=\"image-item\">\n            <img decoding=\"async\" src=\"https:\/\/upload.cdn.baselinker.com\/products\/3018170\/d2d528f6eac79f9dcab8419c7a80ae43.jpg\" \/><br \/>\n        <\/section>\n<\/p><\/div>\n<div class=\"item item-6\">\n<section class=\"text-item\">\n<p><b>SPRAWDZONA JAKO\u015a\u0106 NASION<\/b><\/p>\n<p>Oferowane przez nas nasiona s\u0105 testowane w\u00a0<b>Laboratorium Oceny Nasion pod wzgl\u0119dem:<\/b><\/p>\n<p>\u2705<b>kie\u0142kowania<\/b><\/p>\n<p>\u2705<b>wilgotno\u015bci<\/b><\/p>\n<p>\u2705<b>czysto\u015bci ziarna<\/b><\/p>\n<p><b>Dzi\u0119ki czemu udost\u0119pniane nasiona s\u0105 \u015bci\u015ble wyselekcjonowane, tylko wysokiej klasy.<\/b><\/p>\n<p>Torebki zakupione na naszej aukcji s\u0105 w pe\u0142ni bezpieczne, posiadaj\u0105\u00a0<b>dat\u0119 wa\u017cno\u015bci i nr partii na opakowaniu.<\/b>\u00a0Gwarantujemy r\u00f3wnie\u017c jako\u015b\u0107 i oryginalno\u015b\u0107 produkt\u00f3w, poniewa\u017c s\u0105 nabywane bezpo\u015brednio od producenta.<\/p>\n<\/section><\/div>\n<\/section>\n","protected":false},"excerpt":{"rendered":"<p>Mieszanka Kwiat\u00f3w do Ogrod\u00f3w Skalnych Opis Mieszanka Kwiat\u00f3w do Ogrod\u00f3w Skalnych &#8211; O\u017cyw swoje skalniaki kolorowymi kobiercami kwiat\u00f3w wieloletnich! Idealna do Ogrod\u00f3w Skalnych ? Wyj\u0105tkowa kompozycja nasion, skomponowana specjalnie do stworzenia efektownych, kolorowych tapet w ogrodach skalnych. Ro\u015bliny okrywowe, kt\u00f3re doskonale adaptuj\u0105 si\u0119 do r\u00f3\u017cnych warunk\u00f3w i wymagaj\u0105 minimalnej piel\u0119gnacji. Pi\u0119kno przez Ca\u0142y Sezon ?&#8230;<\/p>\n","protected":false},"featured_media":20482,"comment_status":"open","ping_status":"closed","template":"","meta":{"inline_featured_image":false},"product_cat":[126,162,183],"product_tag":[],"location":[],"class_list":{"0":"post-20446","1":"product","2":"type-product","3":"status-publish","4":"has-post-thumbnail","6":"product_cat-nasiona-warzyw","7":"product_cat-nasiona","8":"product_cat-nasiona-kwiatow-ogrodowych","9":"nt-post-class","10":"","13":"excerpt-none","16":"first","17":"instock","18":"shipping-taxable","19":"purchasable","20":"product-type-simple"},"_links":{"self":[{"href":"https:\/\/boskienasiona.pl\/en\/wp-json\/wp\/v2\/product\/20446","targetHints":{"allow":["GET"]}}],"collection":[{"href":"https:\/\/boskienasiona.pl\/en\/wp-json\/wp\/v2\/product"}],"about":[{"href":"https:\/\/boskienasiona.pl\/en\/wp-json\/wp\/v2\/types\/product"}],"replies":[{"embeddable":true,"href":"https:\/\/boskienasiona.pl\/en\/wp-json\/wp\/v2\/comments?post=20446"}],"version-history":[{"count":1,"href":"https:\/\/boskienasiona.pl\/en\/wp-json\/wp\/v2\/product\/20446\/revisions"}],"predecessor-version":[{"id":20484,"href":"https:\/\/boskienasiona.pl\/en\/wp-json\/wp\/v2\/product\/20446\/revisions\/20484"}],"wp:featuredmedia":[{"embeddable":true,"href":"https:\/\/boskienasiona.pl\/en\/wp-json\/wp\/v2\/media\/20482"}],"wp:attachment":[{"href":"https:\/\/boskienasiona.pl\/en\/wp-json\/wp\/v2\/media?parent=20446"}],"wp:term":[{"taxonomy":"product_cat","embeddable":true,"href":"https:\/\/boskienasiona.pl\/en\/wp-json\/wp\/v2\/product_cat?post=20446"},{"taxonomy":"product_tag","embeddable":true,"href":"https:\/\/boskienasiona.pl\/en\/wp-json\/wp\/v2\/product_tag?post=20446"},{"taxonomy":"location","embeddable":true,"href":"https:\/\/boskienasiona.pl\/en\/wp-json\/wp\/v2\/location?post=20446"}],"curies":[{"name":"wp","href":"https:\/\/api.w.org\/{rel}","templated":true}]}}