{"id":20455,"date":"2025-02-02T12:43:28","date_gmt":"2025-02-02T11:43:28","guid":{"rendered":"https:\/\/boskienasiona.pl\/product\/nasiona-kwiatow-kocanka-ogrodowa-mix-niesmiertelnik-na-suche-bukiety\/"},"modified":"2026-04-19T22:19:32","modified_gmt":"2026-04-19T20:19:32","slug":"nasiona-kwiatow-kocanka-ogrodowa-mix-niesmiertelnik-na-suche-bukiety","status":"publish","type":"product","link":"https:\/\/boskienasiona.pl\/en\/produkt\/nasiona-kwiatow-kocanka-ogrodowa-mix-niesmiertelnik-na-suche-bukiety\/","title":{"rendered":"Nasiona kwiat\u00f3w KOCANKA OGRODOWA MIX Nie\u015bmiertelnik na suche bukiety"},"content":{"rendered":"<section class=\"section\">\n<div class=\"item item-12\">\n<section class=\"text-item\">\n<h1>Nasiona kwiat\u00f3w KOCANKA OGRODOWA MIX Nie\u015bmiertelnik na suche bukiety\u00a0<\/h1>\n<\/section><\/div>\n<\/section>\n<section class=\"section\">\n<div class=\"item item-6\">\n<section class=\"image-item\">\n            <img decoding=\"async\" src=\"https:\/\/upload.cdn.baselinker.com\/products\/3018170\/78b312aca7b2e9f68930b03b96c95d1d.png\" \/><br \/>\n        <\/section>\n<\/p><\/div>\n<div class=\"item item-6\">\n<section class=\"text-item\">\n<p><b>Kocanka ogrodowa mix<\/b><\/p>\n<p>HELICHRYSUM BRACTEATUM MONSTR. FL.PL<\/p>\n<p>Mieszanka r\u00f3\u017cnokolorowych odmian kocanki ogrodowej &#8211; znanej jako Nie\u015bmiertelnik. Ro\u015blina jednoroczna, osi\u0105ga wysoko\u015b\u0107 60-100 cm. Zastosowanie: kwiat ci\u0119ty, rabaty, suche bukiety. Wymaga gleby \u017cyznej, umiarkowanie wilgotnej. Stanowisko s\u0142oneczne. Wysiew nasion w\u00a0III-IV do\u00a0zimnego inspektu, lub\u00a0w\u00a0V wprost do\u00a0gruntu.<\/p>\n<ul>\n<li><b>Siew:<\/b> III-V<\/li>\n<li><b>Kwitnienie:<\/b> VII-X<\/li>\n<li><b>Rozstawa:<\/b> 25&#215;30 cm<\/li>\n<li><b>Wysoko\u015b\u0107:<\/b> 60-100 cm<\/li>\n<\/ul>\n<\/section><\/div>\n<\/section>\n<section class=\"section\">\n<div class=\"item item-6\">\n<section class=\"image-item\">\n            <img decoding=\"async\" src=\"https:\/\/upload.cdn.baselinker.com\/products\/3018170\/41eb084dd6b5949f4ccd224259ef0fe1.png\" \/><br \/>\n        <\/section>\n<\/p><\/div>\n<div class=\"item item-6\">\n<section class=\"text-item\">\n<p><b>SPRAWDZONA JAKO\u015a\u0106 NASION<\/b><\/p>\n<p>Oferowane przez nas nasiona s\u0105 testowane w\u00a0<b>Laboratorium Oceny Nasion pod wzgl\u0119dem:<\/b><\/p>\n<p>\u2705<b>kie\u0142kowania<\/b><\/p>\n<p>\u2705<b>wilgotno\u015bci<\/b><\/p>\n<p>\u2705<b>czysto\u015bci ziarna<\/b><\/p>\n<p><b>Dzi\u0119ki czemu udost\u0119pniane nasiona s\u0105 \u015bci\u015ble wyselekcjonowane, tylko wysokiej klasy.<\/b><\/p>\n<p>Torebki zakupione na naszej aukcji s\u0105 w pe\u0142ni bezpieczne, posiadaj\u0105\u00a0<b>dat\u0119 wa\u017cno\u015bci i nr partii na opakowaniu.<\/b>\u00a0Gwarantujemy r\u00f3wnie\u017c jako\u015b\u0107 i oryginalno\u015b\u0107 produkt\u00f3w, poniewa\u017c s\u0105 nabywane bezpo\u015brednio od producenta.<\/p>\n<\/section><\/div>\n<\/section>\n<section class=\"section\">\n<div class=\"item item-6\">\n<section class=\"image-item\">\n            <img decoding=\"async\" src=\"https:\/\/upload.cdn.baselinker.com\/products\/3018170\/db04295ba5e198aa9cd6eb8cd3626038.png\" \/><br \/>\n        <\/section>\n<\/p><\/div>\n<div class=\"item item-6\">\n<section class=\"image-item\">\n            <img decoding=\"async\" src=\"https:\/\/upload.cdn.baselinker.com\/products\/3018170\/ef0b18c157a5fe60c29bbf2f33149da6.png\" \/><br \/>\n        <\/section>\n<\/p><\/div>\n<\/section>\n","protected":false},"excerpt":{"rendered":"<p>Nasiona kwiat\u00f3w KOCANKA OGRODOWA MIX Nie\u015bmiertelnik na suche bukiety\u00a0 Kocanka ogrodowa mix HELICHRYSUM BRACTEATUM MONSTR. FL.PL Mieszanka r\u00f3\u017cnokolorowych odmian kocanki ogrodowej &#8211; znanej jako Nie\u015bmiertelnik. Ro\u015blina jednoroczna, osi\u0105ga wysoko\u015b\u0107 60-100 cm. Zastosowanie: kwiat ci\u0119ty, rabaty, suche bukiety. Wymaga gleby \u017cyznej, umiarkowanie wilgotnej. Stanowisko s\u0142oneczne. Wysiew nasion w\u00a0III-IV do\u00a0zimnego inspektu, lub\u00a0w\u00a0V wprost do\u00a0gruntu. Siew: III-V Kwitnienie:&#8230;<\/p>\n","protected":false},"featured_media":20487,"comment_status":"open","ping_status":"closed","template":"","meta":{"inline_featured_image":false},"product_cat":[126,162,183],"product_tag":[],"location":[],"class_list":{"0":"post-20455","1":"product","2":"type-product","3":"status-publish","4":"has-post-thumbnail","6":"product_cat-nasiona-warzyw","7":"product_cat-nasiona","8":"product_cat-nasiona-kwiatow-ogrodowych","9":"nt-post-class","10":"","13":"excerpt-none","16":"first","17":"instock","18":"shipping-taxable","19":"purchasable","20":"product-type-simple"},"_links":{"self":[{"href":"https:\/\/boskienasiona.pl\/en\/wp-json\/wp\/v2\/product\/20455","targetHints":{"allow":["GET"]}}],"collection":[{"href":"https:\/\/boskienasiona.pl\/en\/wp-json\/wp\/v2\/product"}],"about":[{"href":"https:\/\/boskienasiona.pl\/en\/wp-json\/wp\/v2\/types\/product"}],"replies":[{"embeddable":true,"href":"https:\/\/boskienasiona.pl\/en\/wp-json\/wp\/v2\/comments?post=20455"}],"version-history":[{"count":1,"href":"https:\/\/boskienasiona.pl\/en\/wp-json\/wp\/v2\/product\/20455\/revisions"}],"predecessor-version":[{"id":20500,"href":"https:\/\/boskienasiona.pl\/en\/wp-json\/wp\/v2\/product\/20455\/revisions\/20500"}],"wp:featuredmedia":[{"embeddable":true,"href":"https:\/\/boskienasiona.pl\/en\/wp-json\/wp\/v2\/media\/20487"}],"wp:attachment":[{"href":"https:\/\/boskienasiona.pl\/en\/wp-json\/wp\/v2\/media?parent=20455"}],"wp:term":[{"taxonomy":"product_cat","embeddable":true,"href":"https:\/\/boskienasiona.pl\/en\/wp-json\/wp\/v2\/product_cat?post=20455"},{"taxonomy":"product_tag","embeddable":true,"href":"https:\/\/boskienasiona.pl\/en\/wp-json\/wp\/v2\/product_tag?post=20455"},{"taxonomy":"location","embeddable":true,"href":"https:\/\/boskienasiona.pl\/en\/wp-json\/wp\/v2\/location?post=20455"}],"curies":[{"name":"wp","href":"https:\/\/api.w.org\/{rel}","templated":true}]}}