{"id":20466,"date":"2025-02-02T12:44:02","date_gmt":"2025-02-02T11:44:02","guid":{"rendered":"https:\/\/boskienasiona.pl\/product\/nasiona-kwiatow-dzwonek-karpacki-mix-bylina\/"},"modified":"2026-04-06T22:18:50","modified_gmt":"2026-04-06T20:18:50","slug":"nasiona-kwiatow-dzwonek-karpacki-mix-bylina","status":"publish","type":"product","link":"https:\/\/boskienasiona.pl\/en\/produkt\/nasiona-kwiatow-dzwonek-karpacki-mix-bylina\/","title":{"rendered":"Nasiona Kwiat\u00f3w DZWONEK KARPACKI MIX Bylina"},"content":{"rendered":"<section class=\"section\">\n<div class=\"item item-12\">\n<section class=\"text-item\">\n<h1>Nasiona Kwiat\u00f3w DZWONEK KARPACKI MIX Bylina<\/h1>\n<\/section><\/div>\n<\/section>\n<section class=\"section\">\n<div class=\"item item-6\">\n<section class=\"image-item\">\n            <img decoding=\"async\" src=\"https:\/\/upload.cdn.baselinker.com\/products\/3018170\/67b540edb9684d9e21ed2999de91e448.png\" \/><br \/>\n        <\/section>\n<\/p><\/div>\n<div class=\"item item-6\">\n<section class=\"text-item\">\n<p><b>Dzwonek\u00a0karpacki<\/b><\/p>\n<p><b>CAMPANULA CARPATICA<\/b><\/p>\n<p>Bylina dorastaj\u0105ca do\u00a030\u00a0cm wysoko\u015bci o\u00a0wiotkich, silnie ulistnionych \u0142ody\u017ckach. Najwi\u0119ksz\u0105 ozdob\u0105 ro\u015bliny s\u0105 dzwonkowate kwiaty o\u00a0\u015brednicy do\u00a03\u00a0cm w\u00a0kolorze bia\u0142ym lub\u00a0ciemnoniebieskim. Pi\u0119knie prezentuje\u00a0si\u0119 w\u00a0ogr\u00f3dkach skalnych, na\u00a0murkach i\u00a0przydomowych rabatkach. Siew na\u00a0rozsadniku lub\u00a0bezpo\u015brednio na\u00a0miejsce sta\u0142e w\u00a0V \u2013 VI. Wysadzi\u0107 na\u00a0miejsce sta\u0142e w\u00a0VIII. Wymaga gleby wapiennej i\u00a0s\u0142onecznego stanowiska.<\/p>\n<p>Siew inspekt: V \u2013 VI<\/p>\n<p>Kwitnienie: VI \u2013 IX<\/p>\n<p>Wysoko\u015b\u0107: 25 \u2013 30 cm<\/p>\n<p>Rozstawa: 20 x 30 cm<\/p>\n<\/section><\/div>\n<\/section>\n<section class=\"section\">\n<div class=\"item item-6\">\n<section class=\"image-item\">\n            <img decoding=\"async\" src=\"https:\/\/upload.cdn.baselinker.com\/products\/3018170\/67fd4c5a9ffdf595dce30762085c0dbf.jpg\" \/><br \/>\n        <\/section>\n<\/p><\/div>\n<div class=\"item item-6\">\n<section class=\"text-item\">\n<p><b>SPRAWDZONA JAKO\u015a\u0106 NASION<\/b><\/p>\n<p>Oferowane przez nas nasiona s\u0105 testowane w <b>Laboratorium Oceny Nasion pod wzgl\u0119dem:<\/b><\/p>\n<p>\u2705<b>kie\u0142kowania<\/b><\/p>\n<p>\u2705<b>wilgotno\u015bci<\/b><\/p>\n<p>\u2705<b>czysto\u015bci ziarna<\/b><\/p>\n<p><b>Dzi\u0119ki czemu udost\u0119pniane nasiona s\u0105 \u015bci\u015ble wyselekcjonowane, tylko wysokiej klasy.<\/b><\/p>\n<p>Torebki zakupione na naszej aukcji s\u0105 w pe\u0142ni bezpieczne, posiadaj\u0105 <b>dat\u0119 wa\u017cno\u015bci i nr partii na opakowaniu.<\/b> Gwarantujemy r\u00f3wnie\u017c jako\u015b\u0107 i oryginalno\u015b\u0107 produkt\u00f3w, poniewa\u017c s\u0105 nabywane bezpo\u015brednio od producenta.<\/p>\n<\/section><\/div>\n<\/section>\n<section class=\"section\">\n<div class=\"item item-6\">\n<section class=\"image-item\">\n            <img decoding=\"async\" src=\"https:\/\/upload.cdn.baselinker.com\/products\/3018170\/af03b0f2af5e52da3deb050a73e893fc.jpg\" \/><br \/>\n        <\/section>\n<\/p><\/div>\n<div class=\"item item-6\">\n<section class=\"image-item\">\n            <img decoding=\"async\" src=\"https:\/\/upload.cdn.baselinker.com\/products\/3018170\/67fd4c5a9ffdf595dce30762085c0dbf.jpg\" \/><br \/>\n        <\/section>\n<\/p><\/div>\n<\/section>\n","protected":false},"excerpt":{"rendered":"<p>Nasiona Kwiat\u00f3w DZWONEK KARPACKI MIX Bylina Dzwonek\u00a0karpacki CAMPANULA CARPATICA Bylina dorastaj\u0105ca do\u00a030\u00a0cm wysoko\u015bci o\u00a0wiotkich, silnie ulistnionych \u0142ody\u017ckach. Najwi\u0119ksz\u0105 ozdob\u0105 ro\u015bliny s\u0105 dzwonkowate kwiaty o\u00a0\u015brednicy do\u00a03\u00a0cm w\u00a0kolorze bia\u0142ym lub\u00a0ciemnoniebieskim. Pi\u0119knie prezentuje\u00a0si\u0119 w\u00a0ogr\u00f3dkach skalnych, na\u00a0murkach i\u00a0przydomowych rabatkach. Siew na\u00a0rozsadniku lub\u00a0bezpo\u015brednio na\u00a0miejsce sta\u0142e w\u00a0V \u2013 VI. Wysadzi\u0107 na\u00a0miejsce sta\u0142e w\u00a0VIII. Wymaga gleby wapiennej i\u00a0s\u0142onecznego stanowiska. Siew inspekt: V&#8230;<\/p>\n","protected":false},"featured_media":20505,"comment_status":"open","ping_status":"closed","template":"","meta":{"inline_featured_image":false},"product_cat":[126,162,183],"product_tag":[],"location":[],"class_list":{"0":"post-20466","1":"product","2":"type-product","3":"status-publish","4":"has-post-thumbnail","6":"product_cat-nasiona-warzyw","7":"product_cat-nasiona","8":"product_cat-nasiona-kwiatow-ogrodowych","9":"nt-post-class","10":"","13":"excerpt-none","16":"first","17":"instock","18":"shipping-taxable","19":"purchasable","20":"product-type-simple"},"_links":{"self":[{"href":"https:\/\/boskienasiona.pl\/en\/wp-json\/wp\/v2\/product\/20466","targetHints":{"allow":["GET"]}}],"collection":[{"href":"https:\/\/boskienasiona.pl\/en\/wp-json\/wp\/v2\/product"}],"about":[{"href":"https:\/\/boskienasiona.pl\/en\/wp-json\/wp\/v2\/types\/product"}],"replies":[{"embeddable":true,"href":"https:\/\/boskienasiona.pl\/en\/wp-json\/wp\/v2\/comments?post=20466"}],"version-history":[{"count":1,"href":"https:\/\/boskienasiona.pl\/en\/wp-json\/wp\/v2\/product\/20466\/revisions"}],"predecessor-version":[{"id":20520,"href":"https:\/\/boskienasiona.pl\/en\/wp-json\/wp\/v2\/product\/20466\/revisions\/20520"}],"wp:featuredmedia":[{"embeddable":true,"href":"https:\/\/boskienasiona.pl\/en\/wp-json\/wp\/v2\/media\/20505"}],"wp:attachment":[{"href":"https:\/\/boskienasiona.pl\/en\/wp-json\/wp\/v2\/media?parent=20466"}],"wp:term":[{"taxonomy":"product_cat","embeddable":true,"href":"https:\/\/boskienasiona.pl\/en\/wp-json\/wp\/v2\/product_cat?post=20466"},{"taxonomy":"product_tag","embeddable":true,"href":"https:\/\/boskienasiona.pl\/en\/wp-json\/wp\/v2\/product_tag?post=20466"},{"taxonomy":"location","embeddable":true,"href":"https:\/\/boskienasiona.pl\/en\/wp-json\/wp\/v2\/location?post=20466"}],"curies":[{"name":"wp","href":"https:\/\/api.w.org\/{rel}","templated":true}]}}