{"id":20477,"date":"2025-02-02T12:44:20","date_gmt":"2025-02-02T11:44:20","guid":{"rendered":"https:\/\/boskienasiona.pl\/product\/nasiona-kwiatow-na-tasmie-mieszanka-antykomarowa-wlasciwosci-odstraszajace\/"},"modified":"2026-03-02T22:20:43","modified_gmt":"2026-03-02T21:20:43","slug":"nasiona-kwiatow-na-tasmie-mieszanka-antykomarowa-wlasciwosci-odstraszajace","status":"publish","type":"product","link":"https:\/\/boskienasiona.pl\/en\/produkt\/nasiona-kwiatow-na-tasmie-mieszanka-antykomarowa-wlasciwosci-odstraszajace\/","title":{"rendered":"Nasiona kwiat\u00f3w na ta\u015bmie Mieszanka ANTYKOMAROWA  w\u0142a\u015bciwo\u015bci odstraszaj\u0105ce"},"content":{"rendered":"<section class=\"section\">\n<div class=\"item item-12\">\n<section class=\"text-item\">\n<h1>Nasiona kwiat\u00f3w na ta\u015bmie Mieszanka ANTYKOMAROWA \u00a0w\u0142a\u015bciwo\u015bci odstraszaj\u0105ce<\/h1>\n<\/section><\/div>\n<\/section>\n<section class=\"section\">\n<div class=\"item item-6\">\n<section class=\"text-item\">\n<p><b>Mieszanka anty-komarowa &#8211; ta\u015bma<\/b><\/p>\n<p><b>Mix anti-moustique<\/b><\/p>\n<p>Bogata mieszanka ponad 50 gatunk\u00f3w zi\u00f3\u0142 i\u00a0kwiat\u00f3w jednorocznych i\u00a0wieloletnich o\u00a0w\u0142a\u015bciwo\u015bciach odstraszaj\u0105cych komary. Ro\u015bliny wydzielaj\u0105 aromatyczne olejki eteryczne kt\u00f3rych komary nie\u00a0znosz\u0105. W\u00a0sk\u0142ad mieszanki wchodzi wiele znanych i\u00a0lubianych zi\u00f3\u0142 kt\u00f3re opr\u00f3cz funkcji odstr\u0119czaj\u0105cej komary mog\u0105 pe\u0142ni\u0107 funkcji u\u017cytkow\u0105 jako dodatek do\u00a0r\u00f3\u017cnego rodzaju potraw. Za\u00a0pomoc\u0105 ta\u015bmy z\u00a0mieszank\u0105 anty komarow\u0105 \u0142atwo i\u00a0szybko stworzysz kolorow\u0105 obw\u00f3dk\u0119 wok\u00f3\u0142 tarasu, altany, brzeg\u00f3w trawnika lub\u00a0w\u00a0donicy. Wysiew nasion pod\u00a0\u00a0os\u0142ony w\u00a0II-IV lub\u00a0V bezpo\u015brednio do\u00a0gruntu.<\/p>\n<p><b>Opakowanie zawiera 6m ta\u015bmy nasiennej.<\/b><\/p>\n<\/section><\/div>\n<div class=\"item item-6\">\n<section class=\"image-item\">\n            <img decoding=\"async\" src=\"https:\/\/upload.cdn.baselinker.com\/products\/3018170\/f82d263d213a66a41f6e8fb261dae988.png\" \/><br \/>\n        <\/section>\n<\/p><\/div>\n<\/section>\n<section class=\"section\">\n<div class=\"item item-6\">\n<section class=\"text-item\">\n<p><b>Wysiew nasion na ta\u015bmie w 4 prostych krokach<\/b><\/p>\n<p><b>1\ufe0f\u20e3 Rozrywamy ta\u015bm\u0119 w miejscu perforacji<\/b><\/p>\n<p><b>2\ufe0f\u20e3 Uk\u0142adamy we wcze\u015bniej przygotowanym rowku<\/b><\/p>\n<p><b>3\ufe0f\u20e3 Roz\u0142o\u017con\u0105 ta\u015bm\u0119 przysypujemy cienk\u0105 warstw\u0105 ziemi<\/b><\/p>\n<p><b>4\ufe0f\u20e3 Na koniec obficie podlewamy<\/b><\/p>\n<\/section><\/div>\n<div class=\"item item-6\">\n<section class=\"image-item\">\n            <img decoding=\"async\" src=\"https:\/\/upload.cdn.baselinker.com\/products\/3018170\/d94393c3e010ecaf67706a0c3ddd76e3.png\" \/><br \/>\n        <\/section>\n<\/p><\/div>\n<\/section>\n<section class=\"section\">\n<div class=\"item item-6\">\n<section class=\"text-item\">\n<p><b>Nasiona na ta\u015bmie<\/b><\/p>\n<p>S\u0105 to specjalne ta\u015bmy oraz kr\u0105\u017cki naszpikowane nasionami w odpowiednim rozstawie. Nie trzeba wi\u0119c by\u0107 ekspertem, \u017ceby odpowiednio dobra\u0107 odleg\u0142o\u015b\u0107 rozsiewu dla danej ro\u015bliny. Ro\u015bliny nie b\u0119d\u0105 przeszkadza\u0107 sobie nawzajem w rozro\u015bcie, dzi\u0119ki temu plony b\u0119d\u0105 maksymalnie obfite!<\/p>\n<\/section><\/div>\n<div class=\"item item-6\">\n<section class=\"image-item\">\n            <img decoding=\"async\" src=\"https:\/\/upload.cdn.baselinker.com\/products\/3018170\/5899882f01faec763ec0d55a44994224.png\" \/><br \/>\n        <\/section>\n<\/p><\/div>\n<\/section>\n<section class=\"section\">\n<div class=\"item item-6\">\n<section class=\"text-item\">\n<p><b>SPRAWDZONA JAKO\u015a\u0106 NASION<\/b><\/p>\n<p>Oferowane przez nas nasiona s\u0105 testowane w <b>Laboratorium Oceny Nasion pod wzgl\u0119dem:<\/b><\/p>\n<p>\u2705<b>kie\u0142kowania<\/b><\/p>\n<p>\u2705<b>wilgotno\u015bci<\/b><\/p>\n<p>\u2705<b>czysto\u015bci ziarna<\/b><\/p>\n<p><b>Dzi\u0119ki czemu udost\u0119pniane nasiona s\u0105 \u015bci\u015ble wyselekcjonowane, tylko wysokiej klasy.<\/b><\/p>\n<p>Torebki zakupione na naszej aukcji s\u0105 w pe\u0142ni bezpieczne, posiadaj\u0105 <b>dat\u0119 wa\u017cno\u015bci i nr partii na opakowaniu.<\/b> Gwarantujemy r\u00f3wnie\u017c jako\u015b\u0107 i oryginalno\u015b\u0107 produkt\u00f3w, poniewa\u017c s\u0105 nabywane bezpo\u015brednio od producenta.<\/p>\n<\/section><\/div>\n<div class=\"item item-6\">\n<section class=\"image-item\">\n            <img decoding=\"async\" src=\"https:\/\/upload.cdn.baselinker.com\/products\/3018170\/5899882f01faec763ec0d55a44994224.png\" \/><br \/>\n        <\/section>\n<\/p><\/div>\n<\/section>\n","protected":false},"excerpt":{"rendered":"<p>Nasiona kwiat\u00f3w na ta\u015bmie Mieszanka ANTYKOMAROWA \u00a0w\u0142a\u015bciwo\u015bci odstraszaj\u0105ce Mieszanka anty-komarowa &#8211; ta\u015bma Mix anti-moustique Bogata mieszanka ponad 50 gatunk\u00f3w zi\u00f3\u0142 i\u00a0kwiat\u00f3w jednorocznych i\u00a0wieloletnich o\u00a0w\u0142a\u015bciwo\u015bciach odstraszaj\u0105cych komary. Ro\u015bliny wydzielaj\u0105 aromatyczne olejki eteryczne kt\u00f3rych komary nie\u00a0znosz\u0105. W\u00a0sk\u0142ad mieszanki wchodzi wiele znanych i\u00a0lubianych zi\u00f3\u0142 kt\u00f3re opr\u00f3cz funkcji odstr\u0119czaj\u0105cej komary mog\u0105 pe\u0142ni\u0107 funkcji u\u017cytkow\u0105 jako dodatek do\u00a0r\u00f3\u017cnego rodzaju potraw&#8230;.<\/p>\n","protected":false},"featured_media":20467,"comment_status":"open","ping_status":"closed","template":"","meta":{"inline_featured_image":false},"product_cat":[126,162,183],"product_tag":[],"location":[],"class_list":{"0":"post-20477","1":"product","2":"type-product","3":"status-publish","4":"has-post-thumbnail","6":"product_cat-nasiona-warzyw","7":"product_cat-nasiona","8":"product_cat-nasiona-kwiatow-ogrodowych","9":"nt-post-class","10":"","13":"excerpt-none","16":"first","17":"outofstock","18":"shipping-taxable","19":"purchasable","20":"product-type-simple"},"_links":{"self":[{"href":"https:\/\/boskienasiona.pl\/en\/wp-json\/wp\/v2\/product\/20477","targetHints":{"allow":["GET"]}}],"collection":[{"href":"https:\/\/boskienasiona.pl\/en\/wp-json\/wp\/v2\/product"}],"about":[{"href":"https:\/\/boskienasiona.pl\/en\/wp-json\/wp\/v2\/types\/product"}],"replies":[{"embeddable":true,"href":"https:\/\/boskienasiona.pl\/en\/wp-json\/wp\/v2\/comments?post=20477"}],"version-history":[{"count":1,"href":"https:\/\/boskienasiona.pl\/en\/wp-json\/wp\/v2\/product\/20477\/revisions"}],"predecessor-version":[{"id":22548,"href":"https:\/\/boskienasiona.pl\/en\/wp-json\/wp\/v2\/product\/20477\/revisions\/22548"}],"wp:featuredmedia":[{"embeddable":true,"href":"https:\/\/boskienasiona.pl\/en\/wp-json\/wp\/v2\/media\/20467"}],"wp:attachment":[{"href":"https:\/\/boskienasiona.pl\/en\/wp-json\/wp\/v2\/media?parent=20477"}],"wp:term":[{"taxonomy":"product_cat","embeddable":true,"href":"https:\/\/boskienasiona.pl\/en\/wp-json\/wp\/v2\/product_cat?post=20477"},{"taxonomy":"product_tag","embeddable":true,"href":"https:\/\/boskienasiona.pl\/en\/wp-json\/wp\/v2\/product_tag?post=20477"},{"taxonomy":"location","embeddable":true,"href":"https:\/\/boskienasiona.pl\/en\/wp-json\/wp\/v2\/location?post=20477"}],"curies":[{"name":"wp","href":"https:\/\/api.w.org\/{rel}","templated":true}]}}