{"id":20493,"date":"2025-02-02T12:44:50","date_gmt":"2025-02-02T11:44:50","guid":{"rendered":"https:\/\/boskienasiona.pl\/product\/nasiona-kwiatow-dziwaczek-mix-duze-pachnace-kwiaty-doskonaly-na-rabaty\/"},"modified":"2026-04-19T14:17:53","modified_gmt":"2026-04-19T12:17:53","slug":"nasiona-kwiatow-dziwaczek-mix-duze-pachnace-kwiaty-doskonaly-na-rabaty","status":"publish","type":"product","link":"https:\/\/boskienasiona.pl\/en\/produkt\/nasiona-kwiatow-dziwaczek-mix-duze-pachnace-kwiaty-doskonaly-na-rabaty\/","title":{"rendered":"Nasiona kwiat\u00f3w DZIWACZEK MIX Du\u017ce Pachn\u0105ce Kwiaty doskona\u0142y na rabaty"},"content":{"rendered":"<section class=\"section\">\n<div class=\"item item-12\">\n<section class=\"text-item\">\n<h1>Nasiona kwiat\u00f3w DZIWACZEK MIX Du\u017ce Pachn\u0105ce Kwiaty doskona\u0142y na rabaty<\/h1>\n<\/section><\/div>\n<\/section>\n<section class=\"section\">\n<div class=\"item item-6\">\n<section class=\"image-item\">\n            <img decoding=\"async\" src=\"https:\/\/upload.cdn.baselinker.com\/products\/3018170\/448e4f86d61d2bfc0156ac5cffc317da.png\" \/><br \/>\n        <\/section>\n<\/p><\/div>\n<div class=\"item item-6\">\n<section class=\"text-item\">\n<p><b>Dziwaczek MIX<\/b><\/p>\n<p>Ro\u015blina jednoroczna o du\u017cych pachn\u0105cych kwiatach, otwieraj\u0105cych si\u0119 wieczorem i w dni pochmurne. Na jednej ro\u015blinie wyst\u0119puj\u0105 kwiaty r\u00f3\u017cnych barwach. Kolorowe p\u0142atki zawieraj\u0105 \u015bwiec\u0105cy w ciemno\u015bci zielony barwnik fluorescencyjny, dzi\u0119ki czemu przyci\u0105ga do siebie owady oraz nietoperze. Zastosowanie, na rabaty, do wysadzenia w grupach lub pojedynczo. Wysiew nasion w kwietniu do zimnego inspektu lub w maju wprost do gruntu.\u00a0<\/p>\n<\/section><\/div>\n<\/section>\n<section class=\"section\">\n<div class=\"item item-6\">\n<section class=\"image-item\">\n            <img decoding=\"async\" src=\"https:\/\/upload.cdn.baselinker.com\/products\/3018170\/241af58fa82e36f87f6a6d742a980a86.png\" \/><br \/>\n        <\/section>\n<\/p><\/div>\n<div class=\"item item-6\">\n<section class=\"text-item\">\n<p><b>SPRAWDZONA JAKO\u015a\u0106 NASION<\/b><\/p>\n<p>Oferowane przez nas nasiona s\u0105 testowane w <b>Laboratorium Oceny Nasion pod wzgl\u0119dem:<\/b><\/p>\n<p>\u2705<b>kie\u0142kowania<\/b><\/p>\n<p>\u2705<b>wilgotno\u015bci<\/b><\/p>\n<p>\u2705<b>czysto\u015bci ziarna<\/b><\/p>\n<p><b>Dzi\u0119ki czemu udost\u0119pniane nasiona s\u0105 \u015bci\u015ble wyselekcjonowane, tylko wysokiej klasy.<\/b><\/p>\n<p>Torebki zakupione na naszej aukcji s\u0105 w pe\u0142ni bezpieczne, posiadaj\u0105 <b>dat\u0119 wa\u017cno\u015bci i nr partii na opakowaniu.<\/b> Gwarantujemy r\u00f3wnie\u017c jako\u015b\u0107 i oryginalno\u015b\u0107 produkt\u00f3w, poniewa\u017c s\u0105 nabywane bezpo\u015brednio od producenta.<\/p>\n<\/section><\/div>\n<\/section>\n<section class=\"section\">\n<div class=\"item item-12\">\n<section class=\"image-item\">\n            <img decoding=\"async\" src=\"https:\/\/upload.cdn.baselinker.com\/products\/3018170\/af0e34fe5134a9d972c6ccf2563eaa1b.png\" \/><br \/>\n        <\/section>\n<\/p><\/div>\n<\/section>\n<section class=\"section\">\n<div class=\"item item-12\">\n<section class=\"image-item\">\n            <img decoding=\"async\" src=\"https:\/\/upload.cdn.baselinker.com\/products\/3018170\/cef9bc2ad978a465df196a956c767a51.png\" \/><br \/>\n        <\/section>\n<\/p><\/div>\n<\/section>\n","protected":false},"excerpt":{"rendered":"<p>Nasiona kwiat\u00f3w DZIWACZEK MIX Du\u017ce Pachn\u0105ce Kwiaty doskona\u0142y na rabaty Dziwaczek MIX Ro\u015blina jednoroczna o du\u017cych pachn\u0105cych kwiatach, otwieraj\u0105cych si\u0119 wieczorem i w dni pochmurne. Na jednej ro\u015blinie wyst\u0119puj\u0105 kwiaty r\u00f3\u017cnych barwach. Kolorowe p\u0142atki zawieraj\u0105 \u015bwiec\u0105cy w ciemno\u015bci zielony barwnik fluorescencyjny, dzi\u0119ki czemu przyci\u0105ga do siebie owady oraz nietoperze. Zastosowanie, na rabaty, do wysadzenia w&#8230;<\/p>\n","protected":false},"featured_media":20524,"comment_status":"open","ping_status":"closed","template":"","meta":{"inline_featured_image":false},"product_cat":[126,162],"product_tag":[],"location":[],"class_list":{"0":"post-20493","1":"product","2":"type-product","3":"status-publish","4":"has-post-thumbnail","6":"product_cat-nasiona-warzyw","7":"product_cat-nasiona","8":"nt-post-class","9":"","12":"excerpt-none","15":"first","16":"instock","17":"shipping-taxable","18":"purchasable","19":"product-type-simple"},"_links":{"self":[{"href":"https:\/\/boskienasiona.pl\/en\/wp-json\/wp\/v2\/product\/20493","targetHints":{"allow":["GET"]}}],"collection":[{"href":"https:\/\/boskienasiona.pl\/en\/wp-json\/wp\/v2\/product"}],"about":[{"href":"https:\/\/boskienasiona.pl\/en\/wp-json\/wp\/v2\/types\/product"}],"replies":[{"embeddable":true,"href":"https:\/\/boskienasiona.pl\/en\/wp-json\/wp\/v2\/comments?post=20493"}],"version-history":[{"count":1,"href":"https:\/\/boskienasiona.pl\/en\/wp-json\/wp\/v2\/product\/20493\/revisions"}],"predecessor-version":[{"id":20548,"href":"https:\/\/boskienasiona.pl\/en\/wp-json\/wp\/v2\/product\/20493\/revisions\/20548"}],"wp:featuredmedia":[{"embeddable":true,"href":"https:\/\/boskienasiona.pl\/en\/wp-json\/wp\/v2\/media\/20524"}],"wp:attachment":[{"href":"https:\/\/boskienasiona.pl\/en\/wp-json\/wp\/v2\/media?parent=20493"}],"wp:term":[{"taxonomy":"product_cat","embeddable":true,"href":"https:\/\/boskienasiona.pl\/en\/wp-json\/wp\/v2\/product_cat?post=20493"},{"taxonomy":"product_tag","embeddable":true,"href":"https:\/\/boskienasiona.pl\/en\/wp-json\/wp\/v2\/product_tag?post=20493"},{"taxonomy":"location","embeddable":true,"href":"https:\/\/boskienasiona.pl\/en\/wp-json\/wp\/v2\/location?post=20493"}],"curies":[{"name":"wp","href":"https:\/\/api.w.org\/{rel}","templated":true}]}}