{"id":20519,"date":"2025-02-02T12:45:29","date_gmt":"2025-02-02T11:45:29","guid":{"rendered":"https:\/\/boskienasiona.pl\/product\/nasiona-dynia-ozdobna-little-indian-mix-form-malej-ozdobnej-dyni\/"},"modified":"2026-04-19T06:16:31","modified_gmt":"2026-04-19T04:16:31","slug":"nasiona-dynia-ozdobna-little-indian-mix-form-malej-ozdobnej-dyni","status":"publish","type":"product","link":"https:\/\/boskienasiona.pl\/en\/produkt\/nasiona-dynia-ozdobna-little-indian-mix-form-malej-ozdobnej-dyni\/","title":{"rendered":"Nasiona DYNIA OZDOBNA LITTLE INDIAN MIX form ma\u0142ej ozdobnej dyni"},"content":{"rendered":"<section class=\"section\">\n<div class=\"item item-12\">\n<section class=\"text-item\">\n<h1>Nasiona DYNIA OZDOBNA LITTLE INDIAN MIX form ma\u0142ej ozdobnej dyni<\/h1>\n<\/section><\/div>\n<\/section>\n<section class=\"section\">\n<div class=\"item item-6\">\n<section class=\"image-item\">\n            <img decoding=\"async\" src=\"https:\/\/upload.cdn.baselinker.com\/products\/3018170\/3d729ec31732486e2ecffb38d112173f.png\" \/><br \/>\n        <\/section>\n<\/p><\/div>\n<div class=\"item item-6\">\n<section class=\"text-item\">\n<p><b>DYNIA OZDOBNA LITTLE INDIAN<\/b><\/p>\n<p>Mieszanka unikalnych, wielobarwnych form ma\u0142ej ozdobnej dyni, (waga 100-300g). Tworzy ciekawe dekoracje owoce r\u00f3\u017cnych kszta\u0142t\u00f3w i kolor\u00f3w, \u015brednicy 5-8 cm i d\u0142ugo\u015bci 12-15 cm. Ro\u015blina jednoroczna p\u0142o\u017c\u0105ca lub pn\u0105ca, nadaje si\u0119 do obsadzania p\u0142ot\u00f3w i murk\u00f3w. Wysiew wprost do gruntu od po\u0142owy maja do ko\u0144ca czerwca.\u00a0<\/p>\n<\/section><\/div>\n<\/section>\n<section class=\"section\">\n<div class=\"item item-6\">\n<section class=\"image-item\">\n            <img decoding=\"async\" src=\"https:\/\/upload.cdn.baselinker.com\/products\/3018170\/7f3bb211702981f421351b411b13fdca.png\" \/><br \/>\n        <\/section>\n<\/p><\/div>\n<div class=\"item item-6\">\n<section class=\"text-item\">\n<p><b>SPRAWDZONA JAKO\u015a\u0106 NASION<\/b><\/p>\n<p>Oferowane przez nas nasiona s\u0105 testowane w <b>Laboratorium Oceny Nasion pod wzgl\u0119dem:<\/b><\/p>\n<p>\u2705<b>kie\u0142kowania<\/b><\/p>\n<p>\u2705<b>wilgotno\u015bci<\/b><\/p>\n<p>\u2705<b>czysto\u015bci ziarna<\/b><\/p>\n<p><b>Dzi\u0119ki czemu udost\u0119pniane nasiona s\u0105 \u015bci\u015ble wyselekcjonowane, tylko wysokiej klasy.<\/b><\/p>\n<p>Torebki zakupione na naszej aukcji s\u0105 w pe\u0142ni bezpieczne, posiadaj\u0105 <b>dat\u0119 wa\u017cno\u015bci i nr partii na opakowaniu.<\/b> Gwarantujemy r\u00f3wnie\u017c jako\u015b\u0107 i oryginalno\u015b\u0107 produkt\u00f3w, poniewa\u017c s\u0105 nabywane bezpo\u015brednio od producenta.<\/p>\n<\/section><\/div>\n<\/section>\n<section class=\"section\">\n<div class=\"item item-12\">\n<section class=\"image-item\">\n            <img decoding=\"async\" src=\"https:\/\/upload.cdn.baselinker.com\/products\/3018170\/68e36fee065bf8f36fd5a207a17da612.jpg\" \/><br \/>\n        <\/section>\n<\/p><\/div>\n<\/section>\n<section class=\"section\">\n<div class=\"item item-12\">\n<section class=\"image-item\">\n            <img decoding=\"async\" src=\"https:\/\/upload.cdn.baselinker.com\/products\/3018170\/a51d2e47b8f19dfb5f60d4d8edb0ebf2.png\" \/><br \/>\n        <\/section>\n<\/p><\/div>\n<\/section>\n<section class=\"section\">\n<div class=\"item item-12\">\n<section class=\"image-item\">\n            <img decoding=\"async\" src=\"https:\/\/upload.cdn.baselinker.com\/products\/3018170\/a2889303e2101d125dcd6dc9a113da27.png\" \/><br \/>\n        <\/section>\n<\/p><\/div>\n<\/section>\n","protected":false},"excerpt":{"rendered":"<p>Nasiona DYNIA OZDOBNA LITTLE INDIAN MIX form ma\u0142ej ozdobnej dyni DYNIA OZDOBNA LITTLE INDIAN Mieszanka unikalnych, wielobarwnych form ma\u0142ej ozdobnej dyni, (waga 100-300g). Tworzy ciekawe dekoracje owoce r\u00f3\u017cnych kszta\u0142t\u00f3w i kolor\u00f3w, \u015brednicy 5-8 cm i d\u0142ugo\u015bci 12-15 cm. Ro\u015blina jednoroczna p\u0142o\u017c\u0105ca lub pn\u0105ca, nadaje si\u0119 do obsadzania p\u0142ot\u00f3w i murk\u00f3w. Wysiew wprost do gruntu od&#8230;<\/p>\n","protected":false},"featured_media":20551,"comment_status":"open","ping_status":"closed","template":"","meta":{"inline_featured_image":false},"product_cat":[126,162,187],"product_tag":[],"location":[],"class_list":{"0":"post-20519","1":"product","2":"type-product","3":"status-publish","4":"has-post-thumbnail","6":"product_cat-nasiona-warzyw","7":"product_cat-nasiona","8":"product_cat-nasiona-dynii","9":"nt-post-class","10":"","13":"excerpt-none","16":"first","17":"instock","18":"shipping-taxable","19":"purchasable","20":"product-type-simple"},"_links":{"self":[{"href":"https:\/\/boskienasiona.pl\/en\/wp-json\/wp\/v2\/product\/20519","targetHints":{"allow":["GET"]}}],"collection":[{"href":"https:\/\/boskienasiona.pl\/en\/wp-json\/wp\/v2\/product"}],"about":[{"href":"https:\/\/boskienasiona.pl\/en\/wp-json\/wp\/v2\/types\/product"}],"replies":[{"embeddable":true,"href":"https:\/\/boskienasiona.pl\/en\/wp-json\/wp\/v2\/comments?post=20519"}],"version-history":[{"count":1,"href":"https:\/\/boskienasiona.pl\/en\/wp-json\/wp\/v2\/product\/20519\/revisions"}],"predecessor-version":[{"id":20570,"href":"https:\/\/boskienasiona.pl\/en\/wp-json\/wp\/v2\/product\/20519\/revisions\/20570"}],"wp:featuredmedia":[{"embeddable":true,"href":"https:\/\/boskienasiona.pl\/en\/wp-json\/wp\/v2\/media\/20551"}],"wp:attachment":[{"href":"https:\/\/boskienasiona.pl\/en\/wp-json\/wp\/v2\/media?parent=20519"}],"wp:term":[{"taxonomy":"product_cat","embeddable":true,"href":"https:\/\/boskienasiona.pl\/en\/wp-json\/wp\/v2\/product_cat?post=20519"},{"taxonomy":"product_tag","embeddable":true,"href":"https:\/\/boskienasiona.pl\/en\/wp-json\/wp\/v2\/product_tag?post=20519"},{"taxonomy":"location","embeddable":true,"href":"https:\/\/boskienasiona.pl\/en\/wp-json\/wp\/v2\/location?post=20519"}],"curies":[{"name":"wp","href":"https:\/\/api.w.org\/{rel}","templated":true}]}}