{"id":20523,"date":"2025-02-02T12:45:35","date_gmt":"2025-02-02T11:45:35","guid":{"rendered":"https:\/\/boskienasiona.pl\/product\/nasiona-dynia-ozdobna-baby-boo-toraf\/"},"modified":"2026-04-18T14:17:49","modified_gmt":"2026-04-18T12:17:49","slug":"nasiona-dynia-ozdobna-baby-boo-toraf","status":"publish","type":"product","link":"https:\/\/boskienasiona.pl\/en\/produkt\/nasiona-dynia-ozdobna-baby-boo-toraf\/","title":{"rendered":"Nasiona DYNIA OZDOBNA BABY BOO TORAF"},"content":{"rendered":"<section class=\"section\">\n<div class=\"item item-6\">\n<section class=\"image-item\">\n            <img decoding=\"async\" src=\"https:\/\/upload.cdn.baselinker.com\/products\/3018170\/61b80a25d956f097b0da2cf80b91847c.jpg\" \/><br \/>\n        <\/section>\n<\/p><\/div>\n<div class=\"item item-6\">\n<section class=\"text-item\">\n<h1>Dynia ozdobna\u00a0Baby\u00a0Boo<\/h1>\n<p>Cucurbita pepo<\/p>\n<p>Ro\u015blina jednoroczna kt\u00f3rej walorami dekoracyjnymi s\u0105 wij\u0105ce\u00a0si\u0119 p\u0142o\u017c\u0105ce p\u0119dy (si\u0119gaj\u0105ce od\u00a05 do\u00a08 m) z\u00a0du\u017cymi li\u015b\u0107mi, ale\u00a0przede wszystkim niewielkie, bardzo interesuj\u0105ce kremowe owoce o\u00a0wadze od\u00a0100 \u2013 200g, kt\u00f3re wygl\u0105daj\u0105 jak miniatury ogromnych dyni. Owoce mo\u017cna wykorzysta\u0107 do\u00a0dekoracji lub\u00a0w\u00a0kuchni, poniewa\u017c s\u0105 jadalne. Wysiew nasion w\u00a0III-IV do\u00a0ciep\u0142ego inspektu lub\u00a0po\u00a015 V wprost do\u00a0gruntu.<\/p>\n<p><b>\u2705Siew inspekt:<\/b> III &#8211; IV<\/p>\n<p><b>\u2705Siew do\u00a0gruntu:<\/b> \u00bd V<\/p>\n<p><b>\u2705Kwitnienie:<\/b> VII &#8211; VIII<\/p>\n<p><b>\u2705Rozstawa:<\/b> 50 \u2013 100 cm<\/p>\n<\/section><\/div>\n<\/section>\n<section class=\"section\">\n<div class=\"item item-6\">\n<section class=\"image-item\">\n            <img decoding=\"async\" src=\"https:\/\/upload.cdn.baselinker.com\/products\/3018170\/61b80a25d956f097b0da2cf80b91847c.jpg\" \/><br \/>\n        <\/section>\n<\/p><\/div>\n<div class=\"item item-6\">\n<section class=\"text-item\">\n<p><b>SPRAWDZONA JAKO\u015a\u0106 NASION<\/b><\/p>\n<p>Oferowane przez nas nasiona s\u0105 testowane w\u00a0<b>Laboratorium Oceny Nasion pod wzgl\u0119dem:<\/b><\/p>\n<p>\u2705<b>kie\u0142kowania<\/b><\/p>\n<p>\u2705<b>wilgotno\u015bci<\/b><\/p>\n<p>\u2705<b>czysto\u015bci ziarna<\/b><\/p>\n<p><b>Dzi\u0119ki czemu udost\u0119pniane nasiona s\u0105 \u015bci\u015ble wyselekcjonowane, tylko wysokiej klasy.<\/b><\/p>\n<p>Torebki zakupione na naszej aukcji s\u0105 w pe\u0142ni bezpieczne, posiadaj\u0105\u00a0<b>dat\u0119 wa\u017cno\u015bci i nr partii na opakowaniu.<\/b>\u00a0Gwarantujemy r\u00f3wnie\u017c jako\u015b\u0107 i oryginalno\u015b\u0107 produkt\u00f3w, poniewa\u017c s\u0105 nabywane bezpo\u015brednio od producenta.<\/p>\n<\/section><\/div>\n<\/section>\n","protected":false},"excerpt":{"rendered":"<p>Dynia ozdobna\u00a0Baby\u00a0Boo Cucurbita pepo Ro\u015blina jednoroczna kt\u00f3rej walorami dekoracyjnymi s\u0105 wij\u0105ce\u00a0si\u0119 p\u0142o\u017c\u0105ce p\u0119dy (si\u0119gaj\u0105ce od\u00a05 do\u00a08 m) z\u00a0du\u017cymi li\u015b\u0107mi, ale\u00a0przede wszystkim niewielkie, bardzo interesuj\u0105ce kremowe owoce o\u00a0wadze od\u00a0100 \u2013 200g, kt\u00f3re wygl\u0105daj\u0105 jak miniatury ogromnych dyni. Owoce mo\u017cna wykorzysta\u0107 do\u00a0dekoracji lub\u00a0w\u00a0kuchni, poniewa\u017c s\u0105 jadalne. Wysiew nasion w\u00a0III-IV do\u00a0ciep\u0142ego inspektu lub\u00a0po\u00a015 V wprost do\u00a0gruntu. \u2705Siew inspekt:&#8230;<\/p>\n","protected":false},"featured_media":20573,"comment_status":"open","ping_status":"closed","template":"","meta":{"inline_featured_image":false},"product_cat":[126,162,187],"product_tag":[],"location":[],"class_list":{"0":"post-20523","1":"product","2":"type-product","3":"status-publish","4":"has-post-thumbnail","6":"product_cat-nasiona-warzyw","7":"product_cat-nasiona","8":"product_cat-nasiona-dynii","9":"nt-post-class","10":"","13":"excerpt-none","16":"first","17":"instock","18":"shipping-taxable","19":"purchasable","20":"product-type-simple"},"_links":{"self":[{"href":"https:\/\/boskienasiona.pl\/en\/wp-json\/wp\/v2\/product\/20523","targetHints":{"allow":["GET"]}}],"collection":[{"href":"https:\/\/boskienasiona.pl\/en\/wp-json\/wp\/v2\/product"}],"about":[{"href":"https:\/\/boskienasiona.pl\/en\/wp-json\/wp\/v2\/types\/product"}],"replies":[{"embeddable":true,"href":"https:\/\/boskienasiona.pl\/en\/wp-json\/wp\/v2\/comments?post=20523"}],"version-history":[{"count":1,"href":"https:\/\/boskienasiona.pl\/en\/wp-json\/wp\/v2\/product\/20523\/revisions"}],"predecessor-version":[{"id":20575,"href":"https:\/\/boskienasiona.pl\/en\/wp-json\/wp\/v2\/product\/20523\/revisions\/20575"}],"wp:featuredmedia":[{"embeddable":true,"href":"https:\/\/boskienasiona.pl\/en\/wp-json\/wp\/v2\/media\/20573"}],"wp:attachment":[{"href":"https:\/\/boskienasiona.pl\/en\/wp-json\/wp\/v2\/media?parent=20523"}],"wp:term":[{"taxonomy":"product_cat","embeddable":true,"href":"https:\/\/boskienasiona.pl\/en\/wp-json\/wp\/v2\/product_cat?post=20523"},{"taxonomy":"product_tag","embeddable":true,"href":"https:\/\/boskienasiona.pl\/en\/wp-json\/wp\/v2\/product_tag?post=20523"},{"taxonomy":"location","embeddable":true,"href":"https:\/\/boskienasiona.pl\/en\/wp-json\/wp\/v2\/location?post=20523"}],"curies":[{"name":"wp","href":"https:\/\/api.w.org\/{rel}","templated":true}]}}