{"id":20536,"date":"2025-02-02T12:45:57","date_gmt":"2025-02-02T11:45:57","guid":{"rendered":"https:\/\/boskienasiona.pl\/product\/nasiona-kwiatow-dalia-karlowa-miniatura-mix-na-obwodki-rabaty-i-kwietniki\/"},"modified":"2026-04-15T22:21:51","modified_gmt":"2026-04-15T20:21:51","slug":"nasiona-kwiatow-dalia-karlowa-miniatura-mix-na-obwodki-rabaty-i-kwietniki","status":"publish","type":"product","link":"https:\/\/boskienasiona.pl\/en\/produkt\/nasiona-kwiatow-dalia-karlowa-miniatura-mix-na-obwodki-rabaty-i-kwietniki\/","title":{"rendered":"Nasiona kwiat\u00f3w DALIA KAR\u0141OWA MINIATURA MIX na obw\u00f3dki, rabaty i kwietniki"},"content":{"rendered":"<section class=\"section\">\n<div class=\"item item-12\">\n<section class=\"text-item\">\n<h1>Nasiona kwiat\u00f3w DALIA KAR\u0141OWA MINIATURA MIX na obw\u00f3dki, rabaty i kwietniki<\/h1>\n<\/section><\/div>\n<\/section>\n<section class=\"section\">\n<div class=\"item item-6\">\n<section class=\"image-item\">\n            <img decoding=\"async\" src=\"https:\/\/upload.cdn.baselinker.com\/products\/3018170\/9b4a0c5118246fe72a2fefa11abd100c.png\" \/><br \/>\n        <\/section>\n<\/p><\/div>\n<div class=\"item item-6\">\n<section class=\"text-item\">\n<p>Dahlia variabilis liliput<\/p>\n<p>Dekoracyjna ro\u015blina jednoroczna, odmiana\u00a0<b>kar\u0142owa<\/b>\u00a0do\u00a030\u00a0cm wys. Kwiaty jedno- lub\u00a0wielobarwne w\u00a0szerokiej gamie barw. Doskona\u0142a do\u00a0pojemnik\u00f3w, na\u00a0obw\u00f3dki, rabaty i\u00a0kwietniki. Wysiew nasion od\u00a0III do\u00a0IV pod\u00a0os\u0142ony, lub\u00a0IV-V wprost do\u00a0gruntu.<\/p>\n<p><b>\u2705Siew pod\u00a0os\u0142ony:<\/b> III-IV<\/p>\n<p><b>\u2705Siew do\u00a0gruntu:<\/b> IV-V<\/p>\n<p><b>\u2705Kwitnienie:<\/b> VII-X<\/p>\n<p><b>\u2705Rozstawa:<\/b> 20 x 20-30cm<\/p>\n<p><b>\u2705Wysoko\u015b\u0107:<\/b> 30cm<\/p>\n<\/section><\/div>\n<\/section>\n<section class=\"section\">\n<div class=\"item item-6\">\n<section class=\"image-item\">\n            <img decoding=\"async\" src=\"https:\/\/upload.cdn.baselinker.com\/products\/3018170\/09b2615f75b3df91d90ba46b7134db96.png\" \/><br \/>\n        <\/section>\n<\/p><\/div>\n<div class=\"item item-6\">\n<section class=\"text-item\">\n<p><b>SPRAWDZONA JAKO\u015a\u0106 NASION<\/b><\/p>\n<p>Oferowane przez nas nasiona s\u0105 testowane w\u00a0<b>Laboratorium Oceny Nasion pod wzgl\u0119dem:<\/b><\/p>\n<p>\u2705<b>kie\u0142kowania<\/b><\/p>\n<p>\u2705<b>wilgotno\u015bci<\/b><\/p>\n<p>\u2705<b>czysto\u015bci ziarna<\/b><\/p>\n<p><b>Dzi\u0119ki czemu udost\u0119pniane nasiona s\u0105 \u015bci\u015ble wyselekcjonowane, tylko wysokiej klasy.<\/b><\/p>\n<p>Torebki zakupione na naszej aukcji s\u0105 w pe\u0142ni bezpieczne, posiadaj\u0105\u00a0<b>dat\u0119 wa\u017cno\u015bci i nr partii na opakowaniu.<\/b>\u00a0Gwarantujemy r\u00f3wnie\u017c jako\u015b\u0107 i oryginalno\u015b\u0107 produkt\u00f3w, poniewa\u017c s\u0105 nabywane bezpo\u015brednio od producenta.<\/p>\n<\/section><\/div>\n<\/section>\n<section class=\"section\">\n<div class=\"item item-12\">\n<section class=\"image-item\">\n            <img decoding=\"async\" src=\"https:\/\/upload.cdn.baselinker.com\/products\/3018170\/a735602579d01ed3860dbab89989aeb9.png\" \/><br \/>\n        <\/section>\n<\/p><\/div>\n<\/section>\n","protected":false},"excerpt":{"rendered":"<p>Nasiona kwiat\u00f3w DALIA KAR\u0141OWA MINIATURA MIX na obw\u00f3dki, rabaty i kwietniki Dahlia variabilis liliput Dekoracyjna ro\u015blina jednoroczna, odmiana\u00a0kar\u0142owa\u00a0do\u00a030\u00a0cm wys. Kwiaty jedno- lub\u00a0wielobarwne w\u00a0szerokiej gamie barw. Doskona\u0142a do\u00a0pojemnik\u00f3w, na\u00a0obw\u00f3dki, rabaty i\u00a0kwietniki. Wysiew nasion od\u00a0III do\u00a0IV pod\u00a0os\u0142ony, lub\u00a0IV-V wprost do\u00a0gruntu. \u2705Siew pod\u00a0os\u0142ony: III-IV \u2705Siew do\u00a0gruntu: IV-V \u2705Kwitnienie: VII-X \u2705Rozstawa: 20 x 20-30cm \u2705Wysoko\u015b\u0107: 30cm SPRAWDZONA JAKO\u015a\u0106 NASION&#8230;<\/p>\n","protected":false},"featured_media":20578,"comment_status":"open","ping_status":"closed","template":"","meta":{"inline_featured_image":false},"product_cat":[126,162],"product_tag":[],"location":[],"class_list":{"0":"post-20536","1":"product","2":"type-product","3":"status-publish","4":"has-post-thumbnail","6":"product_cat-nasiona-warzyw","7":"product_cat-nasiona","8":"nt-post-class","9":"","12":"excerpt-none","15":"first","16":"instock","17":"shipping-taxable","18":"purchasable","19":"product-type-simple"},"_links":{"self":[{"href":"https:\/\/boskienasiona.pl\/en\/wp-json\/wp\/v2\/product\/20536","targetHints":{"allow":["GET"]}}],"collection":[{"href":"https:\/\/boskienasiona.pl\/en\/wp-json\/wp\/v2\/product"}],"about":[{"href":"https:\/\/boskienasiona.pl\/en\/wp-json\/wp\/v2\/types\/product"}],"replies":[{"embeddable":true,"href":"https:\/\/boskienasiona.pl\/en\/wp-json\/wp\/v2\/comments?post=20536"}],"version-history":[{"count":1,"href":"https:\/\/boskienasiona.pl\/en\/wp-json\/wp\/v2\/product\/20536\/revisions"}],"predecessor-version":[{"id":20591,"href":"https:\/\/boskienasiona.pl\/en\/wp-json\/wp\/v2\/product\/20536\/revisions\/20591"}],"wp:featuredmedia":[{"embeddable":true,"href":"https:\/\/boskienasiona.pl\/en\/wp-json\/wp\/v2\/media\/20578"}],"wp:attachment":[{"href":"https:\/\/boskienasiona.pl\/en\/wp-json\/wp\/v2\/media?parent=20536"}],"wp:term":[{"taxonomy":"product_cat","embeddable":true,"href":"https:\/\/boskienasiona.pl\/en\/wp-json\/wp\/v2\/product_cat?post=20536"},{"taxonomy":"product_tag","embeddable":true,"href":"https:\/\/boskienasiona.pl\/en\/wp-json\/wp\/v2\/product_tag?post=20536"},{"taxonomy":"location","embeddable":true,"href":"https:\/\/boskienasiona.pl\/en\/wp-json\/wp\/v2\/location?post=20536"}],"curies":[{"name":"wp","href":"https:\/\/api.w.org\/{rel}","templated":true}]}}