{"id":20547,"date":"2025-02-02T12:46:19","date_gmt":"2025-02-02T11:46:19","guid":{"rendered":"https:\/\/boskienasiona.pl\/product\/nasiona-kwiatow-niecierpek-roslina-rabatowa-i-doniczkowa-obficie-kwitnaca\/"},"modified":"2026-04-16T22:20:37","modified_gmt":"2026-04-16T20:20:37","slug":"nasiona-kwiatow-niecierpek-roslina-rabatowa-i-doniczkowa-obficie-kwitnaca","status":"publish","type":"product","link":"https:\/\/boskienasiona.pl\/en\/produkt\/nasiona-kwiatow-niecierpek-roslina-rabatowa-i-doniczkowa-obficie-kwitnaca\/","title":{"rendered":"Nasiona kwiat\u00f3w Niecierpek ro\u015blina rabatowa i doniczkowa obficie kwitn\u0105ca"},"content":{"rendered":"<section class=\"section\">\n<div class=\"item item-12\">\n<section class=\"text-item\">\n<h1>Nasiona kwiat\u00f3w Niecierpek ro\u015blina rabatowa i doniczkowa obficie kwitn\u0105ca<\/h1>\n<\/section><\/div>\n<\/section>\n<section class=\"section\">\n<div class=\"item item-6\">\n<section class=\"image-item\">\n            <img decoding=\"async\" src=\"https:\/\/upload.cdn.baselinker.com\/products\/3018170\/250fc7090830a30f45ac3a4c6a1134fb.png\" \/><br \/>\n        <\/section>\n<\/p><\/div>\n<div class=\"item item-6\">\n<section class=\"text-item\">\n<p><b>Balsamina Waleriana (Niecierpek)<\/b><\/p>\n<p>Impatiens waleriana<\/p>\n<p>Ro\u015blina jednoroczna o\u00a0silnie rozga\u0142\u0119zionych \u0142odygach i\u00a0eliptycznych z\u0105bkowanych l\u015bni\u0105cych, li\u015bciach. Du\u017ce p\u0142askie kwiaty w\u00a0pi\u0119knych, pastelowych barwach wyrastaj\u0105 z\u00a0k\u0105t\u00f3w li\u015bci. Bardzo efektowna ro\u015blina rabatowa i\u00a0doniczkowa, d\u0142ugo i\u00a0obficie kwitn\u0105ca. Wymaga gleby \u017cyznej, pr\u00f3chnicznej dostatecznie wilgotnej. Wysiew w\u00a0marcu-kwietniu do\u00a0ogrzewanego inspektu lub\u00a0w\u00a0maju wprost do\u00a0gruntu.<\/p>\n<ul>\n<li><b>Siew:<\/b>\u00a0III-V<\/li>\n<li><b>Kwitnienie:<\/b>\u00a0VII-X<\/li>\n<li><b>Rozstawa:<\/b>\u00a025x40cm<\/li>\n<li><b>Wysoko\u015b\u0107:<\/b>\u00a030-50cm<\/li>\n<\/ul>\n<\/section><\/div>\n<\/section>\n<section class=\"section\">\n<div class=\"item item-6\">\n<section class=\"image-item\">\n            <img decoding=\"async\" src=\"https:\/\/upload.cdn.baselinker.com\/products\/3018170\/99d41243dc19857efa417d032d0e07ff.png\" \/><br \/>\n        <\/section>\n<\/p><\/div>\n<div class=\"item item-6\">\n<section class=\"text-item\">\n<p><b>SPRAWDZONA JAKO\u015a\u0106 NASION<\/b><\/p>\n<p>Oferowane przez nas nasiona s\u0105 testowane w\u00a0<b>Laboratorium Oceny Nasion pod wzgl\u0119dem:<\/b><\/p>\n<p>\u2705<b>kie\u0142kowania<\/b><\/p>\n<p>\u2705<b>wilgotno\u015bci<\/b><\/p>\n<p>\u2705<b>czysto\u015bci ziarna<\/b><\/p>\n<p><b>Dzi\u0119ki czemu udost\u0119pniane nasiona s\u0105 \u015bci\u015ble wyselekcjonowane, tylko wysokiej klasy.<\/b><\/p>\n<p>Torebki zakupione na naszej aukcji s\u0105 w pe\u0142ni bezpieczne, posiadaj\u0105\u00a0<b>dat\u0119 wa\u017cno\u015bci i nr partii na opakowaniu.<\/b>\u00a0Gwarantujemy r\u00f3wnie\u017c jako\u015b\u0107 i oryginalno\u015b\u0107 produkt\u00f3w, poniewa\u017c s\u0105 nabywane bezpo\u015brednio od producenta.<\/p>\n<\/section><\/div>\n<\/section>\n<section class=\"section\">\n<div class=\"item item-12\">\n<section class=\"image-item\">\n            <img decoding=\"async\" src=\"https:\/\/upload.cdn.baselinker.com\/products\/3018170\/473e456f501eb9bd34d0b490a16a8559.png\" \/><br \/>\n        <\/section>\n<\/p><\/div>\n<\/section>\n","protected":false},"excerpt":{"rendered":"<p>Nasiona kwiat\u00f3w Niecierpek ro\u015blina rabatowa i doniczkowa obficie kwitn\u0105ca Balsamina Waleriana (Niecierpek) Impatiens waleriana Ro\u015blina jednoroczna o\u00a0silnie rozga\u0142\u0119zionych \u0142odygach i\u00a0eliptycznych z\u0105bkowanych l\u015bni\u0105cych, li\u015bciach. Du\u017ce p\u0142askie kwiaty w\u00a0pi\u0119knych, pastelowych barwach wyrastaj\u0105 z\u00a0k\u0105t\u00f3w li\u015bci. Bardzo efektowna ro\u015blina rabatowa i\u00a0doniczkowa, d\u0142ugo i\u00a0obficie kwitn\u0105ca. Wymaga gleby \u017cyznej, pr\u00f3chnicznej dostatecznie wilgotnej. Wysiew w\u00a0marcu-kwietniu do\u00a0ogrzewanego inspektu lub\u00a0w\u00a0maju wprost do\u00a0gruntu. Siew:\u00a0III-V Kwitnienie:\u00a0VII-X&#8230;<\/p>\n","protected":false},"featured_media":20594,"comment_status":"open","ping_status":"closed","template":"","meta":{"inline_featured_image":false},"product_cat":[126,162],"product_tag":[],"location":[],"class_list":{"0":"post-20547","1":"product","2":"type-product","3":"status-publish","4":"has-post-thumbnail","6":"product_cat-nasiona-warzyw","7":"product_cat-nasiona","8":"nt-post-class","9":"","12":"excerpt-none","15":"first","16":"instock","17":"shipping-taxable","18":"purchasable","19":"product-type-simple"},"_links":{"self":[{"href":"https:\/\/boskienasiona.pl\/en\/wp-json\/wp\/v2\/product\/20547","targetHints":{"allow":["GET"]}}],"collection":[{"href":"https:\/\/boskienasiona.pl\/en\/wp-json\/wp\/v2\/product"}],"about":[{"href":"https:\/\/boskienasiona.pl\/en\/wp-json\/wp\/v2\/types\/product"}],"replies":[{"embeddable":true,"href":"https:\/\/boskienasiona.pl\/en\/wp-json\/wp\/v2\/comments?post=20547"}],"version-history":[{"count":1,"href":"https:\/\/boskienasiona.pl\/en\/wp-json\/wp\/v2\/product\/20547\/revisions"}],"predecessor-version":[{"id":20603,"href":"https:\/\/boskienasiona.pl\/en\/wp-json\/wp\/v2\/product\/20547\/revisions\/20603"}],"wp:featuredmedia":[{"embeddable":true,"href":"https:\/\/boskienasiona.pl\/en\/wp-json\/wp\/v2\/media\/20594"}],"wp:attachment":[{"href":"https:\/\/boskienasiona.pl\/en\/wp-json\/wp\/v2\/media?parent=20547"}],"wp:term":[{"taxonomy":"product_cat","embeddable":true,"href":"https:\/\/boskienasiona.pl\/en\/wp-json\/wp\/v2\/product_cat?post=20547"},{"taxonomy":"product_tag","embeddable":true,"href":"https:\/\/boskienasiona.pl\/en\/wp-json\/wp\/v2\/product_tag?post=20547"},{"taxonomy":"location","embeddable":true,"href":"https:\/\/boskienasiona.pl\/en\/wp-json\/wp\/v2\/location?post=20547"}],"curies":[{"name":"wp","href":"https:\/\/api.w.org\/{rel}","templated":true}]}}