{"id":20563,"date":"2025-02-02T12:46:47","date_gmt":"2025-02-02T11:46:47","guid":{"rendered":"https:\/\/boskienasiona.pl\/product\/nasiona-kwiatow-aster-ksiazecy-zefir-kwitnie-od-lipca-do-pazdziernika\/"},"modified":"2026-04-16T14:21:52","modified_gmt":"2026-04-16T12:21:52","slug":"nasiona-kwiatow-aster-ksiazecy-zefir-kwitnie-od-lipca-do-pazdziernika","status":"publish","type":"product","link":"https:\/\/boskienasiona.pl\/en\/produkt\/nasiona-kwiatow-aster-ksiazecy-zefir-kwitnie-od-lipca-do-pazdziernika\/","title":{"rendered":"NASIONA KWIAT\u00d3W ASTER KSI\u0104\u017b\u0118CY ZEFIR Kwitnie od lipca do pa\u017adziernika"},"content":{"rendered":"<section class=\"section\">\n<div class=\"item item-12\">\n<section class=\"text-item\">\n<h1>NASIONA KWIAT\u00d3W ASTER KSI\u0104\u017b\u0118CY ZEFIR Kwitnie od lipca do pa\u017adziernika<\/h1>\n<\/section><\/div>\n<\/section>\n<section class=\"section\">\n<div class=\"item item-6\">\n<section class=\"image-item\">\n            <img decoding=\"async\" src=\"https:\/\/upload.cdn.baselinker.com\/products\/3018170\/f9a13d975c05e7c2e06147cc5916f6d4.png\" \/><br \/>\n        <\/section>\n<\/p><\/div>\n<div class=\"item item-6\">\n<section class=\"text-item\">\n<p><b>ASTER KSI\u0104\u017b\u0118CY ZEFIR<\/b><\/p>\n<p>Callistephus chinensis<\/p>\n<p>Ro\u015blina jednoroczna o\u00a0pe\u0142nych jasno fioletowych kwiatach z\u00a0kremowo-\u017c\u00f3\u0142tym \u015brodkiem. Wysoko\u015b\u0107 ro\u015blin 50-75cm. Kwitnie od\u00a0lipca do\u00a0pa\u017adziernika. Polecana na\u00a0kwiat ci\u0119ty, rabaty, obw\u00f3dki i\u00a0kwietniki. Wysiew w\u00a0marcu-kwietniu do\u00a0ogrzewanego inspektu lub\u00a0wprost do\u00a0gruntu w\u00a0kwietniu-maju. Wymaga stanowiska s\u0142onecznego, \u015brednio wilgotnej, \u017cyznej gleby.<\/p>\n<ul>\n<li><b>Siew:<\/b> III-IV<\/li>\n<li><b>Kwitnienie:<\/b> VII-X<\/li>\n<li><b>Rozstawa:<\/b> 20x40cm<\/li>\n<li><b>Wysoko\u015b\u0107:<\/b> 50-75cm<\/li>\n<\/ul>\n<\/section><\/div>\n<\/section>\n<section class=\"section\">\n<div class=\"item item-6\">\n<section class=\"image-item\">\n            <img decoding=\"async\" src=\"https:\/\/upload.cdn.baselinker.com\/products\/3018170\/093c04decd9642fb4ce1b35d72b95941.png\" \/><br \/>\n        <\/section>\n<\/p><\/div>\n<div class=\"item item-6\">\n<section class=\"text-item\">\n<p><b>SPRAWDZONA JAKO\u015a\u0106 NASION<\/b><\/p>\n<p>Oferowane przez nas nasiona s\u0105 testowane w\u00a0<b>Laboratorium Oceny Nasion pod wzgl\u0119dem:<\/b><\/p>\n<p>\u2705<b>kie\u0142kowania<\/b><\/p>\n<p>\u2705<b>wilgotno\u015bci<\/b><\/p>\n<p>\u2705<b>czysto\u015bci ziarna<\/b><\/p>\n<p><b>Dzi\u0119ki czemu udost\u0119pniane nasiona s\u0105 \u015bci\u015ble wyselekcjonowane, tylko wysokiej klasy.<\/b><\/p>\n<p>Torebki zakupione na naszej aukcji s\u0105 w pe\u0142ni bezpieczne, posiadaj\u0105\u00a0<b>dat\u0119 wa\u017cno\u015bci i nr partii na opakowaniu.<\/b>\u00a0Gwarantujemy r\u00f3wnie\u017c jako\u015b\u0107 i oryginalno\u015b\u0107 produkt\u00f3w, poniewa\u017c s\u0105 nabywane bezpo\u015brednio od producenta.<\/p>\n<\/section><\/div>\n<\/section>\n<section class=\"section\">\n<div class=\"item item-12\">\n<section class=\"image-item\">\n            <img decoding=\"async\" src=\"https:\/\/upload.cdn.baselinker.com\/products\/3018170\/ed3de87868bbeafab51dcf34abf6405b.png\" \/><br \/>\n        <\/section>\n<\/p><\/div>\n<\/section>\n","protected":false},"excerpt":{"rendered":"<p>NASIONA KWIAT\u00d3W ASTER KSI\u0104\u017b\u0118CY ZEFIR Kwitnie od lipca do pa\u017adziernika ASTER KSI\u0104\u017b\u0118CY ZEFIR Callistephus chinensis Ro\u015blina jednoroczna o\u00a0pe\u0142nych jasno fioletowych kwiatach z\u00a0kremowo-\u017c\u00f3\u0142tym \u015brodkiem. Wysoko\u015b\u0107 ro\u015blin 50-75cm. Kwitnie od\u00a0lipca do\u00a0pa\u017adziernika. Polecana na\u00a0kwiat ci\u0119ty, rabaty, obw\u00f3dki i\u00a0kwietniki. Wysiew w\u00a0marcu-kwietniu do\u00a0ogrzewanego inspektu lub\u00a0wprost do\u00a0gruntu w\u00a0kwietniu-maju. Wymaga stanowiska s\u0142onecznego, \u015brednio wilgotnej, \u017cyznej gleby. Siew: III-IV Kwitnienie: VII-X Rozstawa: 20x40cm&#8230;<\/p>\n","protected":false},"featured_media":20606,"comment_status":"open","ping_status":"closed","template":"","meta":{"inline_featured_image":false},"product_cat":[126,162,182],"product_tag":[],"location":[],"class_list":{"0":"post-20563","1":"product","2":"type-product","3":"status-publish","4":"has-post-thumbnail","6":"product_cat-nasiona-warzyw","7":"product_cat-nasiona","8":"product_cat-nasiona-kwiaty-doniczkowe","9":"nt-post-class","10":"","13":"excerpt-none","16":"first","17":"instock","18":"shipping-taxable","19":"purchasable","20":"product-type-simple"},"_links":{"self":[{"href":"https:\/\/boskienasiona.pl\/en\/wp-json\/wp\/v2\/product\/20563","targetHints":{"allow":["GET"]}}],"collection":[{"href":"https:\/\/boskienasiona.pl\/en\/wp-json\/wp\/v2\/product"}],"about":[{"href":"https:\/\/boskienasiona.pl\/en\/wp-json\/wp\/v2\/types\/product"}],"replies":[{"embeddable":true,"href":"https:\/\/boskienasiona.pl\/en\/wp-json\/wp\/v2\/comments?post=20563"}],"version-history":[{"count":1,"href":"https:\/\/boskienasiona.pl\/en\/wp-json\/wp\/v2\/product\/20563\/revisions"}],"predecessor-version":[{"id":20615,"href":"https:\/\/boskienasiona.pl\/en\/wp-json\/wp\/v2\/product\/20563\/revisions\/20615"}],"wp:featuredmedia":[{"embeddable":true,"href":"https:\/\/boskienasiona.pl\/en\/wp-json\/wp\/v2\/media\/20606"}],"wp:attachment":[{"href":"https:\/\/boskienasiona.pl\/en\/wp-json\/wp\/v2\/media?parent=20563"}],"wp:term":[{"taxonomy":"product_cat","embeddable":true,"href":"https:\/\/boskienasiona.pl\/en\/wp-json\/wp\/v2\/product_cat?post=20563"},{"taxonomy":"product_tag","embeddable":true,"href":"https:\/\/boskienasiona.pl\/en\/wp-json\/wp\/v2\/product_tag?post=20563"},{"taxonomy":"location","embeddable":true,"href":"https:\/\/boskienasiona.pl\/en\/wp-json\/wp\/v2\/location?post=20563"}],"curies":[{"name":"wp","href":"https:\/\/api.w.org\/{rel}","templated":true}]}}