{"id":20571,"date":"2025-02-02T12:47:00","date_gmt":"2025-02-02T11:47:00","guid":{"rendered":"https:\/\/boskienasiona.pl\/product\/nasiona-kwiatow-aster-pomponowy-moonshine-na-rabaty-obwodki-na-kwiat-ciety\/"},"modified":"2026-03-11T22:22:35","modified_gmt":"2026-03-11T21:22:35","slug":"nasiona-kwiatow-aster-pomponowy-moonshine-na-rabaty-obwodki-na-kwiat-ciety","status":"publish","type":"product","link":"https:\/\/boskienasiona.pl\/en\/produkt\/nasiona-kwiatow-aster-pomponowy-moonshine-na-rabaty-obwodki-na-kwiat-ciety\/","title":{"rendered":"NASIONA KWIAT\u00d3W ASTER POMPONOWY MOONSHINE na rabaty obw\u00f3dki na kwiat ci\u0119ty"},"content":{"rendered":"<section class=\"section\">\n<div class=\"item item-12\">\n<section class=\"text-item\">\n<h1>NASIONA KWIAT\u00d3W ASTER POMPONOWY MOONSHINE na rabaty obw\u00f3dki na kwiat ci\u0119ty<\/h1>\n<\/section><\/div>\n<\/section>\n<section class=\"section\">\n<div class=\"item item-6\">\n<section class=\"image-item\">\n            <img decoding=\"async\" src=\"https:\/\/upload.cdn.baselinker.com\/products\/3018170\/3455f9ba6ff5fec192766d29d01f2d77.png\" \/><br \/>\n        <\/section>\n<\/p><\/div>\n<div class=\"item item-6\">\n<section class=\"text-item\">\n<p><b>ASTER POMPONOWY MOONSHINE MIX<\/b><\/p>\n<p>Callistephus chinensis<\/p>\n<p>Odmiana o\u00a0atrakcyjnych tr\u00f3jbarwnych, \u017c\u00f3\u0142to, bia\u0142o, czerwonych, pomponowych kwiatostanach. Zastosowanie: na\u00a0rabaty, obw\u00f3dki i\u00a0na\u00a0kwiat ci\u0119ty. Kwitnie od\u00a0lipca do\u00a0pa\u017adziernika. Wysiew w\u00a0III-IV do\u00a0skrzynek lub\u00a0kuwet pod\u00a0os\u0142onami lub\u00a0bezpo\u015brednio do\u00a0gruntu w\u00a0kwietniu. Wymaga stanowiska s\u0142onecznego, gleby \u017cyznej \u015brednio zwi\u0119z\u0142ej.<\/p>\n<ul>\n<li><b>Wysoko\u015b\u0107:<\/b> 50\u00a0cm<\/li>\n<li><b>Siew:<\/b> III-IV<\/li>\n<li><b>Kwitnienie:<\/b> VI-X<\/li>\n<li><b>Rozstawa:<\/b> 20-40 cm<\/li>\n<\/ul>\n<\/section><\/div>\n<\/section>\n<section class=\"section\">\n<div class=\"item item-6\">\n<section class=\"image-item\">\n            <img decoding=\"async\" src=\"https:\/\/upload.cdn.baselinker.com\/products\/3018170\/ea765374166f5bb8ca5b9535685453df.png\" \/><br \/>\n        <\/section>\n<\/p><\/div>\n<div class=\"item item-6\">\n<section class=\"text-item\">\n<p><b>SPRAWDZONA JAKO\u015a\u0106 NASION<\/b><\/p>\n<p>Oferowane przez nas nasiona s\u0105 testowane w <b>Laboratorium Oceny Nasion pod wzgl\u0119dem:<\/b><\/p>\n<p>\u2705<b>kie\u0142kowania<\/b><\/p>\n<p>\u2705<b>wilgotno\u015bci<\/b><\/p>\n<p>\u2705<b>czysto\u015bci ziarna<\/b><\/p>\n<p><b>Dzi\u0119ki czemu udost\u0119pniane nasiona s\u0105 \u015bci\u015ble wyselekcjonowane, tylko wysokiej klasy.<\/b><\/p>\n<p>Torebki zakupione na naszej aukcji s\u0105 w pe\u0142ni bezpieczne, posiadaj\u0105 <b>dat\u0119 wa\u017cno\u015bci i nr partii na opakowaniu.<\/b> Gwarantujemy r\u00f3wnie\u017c jako\u015b\u0107 i oryginalno\u015b\u0107 produkt\u00f3w, poniewa\u017c s\u0105 nabywane bezpo\u015brednio od producenta.<\/p>\n<\/section><\/div>\n<\/section>\n","protected":false},"excerpt":{"rendered":"<p>NASIONA KWIAT\u00d3W ASTER POMPONOWY MOONSHINE na rabaty obw\u00f3dki na kwiat ci\u0119ty ASTER POMPONOWY MOONSHINE MIX Callistephus chinensis Odmiana o\u00a0atrakcyjnych tr\u00f3jbarwnych, \u017c\u00f3\u0142to, bia\u0142o, czerwonych, pomponowych kwiatostanach. Zastosowanie: na\u00a0rabaty, obw\u00f3dki i\u00a0na\u00a0kwiat ci\u0119ty. Kwitnie od\u00a0lipca do\u00a0pa\u017adziernika. Wysiew w\u00a0III-IV do\u00a0skrzynek lub\u00a0kuwet pod\u00a0os\u0142onami lub\u00a0bezpo\u015brednio do\u00a0gruntu w\u00a0kwietniu. Wymaga stanowiska s\u0142onecznego, gleby \u017cyznej \u015brednio zwi\u0119z\u0142ej. Wysoko\u015b\u0107: 50\u00a0cm Siew: III-IV Kwitnienie: VI-X Rozstawa:&#8230;<\/p>\n","protected":false},"featured_media":20616,"comment_status":"open","ping_status":"closed","template":"","meta":{"inline_featured_image":false},"product_cat":[126,162,182],"product_tag":[],"location":[],"class_list":{"0":"post-20571","1":"product","2":"type-product","3":"status-publish","4":"has-post-thumbnail","6":"product_cat-nasiona-warzyw","7":"product_cat-nasiona","8":"product_cat-nasiona-kwiaty-doniczkowe","9":"nt-post-class","10":"","13":"excerpt-none","16":"first","17":"instock","18":"shipping-taxable","19":"purchasable","20":"product-type-simple"},"_links":{"self":[{"href":"https:\/\/boskienasiona.pl\/en\/wp-json\/wp\/v2\/product\/20571","targetHints":{"allow":["GET"]}}],"collection":[{"href":"https:\/\/boskienasiona.pl\/en\/wp-json\/wp\/v2\/product"}],"about":[{"href":"https:\/\/boskienasiona.pl\/en\/wp-json\/wp\/v2\/types\/product"}],"replies":[{"embeddable":true,"href":"https:\/\/boskienasiona.pl\/en\/wp-json\/wp\/v2\/comments?post=20571"}],"version-history":[{"count":1,"href":"https:\/\/boskienasiona.pl\/en\/wp-json\/wp\/v2\/product\/20571\/revisions"}],"predecessor-version":[{"id":20620,"href":"https:\/\/boskienasiona.pl\/en\/wp-json\/wp\/v2\/product\/20571\/revisions\/20620"}],"wp:featuredmedia":[{"embeddable":true,"href":"https:\/\/boskienasiona.pl\/en\/wp-json\/wp\/v2\/media\/20616"}],"wp:attachment":[{"href":"https:\/\/boskienasiona.pl\/en\/wp-json\/wp\/v2\/media?parent=20571"}],"wp:term":[{"taxonomy":"product_cat","embeddable":true,"href":"https:\/\/boskienasiona.pl\/en\/wp-json\/wp\/v2\/product_cat?post=20571"},{"taxonomy":"product_tag","embeddable":true,"href":"https:\/\/boskienasiona.pl\/en\/wp-json\/wp\/v2\/product_tag?post=20571"},{"taxonomy":"location","embeddable":true,"href":"https:\/\/boskienasiona.pl\/en\/wp-json\/wp\/v2\/location?post=20571"}],"curies":[{"name":"wp","href":"https:\/\/api.w.org\/{rel}","templated":true}]}}